{"id":15339,"date":"2005-09-13T14:52:47","date_gmt":"2005-09-13T13:06:40","guid":{"rendered":"https:\/\/librosdelzorrorojo.com\/?post_type=product&#038;p=15339"},"modified":"2024-02-29T11:40:44","modified_gmt":"2024-02-29T10:40:44","slug":"tuk-es-tuk","status":"publish","type":"product","link":"https:\/\/librosdelzorrorojo.com\/ca\/cataleg\/tuk-es-tuk\/","title":{"rendered":"Tuk es Tuk"},"content":{"rendered":"<p><span>Tuk se r\u00ede, llora y piensa porque Tuk no se parece a nadie y est\u00e1 solo. Pero un d\u00eda encuentra a alguien casi igualito y as\u00ed encuentra el amor, y as\u00ed tambi\u00e9n encuentra a muchos m\u00e1s, igualitos y diferentes, como \u00e9l, para compartir grandes momentos.<\/span><\/p>\n<p><span>Yo me puse a pensar: -tuku-t\u00e1, tuku-t\u00e1, \u00bfqu\u00e9 ser\u00e1?&#8230;<\/span><\/p>\n<p><span>Esta rima me llev\u00f3 a contar con im\u00e1genes que es mucho m\u00e1s divertido convivir con las diferencias, que uno no siempre es esto o es aqu\u00e9llo, o es as\u00ed o es as\u00e1; y que a veces podemos ser esto y s\u00f3lo esto, como un Tuk en camiseta.<\/span><\/p>\n","protected":false},"excerpt":{"rendered":"<span>Tuk se r\u00ede, llora y piensa porque Tuk no se parece a nadie y est\u00e1 solo. Pero un d\u00eda encuentra a alguien casi igualito y as\u00ed encuentra el amor.<\/span>","protected":false},"featured_media":0,"template":"","meta":{"_acf_changed":false},"product_brand":[],"product_cat":[844,843],"product_tag":[],"class_list":{"0":"post-15339","1":"product","2":"type-product","3":"status-publish","5":"product_cat-castella","6":"product_cat-infantiles-ca","7":"vinculo-tuk-es-tuk","9":"first","10":"outofstock","11":"taxable","12":"shipping-taxable","13":"purchasable","14":"product-type-simple"},"acf":[],"yoast_head":"<!-- This site is optimized with the Yoast SEO plugin v25.1 - https:\/\/yoast.com\/wordpress\/plugins\/seo\/ -->\n<title>Tuk es Tuk - Libros del Zorro Rojo<\/title>\n<meta name=\"robots\" content=\"index, follow, max-snippet:-1, max-image-preview:large, max-video-preview:-1\" \/>\n<link rel=\"canonical\" href=\"https:\/\/librosdelzorrorojo.com\/ca\/cataleg\/tuk-es-tuk\/\" \/>\n<meta property=\"og:locale\" content=\"ca_ES\" \/>\n<meta property=\"og:type\" content=\"article\" \/>\n<meta property=\"og:title\" content=\"Tuk es Tuk - Libros del Zorro Rojo\" \/>\n<meta property=\"og:description\" content=\"Tuk se r\u00ede, llora y piensa porque Tuk no se parece a nadie y est\u00e1 solo. Pero un d\u00eda encuentra a alguien casi igualito y as\u00ed encuentra el amor.\" \/>\n<meta property=\"og:url\" content=\"https:\/\/librosdelzorrorojo.com\/ca\/cataleg\/tuk-es-tuk\/\" \/>\n<meta property=\"og:site_name\" content=\"Libros del Zorro Rojo\" \/>\n<meta property=\"article:modified_time\" content=\"2024-02-29T10:40:44+00:00\" \/>\n<meta name=\"twitter:card\" content=\"summary_large_image\" \/>\n<meta name=\"twitter:label1\" content=\"Temps estimat de lectura\" \/>\n\t<meta name=\"twitter:data1\" content=\"1 minut\" \/>\n<script type=\"application\/ld+json\" class=\"yoast-schema-graph\">{\"@context\":\"https:\/\/schema.org\",\"@graph\":[{\"@type\":\"WebPage\",\"@id\":\"https:\/\/librosdelzorrorojo.com\/ca\/cataleg\/tuk-es-tuk\/\",\"url\":\"https:\/\/librosdelzorrorojo.com\/ca\/cataleg\/tuk-es-tuk\/\",\"name\":\"Tuk es Tuk - Libros del Zorro Rojo\",\"isPartOf\":{\"@id\":\"https:\/\/librosdelzorrorojo.com\/#website\"},\"datePublished\":\"2005-09-13T13:06:40+00:00\",\"dateModified\":\"2024-02-29T10:40:44+00:00\",\"breadcrumb\":{\"@id\":\"https:\/\/librosdelzorrorojo.com\/ca\/cataleg\/tuk-es-tuk\/#breadcrumb\"},\"inLanguage\":\"ca\",\"potentialAction\":[{\"@type\":\"ReadAction\",\"target\":[\"https:\/\/librosdelzorrorojo.com\/ca\/cataleg\/tuk-es-tuk\/\"]}]},{\"@type\":\"BreadcrumbList\",\"@id\":\"https:\/\/librosdelzorrorojo.com\/ca\/cataleg\/tuk-es-tuk\/#breadcrumb\",\"itemListElement\":[{\"@type\":\"ListItem\",\"position\":1,\"name\":\"Portada\",\"item\":\"https:\/\/librosdelzorrorojo.com\/ca\/\"},{\"@type\":\"ListItem\",\"position\":2,\"name\":\"Cat\u00e0leg\",\"item\":\"https:\/\/librosdelzorrorojo.com\/ca\/cataleg\/\"},{\"@type\":\"ListItem\",\"position\":3,\"name\":\"Tuk es Tuk\"}]},{\"@type\":\"WebSite\",\"@id\":\"https:\/\/librosdelzorrorojo.com\/#website\",\"url\":\"https:\/\/librosdelzorrorojo.com\/\",\"name\":\"Libros del Zorro Rojo\",\"description\":\"Libros ilustrados\",\"potentialAction\":[{\"@type\":\"SearchAction\",\"target\":{\"@type\":\"EntryPoint\",\"urlTemplate\":\"https:\/\/librosdelzorrorojo.com\/?s={search_term_string}\"},\"query-input\":{\"@type\":\"PropertyValueSpecification\",\"valueRequired\":true,\"valueName\":\"search_term_string\"}}],\"inLanguage\":\"ca\"}]}<\/script>\n<!-- \/ Yoast SEO plugin. -->","yoast_head_json":{"title":"Tuk es Tuk - Libros del Zorro Rojo","robots":{"index":"index","follow":"follow","max-snippet":"max-snippet:-1","max-image-preview":"max-image-preview:large","max-video-preview":"max-video-preview:-1"},"canonical":"https:\/\/librosdelzorrorojo.com\/ca\/cataleg\/tuk-es-tuk\/","og_locale":"ca_ES","og_type":"article","og_title":"Tuk es Tuk - Libros del Zorro Rojo","og_description":"Tuk se r\u00ede, llora y piensa porque Tuk no se parece a nadie y est\u00e1 solo. Pero un d\u00eda encuentra a alguien casi igualito y as\u00ed encuentra el amor.","og_url":"https:\/\/librosdelzorrorojo.com\/ca\/cataleg\/tuk-es-tuk\/","og_site_name":"Libros del Zorro Rojo","article_modified_time":"2024-02-29T10:40:44+00:00","twitter_card":"summary_large_image","twitter_misc":{"Temps estimat de lectura":"1 minut"},"schema":{"@context":"https:\/\/schema.org","@graph":[{"@type":"WebPage","@id":"https:\/\/librosdelzorrorojo.com\/ca\/cataleg\/tuk-es-tuk\/","url":"https:\/\/librosdelzorrorojo.com\/ca\/cataleg\/tuk-es-tuk\/","name":"Tuk es Tuk - Libros del Zorro Rojo","isPartOf":{"@id":"https:\/\/librosdelzorrorojo.com\/#website"},"datePublished":"2005-09-13T13:06:40+00:00","dateModified":"2024-02-29T10:40:44+00:00","breadcrumb":{"@id":"https:\/\/librosdelzorrorojo.com\/ca\/cataleg\/tuk-es-tuk\/#breadcrumb"},"inLanguage":"ca","potentialAction":[{"@type":"ReadAction","target":["https:\/\/librosdelzorrorojo.com\/ca\/cataleg\/tuk-es-tuk\/"]}]},{"@type":"BreadcrumbList","@id":"https:\/\/librosdelzorrorojo.com\/ca\/cataleg\/tuk-es-tuk\/#breadcrumb","itemListElement":[{"@type":"ListItem","position":1,"name":"Portada","item":"https:\/\/librosdelzorrorojo.com\/ca\/"},{"@type":"ListItem","position":2,"name":"Cat\u00e0leg","item":"https:\/\/librosdelzorrorojo.com\/ca\/cataleg\/"},{"@type":"ListItem","position":3,"name":"Tuk es Tuk"}]},{"@type":"WebSite","@id":"https:\/\/librosdelzorrorojo.com\/#website","url":"https:\/\/librosdelzorrorojo.com\/","name":"Libros del Zorro Rojo","description":"Libros ilustrados","potentialAction":[{"@type":"SearchAction","target":{"@type":"EntryPoint","urlTemplate":"https:\/\/librosdelzorrorojo.com\/?s={search_term_string}"},"query-input":{"@type":"PropertyValueSpecification","valueRequired":true,"valueName":"search_term_string"}}],"inLanguage":"ca"}]}},"_links":{"self":[{"href":"https:\/\/librosdelzorrorojo.com\/ca\/wp-json\/wp\/v2\/product\/15339","targetHints":{"allow":["GET"]}}],"collection":[{"href":"https:\/\/librosdelzorrorojo.com\/ca\/wp-json\/wp\/v2\/product"}],"about":[{"href":"https:\/\/librosdelzorrorojo.com\/ca\/wp-json\/wp\/v2\/types\/product"}],"wp:attachment":[{"href":"https:\/\/librosdelzorrorojo.com\/ca\/wp-json\/wp\/v2\/media?parent=15339"}],"wp:term":[{"taxonomy":"product_brand","embeddable":true,"href":"https:\/\/librosdelzorrorojo.com\/ca\/wp-json\/wp\/v2\/product_brand?post=15339"},{"taxonomy":"product_cat","embeddable":true,"href":"https:\/\/librosdelzorrorojo.com\/ca\/wp-json\/wp\/v2\/product_cat?post=15339"},{"taxonomy":"product_tag","embeddable":true,"href":"https:\/\/librosdelzorrorojo.com\/ca\/wp-json\/wp\/v2\/product_tag?post=15339"}],"curies":[{"name":"wp","href":"https:\/\/api.w.org\/{rel}","templated":true}]}}