{"id":15329,"date":"2008-09-01T13:29:04","date_gmt":"2008-09-01T11:29:04","guid":{"rendered":"https:\/\/librosdelzorrorojo.com\/?post_type=product&#038;p=15329"},"modified":"2024-11-28T13:39:04","modified_gmt":"2024-11-28T12:39:04","slug":"lexcursio","status":"publish","type":"product","link":"https:\/\/librosdelzorrorojo.com\/ca\/cataleg\/lexcursio\/","title":{"rendered":"L&#8217;excursi\u00f3"},"content":{"rendered":"<p><span>En Lloren\u00e7 no t\u00e9 ganes d\u2019anar a classe perqu\u00e8 t\u00e9 una idea millor: construir la seva pr\u00f2pia escola amb fustes, teles i rodes. Una hist\u00f2ria que lliscar\u00e0 pendent avall cap a un final imprevist.<\/span><\/p>\n","protected":false},"excerpt":{"rendered":"<span>En Lloren\u00e7 no t\u00e9 ganes d\u2019anar a classe perqu\u00e8 t\u00e9 una idea millor: construir la seva pr\u00f2pia escola amb fustes, teles i rodes. Una hist\u00f2ria que lliscar\u00e0 pendent avall cap a un final imprevist.<\/span>","protected":false},"featured_media":0,"template":"","meta":{"_acf_changed":false},"product_brand":[],"product_cat":[840],"product_tag":[],"class_list":{"0":"post-15329","1":"product","2":"type-product","3":"status-publish","5":"product_cat-catala","6":"vinculo-la-excursion","8":"first","9":"instock","10":"taxable","11":"shipping-taxable","12":"purchasable","13":"product-type-simple"},"acf":[],"yoast_head":"<!-- This site is optimized with the Yoast SEO plugin v25.1 - https:\/\/yoast.com\/wordpress\/plugins\/seo\/ -->\n<title>L&#039;excursi\u00f3 - Libros del Zorro Rojo<\/title>\n<meta name=\"description\" content=\"En Lloren\u00e7 no t\u00e9 ganes d\u2019anar a classe perqu\u00e8 t\u00e9 una idea millor: construir la seva pr\u00f2pia escola amb fustes, teles i rodes.\" \/>\n<meta name=\"robots\" content=\"index, follow, max-snippet:-1, max-image-preview:large, max-video-preview:-1\" \/>\n<link rel=\"canonical\" href=\"https:\/\/librosdelzorrorojo.com\/ca\/cataleg\/lexcursio\/\" \/>\n<meta property=\"og:locale\" content=\"ca_ES\" \/>\n<meta property=\"og:type\" content=\"article\" \/>\n<meta property=\"og:title\" content=\"L&#039;excursi\u00f3 - Libros del Zorro Rojo\" \/>\n<meta property=\"og:description\" content=\"En Lloren\u00e7 no t\u00e9 ganes d\u2019anar a classe perqu\u00e8 t\u00e9 una idea millor: construir la seva pr\u00f2pia escola amb fustes, teles i rodes.\" \/>\n<meta property=\"og:url\" content=\"https:\/\/librosdelzorrorojo.com\/ca\/cataleg\/lexcursio\/\" \/>\n<meta property=\"og:site_name\" content=\"Libros del Zorro Rojo\" \/>\n<meta property=\"article:modified_time\" content=\"2024-11-28T12:39:04+00:00\" \/>\n<meta name=\"twitter:card\" content=\"summary_large_image\" \/>\n<meta name=\"twitter:label1\" content=\"Temps estimat de lectura\" \/>\n\t<meta name=\"twitter:data1\" content=\"1 minut\" \/>\n<script type=\"application\/ld+json\" class=\"yoast-schema-graph\">{\"@context\":\"https:\/\/schema.org\",\"@graph\":[{\"@type\":\"WebPage\",\"@id\":\"https:\/\/librosdelzorrorojo.com\/ca\/cataleg\/lexcursio\/\",\"url\":\"https:\/\/librosdelzorrorojo.com\/ca\/cataleg\/lexcursio\/\",\"name\":\"L'excursi\u00f3 - Libros del Zorro Rojo\",\"isPartOf\":{\"@id\":\"https:\/\/librosdelzorrorojo.com\/#website\"},\"datePublished\":\"2008-09-01T11:29:04+00:00\",\"dateModified\":\"2024-11-28T12:39:04+00:00\",\"description\":\"En Lloren\u00e7 no t\u00e9 ganes d\u2019anar a classe perqu\u00e8 t\u00e9 una idea millor: construir la seva pr\u00f2pia escola amb fustes, teles i rodes.\",\"breadcrumb\":{\"@id\":\"https:\/\/librosdelzorrorojo.com\/ca\/cataleg\/lexcursio\/#breadcrumb\"},\"inLanguage\":\"ca\",\"potentialAction\":[{\"@type\":\"ReadAction\",\"target\":[\"https:\/\/librosdelzorrorojo.com\/ca\/cataleg\/lexcursio\/\"]}]},{\"@type\":\"BreadcrumbList\",\"@id\":\"https:\/\/librosdelzorrorojo.com\/ca\/cataleg\/lexcursio\/#breadcrumb\",\"itemListElement\":[{\"@type\":\"ListItem\",\"position\":1,\"name\":\"Portada\",\"item\":\"https:\/\/librosdelzorrorojo.com\/ca\/\"},{\"@type\":\"ListItem\",\"position\":2,\"name\":\"Cat\u00e0leg\",\"item\":\"https:\/\/librosdelzorrorojo.com\/ca\/cataleg\/\"},{\"@type\":\"ListItem\",\"position\":3,\"name\":\"L&#8217;excursi\u00f3\"}]},{\"@type\":\"WebSite\",\"@id\":\"https:\/\/librosdelzorrorojo.com\/#website\",\"url\":\"https:\/\/librosdelzorrorojo.com\/\",\"name\":\"Libros del Zorro Rojo\",\"description\":\"Libros ilustrados\",\"potentialAction\":[{\"@type\":\"SearchAction\",\"target\":{\"@type\":\"EntryPoint\",\"urlTemplate\":\"https:\/\/librosdelzorrorojo.com\/?s={search_term_string}\"},\"query-input\":{\"@type\":\"PropertyValueSpecification\",\"valueRequired\":true,\"valueName\":\"search_term_string\"}}],\"inLanguage\":\"ca\"}]}<\/script>\n<!-- \/ Yoast SEO plugin. -->","yoast_head_json":{"title":"L'excursi\u00f3 - Libros del Zorro Rojo","description":"En Lloren\u00e7 no t\u00e9 ganes d\u2019anar a classe perqu\u00e8 t\u00e9 una idea millor: construir la seva pr\u00f2pia escola amb fustes, teles i rodes.","robots":{"index":"index","follow":"follow","max-snippet":"max-snippet:-1","max-image-preview":"max-image-preview:large","max-video-preview":"max-video-preview:-1"},"canonical":"https:\/\/librosdelzorrorojo.com\/ca\/cataleg\/lexcursio\/","og_locale":"ca_ES","og_type":"article","og_title":"L'excursi\u00f3 - Libros del Zorro Rojo","og_description":"En Lloren\u00e7 no t\u00e9 ganes d\u2019anar a classe perqu\u00e8 t\u00e9 una idea millor: construir la seva pr\u00f2pia escola amb fustes, teles i rodes.","og_url":"https:\/\/librosdelzorrorojo.com\/ca\/cataleg\/lexcursio\/","og_site_name":"Libros del Zorro Rojo","article_modified_time":"2024-11-28T12:39:04+00:00","twitter_card":"summary_large_image","twitter_misc":{"Temps estimat de lectura":"1 minut"},"schema":{"@context":"https:\/\/schema.org","@graph":[{"@type":"WebPage","@id":"https:\/\/librosdelzorrorojo.com\/ca\/cataleg\/lexcursio\/","url":"https:\/\/librosdelzorrorojo.com\/ca\/cataleg\/lexcursio\/","name":"L'excursi\u00f3 - Libros del Zorro Rojo","isPartOf":{"@id":"https:\/\/librosdelzorrorojo.com\/#website"},"datePublished":"2008-09-01T11:29:04+00:00","dateModified":"2024-11-28T12:39:04+00:00","description":"En Lloren\u00e7 no t\u00e9 ganes d\u2019anar a classe perqu\u00e8 t\u00e9 una idea millor: construir la seva pr\u00f2pia escola amb fustes, teles i rodes.","breadcrumb":{"@id":"https:\/\/librosdelzorrorojo.com\/ca\/cataleg\/lexcursio\/#breadcrumb"},"inLanguage":"ca","potentialAction":[{"@type":"ReadAction","target":["https:\/\/librosdelzorrorojo.com\/ca\/cataleg\/lexcursio\/"]}]},{"@type":"BreadcrumbList","@id":"https:\/\/librosdelzorrorojo.com\/ca\/cataleg\/lexcursio\/#breadcrumb","itemListElement":[{"@type":"ListItem","position":1,"name":"Portada","item":"https:\/\/librosdelzorrorojo.com\/ca\/"},{"@type":"ListItem","position":2,"name":"Cat\u00e0leg","item":"https:\/\/librosdelzorrorojo.com\/ca\/cataleg\/"},{"@type":"ListItem","position":3,"name":"L&#8217;excursi\u00f3"}]},{"@type":"WebSite","@id":"https:\/\/librosdelzorrorojo.com\/#website","url":"https:\/\/librosdelzorrorojo.com\/","name":"Libros del Zorro Rojo","description":"Libros ilustrados","potentialAction":[{"@type":"SearchAction","target":{"@type":"EntryPoint","urlTemplate":"https:\/\/librosdelzorrorojo.com\/?s={search_term_string}"},"query-input":{"@type":"PropertyValueSpecification","valueRequired":true,"valueName":"search_term_string"}}],"inLanguage":"ca"}]}},"_links":{"self":[{"href":"https:\/\/librosdelzorrorojo.com\/ca\/wp-json\/wp\/v2\/product\/15329","targetHints":{"allow":["GET"]}}],"collection":[{"href":"https:\/\/librosdelzorrorojo.com\/ca\/wp-json\/wp\/v2\/product"}],"about":[{"href":"https:\/\/librosdelzorrorojo.com\/ca\/wp-json\/wp\/v2\/types\/product"}],"wp:attachment":[{"href":"https:\/\/librosdelzorrorojo.com\/ca\/wp-json\/wp\/v2\/media?parent=15329"}],"wp:term":[{"taxonomy":"product_brand","embeddable":true,"href":"https:\/\/librosdelzorrorojo.com\/ca\/wp-json\/wp\/v2\/product_brand?post=15329"},{"taxonomy":"product_cat","embeddable":true,"href":"https:\/\/librosdelzorrorojo.com\/ca\/wp-json\/wp\/v2\/product_cat?post=15329"},{"taxonomy":"product_tag","embeddable":true,"href":"https:\/\/librosdelzorrorojo.com\/ca\/wp-json\/wp\/v2\/product_tag?post=15329"}],"curies":[{"name":"wp","href":"https:\/\/api.w.org\/{rel}","templated":true}]}}