{"id":15321,"date":"2010-04-12T12:48:29","date_gmt":"2010-04-12T10:48:29","guid":{"rendered":"https:\/\/librosdelzorrorojo.com\/?post_type=product&#038;p=15321"},"modified":"2024-11-28T13:36:32","modified_gmt":"2024-11-28T12:36:32","slug":"el-dubte","status":"publish","type":"product","link":"https:\/\/librosdelzorrorojo.com\/ca\/cataleg\/el-dubte\/","title":{"rendered":"El dubte"},"content":{"rendered":"<p><span>\u00abSempre tinc tants dubtes&#8230;\u00bb<\/span><\/p>\n<p><span>Quant m&#8217;haur\u00e9 d&#8217;esperar? S\u00f3c tan maco com diuen? Em deu haver vist? Les preguntes que esquitxen cada p\u00e0gina d\u2019aquest \u00e0lbum recordaran als lectors el valor que t\u00e9 el dubte a la vida de l\u2019\u00e9sser hum\u00e0. Es tracta d\u2019un llibre singular i d\u2019una gran bellesa que destaca perqu\u00e8 fa un plantejament intel\u00b7ligent als nens i nenes des del seu propi punt de vista. La sensibilitat de la mirada de Pia Valentinis, homenatjada el 2002 a It\u00e0lia amb el premi Andersen d\u2019il\u00b7lustraci\u00f3, es reflecteix en l\u2019harmonia entre text i il\u00b7lustraci\u00f3, en qu\u00e8 la faula \u00e9s el recurs escollit per crear un clima \u00edntim i de complicitat amb el lector.<\/span><\/p>\n","protected":false},"excerpt":{"rendered":"<span>Quant m&#8217;haur\u00e9 d&#8217;esperar? S\u00f3c tan maco com diuen? Em deu haver vist? Les preguntes que esquitxen cada p\u00e0gina d\u2019aquest \u00e0lbum recordaran als lectors el valor que t\u00e9 el dubte a la vida de l\u2019\u00e9sser hum\u00e0<\/span>","protected":false},"featured_media":0,"template":"","meta":{"_acf_changed":false},"product_brand":[],"product_cat":[840],"product_tag":[],"class_list":{"0":"post-15321","1":"product","2":"type-product","3":"status-publish","5":"product_cat-catala","6":"vinculo-la-duda","8":"first","9":"instock","10":"taxable","11":"shipping-taxable","12":"purchasable","13":"product-type-simple"},"acf":[],"yoast_head":"<!-- This site is optimized with the Yoast SEO plugin v25.1 - https:\/\/yoast.com\/wordpress\/plugins\/seo\/ -->\n<title>El dubte - Libros del Zorro Rojo<\/title>\n<meta name=\"description\" content=\"Quant m&#039;haur\u00e9 d&#039;esperar? S\u00f3c tan maco com diuen? Em deu haver vist? Les preguntes que esquitxen cada p\u00e0gina d\u2019aquest \u00e0lbum recordaran als lectors\" \/>\n<meta name=\"robots\" content=\"index, follow, max-snippet:-1, max-image-preview:large, max-video-preview:-1\" \/>\n<link rel=\"canonical\" href=\"https:\/\/librosdelzorrorojo.com\/ca\/cataleg\/el-dubte\/\" \/>\n<meta property=\"og:locale\" content=\"ca_ES\" \/>\n<meta property=\"og:type\" content=\"article\" \/>\n<meta property=\"og:title\" content=\"El dubte - Libros del Zorro Rojo\" \/>\n<meta property=\"og:description\" content=\"Quant m&#039;haur\u00e9 d&#039;esperar? S\u00f3c tan maco com diuen? Em deu haver vist? Les preguntes que esquitxen cada p\u00e0gina d\u2019aquest \u00e0lbum recordaran als lectors\" \/>\n<meta property=\"og:url\" content=\"https:\/\/librosdelzorrorojo.com\/ca\/cataleg\/el-dubte\/\" \/>\n<meta property=\"og:site_name\" content=\"Libros del Zorro Rojo\" \/>\n<meta property=\"article:modified_time\" content=\"2024-11-28T12:36:32+00:00\" \/>\n<meta name=\"twitter:card\" content=\"summary_large_image\" \/>\n<meta name=\"twitter:label1\" content=\"Temps estimat de lectura\" \/>\n\t<meta name=\"twitter:data1\" content=\"1 minut\" \/>\n<script type=\"application\/ld+json\" class=\"yoast-schema-graph\">{\"@context\":\"https:\/\/schema.org\",\"@graph\":[{\"@type\":\"WebPage\",\"@id\":\"https:\/\/librosdelzorrorojo.com\/ca\/cataleg\/el-dubte\/\",\"url\":\"https:\/\/librosdelzorrorojo.com\/ca\/cataleg\/el-dubte\/\",\"name\":\"El dubte - Libros del Zorro Rojo\",\"isPartOf\":{\"@id\":\"https:\/\/librosdelzorrorojo.com\/#website\"},\"datePublished\":\"2010-04-12T10:48:29+00:00\",\"dateModified\":\"2024-11-28T12:36:32+00:00\",\"description\":\"Quant m'haur\u00e9 d'esperar? S\u00f3c tan maco com diuen? Em deu haver vist? Les preguntes que esquitxen cada p\u00e0gina d\u2019aquest \u00e0lbum recordaran als lectors\",\"breadcrumb\":{\"@id\":\"https:\/\/librosdelzorrorojo.com\/ca\/cataleg\/el-dubte\/#breadcrumb\"},\"inLanguage\":\"ca\",\"potentialAction\":[{\"@type\":\"ReadAction\",\"target\":[\"https:\/\/librosdelzorrorojo.com\/ca\/cataleg\/el-dubte\/\"]}]},{\"@type\":\"BreadcrumbList\",\"@id\":\"https:\/\/librosdelzorrorojo.com\/ca\/cataleg\/el-dubte\/#breadcrumb\",\"itemListElement\":[{\"@type\":\"ListItem\",\"position\":1,\"name\":\"Portada\",\"item\":\"https:\/\/librosdelzorrorojo.com\/ca\/\"},{\"@type\":\"ListItem\",\"position\":2,\"name\":\"Cat\u00e0leg\",\"item\":\"https:\/\/librosdelzorrorojo.com\/ca\/cataleg\/\"},{\"@type\":\"ListItem\",\"position\":3,\"name\":\"El dubte\"}]},{\"@type\":\"WebSite\",\"@id\":\"https:\/\/librosdelzorrorojo.com\/#website\",\"url\":\"https:\/\/librosdelzorrorojo.com\/\",\"name\":\"Libros del Zorro Rojo\",\"description\":\"Libros ilustrados\",\"potentialAction\":[{\"@type\":\"SearchAction\",\"target\":{\"@type\":\"EntryPoint\",\"urlTemplate\":\"https:\/\/librosdelzorrorojo.com\/?s={search_term_string}\"},\"query-input\":{\"@type\":\"PropertyValueSpecification\",\"valueRequired\":true,\"valueName\":\"search_term_string\"}}],\"inLanguage\":\"ca\"}]}<\/script>\n<!-- \/ Yoast SEO plugin. -->","yoast_head_json":{"title":"El dubte - Libros del Zorro Rojo","description":"Quant m'haur\u00e9 d'esperar? S\u00f3c tan maco com diuen? Em deu haver vist? Les preguntes que esquitxen cada p\u00e0gina d\u2019aquest \u00e0lbum recordaran als lectors","robots":{"index":"index","follow":"follow","max-snippet":"max-snippet:-1","max-image-preview":"max-image-preview:large","max-video-preview":"max-video-preview:-1"},"canonical":"https:\/\/librosdelzorrorojo.com\/ca\/cataleg\/el-dubte\/","og_locale":"ca_ES","og_type":"article","og_title":"El dubte - Libros del Zorro Rojo","og_description":"Quant m'haur\u00e9 d'esperar? S\u00f3c tan maco com diuen? Em deu haver vist? Les preguntes que esquitxen cada p\u00e0gina d\u2019aquest \u00e0lbum recordaran als lectors","og_url":"https:\/\/librosdelzorrorojo.com\/ca\/cataleg\/el-dubte\/","og_site_name":"Libros del Zorro Rojo","article_modified_time":"2024-11-28T12:36:32+00:00","twitter_card":"summary_large_image","twitter_misc":{"Temps estimat de lectura":"1 minut"},"schema":{"@context":"https:\/\/schema.org","@graph":[{"@type":"WebPage","@id":"https:\/\/librosdelzorrorojo.com\/ca\/cataleg\/el-dubte\/","url":"https:\/\/librosdelzorrorojo.com\/ca\/cataleg\/el-dubte\/","name":"El dubte - Libros del Zorro Rojo","isPartOf":{"@id":"https:\/\/librosdelzorrorojo.com\/#website"},"datePublished":"2010-04-12T10:48:29+00:00","dateModified":"2024-11-28T12:36:32+00:00","description":"Quant m'haur\u00e9 d'esperar? S\u00f3c tan maco com diuen? Em deu haver vist? Les preguntes que esquitxen cada p\u00e0gina d\u2019aquest \u00e0lbum recordaran als lectors","breadcrumb":{"@id":"https:\/\/librosdelzorrorojo.com\/ca\/cataleg\/el-dubte\/#breadcrumb"},"inLanguage":"ca","potentialAction":[{"@type":"ReadAction","target":["https:\/\/librosdelzorrorojo.com\/ca\/cataleg\/el-dubte\/"]}]},{"@type":"BreadcrumbList","@id":"https:\/\/librosdelzorrorojo.com\/ca\/cataleg\/el-dubte\/#breadcrumb","itemListElement":[{"@type":"ListItem","position":1,"name":"Portada","item":"https:\/\/librosdelzorrorojo.com\/ca\/"},{"@type":"ListItem","position":2,"name":"Cat\u00e0leg","item":"https:\/\/librosdelzorrorojo.com\/ca\/cataleg\/"},{"@type":"ListItem","position":3,"name":"El dubte"}]},{"@type":"WebSite","@id":"https:\/\/librosdelzorrorojo.com\/#website","url":"https:\/\/librosdelzorrorojo.com\/","name":"Libros del Zorro Rojo","description":"Libros ilustrados","potentialAction":[{"@type":"SearchAction","target":{"@type":"EntryPoint","urlTemplate":"https:\/\/librosdelzorrorojo.com\/?s={search_term_string}"},"query-input":{"@type":"PropertyValueSpecification","valueRequired":true,"valueName":"search_term_string"}}],"inLanguage":"ca"}]}},"_links":{"self":[{"href":"https:\/\/librosdelzorrorojo.com\/ca\/wp-json\/wp\/v2\/product\/15321","targetHints":{"allow":["GET"]}}],"collection":[{"href":"https:\/\/librosdelzorrorojo.com\/ca\/wp-json\/wp\/v2\/product"}],"about":[{"href":"https:\/\/librosdelzorrorojo.com\/ca\/wp-json\/wp\/v2\/types\/product"}],"wp:attachment":[{"href":"https:\/\/librosdelzorrorojo.com\/ca\/wp-json\/wp\/v2\/media?parent=15321"}],"wp:term":[{"taxonomy":"product_brand","embeddable":true,"href":"https:\/\/librosdelzorrorojo.com\/ca\/wp-json\/wp\/v2\/product_brand?post=15321"},{"taxonomy":"product_cat","embeddable":true,"href":"https:\/\/librosdelzorrorojo.com\/ca\/wp-json\/wp\/v2\/product_cat?post=15321"},{"taxonomy":"product_tag","embeddable":true,"href":"https:\/\/librosdelzorrorojo.com\/ca\/wp-json\/wp\/v2\/product_tag?post=15321"}],"curies":[{"name":"wp","href":"https:\/\/api.w.org\/{rel}","templated":true}]}}