{"id":15308,"date":"2000-09-12T12:52:48","date_gmt":"2000-09-12T11:01:25","guid":{"rendered":"https:\/\/librosdelzorrorojo.com\/?post_type=product&#038;p=15308"},"modified":"2024-02-29T11:40:36","modified_gmt":"2024-02-29T10:40:36","slug":"el-dragon-rojo","status":"publish","type":"product","link":"https:\/\/librosdelzorrorojo.com\/ca\/cataleg\/el-dragon-rojo\/","title":{"rendered":"El drag\u00f3n rojo"},"content":{"rendered":"<p><span>La amplia y pl\u00e1cida sonrisa que parece dirigirnos este drag\u00f3n desde la cubierta es la misma que esbozar\u00e1n muchos padres y madres cuando reconozcan a un personaje inolvidable de sus lecturas de infancia, el gentil drag\u00f3n rojo (Mi\u00f1\u00f3n, 1975), cuya historia sin fisuras ha resistido imperturbable, como todo buen cl\u00e1sico, el embiste del tiempo durante m\u00e1s de cuarenta a\u00f1os.<\/span><\/p>\n<p><span>En un peque\u00f1o pa\u00eds situado en los confines del mundo, donde la vida trascurre de manera apacible y sin contratiempos, aparece un buen d\u00eda un enorme monstruo. Los campesinos le temen, pero aparte de comerse sus cultivos no parece representar una gran amenaza, por lo que primero deciden convertirlo en un eficaz soldado, y m\u00e1s tarde, en una atracci\u00f3n tur\u00edstica. Pero lo cierto es que al monstruo grandull\u00f3n no parece interesarle nada de eso. Lo que s\u00ed se le da realmente bien es \u00a1echar fuego por la boca! Pero, \u00bfqu\u00e9 utilidad puede tener eso para ellos?<\/span><\/p>\n<p><span>En 1973, Max Velthuijs escribi\u00f3 e ilustr\u00f3 este libro, uno de sus primero trabajos como creador, que le har\u00eda merecedor del Premio Pincel de Oro de la Academia de Bellas Artes de Holanda. Desde entonces, y a pesar del \u00e9xito que alcanzaron a\u00f1os despu\u00e9s otros t\u00edtulos suyos, principalmente los que conforman la serie de Sapo, <\/span><i><b>El drag\u00f3n rojo<\/b><\/i><span>\u00a0se ha convertido en una referencia para la cr\u00edtica entre los mejores libros a favor de la convivencia y el respeto.<\/span><\/p>\n<p><span>Esta edici\u00f3n ofrece una nueva traducci\u00f3n que mantiene la frescura, la naturalidad y los estimulantes di\u00e1logos del texto original, cuya comicidad refuerza la vibrante sencillez de una ilustraciones de trazo fuerte e intensos colores.<\/span><\/p>\n<p><span>Un \u00e1lbum ilustrado atemporal para leer en voz alta, y un cl\u00e1sico de literatura infantil indispensable, no solo por la belleza de sus ilustraciones, sino tambi\u00e9n por el valor simb\u00f3lico de una historia que aborda, con originalidad y desenfado, temas como la libertad, la no discriminaci\u00f3n e incluso las energ\u00edas renovables.<\/span><\/p>\n","protected":false},"excerpt":{"rendered":"<span>La amplia y pl\u00e1cida sonrisa que parece dirigirnos este drag\u00f3n desde la cubierta es la misma que esbozar\u00e1n muchos padres y madres cuando reconozcan a un personaje inolvidable de sus lecturas de infancia, el gentil drag\u00f3n rojo (Mi\u00f1\u00f3n, 1975), cuya historia sin fisuras ha resistido imperturbable, como todo buen cl\u00e1sico, el embiste del tiempo durante m\u00e1s de cuarenta a\u00f1os.<\/span>","protected":false},"featured_media":11736,"template":"","meta":{"_acf_changed":false},"product_brand":[],"product_cat":[844,843],"product_tag":[],"class_list":{"0":"post-15308","1":"product","2":"type-product","3":"status-publish","4":"has-post-thumbnail","6":"product_cat-castella","7":"product_cat-infantiles-ca","8":"vinculo-el-dragon-rojo","10":"first","11":"outofstock","12":"taxable","13":"shipping-taxable","14":"purchasable","15":"product-type-simple"},"acf":[],"yoast_head":"<!-- This site is optimized with the Yoast SEO plugin v25.1 - https:\/\/yoast.com\/wordpress\/plugins\/seo\/ -->\n<title>El drag\u00f3n rojo - Libros del Zorro Rojo<\/title>\n<meta name=\"robots\" content=\"index, follow, max-snippet:-1, max-image-preview:large, max-video-preview:-1\" \/>\n<link rel=\"canonical\" href=\"https:\/\/librosdelzorrorojo.com\/ca\/cataleg\/el-dragon-rojo\/\" \/>\n<meta property=\"og:locale\" content=\"ca_ES\" \/>\n<meta property=\"og:type\" content=\"article\" \/>\n<meta property=\"og:title\" content=\"El drag\u00f3n rojo - Libros del Zorro Rojo\" \/>\n<meta property=\"og:description\" content=\"La amplia y pl\u00e1cida sonrisa que parece dirigirnos este drag\u00f3n desde la cubierta es la misma que esbozar\u00e1n muchos padres y madres cuando reconozcan a un personaje inolvidable de sus lecturas de infancia, el gentil drag\u00f3n rojo (Mi\u00f1\u00f3n, 1975), cuya historia sin fisuras ha resistido imperturbable, como todo buen cl\u00e1sico, el embiste del tiempo durante m\u00e1s de cuarenta a\u00f1os.\" \/>\n<meta property=\"og:url\" content=\"https:\/\/librosdelzorrorojo.com\/ca\/cataleg\/el-dragon-rojo\/\" \/>\n<meta property=\"og:site_name\" content=\"Libros del Zorro Rojo\" \/>\n<meta property=\"article:modified_time\" content=\"2024-02-29T10:40:36+00:00\" \/>\n<meta property=\"og:image\" content=\"https:\/\/librosdelzorrorojo.com\/wp-content\/uploads\/2000\/11\/Cover_ElDragonRojo.png\" \/>\n\t<meta property=\"og:image:width\" content=\"850\" \/>\n\t<meta property=\"og:image:height\" content=\"1136\" \/>\n\t<meta property=\"og:image:type\" content=\"image\/png\" \/>\n<meta name=\"twitter:card\" content=\"summary_large_image\" \/>\n<meta name=\"twitter:label1\" content=\"Temps estimat de lectura\" \/>\n\t<meta name=\"twitter:data1\" content=\"2 minuts\" \/>\n<script type=\"application\/ld+json\" class=\"yoast-schema-graph\">{\"@context\":\"https:\/\/schema.org\",\"@graph\":[{\"@type\":\"WebPage\",\"@id\":\"https:\/\/librosdelzorrorojo.com\/ca\/cataleg\/el-dragon-rojo\/\",\"url\":\"https:\/\/librosdelzorrorojo.com\/ca\/cataleg\/el-dragon-rojo\/\",\"name\":\"El drag\u00f3n rojo - Libros del Zorro Rojo\",\"isPartOf\":{\"@id\":\"https:\/\/librosdelzorrorojo.com\/#website\"},\"primaryImageOfPage\":{\"@id\":\"https:\/\/librosdelzorrorojo.com\/ca\/cataleg\/el-dragon-rojo\/#primaryimage\"},\"image\":{\"@id\":\"https:\/\/librosdelzorrorojo.com\/ca\/cataleg\/el-dragon-rojo\/#primaryimage\"},\"thumbnailUrl\":\"https:\/\/librosdelzorrorojo.com\/wp-content\/uploads\/2000\/11\/Cover_ElDragonRojo.png\",\"datePublished\":\"2000-09-12T11:01:25+00:00\",\"dateModified\":\"2024-02-29T10:40:36+00:00\",\"breadcrumb\":{\"@id\":\"https:\/\/librosdelzorrorojo.com\/ca\/cataleg\/el-dragon-rojo\/#breadcrumb\"},\"inLanguage\":\"ca\",\"potentialAction\":[{\"@type\":\"ReadAction\",\"target\":[\"https:\/\/librosdelzorrorojo.com\/ca\/cataleg\/el-dragon-rojo\/\"]}]},{\"@type\":\"ImageObject\",\"inLanguage\":\"ca\",\"@id\":\"https:\/\/librosdelzorrorojo.com\/ca\/cataleg\/el-dragon-rojo\/#primaryimage\",\"url\":\"https:\/\/librosdelzorrorojo.com\/wp-content\/uploads\/2000\/11\/Cover_ElDragonRojo.png\",\"contentUrl\":\"https:\/\/librosdelzorrorojo.com\/wp-content\/uploads\/2000\/11\/Cover_ElDragonRojo.png\",\"width\":850,\"height\":1136,\"caption\":\"Cover ElDragonRojo\"},{\"@type\":\"BreadcrumbList\",\"@id\":\"https:\/\/librosdelzorrorojo.com\/ca\/cataleg\/el-dragon-rojo\/#breadcrumb\",\"itemListElement\":[{\"@type\":\"ListItem\",\"position\":1,\"name\":\"Portada\",\"item\":\"https:\/\/librosdelzorrorojo.com\/ca\/\"},{\"@type\":\"ListItem\",\"position\":2,\"name\":\"Cat\u00e0leg\",\"item\":\"https:\/\/librosdelzorrorojo.com\/ca\/cataleg\/\"},{\"@type\":\"ListItem\",\"position\":3,\"name\":\"El drag\u00f3n rojo\"}]},{\"@type\":\"WebSite\",\"@id\":\"https:\/\/librosdelzorrorojo.com\/#website\",\"url\":\"https:\/\/librosdelzorrorojo.com\/\",\"name\":\"Libros del Zorro Rojo\",\"description\":\"Libros ilustrados\",\"potentialAction\":[{\"@type\":\"SearchAction\",\"target\":{\"@type\":\"EntryPoint\",\"urlTemplate\":\"https:\/\/librosdelzorrorojo.com\/?s={search_term_string}\"},\"query-input\":{\"@type\":\"PropertyValueSpecification\",\"valueRequired\":true,\"valueName\":\"search_term_string\"}}],\"inLanguage\":\"ca\"}]}<\/script>\n<!-- \/ Yoast SEO plugin. -->","yoast_head_json":{"title":"El drag\u00f3n rojo - Libros del Zorro Rojo","robots":{"index":"index","follow":"follow","max-snippet":"max-snippet:-1","max-image-preview":"max-image-preview:large","max-video-preview":"max-video-preview:-1"},"canonical":"https:\/\/librosdelzorrorojo.com\/ca\/cataleg\/el-dragon-rojo\/","og_locale":"ca_ES","og_type":"article","og_title":"El drag\u00f3n rojo - Libros del Zorro Rojo","og_description":"La amplia y pl\u00e1cida sonrisa que parece dirigirnos este drag\u00f3n desde la cubierta es la misma que esbozar\u00e1n muchos padres y madres cuando reconozcan a un personaje inolvidable de sus lecturas de infancia, el gentil drag\u00f3n rojo (Mi\u00f1\u00f3n, 1975), cuya historia sin fisuras ha resistido imperturbable, como todo buen cl\u00e1sico, el embiste del tiempo durante m\u00e1s de cuarenta a\u00f1os.","og_url":"https:\/\/librosdelzorrorojo.com\/ca\/cataleg\/el-dragon-rojo\/","og_site_name":"Libros del Zorro Rojo","article_modified_time":"2024-02-29T10:40:36+00:00","og_image":[{"width":850,"height":1136,"url":"https:\/\/librosdelzorrorojo.com\/wp-content\/uploads\/2000\/11\/Cover_ElDragonRojo.png","type":"image\/png"}],"twitter_card":"summary_large_image","twitter_misc":{"Temps estimat de lectura":"2 minuts"},"schema":{"@context":"https:\/\/schema.org","@graph":[{"@type":"WebPage","@id":"https:\/\/librosdelzorrorojo.com\/ca\/cataleg\/el-dragon-rojo\/","url":"https:\/\/librosdelzorrorojo.com\/ca\/cataleg\/el-dragon-rojo\/","name":"El drag\u00f3n rojo - Libros del Zorro Rojo","isPartOf":{"@id":"https:\/\/librosdelzorrorojo.com\/#website"},"primaryImageOfPage":{"@id":"https:\/\/librosdelzorrorojo.com\/ca\/cataleg\/el-dragon-rojo\/#primaryimage"},"image":{"@id":"https:\/\/librosdelzorrorojo.com\/ca\/cataleg\/el-dragon-rojo\/#primaryimage"},"thumbnailUrl":"https:\/\/librosdelzorrorojo.com\/wp-content\/uploads\/2000\/11\/Cover_ElDragonRojo.png","datePublished":"2000-09-12T11:01:25+00:00","dateModified":"2024-02-29T10:40:36+00:00","breadcrumb":{"@id":"https:\/\/librosdelzorrorojo.com\/ca\/cataleg\/el-dragon-rojo\/#breadcrumb"},"inLanguage":"ca","potentialAction":[{"@type":"ReadAction","target":["https:\/\/librosdelzorrorojo.com\/ca\/cataleg\/el-dragon-rojo\/"]}]},{"@type":"ImageObject","inLanguage":"ca","@id":"https:\/\/librosdelzorrorojo.com\/ca\/cataleg\/el-dragon-rojo\/#primaryimage","url":"https:\/\/librosdelzorrorojo.com\/wp-content\/uploads\/2000\/11\/Cover_ElDragonRojo.png","contentUrl":"https:\/\/librosdelzorrorojo.com\/wp-content\/uploads\/2000\/11\/Cover_ElDragonRojo.png","width":850,"height":1136,"caption":"Cover ElDragonRojo"},{"@type":"BreadcrumbList","@id":"https:\/\/librosdelzorrorojo.com\/ca\/cataleg\/el-dragon-rojo\/#breadcrumb","itemListElement":[{"@type":"ListItem","position":1,"name":"Portada","item":"https:\/\/librosdelzorrorojo.com\/ca\/"},{"@type":"ListItem","position":2,"name":"Cat\u00e0leg","item":"https:\/\/librosdelzorrorojo.com\/ca\/cataleg\/"},{"@type":"ListItem","position":3,"name":"El drag\u00f3n rojo"}]},{"@type":"WebSite","@id":"https:\/\/librosdelzorrorojo.com\/#website","url":"https:\/\/librosdelzorrorojo.com\/","name":"Libros del Zorro Rojo","description":"Libros ilustrados","potentialAction":[{"@type":"SearchAction","target":{"@type":"EntryPoint","urlTemplate":"https:\/\/librosdelzorrorojo.com\/?s={search_term_string}"},"query-input":{"@type":"PropertyValueSpecification","valueRequired":true,"valueName":"search_term_string"}}],"inLanguage":"ca"}]}},"_links":{"self":[{"href":"https:\/\/librosdelzorrorojo.com\/ca\/wp-json\/wp\/v2\/product\/15308","targetHints":{"allow":["GET"]}}],"collection":[{"href":"https:\/\/librosdelzorrorojo.com\/ca\/wp-json\/wp\/v2\/product"}],"about":[{"href":"https:\/\/librosdelzorrorojo.com\/ca\/wp-json\/wp\/v2\/types\/product"}],"wp:featuredmedia":[{"embeddable":true,"href":"https:\/\/librosdelzorrorojo.com\/ca\/wp-json\/wp\/v2\/media\/11736"}],"wp:attachment":[{"href":"https:\/\/librosdelzorrorojo.com\/ca\/wp-json\/wp\/v2\/media?parent=15308"}],"wp:term":[{"taxonomy":"product_brand","embeddable":true,"href":"https:\/\/librosdelzorrorojo.com\/ca\/wp-json\/wp\/v2\/product_brand?post=15308"},{"taxonomy":"product_cat","embeddable":true,"href":"https:\/\/librosdelzorrorojo.com\/ca\/wp-json\/wp\/v2\/product_cat?post=15308"},{"taxonomy":"product_tag","embeddable":true,"href":"https:\/\/librosdelzorrorojo.com\/ca\/wp-json\/wp\/v2\/product_tag?post=15308"}],"curies":[{"name":"wp","href":"https:\/\/api.w.org\/{rel}","templated":true}]}}