{"id":15275,"date":"2020-09-09T13:09:37","date_gmt":"2020-09-09T11:09:37","guid":{"rendered":"https:\/\/librosdelzorrorojo.com\/?post_type=product&#038;p=15275"},"modified":"2026-05-15T13:40:29","modified_gmt":"2026-05-15T11:40:29","slug":"migrants","status":"publish","type":"product","link":"https:\/\/librosdelzorrorojo.com\/ca\/cataleg\/migrants\/","title":{"rendered":"Migrants"},"content":{"rendered":"<p>L\u2019Organitzaci\u00f3 Internacional de la Migraci\u00f3 (OIM) estima que al m\u00f3n hi ha 258 milions d\u2019immigrants, dada que representa quasi un 4 % del total de la humanitat. El nombre de persones que fugen de la guerra, la persecuci\u00f3 i els conflictes va superar els 70 milions de 2018, segons l\u2019\u00faltim informe de l\u2019Ag\u00e8ncia de l\u2019ONU pels Refugiats.<\/p>\n<p>Aquest llibre \u00e0lbum sense paraules narra amb imatges d\u2019extraordin\u00e0ria for\u00e7a el viatge d\u2019un grup d\u2019animals que deixen enrere un bosc nocturn mancat de fulles. \u00c9s la hist\u00f2ria d\u2019una gran i \u00fanica migraci\u00f3, un viatge en qu\u00e8 se sacrifiquen coses, es deixen enrere \u00e9ssers estimats, s\u2019han de passar fronteres\u2026<\/p>\n<p>Les il\u00b7lustracions d\u2019Issa Watanabe narren una situaci\u00f3 real, sense eufemismes, que commou al lector amb un relat constru\u00eft des del quotidi\u00e0 \u2013escenes de la rutina als camps de refugiats o altres imatges sobre migracions que es difonen habitualment als mitjans de comunicaci\u00f3\u2013 per provocar la reflexi\u00f3 i, per qu\u00e8 no?, promoure l\u2019empatia i la solidaritat.<\/p>\n<p>Aquest \u00e0lbum ofereix en la contraportada les \u00faniques paraules que no s\u2019han d\u2019obviar quan es tracta de debatre sobre la migraci\u00f3 for\u00e7ada de persones: fam, trag\u00e8dia, tancament de fronteres, crisi humanit\u00e0ria, drets humans\u2026 Un llibre necessari per submergir al lector en un periple d\u2019incertesa, on conviuen la mort i l\u2019esperan\u00e7a de veure com en un desert d\u2019obscuritat torna a cr\u00e9ixer l\u2019herba.<\/p>\n<p><img decoding=\"async\" src=\"https:\/\/librosdelzorrorojo.com\/wp-content\/uploads\/2017\/09\/logo-generalitat2-e1541677862361.jpg\" alt=\"\" width=\"200\" height=\"67\" class=\"alignnone size-full wp-image-11151\" \/><\/p>\n","protected":false},"excerpt":{"rendered":"Aquest llibre \u00e0lbum sense paraules narra amb imatges d\u2019extraordin\u00e0ria for\u00e7a el viatge d\u2019un grup d\u2019animals que deixen enrere un bosc nocturn mancat de fulles. \u00c9s la hist\u00f2ria d\u2019una gran i \u00fanica migraci\u00f3, un viatge en qu\u00e8 se sacrifiquen coses, es deixen enrere \u00e9ssers estimats, s\u2019han de passar fronteres\u2026","protected":false},"featured_media":15282,"template":"","meta":{"_acf_changed":false},"product_brand":[],"product_cat":[6607,840,843],"product_tag":[],"class_list":{"0":"post-15275","1":"product","2":"type-product","3":"status-publish","4":"has-post-thumbnail","6":"product_cat-llibres-solidaris","7":"product_cat-catala","8":"product_cat-infantiles-ca","9":"vinculo-migrantes","11":"first","12":"instock","13":"taxable","14":"shipping-taxable","15":"purchasable","16":"product-type-simple"},"acf":[],"yoast_head":"<!-- This site is optimized with the Yoast SEO plugin v25.1 - https:\/\/yoast.com\/wordpress\/plugins\/seo\/ -->\n<title>Migrants - Libros del Zorro Rojo<\/title>\n<meta name=\"description\" content=\"Aquest llibre \u00e0lbum sense paraules narra amb imatges d\u2019extraordin\u00e0ria for\u00e7a el viatge d\u2019un grup d\u2019animals que deixen enrere un bosc nocturn mancat de full\" \/>\n<meta name=\"robots\" content=\"index, follow, max-snippet:-1, max-image-preview:large, max-video-preview:-1\" \/>\n<link rel=\"canonical\" href=\"https:\/\/librosdelzorrorojo.com\/ca\/cataleg\/migrants\/\" \/>\n<meta property=\"og:locale\" content=\"ca_ES\" \/>\n<meta property=\"og:type\" content=\"article\" \/>\n<meta property=\"og:title\" content=\"Migrants - Libros del Zorro Rojo\" \/>\n<meta property=\"og:description\" content=\"Aquest llibre \u00e0lbum sense paraules narra amb imatges d\u2019extraordin\u00e0ria for\u00e7a el viatge d\u2019un grup d\u2019animals que deixen enrere un bosc nocturn mancat de full\" \/>\n<meta property=\"og:url\" content=\"https:\/\/librosdelzorrorojo.com\/ca\/cataleg\/migrants\/\" \/>\n<meta property=\"og:site_name\" content=\"Libros del Zorro Rojo\" \/>\n<meta property=\"article:modified_time\" content=\"2026-05-15T11:40:29+00:00\" \/>\n<meta property=\"og:image\" content=\"https:\/\/librosdelzorrorojo.com\/wp-content\/uploads\/2019\/09\/Cover-Migrantes-CATALAN.jpg\" \/>\n\t<meta property=\"og:image:width\" content=\"2491\" \/>\n\t<meta property=\"og:image:height\" content=\"2545\" \/>\n\t<meta property=\"og:image:type\" content=\"image\/jpeg\" \/>\n<meta name=\"twitter:card\" content=\"summary_large_image\" \/>\n<meta name=\"twitter:label1\" content=\"Temps estimat de lectura\" \/>\n\t<meta name=\"twitter:data1\" content=\"3 minuts\" \/>\n<script type=\"application\/ld+json\" class=\"yoast-schema-graph\">{\"@context\":\"https:\/\/schema.org\",\"@graph\":[{\"@type\":\"WebPage\",\"@id\":\"https:\/\/librosdelzorrorojo.com\/ca\/cataleg\/migrants\/\",\"url\":\"https:\/\/librosdelzorrorojo.com\/ca\/cataleg\/migrants\/\",\"name\":\"Migrants - Libros del Zorro Rojo\",\"isPartOf\":{\"@id\":\"https:\/\/librosdelzorrorojo.com\/#website\"},\"primaryImageOfPage\":{\"@id\":\"https:\/\/librosdelzorrorojo.com\/ca\/cataleg\/migrants\/#primaryimage\"},\"image\":{\"@id\":\"https:\/\/librosdelzorrorojo.com\/ca\/cataleg\/migrants\/#primaryimage\"},\"thumbnailUrl\":\"https:\/\/librosdelzorrorojo.com\/wp-content\/uploads\/2019\/09\/Cover-Migrantes-CATALAN.jpg\",\"datePublished\":\"2020-09-09T11:09:37+00:00\",\"dateModified\":\"2026-05-15T11:40:29+00:00\",\"description\":\"Aquest llibre \u00e0lbum sense paraules narra amb imatges d\u2019extraordin\u00e0ria for\u00e7a el viatge d\u2019un grup d\u2019animals que deixen enrere un bosc nocturn mancat de full\",\"breadcrumb\":{\"@id\":\"https:\/\/librosdelzorrorojo.com\/ca\/cataleg\/migrants\/#breadcrumb\"},\"inLanguage\":\"ca\",\"potentialAction\":[{\"@type\":\"ReadAction\",\"target\":[\"https:\/\/librosdelzorrorojo.com\/ca\/cataleg\/migrants\/\"]}]},{\"@type\":\"ImageObject\",\"inLanguage\":\"ca\",\"@id\":\"https:\/\/librosdelzorrorojo.com\/ca\/cataleg\/migrants\/#primaryimage\",\"url\":\"https:\/\/librosdelzorrorojo.com\/wp-content\/uploads\/2019\/09\/Cover-Migrantes-CATALAN.jpg\",\"contentUrl\":\"https:\/\/librosdelzorrorojo.com\/wp-content\/uploads\/2019\/09\/Cover-Migrantes-CATALAN.jpg\",\"width\":2491,\"height\":2545,\"caption\":\"Cover Migrantes CATALAN\"},{\"@type\":\"BreadcrumbList\",\"@id\":\"https:\/\/librosdelzorrorojo.com\/ca\/cataleg\/migrants\/#breadcrumb\",\"itemListElement\":[{\"@type\":\"ListItem\",\"position\":1,\"name\":\"Portada\",\"item\":\"https:\/\/librosdelzorrorojo.com\/ca\/\"},{\"@type\":\"ListItem\",\"position\":2,\"name\":\"Cat\u00e0leg\",\"item\":\"https:\/\/librosdelzorrorojo.com\/ca\/cataleg\/\"},{\"@type\":\"ListItem\",\"position\":3,\"name\":\"Migrants\"}]},{\"@type\":\"WebSite\",\"@id\":\"https:\/\/librosdelzorrorojo.com\/#website\",\"url\":\"https:\/\/librosdelzorrorojo.com\/\",\"name\":\"Libros del Zorro Rojo\",\"description\":\"Libros ilustrados\",\"potentialAction\":[{\"@type\":\"SearchAction\",\"target\":{\"@type\":\"EntryPoint\",\"urlTemplate\":\"https:\/\/librosdelzorrorojo.com\/?s={search_term_string}\"},\"query-input\":{\"@type\":\"PropertyValueSpecification\",\"valueRequired\":true,\"valueName\":\"search_term_string\"}}],\"inLanguage\":\"ca\"}]}<\/script>\n<!-- \/ Yoast SEO plugin. -->","yoast_head_json":{"title":"Migrants - Libros del Zorro Rojo","description":"Aquest llibre \u00e0lbum sense paraules narra amb imatges d\u2019extraordin\u00e0ria for\u00e7a el viatge d\u2019un grup d\u2019animals que deixen enrere un bosc nocturn mancat de full","robots":{"index":"index","follow":"follow","max-snippet":"max-snippet:-1","max-image-preview":"max-image-preview:large","max-video-preview":"max-video-preview:-1"},"canonical":"https:\/\/librosdelzorrorojo.com\/ca\/cataleg\/migrants\/","og_locale":"ca_ES","og_type":"article","og_title":"Migrants - Libros del Zorro Rojo","og_description":"Aquest llibre \u00e0lbum sense paraules narra amb imatges d\u2019extraordin\u00e0ria for\u00e7a el viatge d\u2019un grup d\u2019animals que deixen enrere un bosc nocturn mancat de full","og_url":"https:\/\/librosdelzorrorojo.com\/ca\/cataleg\/migrants\/","og_site_name":"Libros del Zorro Rojo","article_modified_time":"2026-05-15T11:40:29+00:00","og_image":[{"width":2491,"height":2545,"url":"https:\/\/librosdelzorrorojo.com\/wp-content\/uploads\/2019\/09\/Cover-Migrantes-CATALAN.jpg","type":"image\/jpeg"}],"twitter_card":"summary_large_image","twitter_misc":{"Temps estimat de lectura":"3 minuts"},"schema":{"@context":"https:\/\/schema.org","@graph":[{"@type":"WebPage","@id":"https:\/\/librosdelzorrorojo.com\/ca\/cataleg\/migrants\/","url":"https:\/\/librosdelzorrorojo.com\/ca\/cataleg\/migrants\/","name":"Migrants - Libros del Zorro Rojo","isPartOf":{"@id":"https:\/\/librosdelzorrorojo.com\/#website"},"primaryImageOfPage":{"@id":"https:\/\/librosdelzorrorojo.com\/ca\/cataleg\/migrants\/#primaryimage"},"image":{"@id":"https:\/\/librosdelzorrorojo.com\/ca\/cataleg\/migrants\/#primaryimage"},"thumbnailUrl":"https:\/\/librosdelzorrorojo.com\/wp-content\/uploads\/2019\/09\/Cover-Migrantes-CATALAN.jpg","datePublished":"2020-09-09T11:09:37+00:00","dateModified":"2026-05-15T11:40:29+00:00","description":"Aquest llibre \u00e0lbum sense paraules narra amb imatges d\u2019extraordin\u00e0ria for\u00e7a el viatge d\u2019un grup d\u2019animals que deixen enrere un bosc nocturn mancat de full","breadcrumb":{"@id":"https:\/\/librosdelzorrorojo.com\/ca\/cataleg\/migrants\/#breadcrumb"},"inLanguage":"ca","potentialAction":[{"@type":"ReadAction","target":["https:\/\/librosdelzorrorojo.com\/ca\/cataleg\/migrants\/"]}]},{"@type":"ImageObject","inLanguage":"ca","@id":"https:\/\/librosdelzorrorojo.com\/ca\/cataleg\/migrants\/#primaryimage","url":"https:\/\/librosdelzorrorojo.com\/wp-content\/uploads\/2019\/09\/Cover-Migrantes-CATALAN.jpg","contentUrl":"https:\/\/librosdelzorrorojo.com\/wp-content\/uploads\/2019\/09\/Cover-Migrantes-CATALAN.jpg","width":2491,"height":2545,"caption":"Cover Migrantes CATALAN"},{"@type":"BreadcrumbList","@id":"https:\/\/librosdelzorrorojo.com\/ca\/cataleg\/migrants\/#breadcrumb","itemListElement":[{"@type":"ListItem","position":1,"name":"Portada","item":"https:\/\/librosdelzorrorojo.com\/ca\/"},{"@type":"ListItem","position":2,"name":"Cat\u00e0leg","item":"https:\/\/librosdelzorrorojo.com\/ca\/cataleg\/"},{"@type":"ListItem","position":3,"name":"Migrants"}]},{"@type":"WebSite","@id":"https:\/\/librosdelzorrorojo.com\/#website","url":"https:\/\/librosdelzorrorojo.com\/","name":"Libros del Zorro Rojo","description":"Libros ilustrados","potentialAction":[{"@type":"SearchAction","target":{"@type":"EntryPoint","urlTemplate":"https:\/\/librosdelzorrorojo.com\/?s={search_term_string}"},"query-input":{"@type":"PropertyValueSpecification","valueRequired":true,"valueName":"search_term_string"}}],"inLanguage":"ca"}]}},"_links":{"self":[{"href":"https:\/\/librosdelzorrorojo.com\/ca\/wp-json\/wp\/v2\/product\/15275","targetHints":{"allow":["GET"]}}],"collection":[{"href":"https:\/\/librosdelzorrorojo.com\/ca\/wp-json\/wp\/v2\/product"}],"about":[{"href":"https:\/\/librosdelzorrorojo.com\/ca\/wp-json\/wp\/v2\/types\/product"}],"wp:featuredmedia":[{"embeddable":true,"href":"https:\/\/librosdelzorrorojo.com\/ca\/wp-json\/wp\/v2\/media\/15282"}],"wp:attachment":[{"href":"https:\/\/librosdelzorrorojo.com\/ca\/wp-json\/wp\/v2\/media?parent=15275"}],"wp:term":[{"taxonomy":"product_brand","embeddable":true,"href":"https:\/\/librosdelzorrorojo.com\/ca\/wp-json\/wp\/v2\/product_brand?post=15275"},{"taxonomy":"product_cat","embeddable":true,"href":"https:\/\/librosdelzorrorojo.com\/ca\/wp-json\/wp\/v2\/product_cat?post=15275"},{"taxonomy":"product_tag","embeddable":true,"href":"https:\/\/librosdelzorrorojo.com\/ca\/wp-json\/wp\/v2\/product_tag?post=15275"}],"curies":[{"name":"wp","href":"https:\/\/api.w.org\/{rel}","templated":true}]}}