{"id":15274,"date":"2020-10-28T13:05:14","date_gmt":"2020-10-28T12:05:14","guid":{"rendered":"https:\/\/librosdelzorrorojo.com\/?post_type=product&#038;p=15274"},"modified":"2025-02-20T14:42:33","modified_gmt":"2025-02-20T13:42:33","slug":"migrantes","status":"publish","type":"product","link":"https:\/\/librosdelzorrorojo.com\/ca\/cataleg\/migrantes\/","title":{"rendered":"Migrantes"},"content":{"rendered":"<p>La Organizaci\u00f3n Internacional de la Migraci\u00f3n (OIM) estima que en el mundo hay 258 millones de inmigrantes, dato que representa casi un 4 % del total de la humanidad.El n\u00famero de personas que huye de la guerra, la persecuci\u00f3n y los conflictos super\u00f3 los 70 millones en 2018, seg\u00fan el \u00faltimo informe de la Agencia de la ONU para los Refugiados.<\/p>\n<p>Este libro \u00e1lbum sin palabras narra con im\u00e1genes de extraordinaria fuerza el viaje de un grupo de animales que deja atr\u00e1s un bosque nocturno que carece de hojas. Es la historia de una gran y \u00fanica migraci\u00f3n, un periplo de incertidumbre donde conviven la muerte y la esperanza.<\/p>\n<p>Las ilustraciones de Issa Watanabe narran una situaci\u00f3n real, sin eufemismos, que conmueve al lector con un relato construido desde lo cotidiano \u2014escenas de la rutina en campos de refugiados u otras im\u00e1genes sobre migraciones que se difunden habitualmente en los medios de comunicaci\u00f3n\u2014 para provocar la reflexi\u00f3n y, \u00bfpor qu\u00e9 no?, promover la empat\u00eda y la solidaridad.<\/p>\n<p>Este \u00e1lbum ofrece en la contraportada las \u00fanicas palabras que no se deben obviar cuando se trata de debatir sobre la migraci\u00f3n forzosa de personas: hambre, tragedia, cierre de fronteras, crisis humanitaria, derechos humanos&#8230;<\/p>\n<p><img decoding=\"async\" src=\"https:\/\/librosdelzorrorojo.com\/wp-content\/uploads\/2024\/10\/ICEC.jpg\" alt=\"\" width=\"380\" height=\"85\" class=\"alignnone size-full wp-image-29095\" \/><\/p>\n<p><img decoding=\"async\" src=\"https:\/\/librosdelzorrorojo.com\/wp-content\/uploads\/2020\/10\/mcu.png\" alt=\"\" width=\"196\" height=\"96\" class=\"alignnone wp-image-21842\" \/><\/p>\n<p>Este libro forma parte del proyecto <span style=\"color: #ff0000;\"><a href=\"https:\/\/www.rutasdelectura.com\/descarga_pdf\/Ruta3EV.pdf#page=4\" style=\"color: #ff0000;\"><strong>RUTAS DE LECTURA<\/strong> &#8211; Ellas Viajan\u00a0<\/a><\/span><\/p>\n<p>&nbsp;<\/p>\n","protected":false},"excerpt":{"rendered":"Este libro \u00e1lbum sin palabras narra con im\u00e1genes de extraordinaria fuerza el viaje de un grupo de animales que deja atr\u00e1s un bosque nocturno que carece de hojas. Es la historia de una gran y \u00fanica migraci\u00f3n, un periplo de incertidumbre donde conviven la muerte y la esperanza.","protected":false},"featured_media":15277,"template":"","meta":{"_acf_changed":false},"product_brand":[],"product_cat":[6607,844,843],"product_tag":[],"class_list":{"0":"post-15274","1":"product","2":"type-product","3":"status-publish","4":"has-post-thumbnail","6":"product_cat-llibres-solidaris","7":"product_cat-castella","8":"product_cat-infantiles-ca","9":"vinculo-migrantes","11":"first","12":"instock","13":"taxable","14":"shipping-taxable","15":"purchasable","16":"product-type-simple"},"acf":[],"yoast_head":"<!-- This site is optimized with the Yoast SEO plugin v25.1 - https:\/\/yoast.com\/wordpress\/plugins\/seo\/ -->\n<title>Migrantes - Libros del Zorro Rojo<\/title>\n<meta name=\"description\" content=\"Este libro \u00e1lbum sin palabras narra con im\u00e1genes de extraordinaria fuerza el viaje de un grupo de animales que deja atr\u00e1s un bosque nocturno que carece de\" \/>\n<meta name=\"robots\" content=\"index, follow, max-snippet:-1, max-image-preview:large, max-video-preview:-1\" \/>\n<link rel=\"canonical\" href=\"https:\/\/librosdelzorrorojo.com\/ca\/cataleg\/migrantes\/\" \/>\n<meta property=\"og:locale\" content=\"ca_ES\" \/>\n<meta property=\"og:type\" content=\"article\" \/>\n<meta property=\"og:title\" content=\"Migrantes - Libros del Zorro Rojo\" \/>\n<meta property=\"og:description\" content=\"Este libro \u00e1lbum sin palabras narra con im\u00e1genes de extraordinaria fuerza el viaje de un grupo de animales que deja atr\u00e1s un bosque nocturno que carece de\" \/>\n<meta property=\"og:url\" content=\"https:\/\/librosdelzorrorojo.com\/ca\/cataleg\/migrantes\/\" \/>\n<meta property=\"og:site_name\" content=\"Libros del Zorro Rojo\" \/>\n<meta property=\"article:modified_time\" content=\"2025-02-20T13:42:33+00:00\" \/>\n<meta property=\"og:image\" content=\"https:\/\/librosdelzorrorojo.com\/wp-content\/uploads\/2019\/09\/Cover-Migrantes-CASTELLANO.jpg\" \/>\n\t<meta property=\"og:image:width\" content=\"2518\" \/>\n\t<meta property=\"og:image:height\" content=\"2540\" \/>\n\t<meta property=\"og:image:type\" content=\"image\/jpeg\" \/>\n<meta name=\"twitter:card\" content=\"summary_large_image\" \/>\n<meta name=\"twitter:label1\" content=\"Temps estimat de lectura\" \/>\n\t<meta name=\"twitter:data1\" content=\"1 minut\" \/>\n<script type=\"application\/ld+json\" class=\"yoast-schema-graph\">{\"@context\":\"https:\/\/schema.org\",\"@graph\":[{\"@type\":\"WebPage\",\"@id\":\"https:\/\/librosdelzorrorojo.com\/ca\/cataleg\/migrantes\/\",\"url\":\"https:\/\/librosdelzorrorojo.com\/ca\/cataleg\/migrantes\/\",\"name\":\"Migrantes - Libros del Zorro Rojo\",\"isPartOf\":{\"@id\":\"https:\/\/librosdelzorrorojo.com\/#website\"},\"primaryImageOfPage\":{\"@id\":\"https:\/\/librosdelzorrorojo.com\/ca\/cataleg\/migrantes\/#primaryimage\"},\"image\":{\"@id\":\"https:\/\/librosdelzorrorojo.com\/ca\/cataleg\/migrantes\/#primaryimage\"},\"thumbnailUrl\":\"https:\/\/librosdelzorrorojo.com\/wp-content\/uploads\/2019\/09\/Cover-Migrantes-CASTELLANO.jpg\",\"datePublished\":\"2020-10-28T12:05:14+00:00\",\"dateModified\":\"2025-02-20T13:42:33+00:00\",\"description\":\"Este libro \u00e1lbum sin palabras narra con im\u00e1genes de extraordinaria fuerza el viaje de un grupo de animales que deja atr\u00e1s un bosque nocturno que carece de\",\"breadcrumb\":{\"@id\":\"https:\/\/librosdelzorrorojo.com\/ca\/cataleg\/migrantes\/#breadcrumb\"},\"inLanguage\":\"ca\",\"potentialAction\":[{\"@type\":\"ReadAction\",\"target\":[\"https:\/\/librosdelzorrorojo.com\/ca\/cataleg\/migrantes\/\"]}]},{\"@type\":\"ImageObject\",\"inLanguage\":\"ca\",\"@id\":\"https:\/\/librosdelzorrorojo.com\/ca\/cataleg\/migrantes\/#primaryimage\",\"url\":\"https:\/\/librosdelzorrorojo.com\/wp-content\/uploads\/2019\/09\/Cover-Migrantes-CASTELLANO.jpg\",\"contentUrl\":\"https:\/\/librosdelzorrorojo.com\/wp-content\/uploads\/2019\/09\/Cover-Migrantes-CASTELLANO.jpg\",\"width\":2518,\"height\":2540,\"caption\":\"Cover Migrantes CASTELLANO\"},{\"@type\":\"BreadcrumbList\",\"@id\":\"https:\/\/librosdelzorrorojo.com\/ca\/cataleg\/migrantes\/#breadcrumb\",\"itemListElement\":[{\"@type\":\"ListItem\",\"position\":1,\"name\":\"Portada\",\"item\":\"https:\/\/librosdelzorrorojo.com\/ca\/\"},{\"@type\":\"ListItem\",\"position\":2,\"name\":\"Cat\u00e0leg\",\"item\":\"https:\/\/librosdelzorrorojo.com\/ca\/cataleg\/\"},{\"@type\":\"ListItem\",\"position\":3,\"name\":\"Migrantes\"}]},{\"@type\":\"WebSite\",\"@id\":\"https:\/\/librosdelzorrorojo.com\/#website\",\"url\":\"https:\/\/librosdelzorrorojo.com\/\",\"name\":\"Libros del Zorro Rojo\",\"description\":\"Libros ilustrados\",\"potentialAction\":[{\"@type\":\"SearchAction\",\"target\":{\"@type\":\"EntryPoint\",\"urlTemplate\":\"https:\/\/librosdelzorrorojo.com\/?s={search_term_string}\"},\"query-input\":{\"@type\":\"PropertyValueSpecification\",\"valueRequired\":true,\"valueName\":\"search_term_string\"}}],\"inLanguage\":\"ca\"}]}<\/script>\n<!-- \/ Yoast SEO plugin. -->","yoast_head_json":{"title":"Migrantes - Libros del Zorro Rojo","description":"Este libro \u00e1lbum sin palabras narra con im\u00e1genes de extraordinaria fuerza el viaje de un grupo de animales que deja atr\u00e1s un bosque nocturno que carece de","robots":{"index":"index","follow":"follow","max-snippet":"max-snippet:-1","max-image-preview":"max-image-preview:large","max-video-preview":"max-video-preview:-1"},"canonical":"https:\/\/librosdelzorrorojo.com\/ca\/cataleg\/migrantes\/","og_locale":"ca_ES","og_type":"article","og_title":"Migrantes - Libros del Zorro Rojo","og_description":"Este libro \u00e1lbum sin palabras narra con im\u00e1genes de extraordinaria fuerza el viaje de un grupo de animales que deja atr\u00e1s un bosque nocturno que carece de","og_url":"https:\/\/librosdelzorrorojo.com\/ca\/cataleg\/migrantes\/","og_site_name":"Libros del Zorro Rojo","article_modified_time":"2025-02-20T13:42:33+00:00","og_image":[{"width":2518,"height":2540,"url":"https:\/\/librosdelzorrorojo.com\/wp-content\/uploads\/2019\/09\/Cover-Migrantes-CASTELLANO.jpg","type":"image\/jpeg"}],"twitter_card":"summary_large_image","twitter_misc":{"Temps estimat de lectura":"1 minut"},"schema":{"@context":"https:\/\/schema.org","@graph":[{"@type":"WebPage","@id":"https:\/\/librosdelzorrorojo.com\/ca\/cataleg\/migrantes\/","url":"https:\/\/librosdelzorrorojo.com\/ca\/cataleg\/migrantes\/","name":"Migrantes - Libros del Zorro Rojo","isPartOf":{"@id":"https:\/\/librosdelzorrorojo.com\/#website"},"primaryImageOfPage":{"@id":"https:\/\/librosdelzorrorojo.com\/ca\/cataleg\/migrantes\/#primaryimage"},"image":{"@id":"https:\/\/librosdelzorrorojo.com\/ca\/cataleg\/migrantes\/#primaryimage"},"thumbnailUrl":"https:\/\/librosdelzorrorojo.com\/wp-content\/uploads\/2019\/09\/Cover-Migrantes-CASTELLANO.jpg","datePublished":"2020-10-28T12:05:14+00:00","dateModified":"2025-02-20T13:42:33+00:00","description":"Este libro \u00e1lbum sin palabras narra con im\u00e1genes de extraordinaria fuerza el viaje de un grupo de animales que deja atr\u00e1s un bosque nocturno que carece de","breadcrumb":{"@id":"https:\/\/librosdelzorrorojo.com\/ca\/cataleg\/migrantes\/#breadcrumb"},"inLanguage":"ca","potentialAction":[{"@type":"ReadAction","target":["https:\/\/librosdelzorrorojo.com\/ca\/cataleg\/migrantes\/"]}]},{"@type":"ImageObject","inLanguage":"ca","@id":"https:\/\/librosdelzorrorojo.com\/ca\/cataleg\/migrantes\/#primaryimage","url":"https:\/\/librosdelzorrorojo.com\/wp-content\/uploads\/2019\/09\/Cover-Migrantes-CASTELLANO.jpg","contentUrl":"https:\/\/librosdelzorrorojo.com\/wp-content\/uploads\/2019\/09\/Cover-Migrantes-CASTELLANO.jpg","width":2518,"height":2540,"caption":"Cover Migrantes CASTELLANO"},{"@type":"BreadcrumbList","@id":"https:\/\/librosdelzorrorojo.com\/ca\/cataleg\/migrantes\/#breadcrumb","itemListElement":[{"@type":"ListItem","position":1,"name":"Portada","item":"https:\/\/librosdelzorrorojo.com\/ca\/"},{"@type":"ListItem","position":2,"name":"Cat\u00e0leg","item":"https:\/\/librosdelzorrorojo.com\/ca\/cataleg\/"},{"@type":"ListItem","position":3,"name":"Migrantes"}]},{"@type":"WebSite","@id":"https:\/\/librosdelzorrorojo.com\/#website","url":"https:\/\/librosdelzorrorojo.com\/","name":"Libros del Zorro Rojo","description":"Libros ilustrados","potentialAction":[{"@type":"SearchAction","target":{"@type":"EntryPoint","urlTemplate":"https:\/\/librosdelzorrorojo.com\/?s={search_term_string}"},"query-input":{"@type":"PropertyValueSpecification","valueRequired":true,"valueName":"search_term_string"}}],"inLanguage":"ca"}]}},"_links":{"self":[{"href":"https:\/\/librosdelzorrorojo.com\/ca\/wp-json\/wp\/v2\/product\/15274","targetHints":{"allow":["GET"]}}],"collection":[{"href":"https:\/\/librosdelzorrorojo.com\/ca\/wp-json\/wp\/v2\/product"}],"about":[{"href":"https:\/\/librosdelzorrorojo.com\/ca\/wp-json\/wp\/v2\/types\/product"}],"wp:featuredmedia":[{"embeddable":true,"href":"https:\/\/librosdelzorrorojo.com\/ca\/wp-json\/wp\/v2\/media\/15277"}],"wp:attachment":[{"href":"https:\/\/librosdelzorrorojo.com\/ca\/wp-json\/wp\/v2\/media?parent=15274"}],"wp:term":[{"taxonomy":"product_brand","embeddable":true,"href":"https:\/\/librosdelzorrorojo.com\/ca\/wp-json\/wp\/v2\/product_brand?post=15274"},{"taxonomy":"product_cat","embeddable":true,"href":"https:\/\/librosdelzorrorojo.com\/ca\/wp-json\/wp\/v2\/product_cat?post=15274"},{"taxonomy":"product_tag","embeddable":true,"href":"https:\/\/librosdelzorrorojo.com\/ca\/wp-json\/wp\/v2\/product_tag?post=15274"}],"curies":[{"name":"wp","href":"https:\/\/api.w.org\/{rel}","templated":true}]}}