{"id":15049,"date":"2019-05-26T11:29:21","date_gmt":"2019-05-26T09:29:21","guid":{"rendered":"https:\/\/librosdelzorrorojo.com\/?post_type=product&#038;p=15049"},"modified":"2024-03-01T09:21:24","modified_gmt":"2024-03-01T08:21:24","slug":"senyor-gat","status":"publish","type":"product","link":"https:\/\/librosdelzorrorojo.com\/ca\/cataleg\/senyor-gat\/","title":{"rendered":"Senyor Gat"},"content":{"rendered":"<p>Un dia, el Senyor Gat \u00e9s expulsat de casa seva. El seu amo, fart de les seves malifetes, l\u2019havia llen\u00e7at per la finestra. Casualment aterra sobre unes botes vermelles i, amb elles i una gorra que troba a les escombraries, comen\u00e7a a vagar sol per la ciutat. De seguida es troba un conill, c\u00e0ndid i neci, a qui conven\u00e7 amb la seva xerrameca perqu\u00e8 sigui el seu<br \/>\ncompany d\u2019aventures. Els dos amics estan famolencs i, per aconseguir menjar, hauran de dissenyar un bon pla que inclou l\u2019engany i l\u2019ast\u00facia, a m\u00e9s de comptar amb l\u2019ajuda d\u2019Elodie que, sense proposar-s\u2019ho, aconsegueix donar-li la volta a la hist\u00f2ria.<\/p>\n<p>Un \u00e0lbum magistral de l\u2019insigne creador Blexbolex que fa l\u2019ullet a alguns protagonistes dels contes cl\u00e0ssics, com <em>El gat amb botes<\/em>, i als personatges de la picaresca. Es pot treure partit de tot el que ens passa; aix\u00f2 \u00e9s el que sembla plantejar l\u2019autor des d\u2019una hist\u00f2ria plena d\u2019humor i ironia, sense pretensions alli\u00e7onadores, tret la de fer passar un moment inoblidable als lectors. Un relat intel\u00b7ligent i unes il\u00b7lustracions retro, que ens fan recordar els primers \u00e0lbums de Pere Castor.<\/p>\n","protected":false},"excerpt":{"rendered":"Un dia, el Senyor Gat \u00e9s expulsat de casa seva. El seu amo, fart de les seves malifetes, l\u2019havia llen\u00e7at per la finestra. Casualment aterra sobre unes botes vermelles i, amb elles i una gorra que troba a les escombraries, comen\u00e7a a vagar sol per la ciutat","protected":false},"featured_media":15155,"template":"","meta":{"_acf_changed":false},"product_brand":[],"product_cat":[840,843],"product_tag":[],"class_list":{"0":"post-15049","1":"product","2":"type-product","3":"status-publish","4":"has-post-thumbnail","6":"product_cat-catala","7":"product_cat-infantiles-ca","8":"vinculo-senor-gato","10":"first","11":"instock","12":"taxable","13":"shipping-taxable","14":"purchasable","15":"product-type-simple"},"acf":[],"yoast_head":"<!-- This site is optimized with the Yoast SEO plugin v25.1 - https:\/\/yoast.com\/wordpress\/plugins\/seo\/ -->\n<title>Senyor Gat - Libros del Zorro Rojo<\/title>\n<meta name=\"description\" content=\"Un dia, el Senyor Gat \u00e9s expulsat de casa seva. El seu amo, fart de les seves malifetes, l\u2019havia llen\u00e7at per la finestra. Casualment aterra sobre unes botes\" \/>\n<meta name=\"robots\" content=\"index, follow, max-snippet:-1, max-image-preview:large, max-video-preview:-1\" \/>\n<link rel=\"canonical\" href=\"https:\/\/librosdelzorrorojo.com\/ca\/cataleg\/senyor-gat\/\" \/>\n<meta property=\"og:locale\" content=\"ca_ES\" \/>\n<meta property=\"og:type\" content=\"article\" \/>\n<meta property=\"og:title\" content=\"Senyor Gat - Libros del Zorro Rojo\" \/>\n<meta property=\"og:description\" content=\"Un dia, el Senyor Gat \u00e9s expulsat de casa seva. El seu amo, fart de les seves malifetes, l\u2019havia llen\u00e7at per la finestra. Casualment aterra sobre unes botes\" \/>\n<meta property=\"og:url\" content=\"https:\/\/librosdelzorrorojo.com\/ca\/cataleg\/senyor-gat\/\" \/>\n<meta property=\"og:site_name\" content=\"Libros del Zorro Rojo\" \/>\n<meta property=\"article:modified_time\" content=\"2024-03-01T08:21:24+00:00\" \/>\n<meta property=\"og:image\" content=\"https:\/\/librosdelzorrorojo.com\/wp-content\/uploads\/2019\/08\/Cover_Sen\u0303orGato-CAT-WEB.jpg\" \/>\n\t<meta property=\"og:image:width\" content=\"850\" \/>\n\t<meta property=\"og:image:height\" content=\"1152\" \/>\n\t<meta property=\"og:image:type\" content=\"image\/jpeg\" \/>\n<meta name=\"twitter:card\" content=\"summary_large_image\" \/>\n<meta name=\"twitter:label1\" content=\"Temps estimat de lectura\" \/>\n\t<meta name=\"twitter:data1\" content=\"1 minut\" \/>\n<script type=\"application\/ld+json\" class=\"yoast-schema-graph\">{\"@context\":\"https:\/\/schema.org\",\"@graph\":[{\"@type\":\"WebPage\",\"@id\":\"https:\/\/librosdelzorrorojo.com\/ca\/cataleg\/senyor-gat\/\",\"url\":\"https:\/\/librosdelzorrorojo.com\/ca\/cataleg\/senyor-gat\/\",\"name\":\"Senyor Gat - Libros del Zorro Rojo\",\"isPartOf\":{\"@id\":\"https:\/\/librosdelzorrorojo.com\/#website\"},\"primaryImageOfPage\":{\"@id\":\"https:\/\/librosdelzorrorojo.com\/ca\/cataleg\/senyor-gat\/#primaryimage\"},\"image\":{\"@id\":\"https:\/\/librosdelzorrorojo.com\/ca\/cataleg\/senyor-gat\/#primaryimage\"},\"thumbnailUrl\":\"https:\/\/librosdelzorrorojo.com\/wp-content\/uploads\/2019\/08\/Cover_Sen\u0303orGato-CAT-WEB.jpg\",\"datePublished\":\"2019-05-26T09:29:21+00:00\",\"dateModified\":\"2024-03-01T08:21:24+00:00\",\"description\":\"Un dia, el Senyor Gat \u00e9s expulsat de casa seva. El seu amo, fart de les seves malifetes, l\u2019havia llen\u00e7at per la finestra. Casualment aterra sobre unes botes\",\"breadcrumb\":{\"@id\":\"https:\/\/librosdelzorrorojo.com\/ca\/cataleg\/senyor-gat\/#breadcrumb\"},\"inLanguage\":\"ca\",\"potentialAction\":[{\"@type\":\"ReadAction\",\"target\":[\"https:\/\/librosdelzorrorojo.com\/ca\/cataleg\/senyor-gat\/\"]}]},{\"@type\":\"ImageObject\",\"inLanguage\":\"ca\",\"@id\":\"https:\/\/librosdelzorrorojo.com\/ca\/cataleg\/senyor-gat\/#primaryimage\",\"url\":\"https:\/\/librosdelzorrorojo.com\/wp-content\/uploads\/2019\/08\/Cover_Sen\u0303orGato-CAT-WEB.jpg\",\"contentUrl\":\"https:\/\/librosdelzorrorojo.com\/wp-content\/uploads\/2019\/08\/Cover_Sen\u0303orGato-CAT-WEB.jpg\",\"width\":850,\"height\":1152,\"caption\":\"Cover Sen\u0303orGato CAT WEB\"},{\"@type\":\"BreadcrumbList\",\"@id\":\"https:\/\/librosdelzorrorojo.com\/ca\/cataleg\/senyor-gat\/#breadcrumb\",\"itemListElement\":[{\"@type\":\"ListItem\",\"position\":1,\"name\":\"Portada\",\"item\":\"https:\/\/librosdelzorrorojo.com\/ca\/\"},{\"@type\":\"ListItem\",\"position\":2,\"name\":\"Cat\u00e0leg\",\"item\":\"https:\/\/librosdelzorrorojo.com\/ca\/cataleg\/\"},{\"@type\":\"ListItem\",\"position\":3,\"name\":\"Senyor Gat\"}]},{\"@type\":\"WebSite\",\"@id\":\"https:\/\/librosdelzorrorojo.com\/#website\",\"url\":\"https:\/\/librosdelzorrorojo.com\/\",\"name\":\"Libros del Zorro Rojo\",\"description\":\"Libros ilustrados\",\"potentialAction\":[{\"@type\":\"SearchAction\",\"target\":{\"@type\":\"EntryPoint\",\"urlTemplate\":\"https:\/\/librosdelzorrorojo.com\/?s={search_term_string}\"},\"query-input\":{\"@type\":\"PropertyValueSpecification\",\"valueRequired\":true,\"valueName\":\"search_term_string\"}}],\"inLanguage\":\"ca\"}]}<\/script>\n<!-- \/ Yoast SEO plugin. -->","yoast_head_json":{"title":"Senyor Gat - Libros del Zorro Rojo","description":"Un dia, el Senyor Gat \u00e9s expulsat de casa seva. El seu amo, fart de les seves malifetes, l\u2019havia llen\u00e7at per la finestra. Casualment aterra sobre unes botes","robots":{"index":"index","follow":"follow","max-snippet":"max-snippet:-1","max-image-preview":"max-image-preview:large","max-video-preview":"max-video-preview:-1"},"canonical":"https:\/\/librosdelzorrorojo.com\/ca\/cataleg\/senyor-gat\/","og_locale":"ca_ES","og_type":"article","og_title":"Senyor Gat - Libros del Zorro Rojo","og_description":"Un dia, el Senyor Gat \u00e9s expulsat de casa seva. El seu amo, fart de les seves malifetes, l\u2019havia llen\u00e7at per la finestra. Casualment aterra sobre unes botes","og_url":"https:\/\/librosdelzorrorojo.com\/ca\/cataleg\/senyor-gat\/","og_site_name":"Libros del Zorro Rojo","article_modified_time":"2024-03-01T08:21:24+00:00","og_image":[{"width":850,"height":1152,"url":"https:\/\/librosdelzorrorojo.com\/wp-content\/uploads\/2019\/08\/Cover_Sen\u0303orGato-CAT-WEB.jpg","type":"image\/jpeg"}],"twitter_card":"summary_large_image","twitter_misc":{"Temps estimat de lectura":"1 minut"},"schema":{"@context":"https:\/\/schema.org","@graph":[{"@type":"WebPage","@id":"https:\/\/librosdelzorrorojo.com\/ca\/cataleg\/senyor-gat\/","url":"https:\/\/librosdelzorrorojo.com\/ca\/cataleg\/senyor-gat\/","name":"Senyor Gat - Libros del Zorro Rojo","isPartOf":{"@id":"https:\/\/librosdelzorrorojo.com\/#website"},"primaryImageOfPage":{"@id":"https:\/\/librosdelzorrorojo.com\/ca\/cataleg\/senyor-gat\/#primaryimage"},"image":{"@id":"https:\/\/librosdelzorrorojo.com\/ca\/cataleg\/senyor-gat\/#primaryimage"},"thumbnailUrl":"https:\/\/librosdelzorrorojo.com\/wp-content\/uploads\/2019\/08\/Cover_Sen\u0303orGato-CAT-WEB.jpg","datePublished":"2019-05-26T09:29:21+00:00","dateModified":"2024-03-01T08:21:24+00:00","description":"Un dia, el Senyor Gat \u00e9s expulsat de casa seva. El seu amo, fart de les seves malifetes, l\u2019havia llen\u00e7at per la finestra. Casualment aterra sobre unes botes","breadcrumb":{"@id":"https:\/\/librosdelzorrorojo.com\/ca\/cataleg\/senyor-gat\/#breadcrumb"},"inLanguage":"ca","potentialAction":[{"@type":"ReadAction","target":["https:\/\/librosdelzorrorojo.com\/ca\/cataleg\/senyor-gat\/"]}]},{"@type":"ImageObject","inLanguage":"ca","@id":"https:\/\/librosdelzorrorojo.com\/ca\/cataleg\/senyor-gat\/#primaryimage","url":"https:\/\/librosdelzorrorojo.com\/wp-content\/uploads\/2019\/08\/Cover_Sen\u0303orGato-CAT-WEB.jpg","contentUrl":"https:\/\/librosdelzorrorojo.com\/wp-content\/uploads\/2019\/08\/Cover_Sen\u0303orGato-CAT-WEB.jpg","width":850,"height":1152,"caption":"Cover Sen\u0303orGato CAT WEB"},{"@type":"BreadcrumbList","@id":"https:\/\/librosdelzorrorojo.com\/ca\/cataleg\/senyor-gat\/#breadcrumb","itemListElement":[{"@type":"ListItem","position":1,"name":"Portada","item":"https:\/\/librosdelzorrorojo.com\/ca\/"},{"@type":"ListItem","position":2,"name":"Cat\u00e0leg","item":"https:\/\/librosdelzorrorojo.com\/ca\/cataleg\/"},{"@type":"ListItem","position":3,"name":"Senyor Gat"}]},{"@type":"WebSite","@id":"https:\/\/librosdelzorrorojo.com\/#website","url":"https:\/\/librosdelzorrorojo.com\/","name":"Libros del Zorro Rojo","description":"Libros ilustrados","potentialAction":[{"@type":"SearchAction","target":{"@type":"EntryPoint","urlTemplate":"https:\/\/librosdelzorrorojo.com\/?s={search_term_string}"},"query-input":{"@type":"PropertyValueSpecification","valueRequired":true,"valueName":"search_term_string"}}],"inLanguage":"ca"}]}},"_links":{"self":[{"href":"https:\/\/librosdelzorrorojo.com\/ca\/wp-json\/wp\/v2\/product\/15049","targetHints":{"allow":["GET"]}}],"collection":[{"href":"https:\/\/librosdelzorrorojo.com\/ca\/wp-json\/wp\/v2\/product"}],"about":[{"href":"https:\/\/librosdelzorrorojo.com\/ca\/wp-json\/wp\/v2\/types\/product"}],"wp:featuredmedia":[{"embeddable":true,"href":"https:\/\/librosdelzorrorojo.com\/ca\/wp-json\/wp\/v2\/media\/15155"}],"wp:attachment":[{"href":"https:\/\/librosdelzorrorojo.com\/ca\/wp-json\/wp\/v2\/media?parent=15049"}],"wp:term":[{"taxonomy":"product_brand","embeddable":true,"href":"https:\/\/librosdelzorrorojo.com\/ca\/wp-json\/wp\/v2\/product_brand?post=15049"},{"taxonomy":"product_cat","embeddable":true,"href":"https:\/\/librosdelzorrorojo.com\/ca\/wp-json\/wp\/v2\/product_cat?post=15049"},{"taxonomy":"product_tag","embeddable":true,"href":"https:\/\/librosdelzorrorojo.com\/ca\/wp-json\/wp\/v2\/product_tag?post=15049"}],"curies":[{"name":"wp","href":"https:\/\/api.w.org\/{rel}","templated":true}]}}