{"id":15044,"date":"2019-09-09T12:14:03","date_gmt":"2019-09-09T10:14:03","guid":{"rendered":"https:\/\/librosdelzorrorojo.com\/?post_type=product&#038;p=15044"},"modified":"2024-02-29T11:40:25","modified_gmt":"2024-02-29T10:40:25","slug":"la-casa-en-el-bosque","status":"publish","type":"product","link":"https:\/\/librosdelzorrorojo.com\/ca\/cataleg\/la-casa-en-el-bosque\/","title":{"rendered":"La casa en el bosque"},"content":{"rendered":"<p>En este \u00e1lbum \u00fanico, en formato acorde\u00f3n de \u00a14 metros de largo!, el protagonista invita al lector a recorrer de su mano el camino que conduce a su hogar, una casa en el bosque. Por una de las caras del libro gigante, da comienzo el viaje: atravesamos el pueblo, cruzamos el puente, paseamos por la orilla del r\u00edo\u2026<\/p>\n<p>Este entusiasta anfitri\u00f3n nos explica, paso a paso, c\u00f3mo llegar a su casa. Una vez all\u00ed, en la otra cara del libro, dejamos los zapatos en la entrada y accedemos a las diferentes habitaciones, en las que hay infinidad de detalles por descubrir.<\/p>\n<p>El exterior y el interior de la casa se despliegan en este \u00e1lbum de gran formato con espl\u00e9ndidas ilustraciones, que conecta a los primeros lectores con un relato sencillo, que invita a pasear, a observar y a leer jugando.<\/p>\n","protected":false},"excerpt":{"rendered":"El exterior y el interior de la casa se despliegan en este \u00e1lbum de gran formato con espl\u00e9ndidas ilustraciones, que conecta a los primeros lectores con un relato sencillo, que invita a pasear, a observar y a leer jugando.","protected":false},"featured_media":18592,"template":"","meta":{"_acf_changed":false},"product_brand":[],"product_cat":[844,843,845],"product_tag":[],"class_list":{"0":"post-15044","1":"product","2":"type-product","3":"status-publish","4":"has-post-thumbnail","6":"product_cat-castella","7":"product_cat-infantiles-ca","8":"product_cat-imperdible-ca","9":"vinculo-la-casa-en-el-bosque","11":"first","12":"instock","13":"taxable","14":"shipping-taxable","15":"purchasable","16":"product-type-simple"},"acf":[],"yoast_head":"<!-- This site is optimized with the Yoast SEO plugin v25.1 - https:\/\/yoast.com\/wordpress\/plugins\/seo\/ -->\n<title>La casa en el bosque - Libros del Zorro Rojo<\/title>\n<meta name=\"description\" content=\"El exterior y el interior de la casa se despliegan en este \u00e1lbum de gran formato con espl\u00e9ndidas ilustraciones, que conecta a los primeros lectores\" \/>\n<meta name=\"robots\" content=\"index, follow, max-snippet:-1, max-image-preview:large, max-video-preview:-1\" \/>\n<link rel=\"canonical\" href=\"https:\/\/librosdelzorrorojo.com\/ca\/cataleg\/la-casa-en-el-bosque\/\" \/>\n<meta property=\"og:locale\" content=\"ca_ES\" \/>\n<meta property=\"og:type\" content=\"article\" \/>\n<meta property=\"og:title\" content=\"La casa en el bosque - Libros del Zorro Rojo\" \/>\n<meta property=\"og:description\" content=\"El exterior y el interior de la casa se despliegan en este \u00e1lbum de gran formato con espl\u00e9ndidas ilustraciones, que conecta a los primeros lectores\" \/>\n<meta property=\"og:url\" content=\"https:\/\/librosdelzorrorojo.com\/ca\/cataleg\/la-casa-en-el-bosque\/\" \/>\n<meta property=\"og:site_name\" content=\"Libros del Zorro Rojo\" \/>\n<meta property=\"article:modified_time\" content=\"2024-02-29T10:40:25+00:00\" \/>\n<meta property=\"og:image\" content=\"https:\/\/librosdelzorrorojo.com\/wp-content\/uploads\/2019\/08\/Cover_LaCasaEnElBosque-CAST-LOW.jpg\" \/>\n\t<meta property=\"og:image:width\" content=\"2000\" \/>\n\t<meta property=\"og:image:height\" content=\"3029\" \/>\n\t<meta property=\"og:image:type\" content=\"image\/jpeg\" \/>\n<meta name=\"twitter:card\" content=\"summary_large_image\" \/>\n<meta name=\"twitter:label1\" content=\"Temps estimat de lectura\" \/>\n\t<meta name=\"twitter:data1\" content=\"1 minut\" \/>\n<script type=\"application\/ld+json\" class=\"yoast-schema-graph\">{\"@context\":\"https:\/\/schema.org\",\"@graph\":[{\"@type\":\"WebPage\",\"@id\":\"https:\/\/librosdelzorrorojo.com\/ca\/cataleg\/la-casa-en-el-bosque\/\",\"url\":\"https:\/\/librosdelzorrorojo.com\/ca\/cataleg\/la-casa-en-el-bosque\/\",\"name\":\"La casa en el bosque - Libros del Zorro Rojo\",\"isPartOf\":{\"@id\":\"https:\/\/librosdelzorrorojo.com\/#website\"},\"primaryImageOfPage\":{\"@id\":\"https:\/\/librosdelzorrorojo.com\/ca\/cataleg\/la-casa-en-el-bosque\/#primaryimage\"},\"image\":{\"@id\":\"https:\/\/librosdelzorrorojo.com\/ca\/cataleg\/la-casa-en-el-bosque\/#primaryimage\"},\"thumbnailUrl\":\"https:\/\/librosdelzorrorojo.com\/wp-content\/uploads\/2019\/08\/Cover_LaCasaEnElBosque-CAST-LOW.jpg\",\"datePublished\":\"2019-09-09T10:14:03+00:00\",\"dateModified\":\"2024-02-29T10:40:25+00:00\",\"description\":\"El exterior y el interior de la casa se despliegan en este \u00e1lbum de gran formato con espl\u00e9ndidas ilustraciones, que conecta a los primeros lectores\",\"breadcrumb\":{\"@id\":\"https:\/\/librosdelzorrorojo.com\/ca\/cataleg\/la-casa-en-el-bosque\/#breadcrumb\"},\"inLanguage\":\"ca\",\"potentialAction\":[{\"@type\":\"ReadAction\",\"target\":[\"https:\/\/librosdelzorrorojo.com\/ca\/cataleg\/la-casa-en-el-bosque\/\"]}]},{\"@type\":\"ImageObject\",\"inLanguage\":\"ca\",\"@id\":\"https:\/\/librosdelzorrorojo.com\/ca\/cataleg\/la-casa-en-el-bosque\/#primaryimage\",\"url\":\"https:\/\/librosdelzorrorojo.com\/wp-content\/uploads\/2019\/08\/Cover_LaCasaEnElBosque-CAST-LOW.jpg\",\"contentUrl\":\"https:\/\/librosdelzorrorojo.com\/wp-content\/uploads\/2019\/08\/Cover_LaCasaEnElBosque-CAST-LOW.jpg\",\"width\":2000,\"height\":3029,\"caption\":\"Cover LaCasaEnElBosque CAST LOW\"},{\"@type\":\"BreadcrumbList\",\"@id\":\"https:\/\/librosdelzorrorojo.com\/ca\/cataleg\/la-casa-en-el-bosque\/#breadcrumb\",\"itemListElement\":[{\"@type\":\"ListItem\",\"position\":1,\"name\":\"Portada\",\"item\":\"https:\/\/librosdelzorrorojo.com\/ca\/\"},{\"@type\":\"ListItem\",\"position\":2,\"name\":\"Cat\u00e0leg\",\"item\":\"https:\/\/librosdelzorrorojo.com\/ca\/cataleg\/\"},{\"@type\":\"ListItem\",\"position\":3,\"name\":\"La casa en el bosque\"}]},{\"@type\":\"WebSite\",\"@id\":\"https:\/\/librosdelzorrorojo.com\/#website\",\"url\":\"https:\/\/librosdelzorrorojo.com\/\",\"name\":\"Libros del Zorro Rojo\",\"description\":\"Libros ilustrados\",\"potentialAction\":[{\"@type\":\"SearchAction\",\"target\":{\"@type\":\"EntryPoint\",\"urlTemplate\":\"https:\/\/librosdelzorrorojo.com\/?s={search_term_string}\"},\"query-input\":{\"@type\":\"PropertyValueSpecification\",\"valueRequired\":true,\"valueName\":\"search_term_string\"}}],\"inLanguage\":\"ca\"}]}<\/script>\n<!-- \/ Yoast SEO plugin. -->","yoast_head_json":{"title":"La casa en el bosque - Libros del Zorro Rojo","description":"El exterior y el interior de la casa se despliegan en este \u00e1lbum de gran formato con espl\u00e9ndidas ilustraciones, que conecta a los primeros lectores","robots":{"index":"index","follow":"follow","max-snippet":"max-snippet:-1","max-image-preview":"max-image-preview:large","max-video-preview":"max-video-preview:-1"},"canonical":"https:\/\/librosdelzorrorojo.com\/ca\/cataleg\/la-casa-en-el-bosque\/","og_locale":"ca_ES","og_type":"article","og_title":"La casa en el bosque - Libros del Zorro Rojo","og_description":"El exterior y el interior de la casa se despliegan en este \u00e1lbum de gran formato con espl\u00e9ndidas ilustraciones, que conecta a los primeros lectores","og_url":"https:\/\/librosdelzorrorojo.com\/ca\/cataleg\/la-casa-en-el-bosque\/","og_site_name":"Libros del Zorro Rojo","article_modified_time":"2024-02-29T10:40:25+00:00","og_image":[{"width":2000,"height":3029,"url":"https:\/\/librosdelzorrorojo.com\/wp-content\/uploads\/2019\/08\/Cover_LaCasaEnElBosque-CAST-LOW.jpg","type":"image\/jpeg"}],"twitter_card":"summary_large_image","twitter_misc":{"Temps estimat de lectura":"1 minut"},"schema":{"@context":"https:\/\/schema.org","@graph":[{"@type":"WebPage","@id":"https:\/\/librosdelzorrorojo.com\/ca\/cataleg\/la-casa-en-el-bosque\/","url":"https:\/\/librosdelzorrorojo.com\/ca\/cataleg\/la-casa-en-el-bosque\/","name":"La casa en el bosque - Libros del Zorro Rojo","isPartOf":{"@id":"https:\/\/librosdelzorrorojo.com\/#website"},"primaryImageOfPage":{"@id":"https:\/\/librosdelzorrorojo.com\/ca\/cataleg\/la-casa-en-el-bosque\/#primaryimage"},"image":{"@id":"https:\/\/librosdelzorrorojo.com\/ca\/cataleg\/la-casa-en-el-bosque\/#primaryimage"},"thumbnailUrl":"https:\/\/librosdelzorrorojo.com\/wp-content\/uploads\/2019\/08\/Cover_LaCasaEnElBosque-CAST-LOW.jpg","datePublished":"2019-09-09T10:14:03+00:00","dateModified":"2024-02-29T10:40:25+00:00","description":"El exterior y el interior de la casa se despliegan en este \u00e1lbum de gran formato con espl\u00e9ndidas ilustraciones, que conecta a los primeros lectores","breadcrumb":{"@id":"https:\/\/librosdelzorrorojo.com\/ca\/cataleg\/la-casa-en-el-bosque\/#breadcrumb"},"inLanguage":"ca","potentialAction":[{"@type":"ReadAction","target":["https:\/\/librosdelzorrorojo.com\/ca\/cataleg\/la-casa-en-el-bosque\/"]}]},{"@type":"ImageObject","inLanguage":"ca","@id":"https:\/\/librosdelzorrorojo.com\/ca\/cataleg\/la-casa-en-el-bosque\/#primaryimage","url":"https:\/\/librosdelzorrorojo.com\/wp-content\/uploads\/2019\/08\/Cover_LaCasaEnElBosque-CAST-LOW.jpg","contentUrl":"https:\/\/librosdelzorrorojo.com\/wp-content\/uploads\/2019\/08\/Cover_LaCasaEnElBosque-CAST-LOW.jpg","width":2000,"height":3029,"caption":"Cover LaCasaEnElBosque CAST LOW"},{"@type":"BreadcrumbList","@id":"https:\/\/librosdelzorrorojo.com\/ca\/cataleg\/la-casa-en-el-bosque\/#breadcrumb","itemListElement":[{"@type":"ListItem","position":1,"name":"Portada","item":"https:\/\/librosdelzorrorojo.com\/ca\/"},{"@type":"ListItem","position":2,"name":"Cat\u00e0leg","item":"https:\/\/librosdelzorrorojo.com\/ca\/cataleg\/"},{"@type":"ListItem","position":3,"name":"La casa en el bosque"}]},{"@type":"WebSite","@id":"https:\/\/librosdelzorrorojo.com\/#website","url":"https:\/\/librosdelzorrorojo.com\/","name":"Libros del Zorro Rojo","description":"Libros ilustrados","potentialAction":[{"@type":"SearchAction","target":{"@type":"EntryPoint","urlTemplate":"https:\/\/librosdelzorrorojo.com\/?s={search_term_string}"},"query-input":{"@type":"PropertyValueSpecification","valueRequired":true,"valueName":"search_term_string"}}],"inLanguage":"ca"}]}},"_links":{"self":[{"href":"https:\/\/librosdelzorrorojo.com\/ca\/wp-json\/wp\/v2\/product\/15044","targetHints":{"allow":["GET"]}}],"collection":[{"href":"https:\/\/librosdelzorrorojo.com\/ca\/wp-json\/wp\/v2\/product"}],"about":[{"href":"https:\/\/librosdelzorrorojo.com\/ca\/wp-json\/wp\/v2\/types\/product"}],"wp:featuredmedia":[{"embeddable":true,"href":"https:\/\/librosdelzorrorojo.com\/ca\/wp-json\/wp\/v2\/media\/18592"}],"wp:attachment":[{"href":"https:\/\/librosdelzorrorojo.com\/ca\/wp-json\/wp\/v2\/media?parent=15044"}],"wp:term":[{"taxonomy":"product_brand","embeddable":true,"href":"https:\/\/librosdelzorrorojo.com\/ca\/wp-json\/wp\/v2\/product_brand?post=15044"},{"taxonomy":"product_cat","embeddable":true,"href":"https:\/\/librosdelzorrorojo.com\/ca\/wp-json\/wp\/v2\/product_cat?post=15044"},{"taxonomy":"product_tag","embeddable":true,"href":"https:\/\/librosdelzorrorojo.com\/ca\/wp-json\/wp\/v2\/product_tag?post=15044"}],"curies":[{"name":"wp","href":"https:\/\/api.w.org\/{rel}","templated":true}]}}