{"id":15042,"date":"2019-10-14T14:17:40","date_gmt":"2019-10-21T14:22:08","guid":{"rendered":"https:\/\/librosdelzorrorojo.com\/?post_type=product&#038;p=15042"},"modified":"2024-02-29T11:40:24","modified_gmt":"2024-02-29T10:40:24","slug":"edgar-allan-poe-cuentos-y-poemas","status":"publish","type":"product","link":"https:\/\/librosdelzorrorojo.com\/ca\/cataleg\/edgar-allan-poe-cuentos-y-poemas\/","title":{"rendered":"Edgar Allan Poe. Cuentos y poemas"},"content":{"rendered":"<p><strong>\u00abY cada uno muri\u00f3 en la desesperada actitud de su ca\u00edda\u00bb E. A. Poe<\/strong><\/p>\n<p>Esta obra re\u00fane los cuentos m\u00e1s notables del c\u00e9lebre maestro del relato breve. El horror irrumpe de la mano de lo sobrenatural en piezas como <em>El gato negro<\/em>,<em> El pozo y el p\u00e9ndulo <\/em>o<em> El entierro prematuro<\/em>. El g\u00e9nero policial se hace presente de la mano del cuento que lo inaugur\u00f3: <em>Los cr\u00edmenes de la rue Morgue<\/em>. Por su parte, <em>Hop-Frog<\/em> destila humor \u00e1cido desde su personaje central, un buf\u00f3n irreverente que tomar\u00e1 en sus propias manos una venganza muy particular contra el rey y sus ministros.<\/p>\n<p>Completa la edici\u00f3n una selecci\u00f3n de poemas en la que el romanticismo oscuro teje versos en torno a temas recurrentes que obsesionaron a Poe: la p\u00e9rdida prematura de la mujer amada, la realidad difumin\u00e1ndose en las tinieblas de lo pesadillesco, la vida de ultratumba o la muerte como elemento que percute sobre el intelecto de quien se sabe vivo y, por ende, expuesto a la finitud.<\/p>\n<p>Los<em> collages<\/em> de influencia dada\u00edsta de David Plunkert trabajan la simbolog\u00eda de m\u00e1scaras grotescas y burlonas, calaveras que adosan su impronta mortuoria sobre cuerpos a\u00fan latientes, ojos ocupados por alguna forma de oscuridad, que efect\u00faan, a la vez, homenaje al surrealismo y a la inquietante aparici\u00f3n de lo siniestro.<\/p>\n<p><img decoding=\"async\" src=\"https:\/\/librosdelzorrorojo.com\/wp-content\/uploads\/2017\/09\/logo-generalitat2.jpg\" alt=\"\" width=\"200\" height=\"67\" class=\"alignnone size-full wp-image-11152\" \/><\/p>\n","protected":false},"excerpt":{"rendered":"El horror irrumpe de la mano de lo sobrenatural en piezas como El gato negro, El pozo y el p\u00e9ndulo o El entierro prematuro.","protected":false},"featured_media":15507,"template":"","meta":{"_acf_changed":false},"product_brand":[],"product_cat":[844,3156],"product_tag":[],"class_list":{"0":"post-15042","1":"product","2":"type-product","3":"status-publish","4":"has-post-thumbnail","6":"product_cat-castella","7":"product_cat-juvenil-adult","9":"first","10":"outofstock","11":"taxable","12":"shipping-taxable","13":"purchasable","14":"product-type-variable"},"acf":[],"yoast_head":"<!-- This site is optimized with the Yoast SEO plugin v25.1 - https:\/\/yoast.com\/wordpress\/plugins\/seo\/ -->\n<title>Edgar Allan Poe. Cuentos y poemas - Libros del Zorro Rojo<\/title>\n<meta name=\"robots\" content=\"index, follow, max-snippet:-1, max-image-preview:large, max-video-preview:-1\" \/>\n<link rel=\"canonical\" href=\"https:\/\/librosdelzorrorojo.com\/ca\/cataleg\/edgar-allan-poe-cuentos-y-poemas\/\" \/>\n<meta property=\"og:locale\" content=\"ca_ES\" \/>\n<meta property=\"og:type\" content=\"article\" \/>\n<meta property=\"og:title\" content=\"Edgar Allan Poe. Cuentos y poemas - Libros del Zorro Rojo\" \/>\n<meta property=\"og:description\" content=\"El horror irrumpe de la mano de lo sobrenatural en piezas como El gato negro, El pozo y el p\u00e9ndulo o El entierro prematuro.\" \/>\n<meta property=\"og:url\" content=\"https:\/\/librosdelzorrorojo.com\/ca\/cataleg\/edgar-allan-poe-cuentos-y-poemas\/\" \/>\n<meta property=\"og:site_name\" content=\"Libros del Zorro Rojo\" \/>\n<meta property=\"article:modified_time\" content=\"2024-02-29T10:40:24+00:00\" \/>\n<meta property=\"og:image\" content=\"https:\/\/librosdelzorrorojo.com\/wp-content\/uploads\/2019\/10\/Doble-Edgar-Allan-Poe.jpg\" \/>\n\t<meta property=\"og:image:width\" content=\"2250\" \/>\n\t<meta property=\"og:image:height\" content=\"1350\" \/>\n\t<meta property=\"og:image:type\" content=\"image\/jpeg\" \/>\n<meta name=\"twitter:card\" content=\"summary_large_image\" \/>\n<meta name=\"twitter:label1\" content=\"Temps estimat de lectura\" \/>\n\t<meta name=\"twitter:data1\" content=\"1 minut\" \/>\n<script type=\"application\/ld+json\" class=\"yoast-schema-graph\">{\"@context\":\"https:\/\/schema.org\",\"@graph\":[{\"@type\":\"WebPage\",\"@id\":\"https:\/\/librosdelzorrorojo.com\/ca\/cataleg\/edgar-allan-poe-cuentos-y-poemas\/\",\"url\":\"https:\/\/librosdelzorrorojo.com\/ca\/cataleg\/edgar-allan-poe-cuentos-y-poemas\/\",\"name\":\"Edgar Allan Poe. Cuentos y poemas - Libros del Zorro Rojo\",\"isPartOf\":{\"@id\":\"https:\/\/librosdelzorrorojo.com\/#website\"},\"primaryImageOfPage\":{\"@id\":\"https:\/\/librosdelzorrorojo.com\/ca\/cataleg\/edgar-allan-poe-cuentos-y-poemas\/#primaryimage\"},\"image\":{\"@id\":\"https:\/\/librosdelzorrorojo.com\/ca\/cataleg\/edgar-allan-poe-cuentos-y-poemas\/#primaryimage\"},\"thumbnailUrl\":\"https:\/\/librosdelzorrorojo.com\/wp-content\/uploads\/2019\/10\/Cover_Poe-WEB.jpg\",\"datePublished\":\"2019-10-21T14:22:08+00:00\",\"dateModified\":\"2024-02-29T10:40:24+00:00\",\"breadcrumb\":{\"@id\":\"https:\/\/librosdelzorrorojo.com\/ca\/cataleg\/edgar-allan-poe-cuentos-y-poemas\/#breadcrumb\"},\"inLanguage\":\"ca\",\"potentialAction\":[{\"@type\":\"ReadAction\",\"target\":[\"https:\/\/librosdelzorrorojo.com\/ca\/cataleg\/edgar-allan-poe-cuentos-y-poemas\/\"]}]},{\"@type\":\"ImageObject\",\"inLanguage\":\"ca\",\"@id\":\"https:\/\/librosdelzorrorojo.com\/ca\/cataleg\/edgar-allan-poe-cuentos-y-poemas\/#primaryimage\",\"url\":\"https:\/\/librosdelzorrorojo.com\/wp-content\/uploads\/2019\/10\/Cover_Poe-WEB.jpg\",\"contentUrl\":\"https:\/\/librosdelzorrorojo.com\/wp-content\/uploads\/2019\/10\/Cover_Poe-WEB.jpg\",\"width\":850,\"height\":1043,\"caption\":\"Cover Poe WEB\"},{\"@type\":\"BreadcrumbList\",\"@id\":\"https:\/\/librosdelzorrorojo.com\/ca\/cataleg\/edgar-allan-poe-cuentos-y-poemas\/#breadcrumb\",\"itemListElement\":[{\"@type\":\"ListItem\",\"position\":1,\"name\":\"Portada\",\"item\":\"https:\/\/librosdelzorrorojo.com\/ca\/\"},{\"@type\":\"ListItem\",\"position\":2,\"name\":\"Cat\u00e0leg\",\"item\":\"https:\/\/librosdelzorrorojo.com\/ca\/cataleg\/\"},{\"@type\":\"ListItem\",\"position\":3,\"name\":\"Edgar Allan Poe. Cuentos y poemas\"}]},{\"@type\":\"WebSite\",\"@id\":\"https:\/\/librosdelzorrorojo.com\/#website\",\"url\":\"https:\/\/librosdelzorrorojo.com\/\",\"name\":\"Libros del Zorro Rojo\",\"description\":\"Libros ilustrados\",\"potentialAction\":[{\"@type\":\"SearchAction\",\"target\":{\"@type\":\"EntryPoint\",\"urlTemplate\":\"https:\/\/librosdelzorrorojo.com\/?s={search_term_string}\"},\"query-input\":{\"@type\":\"PropertyValueSpecification\",\"valueRequired\":true,\"valueName\":\"search_term_string\"}}],\"inLanguage\":\"ca\"}]}<\/script>\n<!-- \/ Yoast SEO plugin. -->","yoast_head_json":{"title":"Edgar Allan Poe. Cuentos y poemas - Libros del Zorro Rojo","robots":{"index":"index","follow":"follow","max-snippet":"max-snippet:-1","max-image-preview":"max-image-preview:large","max-video-preview":"max-video-preview:-1"},"canonical":"https:\/\/librosdelzorrorojo.com\/ca\/cataleg\/edgar-allan-poe-cuentos-y-poemas\/","og_locale":"ca_ES","og_type":"article","og_title":"Edgar Allan Poe. Cuentos y poemas - Libros del Zorro Rojo","og_description":"El horror irrumpe de la mano de lo sobrenatural en piezas como El gato negro, El pozo y el p\u00e9ndulo o El entierro prematuro.","og_url":"https:\/\/librosdelzorrorojo.com\/ca\/cataleg\/edgar-allan-poe-cuentos-y-poemas\/","og_site_name":"Libros del Zorro Rojo","article_modified_time":"2024-02-29T10:40:24+00:00","og_image":[{"width":2250,"height":1350,"url":"https:\/\/librosdelzorrorojo.com\/wp-content\/uploads\/2019\/10\/Doble-Edgar-Allan-Poe.jpg","type":"image\/jpeg"}],"twitter_card":"summary_large_image","twitter_misc":{"Temps estimat de lectura":"1 minut"},"schema":{"@context":"https:\/\/schema.org","@graph":[{"@type":"WebPage","@id":"https:\/\/librosdelzorrorojo.com\/ca\/cataleg\/edgar-allan-poe-cuentos-y-poemas\/","url":"https:\/\/librosdelzorrorojo.com\/ca\/cataleg\/edgar-allan-poe-cuentos-y-poemas\/","name":"Edgar Allan Poe. Cuentos y poemas - Libros del Zorro Rojo","isPartOf":{"@id":"https:\/\/librosdelzorrorojo.com\/#website"},"primaryImageOfPage":{"@id":"https:\/\/librosdelzorrorojo.com\/ca\/cataleg\/edgar-allan-poe-cuentos-y-poemas\/#primaryimage"},"image":{"@id":"https:\/\/librosdelzorrorojo.com\/ca\/cataleg\/edgar-allan-poe-cuentos-y-poemas\/#primaryimage"},"thumbnailUrl":"https:\/\/librosdelzorrorojo.com\/wp-content\/uploads\/2019\/10\/Cover_Poe-WEB.jpg","datePublished":"2019-10-21T14:22:08+00:00","dateModified":"2024-02-29T10:40:24+00:00","breadcrumb":{"@id":"https:\/\/librosdelzorrorojo.com\/ca\/cataleg\/edgar-allan-poe-cuentos-y-poemas\/#breadcrumb"},"inLanguage":"ca","potentialAction":[{"@type":"ReadAction","target":["https:\/\/librosdelzorrorojo.com\/ca\/cataleg\/edgar-allan-poe-cuentos-y-poemas\/"]}]},{"@type":"ImageObject","inLanguage":"ca","@id":"https:\/\/librosdelzorrorojo.com\/ca\/cataleg\/edgar-allan-poe-cuentos-y-poemas\/#primaryimage","url":"https:\/\/librosdelzorrorojo.com\/wp-content\/uploads\/2019\/10\/Cover_Poe-WEB.jpg","contentUrl":"https:\/\/librosdelzorrorojo.com\/wp-content\/uploads\/2019\/10\/Cover_Poe-WEB.jpg","width":850,"height":1043,"caption":"Cover Poe WEB"},{"@type":"BreadcrumbList","@id":"https:\/\/librosdelzorrorojo.com\/ca\/cataleg\/edgar-allan-poe-cuentos-y-poemas\/#breadcrumb","itemListElement":[{"@type":"ListItem","position":1,"name":"Portada","item":"https:\/\/librosdelzorrorojo.com\/ca\/"},{"@type":"ListItem","position":2,"name":"Cat\u00e0leg","item":"https:\/\/librosdelzorrorojo.com\/ca\/cataleg\/"},{"@type":"ListItem","position":3,"name":"Edgar Allan Poe. Cuentos y poemas"}]},{"@type":"WebSite","@id":"https:\/\/librosdelzorrorojo.com\/#website","url":"https:\/\/librosdelzorrorojo.com\/","name":"Libros del Zorro Rojo","description":"Libros ilustrados","potentialAction":[{"@type":"SearchAction","target":{"@type":"EntryPoint","urlTemplate":"https:\/\/librosdelzorrorojo.com\/?s={search_term_string}"},"query-input":{"@type":"PropertyValueSpecification","valueRequired":true,"valueName":"search_term_string"}}],"inLanguage":"ca"}]}},"_links":{"self":[{"href":"https:\/\/librosdelzorrorojo.com\/ca\/wp-json\/wp\/v2\/product\/15042","targetHints":{"allow":["GET"]}}],"collection":[{"href":"https:\/\/librosdelzorrorojo.com\/ca\/wp-json\/wp\/v2\/product"}],"about":[{"href":"https:\/\/librosdelzorrorojo.com\/ca\/wp-json\/wp\/v2\/types\/product"}],"wp:featuredmedia":[{"embeddable":true,"href":"https:\/\/librosdelzorrorojo.com\/ca\/wp-json\/wp\/v2\/media\/15507"}],"wp:attachment":[{"href":"https:\/\/librosdelzorrorojo.com\/ca\/wp-json\/wp\/v2\/media?parent=15042"}],"wp:term":[{"taxonomy":"product_brand","embeddable":true,"href":"https:\/\/librosdelzorrorojo.com\/ca\/wp-json\/wp\/v2\/product_brand?post=15042"},{"taxonomy":"product_cat","embeddable":true,"href":"https:\/\/librosdelzorrorojo.com\/ca\/wp-json\/wp\/v2\/product_cat?post=15042"},{"taxonomy":"product_tag","embeddable":true,"href":"https:\/\/librosdelzorrorojo.com\/ca\/wp-json\/wp\/v2\/product_tag?post=15042"}],"curies":[{"name":"wp","href":"https:\/\/api.w.org\/{rel}","templated":true}]}}