{"id":15040,"date":"2019-09-28T12:34:03","date_gmt":"2019-09-19T14:32:56","guid":{"rendered":"https:\/\/librosdelzorrorojo.com\/?post_type=product&#038;p=15040"},"modified":"2024-02-29T11:40:22","modified_gmt":"2024-02-29T10:40:22","slug":"retratos-animales","status":"publish","type":"product","link":"https:\/\/librosdelzorrorojo.com\/ca\/cataleg\/retratos-animales\/","title":{"rendered":"Retratos animales"},"content":{"rendered":"<p>Una foca luciendo pajarita y bomb\u00edn, una jirafa ataviada con un elegante fular, un oso negro americano con camiseta de <em>rugby<\/em>, un \u00e1guila calva embutida en una chaqueta de aviador\u2026<\/p>\n<p>Setenta personajes animales, entre ellos algunas de las especies m\u00e1s amenazadas de nuestro planeta, miran de frente al objetivo de este singular fot\u00f3grafo, Yago Partal, creador de un divertido juego de humanizaci\u00f3n y moda, en el que conviven arte, informaci\u00f3n y denuncia.<\/p>\n<p>Este proyecto se inici\u00f3 en 2013, y sigue creciendo. Hoy d\u00eda, <strong>Zoo Portraits<\/strong> es una marca propia que ha llamado la atenci\u00f3n de los medios de comunicaci\u00f3n internacionales.<\/p>\n<p>Este libro de conocimiento, adem\u00e1s de cautivadoras im\u00e1genes, ofrece un texto informativo \u2014encabezado por la pregunta, \u00ab\u00bfSab\u00edas que&#8230;?\u00bb\u2014 sobre la especie en foco y una ficha t\u00e9cnica con datos actualizados sobre el h\u00e1bitat, la poblaci\u00f3n, la alimentaci\u00f3n o la esperanza de vida.<\/p>\n<p>Entre la selecci\u00f3n de especies se encuentran algunas en grave peligro de extinci\u00f3n, como el macaco negro encrestado o el leopardo del Amur, pero tambi\u00e9n otros como el hur\u00f3n o la raza de perro beagle, que son objeto de la experimentaci\u00f3n con animales. La pregunta que deja abierta es: \u00bfcu\u00e1l de ellos no est\u00e1 amenazado?<\/p>\n<p><img decoding=\"async\" src=\"https:\/\/librosdelzorrorojo.com\/wp-content\/uploads\/2017\/09\/logo-generalitat2.jpg\" alt=\"\" width=\"200\" height=\"67\" class=\"alignnone size-full wp-image-11152\" \/><\/p>\n","protected":false},"excerpt":{"rendered":"Una foca luciendo pajarita y bomb\u00edn, una jirafa ataviada con un elegante fular, un oso negro americano con camiseta de <em>rugby<\/em>, un \u00e1guila calva embutida en una chaqueta de aviador\u2026","protected":false},"featured_media":15415,"template":"","meta":{"_acf_changed":false},"product_brand":[],"product_cat":[844,843],"product_tag":[],"class_list":{"0":"post-15040","1":"product","2":"type-product","3":"status-publish","4":"has-post-thumbnail","6":"product_cat-castella","7":"product_cat-infantiles-ca","9":"first","10":"outofstock","11":"taxable","12":"shipping-taxable","13":"purchasable","14":"product-type-simple"},"acf":[],"yoast_head":"<!-- This site is optimized with the Yoast SEO plugin v25.1 - https:\/\/yoast.com\/wordpress\/plugins\/seo\/ -->\n<title>Retratos animales - Libros del Zorro Rojo<\/title>\n<meta name=\"description\" content=\"Setenta personajes animales, entre ellos algunas de las especies m\u00e1s amenazadas de nuestro planeta, miran de frente al objetivo de este singular fot\u00f3grafo, Yago Partal, creador de un divertido juego de humanizaci\u00f3n y moda, en el que conviven arte, informaci\u00f3n y denuncia.\" \/>\n<meta name=\"robots\" content=\"index, follow, max-snippet:-1, max-image-preview:large, max-video-preview:-1\" \/>\n<link rel=\"canonical\" href=\"https:\/\/librosdelzorrorojo.com\/ca\/cataleg\/retratos-animales\/\" \/>\n<meta property=\"og:locale\" content=\"ca_ES\" \/>\n<meta property=\"og:type\" content=\"article\" \/>\n<meta property=\"og:title\" content=\"Retratos animales - Libros del Zorro Rojo\" \/>\n<meta property=\"og:description\" content=\"Setenta personajes animales, entre ellos algunas de las especies m\u00e1s amenazadas de nuestro planeta, miran de frente al objetivo de este singular fot\u00f3grafo, Yago Partal, creador de un divertido juego de humanizaci\u00f3n y moda, en el que conviven arte, informaci\u00f3n y denuncia.\" \/>\n<meta property=\"og:url\" content=\"https:\/\/librosdelzorrorojo.com\/ca\/cataleg\/retratos-animales\/\" \/>\n<meta property=\"og:site_name\" content=\"Libros del Zorro Rojo\" \/>\n<meta property=\"article:modified_time\" content=\"2024-02-29T10:40:22+00:00\" \/>\n<meta property=\"og:image\" content=\"https:\/\/librosdelzorrorojo.com\/wp-content\/uploads\/2019\/09\/COVER_Retratos-animales-WEB.jpg\" \/>\n\t<meta property=\"og:image:width\" content=\"850\" \/>\n\t<meta property=\"og:image:height\" content=\"902\" \/>\n\t<meta property=\"og:image:type\" content=\"image\/jpeg\" \/>\n<meta name=\"twitter:card\" content=\"summary_large_image\" \/>\n<meta name=\"twitter:label1\" content=\"Temps estimat de lectura\" \/>\n\t<meta name=\"twitter:data1\" content=\"1 minut\" \/>\n<script type=\"application\/ld+json\" class=\"yoast-schema-graph\">{\"@context\":\"https:\/\/schema.org\",\"@graph\":[{\"@type\":\"WebPage\",\"@id\":\"https:\/\/librosdelzorrorojo.com\/ca\/cataleg\/retratos-animales\/\",\"url\":\"https:\/\/librosdelzorrorojo.com\/ca\/cataleg\/retratos-animales\/\",\"name\":\"Retratos animales - Libros del Zorro Rojo\",\"isPartOf\":{\"@id\":\"https:\/\/librosdelzorrorojo.com\/#website\"},\"primaryImageOfPage\":{\"@id\":\"https:\/\/librosdelzorrorojo.com\/ca\/cataleg\/retratos-animales\/#primaryimage\"},\"image\":{\"@id\":\"https:\/\/librosdelzorrorojo.com\/ca\/cataleg\/retratos-animales\/#primaryimage\"},\"thumbnailUrl\":\"https:\/\/librosdelzorrorojo.com\/wp-content\/uploads\/2019\/09\/COVER_Retratos-animales-WEB.jpg\",\"datePublished\":\"2019-09-19T14:32:56+00:00\",\"dateModified\":\"2024-02-29T10:40:22+00:00\",\"description\":\"Setenta personajes animales, entre ellos algunas de las especies m\u00e1s amenazadas de nuestro planeta, miran de frente al objetivo de este singular fot\u00f3grafo, Yago Partal, creador de un divertido juego de humanizaci\u00f3n y moda, en el que conviven arte, informaci\u00f3n y denuncia.\",\"breadcrumb\":{\"@id\":\"https:\/\/librosdelzorrorojo.com\/ca\/cataleg\/retratos-animales\/#breadcrumb\"},\"inLanguage\":\"ca\",\"potentialAction\":[{\"@type\":\"ReadAction\",\"target\":[\"https:\/\/librosdelzorrorojo.com\/ca\/cataleg\/retratos-animales\/\"]}]},{\"@type\":\"ImageObject\",\"inLanguage\":\"ca\",\"@id\":\"https:\/\/librosdelzorrorojo.com\/ca\/cataleg\/retratos-animales\/#primaryimage\",\"url\":\"https:\/\/librosdelzorrorojo.com\/wp-content\/uploads\/2019\/09\/COVER_Retratos-animales-WEB.jpg\",\"contentUrl\":\"https:\/\/librosdelzorrorojo.com\/wp-content\/uploads\/2019\/09\/COVER_Retratos-animales-WEB.jpg\",\"width\":850,\"height\":902,\"caption\":\"COVER Retratos animales WEB\"},{\"@type\":\"BreadcrumbList\",\"@id\":\"https:\/\/librosdelzorrorojo.com\/ca\/cataleg\/retratos-animales\/#breadcrumb\",\"itemListElement\":[{\"@type\":\"ListItem\",\"position\":1,\"name\":\"Portada\",\"item\":\"https:\/\/librosdelzorrorojo.com\/ca\/\"},{\"@type\":\"ListItem\",\"position\":2,\"name\":\"Cat\u00e0leg\",\"item\":\"https:\/\/librosdelzorrorojo.com\/ca\/cataleg\/\"},{\"@type\":\"ListItem\",\"position\":3,\"name\":\"Retratos animales\"}]},{\"@type\":\"WebSite\",\"@id\":\"https:\/\/librosdelzorrorojo.com\/#website\",\"url\":\"https:\/\/librosdelzorrorojo.com\/\",\"name\":\"Libros del Zorro Rojo\",\"description\":\"Libros ilustrados\",\"potentialAction\":[{\"@type\":\"SearchAction\",\"target\":{\"@type\":\"EntryPoint\",\"urlTemplate\":\"https:\/\/librosdelzorrorojo.com\/?s={search_term_string}\"},\"query-input\":{\"@type\":\"PropertyValueSpecification\",\"valueRequired\":true,\"valueName\":\"search_term_string\"}}],\"inLanguage\":\"ca\"}]}<\/script>\n<!-- \/ Yoast SEO plugin. -->","yoast_head_json":{"title":"Retratos animales - Libros del Zorro Rojo","description":"Setenta personajes animales, entre ellos algunas de las especies m\u00e1s amenazadas de nuestro planeta, miran de frente al objetivo de este singular fot\u00f3grafo, Yago Partal, creador de un divertido juego de humanizaci\u00f3n y moda, en el que conviven arte, informaci\u00f3n y denuncia.","robots":{"index":"index","follow":"follow","max-snippet":"max-snippet:-1","max-image-preview":"max-image-preview:large","max-video-preview":"max-video-preview:-1"},"canonical":"https:\/\/librosdelzorrorojo.com\/ca\/cataleg\/retratos-animales\/","og_locale":"ca_ES","og_type":"article","og_title":"Retratos animales - Libros del Zorro Rojo","og_description":"Setenta personajes animales, entre ellos algunas de las especies m\u00e1s amenazadas de nuestro planeta, miran de frente al objetivo de este singular fot\u00f3grafo, Yago Partal, creador de un divertido juego de humanizaci\u00f3n y moda, en el que conviven arte, informaci\u00f3n y denuncia.","og_url":"https:\/\/librosdelzorrorojo.com\/ca\/cataleg\/retratos-animales\/","og_site_name":"Libros del Zorro Rojo","article_modified_time":"2024-02-29T10:40:22+00:00","og_image":[{"width":850,"height":902,"url":"https:\/\/librosdelzorrorojo.com\/wp-content\/uploads\/2019\/09\/COVER_Retratos-animales-WEB.jpg","type":"image\/jpeg"}],"twitter_card":"summary_large_image","twitter_misc":{"Temps estimat de lectura":"1 minut"},"schema":{"@context":"https:\/\/schema.org","@graph":[{"@type":"WebPage","@id":"https:\/\/librosdelzorrorojo.com\/ca\/cataleg\/retratos-animales\/","url":"https:\/\/librosdelzorrorojo.com\/ca\/cataleg\/retratos-animales\/","name":"Retratos animales - Libros del Zorro Rojo","isPartOf":{"@id":"https:\/\/librosdelzorrorojo.com\/#website"},"primaryImageOfPage":{"@id":"https:\/\/librosdelzorrorojo.com\/ca\/cataleg\/retratos-animales\/#primaryimage"},"image":{"@id":"https:\/\/librosdelzorrorojo.com\/ca\/cataleg\/retratos-animales\/#primaryimage"},"thumbnailUrl":"https:\/\/librosdelzorrorojo.com\/wp-content\/uploads\/2019\/09\/COVER_Retratos-animales-WEB.jpg","datePublished":"2019-09-19T14:32:56+00:00","dateModified":"2024-02-29T10:40:22+00:00","description":"Setenta personajes animales, entre ellos algunas de las especies m\u00e1s amenazadas de nuestro planeta, miran de frente al objetivo de este singular fot\u00f3grafo, Yago Partal, creador de un divertido juego de humanizaci\u00f3n y moda, en el que conviven arte, informaci\u00f3n y denuncia.","breadcrumb":{"@id":"https:\/\/librosdelzorrorojo.com\/ca\/cataleg\/retratos-animales\/#breadcrumb"},"inLanguage":"ca","potentialAction":[{"@type":"ReadAction","target":["https:\/\/librosdelzorrorojo.com\/ca\/cataleg\/retratos-animales\/"]}]},{"@type":"ImageObject","inLanguage":"ca","@id":"https:\/\/librosdelzorrorojo.com\/ca\/cataleg\/retratos-animales\/#primaryimage","url":"https:\/\/librosdelzorrorojo.com\/wp-content\/uploads\/2019\/09\/COVER_Retratos-animales-WEB.jpg","contentUrl":"https:\/\/librosdelzorrorojo.com\/wp-content\/uploads\/2019\/09\/COVER_Retratos-animales-WEB.jpg","width":850,"height":902,"caption":"COVER Retratos animales WEB"},{"@type":"BreadcrumbList","@id":"https:\/\/librosdelzorrorojo.com\/ca\/cataleg\/retratos-animales\/#breadcrumb","itemListElement":[{"@type":"ListItem","position":1,"name":"Portada","item":"https:\/\/librosdelzorrorojo.com\/ca\/"},{"@type":"ListItem","position":2,"name":"Cat\u00e0leg","item":"https:\/\/librosdelzorrorojo.com\/ca\/cataleg\/"},{"@type":"ListItem","position":3,"name":"Retratos animales"}]},{"@type":"WebSite","@id":"https:\/\/librosdelzorrorojo.com\/#website","url":"https:\/\/librosdelzorrorojo.com\/","name":"Libros del Zorro Rojo","description":"Libros ilustrados","potentialAction":[{"@type":"SearchAction","target":{"@type":"EntryPoint","urlTemplate":"https:\/\/librosdelzorrorojo.com\/?s={search_term_string}"},"query-input":{"@type":"PropertyValueSpecification","valueRequired":true,"valueName":"search_term_string"}}],"inLanguage":"ca"}]}},"_links":{"self":[{"href":"https:\/\/librosdelzorrorojo.com\/ca\/wp-json\/wp\/v2\/product\/15040","targetHints":{"allow":["GET"]}}],"collection":[{"href":"https:\/\/librosdelzorrorojo.com\/ca\/wp-json\/wp\/v2\/product"}],"about":[{"href":"https:\/\/librosdelzorrorojo.com\/ca\/wp-json\/wp\/v2\/types\/product"}],"wp:featuredmedia":[{"embeddable":true,"href":"https:\/\/librosdelzorrorojo.com\/ca\/wp-json\/wp\/v2\/media\/15415"}],"wp:attachment":[{"href":"https:\/\/librosdelzorrorojo.com\/ca\/wp-json\/wp\/v2\/media?parent=15040"}],"wp:term":[{"taxonomy":"product_brand","embeddable":true,"href":"https:\/\/librosdelzorrorojo.com\/ca\/wp-json\/wp\/v2\/product_brand?post=15040"},{"taxonomy":"product_cat","embeddable":true,"href":"https:\/\/librosdelzorrorojo.com\/ca\/wp-json\/wp\/v2\/product_cat?post=15040"},{"taxonomy":"product_tag","embeddable":true,"href":"https:\/\/librosdelzorrorojo.com\/ca\/wp-json\/wp\/v2\/product_tag?post=15040"}],"curies":[{"name":"wp","href":"https:\/\/api.w.org\/{rel}","templated":true}]}}