{"id":15020,"date":"2019-06-09T11:32:59","date_gmt":"2019-06-09T09:32:59","guid":{"rendered":"https:\/\/librosdelzorrorojo.com\/?post_type=product&#038;p=15020"},"modified":"2024-03-01T09:21:58","modified_gmt":"2024-03-01T08:21:58","slug":"vull-un-gat","status":"publish","type":"product","link":"https:\/\/librosdelzorrorojo.com\/ca\/cataleg\/vull-un-gat\/","title":{"rendered":"Vull un gat"},"content":{"rendered":"<p>Tots els amics de la Jessy tenen un animal amb qui jugar, a qui cuidar i fer carantoines, menys ella. Jessy desitja un gat m\u00e9s que res en el m\u00f3n, per\u00f2, tot i la seva insist\u00e8ncia, els seus pares es neguen en rod\u00f3 amb arguments com: \u00abEsgarrapen, embruten, miolen, ho deixen tot ple de p\u00e8l&#8230;, ni pensar-hi!\u00bb.<\/p>\n<p>Un dia es cansa de pregar-los i passa a l\u2019acci\u00f3. Es disfressa de gat i actua com un gat des del mat\u00ed fins a la nit: a casa, a l\u2019escola, al restaurant&#8230; Aquesta situaci\u00f3 deixa de ser divertida quan els ve\u00efns comencen a queixar-se: la gata Jessy, enfilada a la t\u00e0pia del jard\u00ed, no para de miolar a la lluna.<\/p>\n<p>Trobaran els pares de la Jessy una soluci\u00f3 a aquest problema bestial? Una hist\u00f2ria exultant, escrita i il\u00b7lustrada amb la gr\u00e0cia, la intel\u00b7lig\u00e8ncia i l\u2019estil fresc de Tony Ross, mestre de la fantasia i l\u2019humor, capa\u00e7 de crear personatges que desperten simpatia des de la coberta.<\/p>\n","protected":false},"excerpt":{"rendered":"Tots els amics de la Jessy tenen un animal amb qui jugar, a qui cuidar i fer carantoines, menys ella. Jessy desitja un gat m\u00e9s que res en el m\u00f3n.","protected":false},"featured_media":15202,"template":"","meta":{"_acf_changed":false},"product_brand":[],"product_cat":[840,839],"product_tag":[],"class_list":{"0":"post-15020","1":"product","2":"type-product","3":"status-publish","4":"has-post-thumbnail","6":"product_cat-catala","7":"product_cat-zona-kids-ca","8":"vinculo-quiero-un-gato","10":"first","11":"instock","12":"taxable","13":"shipping-taxable","14":"purchasable","15":"product-type-simple"},"acf":[],"yoast_head":"<!-- This site is optimized with the Yoast SEO plugin v25.1 - https:\/\/yoast.com\/wordpress\/plugins\/seo\/ -->\n<title>Vull un gat - Libros del Zorro Rojo<\/title>\n<meta name=\"description\" content=\"Tots els amics de la Jessy tenen un animal amb qui jugar, a qui cuidar i fer carantoines, menys ella. Jessy desitja un gat m\u00e9s que res en el m\u00f3n.\" \/>\n<meta name=\"robots\" content=\"index, follow, max-snippet:-1, max-image-preview:large, max-video-preview:-1\" \/>\n<link rel=\"canonical\" href=\"https:\/\/librosdelzorrorojo.com\/ca\/cataleg\/vull-un-gat\/\" \/>\n<meta property=\"og:locale\" content=\"ca_ES\" \/>\n<meta property=\"og:type\" content=\"article\" \/>\n<meta property=\"og:title\" content=\"Vull un gat - Libros del Zorro Rojo\" \/>\n<meta property=\"og:description\" content=\"Tots els amics de la Jessy tenen un animal amb qui jugar, a qui cuidar i fer carantoines, menys ella. Jessy desitja un gat m\u00e9s que res en el m\u00f3n.\" \/>\n<meta property=\"og:url\" content=\"https:\/\/librosdelzorrorojo.com\/ca\/cataleg\/vull-un-gat\/\" \/>\n<meta property=\"og:site_name\" content=\"Libros del Zorro Rojo\" \/>\n<meta property=\"article:modified_time\" content=\"2024-03-01T08:21:58+00:00\" \/>\n<meta property=\"og:image\" content=\"https:\/\/librosdelzorrorojo.com\/wp-content\/uploads\/2019\/07\/Cover_Vull-un-gat-CAT.jpg\" \/>\n\t<meta property=\"og:image:width\" content=\"1925\" \/>\n\t<meta property=\"og:image:height\" content=\"2252\" \/>\n\t<meta property=\"og:image:type\" content=\"image\/jpeg\" \/>\n<meta name=\"twitter:card\" content=\"summary_large_image\" \/>\n<meta name=\"twitter:label1\" content=\"Temps estimat de lectura\" \/>\n\t<meta name=\"twitter:data1\" content=\"1 minut\" \/>\n<script type=\"application\/ld+json\" class=\"yoast-schema-graph\">{\"@context\":\"https:\/\/schema.org\",\"@graph\":[{\"@type\":\"WebPage\",\"@id\":\"https:\/\/librosdelzorrorojo.com\/ca\/cataleg\/vull-un-gat\/\",\"url\":\"https:\/\/librosdelzorrorojo.com\/ca\/cataleg\/vull-un-gat\/\",\"name\":\"Vull un gat - Libros del Zorro Rojo\",\"isPartOf\":{\"@id\":\"https:\/\/librosdelzorrorojo.com\/#website\"},\"primaryImageOfPage\":{\"@id\":\"https:\/\/librosdelzorrorojo.com\/ca\/cataleg\/vull-un-gat\/#primaryimage\"},\"image\":{\"@id\":\"https:\/\/librosdelzorrorojo.com\/ca\/cataleg\/vull-un-gat\/#primaryimage\"},\"thumbnailUrl\":\"https:\/\/librosdelzorrorojo.com\/wp-content\/uploads\/2019\/07\/Cover_Vull-un-gat-CAT.jpg\",\"datePublished\":\"2019-06-09T09:32:59+00:00\",\"dateModified\":\"2024-03-01T08:21:58+00:00\",\"description\":\"Tots els amics de la Jessy tenen un animal amb qui jugar, a qui cuidar i fer carantoines, menys ella. Jessy desitja un gat m\u00e9s que res en el m\u00f3n.\",\"breadcrumb\":{\"@id\":\"https:\/\/librosdelzorrorojo.com\/ca\/cataleg\/vull-un-gat\/#breadcrumb\"},\"inLanguage\":\"ca\",\"potentialAction\":[{\"@type\":\"ReadAction\",\"target\":[\"https:\/\/librosdelzorrorojo.com\/ca\/cataleg\/vull-un-gat\/\"]}]},{\"@type\":\"ImageObject\",\"inLanguage\":\"ca\",\"@id\":\"https:\/\/librosdelzorrorojo.com\/ca\/cataleg\/vull-un-gat\/#primaryimage\",\"url\":\"https:\/\/librosdelzorrorojo.com\/wp-content\/uploads\/2019\/07\/Cover_Vull-un-gat-CAT.jpg\",\"contentUrl\":\"https:\/\/librosdelzorrorojo.com\/wp-content\/uploads\/2019\/07\/Cover_Vull-un-gat-CAT.jpg\",\"width\":1925,\"height\":2252,\"caption\":\"Cover Vull un gat CAT\"},{\"@type\":\"BreadcrumbList\",\"@id\":\"https:\/\/librosdelzorrorojo.com\/ca\/cataleg\/vull-un-gat\/#breadcrumb\",\"itemListElement\":[{\"@type\":\"ListItem\",\"position\":1,\"name\":\"Portada\",\"item\":\"https:\/\/librosdelzorrorojo.com\/ca\/\"},{\"@type\":\"ListItem\",\"position\":2,\"name\":\"Cat\u00e0leg\",\"item\":\"https:\/\/librosdelzorrorojo.com\/ca\/cataleg\/\"},{\"@type\":\"ListItem\",\"position\":3,\"name\":\"Vull un gat\"}]},{\"@type\":\"WebSite\",\"@id\":\"https:\/\/librosdelzorrorojo.com\/#website\",\"url\":\"https:\/\/librosdelzorrorojo.com\/\",\"name\":\"Libros del Zorro Rojo\",\"description\":\"Libros ilustrados\",\"potentialAction\":[{\"@type\":\"SearchAction\",\"target\":{\"@type\":\"EntryPoint\",\"urlTemplate\":\"https:\/\/librosdelzorrorojo.com\/?s={search_term_string}\"},\"query-input\":{\"@type\":\"PropertyValueSpecification\",\"valueRequired\":true,\"valueName\":\"search_term_string\"}}],\"inLanguage\":\"ca\"}]}<\/script>\n<!-- \/ Yoast SEO plugin. -->","yoast_head_json":{"title":"Vull un gat - Libros del Zorro Rojo","description":"Tots els amics de la Jessy tenen un animal amb qui jugar, a qui cuidar i fer carantoines, menys ella. Jessy desitja un gat m\u00e9s que res en el m\u00f3n.","robots":{"index":"index","follow":"follow","max-snippet":"max-snippet:-1","max-image-preview":"max-image-preview:large","max-video-preview":"max-video-preview:-1"},"canonical":"https:\/\/librosdelzorrorojo.com\/ca\/cataleg\/vull-un-gat\/","og_locale":"ca_ES","og_type":"article","og_title":"Vull un gat - Libros del Zorro Rojo","og_description":"Tots els amics de la Jessy tenen un animal amb qui jugar, a qui cuidar i fer carantoines, menys ella. Jessy desitja un gat m\u00e9s que res en el m\u00f3n.","og_url":"https:\/\/librosdelzorrorojo.com\/ca\/cataleg\/vull-un-gat\/","og_site_name":"Libros del Zorro Rojo","article_modified_time":"2024-03-01T08:21:58+00:00","og_image":[{"width":1925,"height":2252,"url":"https:\/\/librosdelzorrorojo.com\/wp-content\/uploads\/2019\/07\/Cover_Vull-un-gat-CAT.jpg","type":"image\/jpeg"}],"twitter_card":"summary_large_image","twitter_misc":{"Temps estimat de lectura":"1 minut"},"schema":{"@context":"https:\/\/schema.org","@graph":[{"@type":"WebPage","@id":"https:\/\/librosdelzorrorojo.com\/ca\/cataleg\/vull-un-gat\/","url":"https:\/\/librosdelzorrorojo.com\/ca\/cataleg\/vull-un-gat\/","name":"Vull un gat - Libros del Zorro Rojo","isPartOf":{"@id":"https:\/\/librosdelzorrorojo.com\/#website"},"primaryImageOfPage":{"@id":"https:\/\/librosdelzorrorojo.com\/ca\/cataleg\/vull-un-gat\/#primaryimage"},"image":{"@id":"https:\/\/librosdelzorrorojo.com\/ca\/cataleg\/vull-un-gat\/#primaryimage"},"thumbnailUrl":"https:\/\/librosdelzorrorojo.com\/wp-content\/uploads\/2019\/07\/Cover_Vull-un-gat-CAT.jpg","datePublished":"2019-06-09T09:32:59+00:00","dateModified":"2024-03-01T08:21:58+00:00","description":"Tots els amics de la Jessy tenen un animal amb qui jugar, a qui cuidar i fer carantoines, menys ella. Jessy desitja un gat m\u00e9s que res en el m\u00f3n.","breadcrumb":{"@id":"https:\/\/librosdelzorrorojo.com\/ca\/cataleg\/vull-un-gat\/#breadcrumb"},"inLanguage":"ca","potentialAction":[{"@type":"ReadAction","target":["https:\/\/librosdelzorrorojo.com\/ca\/cataleg\/vull-un-gat\/"]}]},{"@type":"ImageObject","inLanguage":"ca","@id":"https:\/\/librosdelzorrorojo.com\/ca\/cataleg\/vull-un-gat\/#primaryimage","url":"https:\/\/librosdelzorrorojo.com\/wp-content\/uploads\/2019\/07\/Cover_Vull-un-gat-CAT.jpg","contentUrl":"https:\/\/librosdelzorrorojo.com\/wp-content\/uploads\/2019\/07\/Cover_Vull-un-gat-CAT.jpg","width":1925,"height":2252,"caption":"Cover Vull un gat CAT"},{"@type":"BreadcrumbList","@id":"https:\/\/librosdelzorrorojo.com\/ca\/cataleg\/vull-un-gat\/#breadcrumb","itemListElement":[{"@type":"ListItem","position":1,"name":"Portada","item":"https:\/\/librosdelzorrorojo.com\/ca\/"},{"@type":"ListItem","position":2,"name":"Cat\u00e0leg","item":"https:\/\/librosdelzorrorojo.com\/ca\/cataleg\/"},{"@type":"ListItem","position":3,"name":"Vull un gat"}]},{"@type":"WebSite","@id":"https:\/\/librosdelzorrorojo.com\/#website","url":"https:\/\/librosdelzorrorojo.com\/","name":"Libros del Zorro Rojo","description":"Libros ilustrados","potentialAction":[{"@type":"SearchAction","target":{"@type":"EntryPoint","urlTemplate":"https:\/\/librosdelzorrorojo.com\/?s={search_term_string}"},"query-input":{"@type":"PropertyValueSpecification","valueRequired":true,"valueName":"search_term_string"}}],"inLanguage":"ca"}]}},"_links":{"self":[{"href":"https:\/\/librosdelzorrorojo.com\/ca\/wp-json\/wp\/v2\/product\/15020","targetHints":{"allow":["GET"]}}],"collection":[{"href":"https:\/\/librosdelzorrorojo.com\/ca\/wp-json\/wp\/v2\/product"}],"about":[{"href":"https:\/\/librosdelzorrorojo.com\/ca\/wp-json\/wp\/v2\/types\/product"}],"wp:featuredmedia":[{"embeddable":true,"href":"https:\/\/librosdelzorrorojo.com\/ca\/wp-json\/wp\/v2\/media\/15202"}],"wp:attachment":[{"href":"https:\/\/librosdelzorrorojo.com\/ca\/wp-json\/wp\/v2\/media?parent=15020"}],"wp:term":[{"taxonomy":"product_brand","embeddable":true,"href":"https:\/\/librosdelzorrorojo.com\/ca\/wp-json\/wp\/v2\/product_brand?post=15020"},{"taxonomy":"product_cat","embeddable":true,"href":"https:\/\/librosdelzorrorojo.com\/ca\/wp-json\/wp\/v2\/product_cat?post=15020"},{"taxonomy":"product_tag","embeddable":true,"href":"https:\/\/librosdelzorrorojo.com\/ca\/wp-json\/wp\/v2\/product_tag?post=15020"}],"curies":[{"name":"wp","href":"https:\/\/api.w.org\/{rel}","templated":true}]}}