{"id":15019,"date":"2019-08-30T11:35:35","date_gmt":"2019-08-26T09:34:31","guid":{"rendered":"https:\/\/librosdelzorrorojo.com\/?post_type=product&#038;p=15019"},"modified":"2024-02-29T11:40:18","modified_gmt":"2024-02-29T10:40:18","slug":"quiero-un-gato","status":"publish","type":"product","link":"https:\/\/librosdelzorrorojo.com\/ca\/cataleg\/quiero-un-gato\/","title":{"rendered":"Quiero un gato"},"content":{"rendered":"<p>Todos los amigos de M\u00eda tienen un animal con quien jugar, a quien cuidar y dar achuchones, menos ella. M\u00eda desea un gato m\u00e1s que nada en el mundo, pero, a pesar de su insistencia, sus padres se niegan en rotundo con argumentos como: \u00abAra\u00f1an, ensucian, ma\u00fallan, lo llenan todo de pelos&#8230;, \u00a1ni pensarlo!\u00bb.<\/p>\n<p>Un d\u00eda se cansa de rogar y pasa a la acci\u00f3n. Se disfraza de gato y act\u00faa como un gato desde la ma\u00f1ana hasta la noche: en casa, en el colegio, en el restaurante&#8230; Esta situaci\u00f3n deja de ser divertida cuando los vecinos empiezan a quejarse: la gata M\u00eda, subida en la tapia del jard\u00edn, no para de maullar a la luna. \u00bfEncontrar\u00e1n los padres de M\u00eda una soluci\u00f3n a este problema bestial?<\/p>\n<p>Una historia exultante, escrita e ilustrada con la gracia, la brillantez y la frescura de Tony Ross, maestro de la fantas\u00eda y el humor, capaz de crear personajes que despiertan simpat\u00eda desde la misma cubierta.<\/p>\n","protected":false},"excerpt":{"rendered":"Todos los amigos de M\u00eda tienen un animal con quien jugar, a quien cuidar y dar achuchones, menos ella. M\u00eda desea un gato m\u00e1s que nada en el mundo.","protected":false},"featured_media":15204,"template":"","meta":{"_acf_changed":false},"product_brand":[],"product_cat":[844,843,839],"product_tag":[],"class_list":{"0":"post-15019","1":"product","2":"type-product","3":"status-publish","4":"has-post-thumbnail","6":"product_cat-castella","7":"product_cat-infantiles-ca","8":"product_cat-zona-kids-ca","9":"vinculo-quiero-un-gato","11":"first","12":"instock","13":"taxable","14":"shipping-taxable","15":"purchasable","16":"product-type-simple"},"acf":[],"yoast_head":"<!-- This site is optimized with the Yoast SEO plugin v25.1 - https:\/\/yoast.com\/wordpress\/plugins\/seo\/ -->\n<title>Quiero un gato - Libros del Zorro Rojo<\/title>\n<meta name=\"description\" content=\"Una historia exultante, escrita e ilustrada con la gracia, la brillantez y la frescura de Tony Ross, maestro de la fantas\u00eda y el humor, capaz de crear personajes que despiertan simpat\u00eda desde la misma cubierta.\" \/>\n<meta name=\"robots\" content=\"index, follow, max-snippet:-1, max-image-preview:large, max-video-preview:-1\" \/>\n<link rel=\"canonical\" href=\"https:\/\/librosdelzorrorojo.com\/ca\/cataleg\/quiero-un-gato\/\" \/>\n<meta property=\"og:locale\" content=\"ca_ES\" \/>\n<meta property=\"og:type\" content=\"article\" \/>\n<meta property=\"og:title\" content=\"Quiero un gato - Libros del Zorro Rojo\" \/>\n<meta property=\"og:description\" content=\"Una historia exultante, escrita e ilustrada con la gracia, la brillantez y la frescura de Tony Ross, maestro de la fantas\u00eda y el humor, capaz de crear personajes que despiertan simpat\u00eda desde la misma cubierta.\" \/>\n<meta property=\"og:url\" content=\"https:\/\/librosdelzorrorojo.com\/ca\/cataleg\/quiero-un-gato\/\" \/>\n<meta property=\"og:site_name\" content=\"Libros del Zorro Rojo\" \/>\n<meta property=\"article:modified_time\" content=\"2024-02-29T10:40:18+00:00\" \/>\n<meta property=\"og:image\" content=\"https:\/\/librosdelzorrorojo.com\/wp-content\/uploads\/2019\/07\/Cover_Quiero-un-gato-WEB.jpg\" \/>\n\t<meta property=\"og:image:width\" content=\"850\" \/>\n\t<meta property=\"og:image:height\" content=\"995\" \/>\n\t<meta property=\"og:image:type\" content=\"image\/jpeg\" \/>\n<meta name=\"twitter:card\" content=\"summary_large_image\" \/>\n<meta name=\"twitter:label1\" content=\"Temps estimat de lectura\" \/>\n\t<meta name=\"twitter:data1\" content=\"1 minut\" \/>\n<script type=\"application\/ld+json\" class=\"yoast-schema-graph\">{\"@context\":\"https:\/\/schema.org\",\"@graph\":[{\"@type\":\"WebPage\",\"@id\":\"https:\/\/librosdelzorrorojo.com\/ca\/cataleg\/quiero-un-gato\/\",\"url\":\"https:\/\/librosdelzorrorojo.com\/ca\/cataleg\/quiero-un-gato\/\",\"name\":\"Quiero un gato - Libros del Zorro Rojo\",\"isPartOf\":{\"@id\":\"https:\/\/librosdelzorrorojo.com\/#website\"},\"primaryImageOfPage\":{\"@id\":\"https:\/\/librosdelzorrorojo.com\/ca\/cataleg\/quiero-un-gato\/#primaryimage\"},\"image\":{\"@id\":\"https:\/\/librosdelzorrorojo.com\/ca\/cataleg\/quiero-un-gato\/#primaryimage\"},\"thumbnailUrl\":\"https:\/\/librosdelzorrorojo.com\/wp-content\/uploads\/2019\/07\/Cover_Quiero-un-gato-WEB.jpg\",\"datePublished\":\"2019-08-26T09:34:31+00:00\",\"dateModified\":\"2024-02-29T10:40:18+00:00\",\"description\":\"Una historia exultante, escrita e ilustrada con la gracia, la brillantez y la frescura de Tony Ross, maestro de la fantas\u00eda y el humor, capaz de crear personajes que despiertan simpat\u00eda desde la misma cubierta.\",\"breadcrumb\":{\"@id\":\"https:\/\/librosdelzorrorojo.com\/ca\/cataleg\/quiero-un-gato\/#breadcrumb\"},\"inLanguage\":\"ca\",\"potentialAction\":[{\"@type\":\"ReadAction\",\"target\":[\"https:\/\/librosdelzorrorojo.com\/ca\/cataleg\/quiero-un-gato\/\"]}]},{\"@type\":\"ImageObject\",\"inLanguage\":\"ca\",\"@id\":\"https:\/\/librosdelzorrorojo.com\/ca\/cataleg\/quiero-un-gato\/#primaryimage\",\"url\":\"https:\/\/librosdelzorrorojo.com\/wp-content\/uploads\/2019\/07\/Cover_Quiero-un-gato-WEB.jpg\",\"contentUrl\":\"https:\/\/librosdelzorrorojo.com\/wp-content\/uploads\/2019\/07\/Cover_Quiero-un-gato-WEB.jpg\",\"width\":850,\"height\":995,\"caption\":\"Cover Quiero un gato WEB\"},{\"@type\":\"BreadcrumbList\",\"@id\":\"https:\/\/librosdelzorrorojo.com\/ca\/cataleg\/quiero-un-gato\/#breadcrumb\",\"itemListElement\":[{\"@type\":\"ListItem\",\"position\":1,\"name\":\"Portada\",\"item\":\"https:\/\/librosdelzorrorojo.com\/ca\/\"},{\"@type\":\"ListItem\",\"position\":2,\"name\":\"Cat\u00e0leg\",\"item\":\"https:\/\/librosdelzorrorojo.com\/ca\/cataleg\/\"},{\"@type\":\"ListItem\",\"position\":3,\"name\":\"Quiero un gato\"}]},{\"@type\":\"WebSite\",\"@id\":\"https:\/\/librosdelzorrorojo.com\/#website\",\"url\":\"https:\/\/librosdelzorrorojo.com\/\",\"name\":\"Libros del Zorro Rojo\",\"description\":\"Libros ilustrados\",\"potentialAction\":[{\"@type\":\"SearchAction\",\"target\":{\"@type\":\"EntryPoint\",\"urlTemplate\":\"https:\/\/librosdelzorrorojo.com\/?s={search_term_string}\"},\"query-input\":{\"@type\":\"PropertyValueSpecification\",\"valueRequired\":true,\"valueName\":\"search_term_string\"}}],\"inLanguage\":\"ca\"}]}<\/script>\n<!-- \/ Yoast SEO plugin. -->","yoast_head_json":{"title":"Quiero un gato - Libros del Zorro Rojo","description":"Una historia exultante, escrita e ilustrada con la gracia, la brillantez y la frescura de Tony Ross, maestro de la fantas\u00eda y el humor, capaz de crear personajes que despiertan simpat\u00eda desde la misma cubierta.","robots":{"index":"index","follow":"follow","max-snippet":"max-snippet:-1","max-image-preview":"max-image-preview:large","max-video-preview":"max-video-preview:-1"},"canonical":"https:\/\/librosdelzorrorojo.com\/ca\/cataleg\/quiero-un-gato\/","og_locale":"ca_ES","og_type":"article","og_title":"Quiero un gato - Libros del Zorro Rojo","og_description":"Una historia exultante, escrita e ilustrada con la gracia, la brillantez y la frescura de Tony Ross, maestro de la fantas\u00eda y el humor, capaz de crear personajes que despiertan simpat\u00eda desde la misma cubierta.","og_url":"https:\/\/librosdelzorrorojo.com\/ca\/cataleg\/quiero-un-gato\/","og_site_name":"Libros del Zorro Rojo","article_modified_time":"2024-02-29T10:40:18+00:00","og_image":[{"width":850,"height":995,"url":"https:\/\/librosdelzorrorojo.com\/wp-content\/uploads\/2019\/07\/Cover_Quiero-un-gato-WEB.jpg","type":"image\/jpeg"}],"twitter_card":"summary_large_image","twitter_misc":{"Temps estimat de lectura":"1 minut"},"schema":{"@context":"https:\/\/schema.org","@graph":[{"@type":"WebPage","@id":"https:\/\/librosdelzorrorojo.com\/ca\/cataleg\/quiero-un-gato\/","url":"https:\/\/librosdelzorrorojo.com\/ca\/cataleg\/quiero-un-gato\/","name":"Quiero un gato - Libros del Zorro Rojo","isPartOf":{"@id":"https:\/\/librosdelzorrorojo.com\/#website"},"primaryImageOfPage":{"@id":"https:\/\/librosdelzorrorojo.com\/ca\/cataleg\/quiero-un-gato\/#primaryimage"},"image":{"@id":"https:\/\/librosdelzorrorojo.com\/ca\/cataleg\/quiero-un-gato\/#primaryimage"},"thumbnailUrl":"https:\/\/librosdelzorrorojo.com\/wp-content\/uploads\/2019\/07\/Cover_Quiero-un-gato-WEB.jpg","datePublished":"2019-08-26T09:34:31+00:00","dateModified":"2024-02-29T10:40:18+00:00","description":"Una historia exultante, escrita e ilustrada con la gracia, la brillantez y la frescura de Tony Ross, maestro de la fantas\u00eda y el humor, capaz de crear personajes que despiertan simpat\u00eda desde la misma cubierta.","breadcrumb":{"@id":"https:\/\/librosdelzorrorojo.com\/ca\/cataleg\/quiero-un-gato\/#breadcrumb"},"inLanguage":"ca","potentialAction":[{"@type":"ReadAction","target":["https:\/\/librosdelzorrorojo.com\/ca\/cataleg\/quiero-un-gato\/"]}]},{"@type":"ImageObject","inLanguage":"ca","@id":"https:\/\/librosdelzorrorojo.com\/ca\/cataleg\/quiero-un-gato\/#primaryimage","url":"https:\/\/librosdelzorrorojo.com\/wp-content\/uploads\/2019\/07\/Cover_Quiero-un-gato-WEB.jpg","contentUrl":"https:\/\/librosdelzorrorojo.com\/wp-content\/uploads\/2019\/07\/Cover_Quiero-un-gato-WEB.jpg","width":850,"height":995,"caption":"Cover Quiero un gato WEB"},{"@type":"BreadcrumbList","@id":"https:\/\/librosdelzorrorojo.com\/ca\/cataleg\/quiero-un-gato\/#breadcrumb","itemListElement":[{"@type":"ListItem","position":1,"name":"Portada","item":"https:\/\/librosdelzorrorojo.com\/ca\/"},{"@type":"ListItem","position":2,"name":"Cat\u00e0leg","item":"https:\/\/librosdelzorrorojo.com\/ca\/cataleg\/"},{"@type":"ListItem","position":3,"name":"Quiero un gato"}]},{"@type":"WebSite","@id":"https:\/\/librosdelzorrorojo.com\/#website","url":"https:\/\/librosdelzorrorojo.com\/","name":"Libros del Zorro Rojo","description":"Libros ilustrados","potentialAction":[{"@type":"SearchAction","target":{"@type":"EntryPoint","urlTemplate":"https:\/\/librosdelzorrorojo.com\/?s={search_term_string}"},"query-input":{"@type":"PropertyValueSpecification","valueRequired":true,"valueName":"search_term_string"}}],"inLanguage":"ca"}]}},"_links":{"self":[{"href":"https:\/\/librosdelzorrorojo.com\/ca\/wp-json\/wp\/v2\/product\/15019","targetHints":{"allow":["GET"]}}],"collection":[{"href":"https:\/\/librosdelzorrorojo.com\/ca\/wp-json\/wp\/v2\/product"}],"about":[{"href":"https:\/\/librosdelzorrorojo.com\/ca\/wp-json\/wp\/v2\/types\/product"}],"wp:featuredmedia":[{"embeddable":true,"href":"https:\/\/librosdelzorrorojo.com\/ca\/wp-json\/wp\/v2\/media\/15204"}],"wp:attachment":[{"href":"https:\/\/librosdelzorrorojo.com\/ca\/wp-json\/wp\/v2\/media?parent=15019"}],"wp:term":[{"taxonomy":"product_brand","embeddable":true,"href":"https:\/\/librosdelzorrorojo.com\/ca\/wp-json\/wp\/v2\/product_brand?post=15019"},{"taxonomy":"product_cat","embeddable":true,"href":"https:\/\/librosdelzorrorojo.com\/ca\/wp-json\/wp\/v2\/product_cat?post=15019"},{"taxonomy":"product_tag","embeddable":true,"href":"https:\/\/librosdelzorrorojo.com\/ca\/wp-json\/wp\/v2\/product_tag?post=15019"}],"curies":[{"name":"wp","href":"https:\/\/api.w.org\/{rel}","templated":true}]}}