{"id":15015,"date":"2019-09-05T09:51:31","date_gmt":"2019-09-05T07:51:31","guid":{"rendered":"https:\/\/librosdelzorrorojo.com\/?post_type=product&#038;p=15015"},"modified":"2025-10-04T15:15:27","modified_gmt":"2025-10-04T13:15:27","slug":"un-zorro","status":"publish","type":"product","link":"https:\/\/librosdelzorrorojo.com\/ca\/cataleg\/un-zorro\/","title":{"rendered":"Un Zorro"},"content":{"rendered":"<p>\u00abUn zorro hambriento, dos ojos astutos, tres gallinas regordetas&#8230;\u00bb, as\u00ed comienza este libro para contar que relata la aventura, o desventura, de un zorro que entra en un gallinero en busca de comida. Coprotagonizan esta historia de intriga un mont\u00f3n de gallinas, al principio desprevenidas, que est\u00e1n lejos de asumir el tradicional papel pasivo o cobarde que se les da en las f\u00e1bulas de animales.<\/p>\n<p>En un corral iluminado por la luna, se escuchan \u00abseis pasos al acecho, siete golpes en la puerta&#8230;\u00bb, y as\u00ed sucesivamente. En cada p\u00e1gina hay algo diferente que contar, y para ello, la autora ha elegido palabras muy significativas que impulsan a los lectores a pasar r\u00e1pidamente la p\u00e1gina para ver c\u00f3mo avanza el zorro y cu\u00e1l ser\u00e1 su destino final.<\/p>\n<p>Destacan las hermosas ilustraciones a doble p\u00e1gina, mezcla de <em>collage<\/em> y pintura, que realzan las texturas e impregnan las escenas de dramatismo y emoci\u00f3n. Un primer \u00e1lbum de una ilustradora debutante, ideal para primeros lectores.<\/p>\n<p>&#8211;<\/p>\n<p>Descarga actividades de\u00a0<em>Un zorro<\/em> <span style=\"color: #ff0000;\"><a href=\"https:\/\/drive.google.com\/open?id=1VTER9hubDf2FMnAej_ztM7p-h9BQCCyv\" style=\"color: #ff0000;\">aqu\u00ed.<\/a><\/span><\/p>\n<p><img decoding=\"async\" src=\"https:\/\/librosdelzorrorojo.com\/wp-content\/uploads\/2017\/09\/logo-generalitat2.jpg\" alt=\"\" width=\"200\" height=\"67\" class=\"alignnone size-full wp-image-11151\" \/><\/p>\n","protected":false},"excerpt":{"rendered":"En un corral iluminado por la luna, se escuchan \u00abseis pasos al acecho, siete golpes en la puerta&#8230;\u00bb, y as\u00ed sucesivamente.","protected":false},"featured_media":15115,"template":"","meta":{"_acf_changed":false},"product_brand":[],"product_cat":[844,843,839],"product_tag":[],"class_list":{"0":"post-15015","1":"product","2":"type-product","3":"status-publish","4":"has-post-thumbnail","6":"product_cat-castella","7":"product_cat-infantiles-ca","8":"product_cat-zona-kids-ca","9":"vinculo-un-zorro","11":"first","12":"instock","13":"taxable","14":"shipping-taxable","15":"purchasable","16":"product-type-simple"},"acf":[],"yoast_head":"<!-- This site is optimized with the Yoast SEO plugin v25.1 - https:\/\/yoast.com\/wordpress\/plugins\/seo\/ -->\n<title>Un Zorro - Libros del Zorro Rojo<\/title>\n<meta name=\"description\" content=\"En un corral iluminado por la luna, se escuchan \u00abseis pasos al acecho, siete golpes en la puerta...\u00bb, y as\u00ed sucesivamente.\" \/>\n<meta name=\"robots\" content=\"index, follow, max-snippet:-1, max-image-preview:large, max-video-preview:-1\" \/>\n<link rel=\"canonical\" href=\"https:\/\/librosdelzorrorojo.com\/ca\/cataleg\/un-zorro\/\" \/>\n<meta property=\"og:locale\" content=\"ca_ES\" \/>\n<meta property=\"og:type\" content=\"article\" \/>\n<meta property=\"og:title\" content=\"Un Zorro - Libros del Zorro Rojo\" \/>\n<meta property=\"og:description\" content=\"En un corral iluminado por la luna, se escuchan \u00abseis pasos al acecho, siete golpes en la puerta...\u00bb, y as\u00ed sucesivamente.\" \/>\n<meta property=\"og:url\" content=\"https:\/\/librosdelzorrorojo.com\/ca\/cataleg\/un-zorro\/\" \/>\n<meta property=\"og:site_name\" content=\"Libros del Zorro Rojo\" \/>\n<meta property=\"article:modified_time\" content=\"2025-10-04T13:15:27+00:00\" \/>\n<meta property=\"og:image\" content=\"https:\/\/librosdelzorrorojo.com\/wp-content\/uploads\/2019\/07\/Cover_UnZorro-WEB.jpg\" \/>\n\t<meta property=\"og:image:width\" content=\"850\" \/>\n\t<meta property=\"og:image:height\" content=\"850\" \/>\n\t<meta property=\"og:image:type\" content=\"image\/jpeg\" \/>\n<meta name=\"twitter:card\" content=\"summary_large_image\" \/>\n<meta name=\"twitter:label1\" content=\"Temps estimat de lectura\" \/>\n\t<meta name=\"twitter:data1\" content=\"1 minut\" \/>\n<script type=\"application\/ld+json\" class=\"yoast-schema-graph\">{\"@context\":\"https:\/\/schema.org\",\"@graph\":[{\"@type\":\"WebPage\",\"@id\":\"https:\/\/librosdelzorrorojo.com\/ca\/cataleg\/un-zorro\/\",\"url\":\"https:\/\/librosdelzorrorojo.com\/ca\/cataleg\/un-zorro\/\",\"name\":\"Un Zorro - Libros del Zorro Rojo\",\"isPartOf\":{\"@id\":\"https:\/\/librosdelzorrorojo.com\/#website\"},\"primaryImageOfPage\":{\"@id\":\"https:\/\/librosdelzorrorojo.com\/ca\/cataleg\/un-zorro\/#primaryimage\"},\"image\":{\"@id\":\"https:\/\/librosdelzorrorojo.com\/ca\/cataleg\/un-zorro\/#primaryimage\"},\"thumbnailUrl\":\"https:\/\/librosdelzorrorojo.com\/wp-content\/uploads\/2019\/07\/Cover_UnZorro-WEB.jpg\",\"datePublished\":\"2019-09-05T07:51:31+00:00\",\"dateModified\":\"2025-10-04T13:15:27+00:00\",\"description\":\"En un corral iluminado por la luna, se escuchan \u00abseis pasos al acecho, siete golpes en la puerta...\u00bb, y as\u00ed sucesivamente.\",\"breadcrumb\":{\"@id\":\"https:\/\/librosdelzorrorojo.com\/ca\/cataleg\/un-zorro\/#breadcrumb\"},\"inLanguage\":\"ca\",\"potentialAction\":[{\"@type\":\"ReadAction\",\"target\":[\"https:\/\/librosdelzorrorojo.com\/ca\/cataleg\/un-zorro\/\"]}]},{\"@type\":\"ImageObject\",\"inLanguage\":\"ca\",\"@id\":\"https:\/\/librosdelzorrorojo.com\/ca\/cataleg\/un-zorro\/#primaryimage\",\"url\":\"https:\/\/librosdelzorrorojo.com\/wp-content\/uploads\/2019\/07\/Cover_UnZorro-WEB.jpg\",\"contentUrl\":\"https:\/\/librosdelzorrorojo.com\/wp-content\/uploads\/2019\/07\/Cover_UnZorro-WEB.jpg\",\"width\":850,\"height\":850,\"caption\":\"Cover UnZorro WEB\"},{\"@type\":\"BreadcrumbList\",\"@id\":\"https:\/\/librosdelzorrorojo.com\/ca\/cataleg\/un-zorro\/#breadcrumb\",\"itemListElement\":[{\"@type\":\"ListItem\",\"position\":1,\"name\":\"Portada\",\"item\":\"https:\/\/librosdelzorrorojo.com\/ca\/\"},{\"@type\":\"ListItem\",\"position\":2,\"name\":\"Cat\u00e0leg\",\"item\":\"https:\/\/librosdelzorrorojo.com\/ca\/cataleg\/\"},{\"@type\":\"ListItem\",\"position\":3,\"name\":\"Un Zorro\"}]},{\"@type\":\"WebSite\",\"@id\":\"https:\/\/librosdelzorrorojo.com\/#website\",\"url\":\"https:\/\/librosdelzorrorojo.com\/\",\"name\":\"Libros del Zorro Rojo\",\"description\":\"Libros ilustrados\",\"potentialAction\":[{\"@type\":\"SearchAction\",\"target\":{\"@type\":\"EntryPoint\",\"urlTemplate\":\"https:\/\/librosdelzorrorojo.com\/?s={search_term_string}\"},\"query-input\":{\"@type\":\"PropertyValueSpecification\",\"valueRequired\":true,\"valueName\":\"search_term_string\"}}],\"inLanguage\":\"ca\"}]}<\/script>\n<!-- \/ Yoast SEO plugin. -->","yoast_head_json":{"title":"Un Zorro - Libros del Zorro Rojo","description":"En un corral iluminado por la luna, se escuchan \u00abseis pasos al acecho, siete golpes en la puerta...\u00bb, y as\u00ed sucesivamente.","robots":{"index":"index","follow":"follow","max-snippet":"max-snippet:-1","max-image-preview":"max-image-preview:large","max-video-preview":"max-video-preview:-1"},"canonical":"https:\/\/librosdelzorrorojo.com\/ca\/cataleg\/un-zorro\/","og_locale":"ca_ES","og_type":"article","og_title":"Un Zorro - Libros del Zorro Rojo","og_description":"En un corral iluminado por la luna, se escuchan \u00abseis pasos al acecho, siete golpes en la puerta...\u00bb, y as\u00ed sucesivamente.","og_url":"https:\/\/librosdelzorrorojo.com\/ca\/cataleg\/un-zorro\/","og_site_name":"Libros del Zorro Rojo","article_modified_time":"2025-10-04T13:15:27+00:00","og_image":[{"width":850,"height":850,"url":"https:\/\/librosdelzorrorojo.com\/wp-content\/uploads\/2019\/07\/Cover_UnZorro-WEB.jpg","type":"image\/jpeg"}],"twitter_card":"summary_large_image","twitter_misc":{"Temps estimat de lectura":"1 minut"},"schema":{"@context":"https:\/\/schema.org","@graph":[{"@type":"WebPage","@id":"https:\/\/librosdelzorrorojo.com\/ca\/cataleg\/un-zorro\/","url":"https:\/\/librosdelzorrorojo.com\/ca\/cataleg\/un-zorro\/","name":"Un Zorro - Libros del Zorro Rojo","isPartOf":{"@id":"https:\/\/librosdelzorrorojo.com\/#website"},"primaryImageOfPage":{"@id":"https:\/\/librosdelzorrorojo.com\/ca\/cataleg\/un-zorro\/#primaryimage"},"image":{"@id":"https:\/\/librosdelzorrorojo.com\/ca\/cataleg\/un-zorro\/#primaryimage"},"thumbnailUrl":"https:\/\/librosdelzorrorojo.com\/wp-content\/uploads\/2019\/07\/Cover_UnZorro-WEB.jpg","datePublished":"2019-09-05T07:51:31+00:00","dateModified":"2025-10-04T13:15:27+00:00","description":"En un corral iluminado por la luna, se escuchan \u00abseis pasos al acecho, siete golpes en la puerta...\u00bb, y as\u00ed sucesivamente.","breadcrumb":{"@id":"https:\/\/librosdelzorrorojo.com\/ca\/cataleg\/un-zorro\/#breadcrumb"},"inLanguage":"ca","potentialAction":[{"@type":"ReadAction","target":["https:\/\/librosdelzorrorojo.com\/ca\/cataleg\/un-zorro\/"]}]},{"@type":"ImageObject","inLanguage":"ca","@id":"https:\/\/librosdelzorrorojo.com\/ca\/cataleg\/un-zorro\/#primaryimage","url":"https:\/\/librosdelzorrorojo.com\/wp-content\/uploads\/2019\/07\/Cover_UnZorro-WEB.jpg","contentUrl":"https:\/\/librosdelzorrorojo.com\/wp-content\/uploads\/2019\/07\/Cover_UnZorro-WEB.jpg","width":850,"height":850,"caption":"Cover UnZorro WEB"},{"@type":"BreadcrumbList","@id":"https:\/\/librosdelzorrorojo.com\/ca\/cataleg\/un-zorro\/#breadcrumb","itemListElement":[{"@type":"ListItem","position":1,"name":"Portada","item":"https:\/\/librosdelzorrorojo.com\/ca\/"},{"@type":"ListItem","position":2,"name":"Cat\u00e0leg","item":"https:\/\/librosdelzorrorojo.com\/ca\/cataleg\/"},{"@type":"ListItem","position":3,"name":"Un Zorro"}]},{"@type":"WebSite","@id":"https:\/\/librosdelzorrorojo.com\/#website","url":"https:\/\/librosdelzorrorojo.com\/","name":"Libros del Zorro Rojo","description":"Libros ilustrados","potentialAction":[{"@type":"SearchAction","target":{"@type":"EntryPoint","urlTemplate":"https:\/\/librosdelzorrorojo.com\/?s={search_term_string}"},"query-input":{"@type":"PropertyValueSpecification","valueRequired":true,"valueName":"search_term_string"}}],"inLanguage":"ca"}]}},"_links":{"self":[{"href":"https:\/\/librosdelzorrorojo.com\/ca\/wp-json\/wp\/v2\/product\/15015","targetHints":{"allow":["GET"]}}],"collection":[{"href":"https:\/\/librosdelzorrorojo.com\/ca\/wp-json\/wp\/v2\/product"}],"about":[{"href":"https:\/\/librosdelzorrorojo.com\/ca\/wp-json\/wp\/v2\/types\/product"}],"wp:featuredmedia":[{"embeddable":true,"href":"https:\/\/librosdelzorrorojo.com\/ca\/wp-json\/wp\/v2\/media\/15115"}],"wp:attachment":[{"href":"https:\/\/librosdelzorrorojo.com\/ca\/wp-json\/wp\/v2\/media?parent=15015"}],"wp:term":[{"taxonomy":"product_brand","embeddable":true,"href":"https:\/\/librosdelzorrorojo.com\/ca\/wp-json\/wp\/v2\/product_brand?post=15015"},{"taxonomy":"product_cat","embeddable":true,"href":"https:\/\/librosdelzorrorojo.com\/ca\/wp-json\/wp\/v2\/product_cat?post=15015"},{"taxonomy":"product_tag","embeddable":true,"href":"https:\/\/librosdelzorrorojo.com\/ca\/wp-json\/wp\/v2\/product_tag?post=15015"}],"curies":[{"name":"wp","href":"https:\/\/api.w.org\/{rel}","templated":true}]}}