{"id":15005,"date":"2000-07-26T13:48:19","date_gmt":"2000-07-26T11:48:19","guid":{"rendered":"https:\/\/librosdelzorrorojo.com\/?post_type=product&#038;p=15005"},"modified":"2024-03-01T09:18:09","modified_gmt":"2024-03-01T08:18:09","slug":"dracula-2","status":"publish","type":"product","link":"https:\/\/librosdelzorrorojo.com\/ca\/cataleg\/dracula-2\/","title":{"rendered":"Dr\u00e0cula"},"content":{"rendered":"<p><span>\u00abMort mentre el sol recorre el dia il<span lang=\"CA\">\u00b7luminant el m\u00f3n, el comte espera el retorn de les ombres que el despertaran; llavors, com un sinistre animal nocturn, perseguir\u00e0 noves v\u00edctimes que alimentin amb sang la seva immortalitat.\u00bb<\/span><\/span><\/p>\n<p>El comte reneix en el seu etern m\u00f3n de crits i ombres.<\/p>\n<p>Una incursi\u00f3 per paratges inh\u00f2spits i habitacions tancades, on la vida i la mort es devoren de manera salvatge.<\/p>\n<p>Luis Scafati recobre el mite ocult en les tenebres de la tinta.<\/p>\n","protected":false},"excerpt":{"rendered":"<span>\u00abMort mentre el sol recorre el dia il<span lang=\"CA\">\u00b7luminant el m\u00f3n, el comte espera el retorn de les ombres que el despertaran; llavors, com un sinistre animal nocturn, perseguir\u00e0 noves v\u00edctimes que alimentin amb sang la seva immortalitat.\u00bb<\/span><\/span>","protected":false},"featured_media":17475,"template":"","meta":{"_acf_changed":false},"product_brand":[],"product_cat":[840,3156],"product_tag":[],"class_list":{"0":"post-15005","1":"product","2":"type-product","3":"status-publish","4":"has-post-thumbnail","6":"product_cat-catala","7":"product_cat-juvenil-adult","8":"vinculo-dracula","10":"first","11":"instock","12":"taxable","13":"shipping-taxable","14":"purchasable","15":"product-type-simple"},"acf":[],"yoast_head":"<!-- This site is optimized with the Yoast SEO plugin v25.1 - https:\/\/yoast.com\/wordpress\/plugins\/seo\/ -->\n<title>Dr\u00e0cula - Libros del Zorro Rojo<\/title>\n<meta name=\"description\" content=\"\u00abMort mentre el sol recorre el dia il\u00b7luminant el m\u00f3n, el comte espera el retorn de les ombres que el despertaran; llavors, com un sinistre animal nocturn,\" \/>\n<meta name=\"robots\" content=\"index, follow, max-snippet:-1, max-image-preview:large, max-video-preview:-1\" \/>\n<link rel=\"canonical\" href=\"https:\/\/librosdelzorrorojo.com\/ca\/cataleg\/dracula-2\/\" \/>\n<meta property=\"og:locale\" content=\"ca_ES\" \/>\n<meta property=\"og:type\" content=\"article\" \/>\n<meta property=\"og:title\" content=\"Dr\u00e0cula - Libros del Zorro Rojo\" \/>\n<meta property=\"og:description\" content=\"\u00abMort mentre el sol recorre el dia il\u00b7luminant el m\u00f3n, el comte espera el retorn de les ombres que el despertaran; llavors, com un sinistre animal nocturn,\" \/>\n<meta property=\"og:url\" content=\"https:\/\/librosdelzorrorojo.com\/ca\/cataleg\/dracula-2\/\" \/>\n<meta property=\"og:site_name\" content=\"Libros del Zorro Rojo\" \/>\n<meta property=\"article:modified_time\" content=\"2024-03-01T08:18:09+00:00\" \/>\n<meta property=\"og:image\" content=\"https:\/\/librosdelzorrorojo.com\/wp-content\/uploads\/2012\/09\/ZR-Dracula-Cat.jpeg\" \/>\n\t<meta property=\"og:image:width\" content=\"600\" \/>\n\t<meta property=\"og:image:height\" content=\"480\" \/>\n\t<meta property=\"og:image:type\" content=\"image\/jpeg\" \/>\n<meta name=\"twitter:card\" content=\"summary_large_image\" \/>\n<meta name=\"twitter:label1\" content=\"Temps estimat de lectura\" \/>\n\t<meta name=\"twitter:data1\" content=\"1 minut\" \/>\n<script type=\"application\/ld+json\" class=\"yoast-schema-graph\">{\"@context\":\"https:\/\/schema.org\",\"@graph\":[{\"@type\":\"WebPage\",\"@id\":\"https:\/\/librosdelzorrorojo.com\/ca\/cataleg\/dracula-2\/\",\"url\":\"https:\/\/librosdelzorrorojo.com\/ca\/cataleg\/dracula-2\/\",\"name\":\"Dr\u00e0cula - Libros del Zorro Rojo\",\"isPartOf\":{\"@id\":\"https:\/\/librosdelzorrorojo.com\/#website\"},\"primaryImageOfPage\":{\"@id\":\"https:\/\/librosdelzorrorojo.com\/ca\/cataleg\/dracula-2\/#primaryimage\"},\"image\":{\"@id\":\"https:\/\/librosdelzorrorojo.com\/ca\/cataleg\/dracula-2\/#primaryimage\"},\"thumbnailUrl\":\"https:\/\/librosdelzorrorojo.com\/wp-content\/uploads\/2012\/09\/ZR-Dracula-Cat.jpeg\",\"datePublished\":\"2000-07-26T11:48:19+00:00\",\"dateModified\":\"2024-03-01T08:18:09+00:00\",\"description\":\"\u00abMort mentre el sol recorre el dia il\u00b7luminant el m\u00f3n, el comte espera el retorn de les ombres que el despertaran; llavors, com un sinistre animal nocturn,\",\"breadcrumb\":{\"@id\":\"https:\/\/librosdelzorrorojo.com\/ca\/cataleg\/dracula-2\/#breadcrumb\"},\"inLanguage\":\"ca\",\"potentialAction\":[{\"@type\":\"ReadAction\",\"target\":[\"https:\/\/librosdelzorrorojo.com\/ca\/cataleg\/dracula-2\/\"]}]},{\"@type\":\"ImageObject\",\"inLanguage\":\"ca\",\"@id\":\"https:\/\/librosdelzorrorojo.com\/ca\/cataleg\/dracula-2\/#primaryimage\",\"url\":\"https:\/\/librosdelzorrorojo.com\/wp-content\/uploads\/2012\/09\/ZR-Dracula-Cat.jpeg\",\"contentUrl\":\"https:\/\/librosdelzorrorojo.com\/wp-content\/uploads\/2012\/09\/ZR-Dracula-Cat.jpeg\",\"width\":600,\"height\":480,\"caption\":\"ZR Dracula Cat\"},{\"@type\":\"BreadcrumbList\",\"@id\":\"https:\/\/librosdelzorrorojo.com\/ca\/cataleg\/dracula-2\/#breadcrumb\",\"itemListElement\":[{\"@type\":\"ListItem\",\"position\":1,\"name\":\"Portada\",\"item\":\"https:\/\/librosdelzorrorojo.com\/ca\/\"},{\"@type\":\"ListItem\",\"position\":2,\"name\":\"Cat\u00e0leg\",\"item\":\"https:\/\/librosdelzorrorojo.com\/ca\/cataleg\/\"},{\"@type\":\"ListItem\",\"position\":3,\"name\":\"Dr\u00e0cula\"}]},{\"@type\":\"WebSite\",\"@id\":\"https:\/\/librosdelzorrorojo.com\/#website\",\"url\":\"https:\/\/librosdelzorrorojo.com\/\",\"name\":\"Libros del Zorro Rojo\",\"description\":\"Libros ilustrados\",\"potentialAction\":[{\"@type\":\"SearchAction\",\"target\":{\"@type\":\"EntryPoint\",\"urlTemplate\":\"https:\/\/librosdelzorrorojo.com\/?s={search_term_string}\"},\"query-input\":{\"@type\":\"PropertyValueSpecification\",\"valueRequired\":true,\"valueName\":\"search_term_string\"}}],\"inLanguage\":\"ca\"}]}<\/script>\n<!-- \/ Yoast SEO plugin. -->","yoast_head_json":{"title":"Dr\u00e0cula - Libros del Zorro Rojo","description":"\u00abMort mentre el sol recorre el dia il\u00b7luminant el m\u00f3n, el comte espera el retorn de les ombres que el despertaran; llavors, com un sinistre animal nocturn,","robots":{"index":"index","follow":"follow","max-snippet":"max-snippet:-1","max-image-preview":"max-image-preview:large","max-video-preview":"max-video-preview:-1"},"canonical":"https:\/\/librosdelzorrorojo.com\/ca\/cataleg\/dracula-2\/","og_locale":"ca_ES","og_type":"article","og_title":"Dr\u00e0cula - Libros del Zorro Rojo","og_description":"\u00abMort mentre el sol recorre el dia il\u00b7luminant el m\u00f3n, el comte espera el retorn de les ombres que el despertaran; llavors, com un sinistre animal nocturn,","og_url":"https:\/\/librosdelzorrorojo.com\/ca\/cataleg\/dracula-2\/","og_site_name":"Libros del Zorro Rojo","article_modified_time":"2024-03-01T08:18:09+00:00","og_image":[{"width":600,"height":480,"url":"https:\/\/librosdelzorrorojo.com\/wp-content\/uploads\/2012\/09\/ZR-Dracula-Cat.jpeg","type":"image\/jpeg"}],"twitter_card":"summary_large_image","twitter_misc":{"Temps estimat de lectura":"1 minut"},"schema":{"@context":"https:\/\/schema.org","@graph":[{"@type":"WebPage","@id":"https:\/\/librosdelzorrorojo.com\/ca\/cataleg\/dracula-2\/","url":"https:\/\/librosdelzorrorojo.com\/ca\/cataleg\/dracula-2\/","name":"Dr\u00e0cula - Libros del Zorro Rojo","isPartOf":{"@id":"https:\/\/librosdelzorrorojo.com\/#website"},"primaryImageOfPage":{"@id":"https:\/\/librosdelzorrorojo.com\/ca\/cataleg\/dracula-2\/#primaryimage"},"image":{"@id":"https:\/\/librosdelzorrorojo.com\/ca\/cataleg\/dracula-2\/#primaryimage"},"thumbnailUrl":"https:\/\/librosdelzorrorojo.com\/wp-content\/uploads\/2012\/09\/ZR-Dracula-Cat.jpeg","datePublished":"2000-07-26T11:48:19+00:00","dateModified":"2024-03-01T08:18:09+00:00","description":"\u00abMort mentre el sol recorre el dia il\u00b7luminant el m\u00f3n, el comte espera el retorn de les ombres que el despertaran; llavors, com un sinistre animal nocturn,","breadcrumb":{"@id":"https:\/\/librosdelzorrorojo.com\/ca\/cataleg\/dracula-2\/#breadcrumb"},"inLanguage":"ca","potentialAction":[{"@type":"ReadAction","target":["https:\/\/librosdelzorrorojo.com\/ca\/cataleg\/dracula-2\/"]}]},{"@type":"ImageObject","inLanguage":"ca","@id":"https:\/\/librosdelzorrorojo.com\/ca\/cataleg\/dracula-2\/#primaryimage","url":"https:\/\/librosdelzorrorojo.com\/wp-content\/uploads\/2012\/09\/ZR-Dracula-Cat.jpeg","contentUrl":"https:\/\/librosdelzorrorojo.com\/wp-content\/uploads\/2012\/09\/ZR-Dracula-Cat.jpeg","width":600,"height":480,"caption":"ZR Dracula Cat"},{"@type":"BreadcrumbList","@id":"https:\/\/librosdelzorrorojo.com\/ca\/cataleg\/dracula-2\/#breadcrumb","itemListElement":[{"@type":"ListItem","position":1,"name":"Portada","item":"https:\/\/librosdelzorrorojo.com\/ca\/"},{"@type":"ListItem","position":2,"name":"Cat\u00e0leg","item":"https:\/\/librosdelzorrorojo.com\/ca\/cataleg\/"},{"@type":"ListItem","position":3,"name":"Dr\u00e0cula"}]},{"@type":"WebSite","@id":"https:\/\/librosdelzorrorojo.com\/#website","url":"https:\/\/librosdelzorrorojo.com\/","name":"Libros del Zorro Rojo","description":"Libros ilustrados","potentialAction":[{"@type":"SearchAction","target":{"@type":"EntryPoint","urlTemplate":"https:\/\/librosdelzorrorojo.com\/?s={search_term_string}"},"query-input":{"@type":"PropertyValueSpecification","valueRequired":true,"valueName":"search_term_string"}}],"inLanguage":"ca"}]}},"_links":{"self":[{"href":"https:\/\/librosdelzorrorojo.com\/ca\/wp-json\/wp\/v2\/product\/15005","targetHints":{"allow":["GET"]}}],"collection":[{"href":"https:\/\/librosdelzorrorojo.com\/ca\/wp-json\/wp\/v2\/product"}],"about":[{"href":"https:\/\/librosdelzorrorojo.com\/ca\/wp-json\/wp\/v2\/types\/product"}],"wp:featuredmedia":[{"embeddable":true,"href":"https:\/\/librosdelzorrorojo.com\/ca\/wp-json\/wp\/v2\/media\/17475"}],"wp:attachment":[{"href":"https:\/\/librosdelzorrorojo.com\/ca\/wp-json\/wp\/v2\/media?parent=15005"}],"wp:term":[{"taxonomy":"product_brand","embeddable":true,"href":"https:\/\/librosdelzorrorojo.com\/ca\/wp-json\/wp\/v2\/product_brand?post=15005"},{"taxonomy":"product_cat","embeddable":true,"href":"https:\/\/librosdelzorrorojo.com\/ca\/wp-json\/wp\/v2\/product_cat?post=15005"},{"taxonomy":"product_tag","embeddable":true,"href":"https:\/\/librosdelzorrorojo.com\/ca\/wp-json\/wp\/v2\/product_tag?post=15005"}],"curies":[{"name":"wp","href":"https:\/\/api.w.org\/{rel}","templated":true}]}}