{"id":15004,"date":"2019-09-29T10:15:31","date_gmt":"2019-08-30T13:55:42","guid":{"rendered":"https:\/\/librosdelzorrorojo.com\/?post_type=product&#038;p=15004"},"modified":"2024-02-29T11:40:00","modified_gmt":"2024-02-29T10:40:00","slug":"mi-perro-y-yo","status":"publish","type":"product","link":"https:\/\/librosdelzorrorojo.com\/ca\/cataleg\/mi-perro-y-yo\/","title":{"rendered":"Mi perro y yo"},"content":{"rendered":"<p>\u00abQuien ha escuchado mi historia se ha sentido menos solo, y as\u00ed, yo tambi\u00e9n me he sentido menos sola.\u00bb explica Kaye Blegvad, la autora de <em>Mi perro y yo<\/em>, una obra que no pretende ser un mero desahogo personal, sino el grito de quienes muchas veces se sienten juzgados y estigmatizados por sus alteraciones emocionales.<\/p>\n<p>En una \u00e9poca en que los prejuicios contra las enfermedades mentales conviven con la reivindicaci\u00f3n de una nueva narrativa para entenderlas, Kaye Blegvad explica con valent\u00eda su propia historia de padecimiento y superaci\u00f3n de la depresi\u00f3n, metaforizada en un perro negro y enorme que la acompa\u00f1a desde su nacimiento. El perro se manifiesta agresivo e incontrolable durante la adolescencia, y pasar\u00e1n muchos a\u00f1os hasta que la protagonista llegue a entender (y aceptar) que el perro no es algo que pueda negar o abandonar, sino que forma parte de ella misma.<\/p>\n<p>Con una prosa directa e intimista y un dibujo sencillo en tinta negra, Blegvad describe un rico y complejo proceso de reconciliaci\u00f3n con sus sentimientos oscuros. Este ensayo visual, compartido originalmente a trav\u00e9s del famoso medio digital Buzzfeed, se materializ\u00f3 en papel gracias a una campa\u00f1a colaborativa en Kickstarter: en pocas semanas, el presupuesto necesario se hab\u00eda quintuplicado, los lectores reclamaban escuchar su historia, la historia de tantas personas.<\/p>\n<p><em>Mi perro y yo <\/em>es una obra audaz y original, que reivindica la angustia y el dolor en la literatura desde un punto de vista novedoso y personal, sin tab\u00fas. Los lectores y lectoras disfrutar\u00e1n de este diario de vida en el que se ver\u00e1n reflejados sus propios miedos y angustias, pero en el que encontrar\u00e1n un mensaje positivo y esperanzador.<\/p>\n","protected":false},"excerpt":{"rendered":"<em>Mi perro y yo <\/em>es una obra audaz y original, que reivindica la angustia y el dolor en la literatura desde un punto de vista novedoso y personal, sin tab\u00fas.","protected":false},"featured_media":15217,"template":"","meta":{"_acf_changed":false},"product_brand":[],"product_cat":[844,3156,845],"product_tag":[],"class_list":{"0":"post-15004","1":"product","2":"type-product","3":"status-publish","4":"has-post-thumbnail","6":"product_cat-castella","7":"product_cat-juvenil-adult","8":"product_cat-imperdible-ca","10":"first","11":"instock","12":"taxable","13":"shipping-taxable","14":"purchasable","15":"product-type-simple"},"acf":[],"yoast_head":"<!-- This site is optimized with the Yoast SEO plugin v25.1 - https:\/\/yoast.com\/wordpress\/plugins\/seo\/ -->\n<title>Mi perro y yo - Libros del Zorro Rojo<\/title>\n<meta name=\"description\" content=\"En una \u00e9poca en que los prejuicios contra las enfermedades mentales conviven con la reivindicaci\u00f3n de una nueva narrativa para entenderlas, Kaye Blegvad explica con valent\u00eda su propia historia de padecimiento y superaci\u00f3n de la depresi\u00f3n.\" \/>\n<meta name=\"robots\" content=\"index, follow, max-snippet:-1, max-image-preview:large, max-video-preview:-1\" \/>\n<link rel=\"canonical\" href=\"https:\/\/librosdelzorrorojo.com\/ca\/cataleg\/mi-perro-y-yo\/\" \/>\n<meta property=\"og:locale\" content=\"ca_ES\" \/>\n<meta property=\"og:type\" content=\"article\" \/>\n<meta property=\"og:title\" content=\"Mi perro y yo - Libros del Zorro Rojo\" \/>\n<meta property=\"og:description\" content=\"En una \u00e9poca en que los prejuicios contra las enfermedades mentales conviven con la reivindicaci\u00f3n de una nueva narrativa para entenderlas, Kaye Blegvad explica con valent\u00eda su propia historia de padecimiento y superaci\u00f3n de la depresi\u00f3n.\" \/>\n<meta property=\"og:url\" content=\"https:\/\/librosdelzorrorojo.com\/ca\/cataleg\/mi-perro-y-yo\/\" \/>\n<meta property=\"og:site_name\" content=\"Libros del Zorro Rojo\" \/>\n<meta property=\"article:modified_time\" content=\"2024-02-29T10:40:00+00:00\" \/>\n<meta property=\"og:image\" content=\"https:\/\/librosdelzorrorojo.com\/wp-content\/uploads\/2019\/07\/Cover_MiPerroYYo-WEB.jpg\" \/>\n\t<meta property=\"og:image:width\" content=\"850\" \/>\n\t<meta property=\"og:image:height\" content=\"632\" \/>\n\t<meta property=\"og:image:type\" content=\"image\/jpeg\" \/>\n<meta name=\"twitter:card\" content=\"summary_large_image\" \/>\n<meta name=\"twitter:label1\" content=\"Temps estimat de lectura\" \/>\n\t<meta name=\"twitter:data1\" content=\"1 minut\" \/>\n<script type=\"application\/ld+json\" class=\"yoast-schema-graph\">{\"@context\":\"https:\/\/schema.org\",\"@graph\":[{\"@type\":\"WebPage\",\"@id\":\"https:\/\/librosdelzorrorojo.com\/ca\/cataleg\/mi-perro-y-yo\/\",\"url\":\"https:\/\/librosdelzorrorojo.com\/ca\/cataleg\/mi-perro-y-yo\/\",\"name\":\"Mi perro y yo - Libros del Zorro Rojo\",\"isPartOf\":{\"@id\":\"https:\/\/librosdelzorrorojo.com\/#website\"},\"primaryImageOfPage\":{\"@id\":\"https:\/\/librosdelzorrorojo.com\/ca\/cataleg\/mi-perro-y-yo\/#primaryimage\"},\"image\":{\"@id\":\"https:\/\/librosdelzorrorojo.com\/ca\/cataleg\/mi-perro-y-yo\/#primaryimage\"},\"thumbnailUrl\":\"https:\/\/librosdelzorrorojo.com\/wp-content\/uploads\/2019\/07\/Cover_MiPerroYYo-WEB.jpg\",\"datePublished\":\"2019-08-30T13:55:42+00:00\",\"dateModified\":\"2024-02-29T10:40:00+00:00\",\"description\":\"En una \u00e9poca en que los prejuicios contra las enfermedades mentales conviven con la reivindicaci\u00f3n de una nueva narrativa para entenderlas, Kaye Blegvad explica con valent\u00eda su propia historia de padecimiento y superaci\u00f3n de la depresi\u00f3n.\",\"breadcrumb\":{\"@id\":\"https:\/\/librosdelzorrorojo.com\/ca\/cataleg\/mi-perro-y-yo\/#breadcrumb\"},\"inLanguage\":\"ca\",\"potentialAction\":[{\"@type\":\"ReadAction\",\"target\":[\"https:\/\/librosdelzorrorojo.com\/ca\/cataleg\/mi-perro-y-yo\/\"]}]},{\"@type\":\"ImageObject\",\"inLanguage\":\"ca\",\"@id\":\"https:\/\/librosdelzorrorojo.com\/ca\/cataleg\/mi-perro-y-yo\/#primaryimage\",\"url\":\"https:\/\/librosdelzorrorojo.com\/wp-content\/uploads\/2019\/07\/Cover_MiPerroYYo-WEB.jpg\",\"contentUrl\":\"https:\/\/librosdelzorrorojo.com\/wp-content\/uploads\/2019\/07\/Cover_MiPerroYYo-WEB.jpg\",\"width\":850,\"height\":632,\"caption\":\"Cover MiPerroYYo WEB\"},{\"@type\":\"BreadcrumbList\",\"@id\":\"https:\/\/librosdelzorrorojo.com\/ca\/cataleg\/mi-perro-y-yo\/#breadcrumb\",\"itemListElement\":[{\"@type\":\"ListItem\",\"position\":1,\"name\":\"Portada\",\"item\":\"https:\/\/librosdelzorrorojo.com\/ca\/\"},{\"@type\":\"ListItem\",\"position\":2,\"name\":\"Cat\u00e0leg\",\"item\":\"https:\/\/librosdelzorrorojo.com\/ca\/cataleg\/\"},{\"@type\":\"ListItem\",\"position\":3,\"name\":\"Mi perro y yo\"}]},{\"@type\":\"WebSite\",\"@id\":\"https:\/\/librosdelzorrorojo.com\/#website\",\"url\":\"https:\/\/librosdelzorrorojo.com\/\",\"name\":\"Libros del Zorro Rojo\",\"description\":\"Libros ilustrados\",\"potentialAction\":[{\"@type\":\"SearchAction\",\"target\":{\"@type\":\"EntryPoint\",\"urlTemplate\":\"https:\/\/librosdelzorrorojo.com\/?s={search_term_string}\"},\"query-input\":{\"@type\":\"PropertyValueSpecification\",\"valueRequired\":true,\"valueName\":\"search_term_string\"}}],\"inLanguage\":\"ca\"}]}<\/script>\n<!-- \/ Yoast SEO plugin. -->","yoast_head_json":{"title":"Mi perro y yo - Libros del Zorro Rojo","description":"En una \u00e9poca en que los prejuicios contra las enfermedades mentales conviven con la reivindicaci\u00f3n de una nueva narrativa para entenderlas, Kaye Blegvad explica con valent\u00eda su propia historia de padecimiento y superaci\u00f3n de la depresi\u00f3n.","robots":{"index":"index","follow":"follow","max-snippet":"max-snippet:-1","max-image-preview":"max-image-preview:large","max-video-preview":"max-video-preview:-1"},"canonical":"https:\/\/librosdelzorrorojo.com\/ca\/cataleg\/mi-perro-y-yo\/","og_locale":"ca_ES","og_type":"article","og_title":"Mi perro y yo - Libros del Zorro Rojo","og_description":"En una \u00e9poca en que los prejuicios contra las enfermedades mentales conviven con la reivindicaci\u00f3n de una nueva narrativa para entenderlas, Kaye Blegvad explica con valent\u00eda su propia historia de padecimiento y superaci\u00f3n de la depresi\u00f3n.","og_url":"https:\/\/librosdelzorrorojo.com\/ca\/cataleg\/mi-perro-y-yo\/","og_site_name":"Libros del Zorro Rojo","article_modified_time":"2024-02-29T10:40:00+00:00","og_image":[{"width":850,"height":632,"url":"https:\/\/librosdelzorrorojo.com\/wp-content\/uploads\/2019\/07\/Cover_MiPerroYYo-WEB.jpg","type":"image\/jpeg"}],"twitter_card":"summary_large_image","twitter_misc":{"Temps estimat de lectura":"1 minut"},"schema":{"@context":"https:\/\/schema.org","@graph":[{"@type":"WebPage","@id":"https:\/\/librosdelzorrorojo.com\/ca\/cataleg\/mi-perro-y-yo\/","url":"https:\/\/librosdelzorrorojo.com\/ca\/cataleg\/mi-perro-y-yo\/","name":"Mi perro y yo - Libros del Zorro Rojo","isPartOf":{"@id":"https:\/\/librosdelzorrorojo.com\/#website"},"primaryImageOfPage":{"@id":"https:\/\/librosdelzorrorojo.com\/ca\/cataleg\/mi-perro-y-yo\/#primaryimage"},"image":{"@id":"https:\/\/librosdelzorrorojo.com\/ca\/cataleg\/mi-perro-y-yo\/#primaryimage"},"thumbnailUrl":"https:\/\/librosdelzorrorojo.com\/wp-content\/uploads\/2019\/07\/Cover_MiPerroYYo-WEB.jpg","datePublished":"2019-08-30T13:55:42+00:00","dateModified":"2024-02-29T10:40:00+00:00","description":"En una \u00e9poca en que los prejuicios contra las enfermedades mentales conviven con la reivindicaci\u00f3n de una nueva narrativa para entenderlas, Kaye Blegvad explica con valent\u00eda su propia historia de padecimiento y superaci\u00f3n de la depresi\u00f3n.","breadcrumb":{"@id":"https:\/\/librosdelzorrorojo.com\/ca\/cataleg\/mi-perro-y-yo\/#breadcrumb"},"inLanguage":"ca","potentialAction":[{"@type":"ReadAction","target":["https:\/\/librosdelzorrorojo.com\/ca\/cataleg\/mi-perro-y-yo\/"]}]},{"@type":"ImageObject","inLanguage":"ca","@id":"https:\/\/librosdelzorrorojo.com\/ca\/cataleg\/mi-perro-y-yo\/#primaryimage","url":"https:\/\/librosdelzorrorojo.com\/wp-content\/uploads\/2019\/07\/Cover_MiPerroYYo-WEB.jpg","contentUrl":"https:\/\/librosdelzorrorojo.com\/wp-content\/uploads\/2019\/07\/Cover_MiPerroYYo-WEB.jpg","width":850,"height":632,"caption":"Cover MiPerroYYo WEB"},{"@type":"BreadcrumbList","@id":"https:\/\/librosdelzorrorojo.com\/ca\/cataleg\/mi-perro-y-yo\/#breadcrumb","itemListElement":[{"@type":"ListItem","position":1,"name":"Portada","item":"https:\/\/librosdelzorrorojo.com\/ca\/"},{"@type":"ListItem","position":2,"name":"Cat\u00e0leg","item":"https:\/\/librosdelzorrorojo.com\/ca\/cataleg\/"},{"@type":"ListItem","position":3,"name":"Mi perro y yo"}]},{"@type":"WebSite","@id":"https:\/\/librosdelzorrorojo.com\/#website","url":"https:\/\/librosdelzorrorojo.com\/","name":"Libros del Zorro Rojo","description":"Libros ilustrados","potentialAction":[{"@type":"SearchAction","target":{"@type":"EntryPoint","urlTemplate":"https:\/\/librosdelzorrorojo.com\/?s={search_term_string}"},"query-input":{"@type":"PropertyValueSpecification","valueRequired":true,"valueName":"search_term_string"}}],"inLanguage":"ca"}]}},"_links":{"self":[{"href":"https:\/\/librosdelzorrorojo.com\/ca\/wp-json\/wp\/v2\/product\/15004","targetHints":{"allow":["GET"]}}],"collection":[{"href":"https:\/\/librosdelzorrorojo.com\/ca\/wp-json\/wp\/v2\/product"}],"about":[{"href":"https:\/\/librosdelzorrorojo.com\/ca\/wp-json\/wp\/v2\/types\/product"}],"wp:featuredmedia":[{"embeddable":true,"href":"https:\/\/librosdelzorrorojo.com\/ca\/wp-json\/wp\/v2\/media\/15217"}],"wp:attachment":[{"href":"https:\/\/librosdelzorrorojo.com\/ca\/wp-json\/wp\/v2\/media?parent=15004"}],"wp:term":[{"taxonomy":"product_brand","embeddable":true,"href":"https:\/\/librosdelzorrorojo.com\/ca\/wp-json\/wp\/v2\/product_brand?post=15004"},{"taxonomy":"product_cat","embeddable":true,"href":"https:\/\/librosdelzorrorojo.com\/ca\/wp-json\/wp\/v2\/product_cat?post=15004"},{"taxonomy":"product_tag","embeddable":true,"href":"https:\/\/librosdelzorrorojo.com\/ca\/wp-json\/wp\/v2\/product_tag?post=15004"}],"curies":[{"name":"wp","href":"https:\/\/api.w.org\/{rel}","templated":true}]}}