{"id":14982,"date":"2019-06-06T12:36:36","date_gmt":"2019-06-06T10:36:36","guid":{"rendered":"https:\/\/librosdelzorrorojo.com\/?post_type=product&#038;p=14982"},"modified":"2025-08-28T15:47:01","modified_gmt":"2025-08-28T13:47:01","slug":"quan-el-sol-desperta","status":"publish","type":"product","link":"https:\/\/librosdelzorrorojo.com\/ca\/cataleg\/quan-el-sol-desperta\/","title":{"rendered":"Quan desperta el sol"},"content":{"rendered":"<p>Quan el sol desperta, el m\u00f3n es transforma: el gat s\u2019estira, la flor s\u2019obre, el gall canta\u2026 I aix\u00ed comen\u00e7a un conte senzill, un reguitzell de descobriments, personatges i accions que el lector podr\u00e0 recitar en veu alta i fins i tot ampliar amb altres troballes pr\u00f2ximes a la seva realitat.<\/p>\n<p>I quan desperta la lluna? Doncs tots aquests mateixos personatges fan alguna cosa diferent: el gos s\u2019arrauleix, la casa dorm, el nen somnia\u2026 Un llibre de cart\u00f3 concebut a la mida dels m\u00e9s petits, amb il\u00b7lustracions belles, subtils i descriptives del premiat artista itali\u00e0 Philip Giordano.<\/p>\n","protected":false},"excerpt":{"rendered":"Quan el sol desperta, el m\u00f3n es transforma: el gat s\u2019estira, la flor s\u2019obre, el gall canta\u2026 I aix\u00ed comen\u00e7a un conte senzill, un reguitzell de descobriments, personatges i accions que el lector podr\u00e0 recitar en veu alta i fins i tot ampliar amb altres troballes pr\u00f2ximes a la seva realitat.","protected":false},"featured_media":15128,"template":"","meta":{"_acf_changed":false},"product_brand":[],"product_cat":[840],"product_tag":[],"class_list":{"0":"post-14982","1":"product","2":"type-product","3":"status-publish","4":"has-post-thumbnail","6":"product_cat-catala","7":"vinculo-cuando-el-sol-despierta","9":"first","10":"outofstock","11":"taxable","12":"shipping-taxable","13":"purchasable","14":"product-type-simple"},"acf":[],"yoast_head":"<!-- This site is optimized with the Yoast SEO plugin v25.1 - https:\/\/yoast.com\/wordpress\/plugins\/seo\/ -->\n<title>Quan desperta el sol - Libros del Zorro Rojo<\/title>\n<meta name=\"description\" content=\"Quan el sol desperta, el m\u00f3n es transforma: el gat s\u2019estira, la flor s\u2019obre, el gall canta\u2026 I aix\u00ed comen\u00e7a un conte senzill\" \/>\n<meta name=\"robots\" content=\"index, follow, max-snippet:-1, max-image-preview:large, max-video-preview:-1\" \/>\n<link rel=\"canonical\" href=\"https:\/\/librosdelzorrorojo.com\/ca\/cataleg\/quan-el-sol-desperta\/\" \/>\n<meta property=\"og:locale\" content=\"ca_ES\" \/>\n<meta property=\"og:type\" content=\"article\" \/>\n<meta property=\"og:title\" content=\"Quan desperta el sol - Libros del Zorro Rojo\" \/>\n<meta property=\"og:description\" content=\"Quan el sol desperta, el m\u00f3n es transforma: el gat s\u2019estira, la flor s\u2019obre, el gall canta\u2026 I aix\u00ed comen\u00e7a un conte senzill\" \/>\n<meta property=\"og:url\" content=\"https:\/\/librosdelzorrorojo.com\/ca\/cataleg\/quan-el-sol-desperta\/\" \/>\n<meta property=\"og:site_name\" content=\"Libros del Zorro Rojo\" \/>\n<meta property=\"article:modified_time\" content=\"2025-08-28T13:47:01+00:00\" \/>\n<meta property=\"og:image\" content=\"https:\/\/librosdelzorrorojo.com\/wp-content\/uploads\/2019\/06\/Cover_Quan-desperta-el-sol-CAT.jpg\" \/>\n\t<meta property=\"og:image:width\" content=\"2828\" \/>\n\t<meta property=\"og:image:height\" content=\"2263\" \/>\n\t<meta property=\"og:image:type\" content=\"image\/jpeg\" \/>\n<meta name=\"twitter:card\" content=\"summary_large_image\" \/>\n<meta name=\"twitter:label1\" content=\"Temps estimat de lectura\" \/>\n\t<meta name=\"twitter:data1\" content=\"1 minut\" \/>\n<script type=\"application\/ld+json\" class=\"yoast-schema-graph\">{\"@context\":\"https:\/\/schema.org\",\"@graph\":[{\"@type\":\"WebPage\",\"@id\":\"https:\/\/librosdelzorrorojo.com\/ca\/cataleg\/quan-el-sol-desperta\/\",\"url\":\"https:\/\/librosdelzorrorojo.com\/ca\/cataleg\/quan-el-sol-desperta\/\",\"name\":\"Quan desperta el sol - Libros del Zorro Rojo\",\"isPartOf\":{\"@id\":\"https:\/\/librosdelzorrorojo.com\/#website\"},\"primaryImageOfPage\":{\"@id\":\"https:\/\/librosdelzorrorojo.com\/ca\/cataleg\/quan-el-sol-desperta\/#primaryimage\"},\"image\":{\"@id\":\"https:\/\/librosdelzorrorojo.com\/ca\/cataleg\/quan-el-sol-desperta\/#primaryimage\"},\"thumbnailUrl\":\"https:\/\/librosdelzorrorojo.com\/wp-content\/uploads\/2019\/07\/Cover_Quan-desperta-el-sol-CAT.jpg\",\"datePublished\":\"2019-06-06T10:36:36+00:00\",\"dateModified\":\"2025-08-28T13:47:01+00:00\",\"description\":\"Quan el sol desperta, el m\u00f3n es transforma: el gat s\u2019estira, la flor s\u2019obre, el gall canta\u2026 I aix\u00ed comen\u00e7a un conte senzill\",\"breadcrumb\":{\"@id\":\"https:\/\/librosdelzorrorojo.com\/ca\/cataleg\/quan-el-sol-desperta\/#breadcrumb\"},\"inLanguage\":\"ca\",\"potentialAction\":[{\"@type\":\"ReadAction\",\"target\":[\"https:\/\/librosdelzorrorojo.com\/ca\/cataleg\/quan-el-sol-desperta\/\"]}]},{\"@type\":\"ImageObject\",\"inLanguage\":\"ca\",\"@id\":\"https:\/\/librosdelzorrorojo.com\/ca\/cataleg\/quan-el-sol-desperta\/#primaryimage\",\"url\":\"https:\/\/librosdelzorrorojo.com\/wp-content\/uploads\/2019\/07\/Cover_Quan-desperta-el-sol-CAT.jpg\",\"contentUrl\":\"https:\/\/librosdelzorrorojo.com\/wp-content\/uploads\/2019\/07\/Cover_Quan-desperta-el-sol-CAT.jpg\",\"width\":2828,\"height\":2263,\"caption\":\"Cover Quan desperta el sol CAT\"},{\"@type\":\"BreadcrumbList\",\"@id\":\"https:\/\/librosdelzorrorojo.com\/ca\/cataleg\/quan-el-sol-desperta\/#breadcrumb\",\"itemListElement\":[{\"@type\":\"ListItem\",\"position\":1,\"name\":\"Portada\",\"item\":\"https:\/\/librosdelzorrorojo.com\/ca\/\"},{\"@type\":\"ListItem\",\"position\":2,\"name\":\"Cat\u00e0leg\",\"item\":\"https:\/\/librosdelzorrorojo.com\/ca\/cataleg\/\"},{\"@type\":\"ListItem\",\"position\":3,\"name\":\"Quan desperta el sol\"}]},{\"@type\":\"WebSite\",\"@id\":\"https:\/\/librosdelzorrorojo.com\/#website\",\"url\":\"https:\/\/librosdelzorrorojo.com\/\",\"name\":\"Libros del Zorro Rojo\",\"description\":\"Libros ilustrados\",\"potentialAction\":[{\"@type\":\"SearchAction\",\"target\":{\"@type\":\"EntryPoint\",\"urlTemplate\":\"https:\/\/librosdelzorrorojo.com\/?s={search_term_string}\"},\"query-input\":{\"@type\":\"PropertyValueSpecification\",\"valueRequired\":true,\"valueName\":\"search_term_string\"}}],\"inLanguage\":\"ca\"}]}<\/script>\n<!-- \/ Yoast SEO plugin. -->","yoast_head_json":{"title":"Quan desperta el sol - Libros del Zorro Rojo","description":"Quan el sol desperta, el m\u00f3n es transforma: el gat s\u2019estira, la flor s\u2019obre, el gall canta\u2026 I aix\u00ed comen\u00e7a un conte senzill","robots":{"index":"index","follow":"follow","max-snippet":"max-snippet:-1","max-image-preview":"max-image-preview:large","max-video-preview":"max-video-preview:-1"},"canonical":"https:\/\/librosdelzorrorojo.com\/ca\/cataleg\/quan-el-sol-desperta\/","og_locale":"ca_ES","og_type":"article","og_title":"Quan desperta el sol - Libros del Zorro Rojo","og_description":"Quan el sol desperta, el m\u00f3n es transforma: el gat s\u2019estira, la flor s\u2019obre, el gall canta\u2026 I aix\u00ed comen\u00e7a un conte senzill","og_url":"https:\/\/librosdelzorrorojo.com\/ca\/cataleg\/quan-el-sol-desperta\/","og_site_name":"Libros del Zorro Rojo","article_modified_time":"2025-08-28T13:47:01+00:00","og_image":[{"width":2828,"height":2263,"url":"https:\/\/librosdelzorrorojo.com\/wp-content\/uploads\/2019\/06\/Cover_Quan-desperta-el-sol-CAT.jpg","type":"image\/jpeg"}],"twitter_card":"summary_large_image","twitter_misc":{"Temps estimat de lectura":"1 minut"},"schema":{"@context":"https:\/\/schema.org","@graph":[{"@type":"WebPage","@id":"https:\/\/librosdelzorrorojo.com\/ca\/cataleg\/quan-el-sol-desperta\/","url":"https:\/\/librosdelzorrorojo.com\/ca\/cataleg\/quan-el-sol-desperta\/","name":"Quan desperta el sol - Libros del Zorro Rojo","isPartOf":{"@id":"https:\/\/librosdelzorrorojo.com\/#website"},"primaryImageOfPage":{"@id":"https:\/\/librosdelzorrorojo.com\/ca\/cataleg\/quan-el-sol-desperta\/#primaryimage"},"image":{"@id":"https:\/\/librosdelzorrorojo.com\/ca\/cataleg\/quan-el-sol-desperta\/#primaryimage"},"thumbnailUrl":"https:\/\/librosdelzorrorojo.com\/wp-content\/uploads\/2019\/07\/Cover_Quan-desperta-el-sol-CAT.jpg","datePublished":"2019-06-06T10:36:36+00:00","dateModified":"2025-08-28T13:47:01+00:00","description":"Quan el sol desperta, el m\u00f3n es transforma: el gat s\u2019estira, la flor s\u2019obre, el gall canta\u2026 I aix\u00ed comen\u00e7a un conte senzill","breadcrumb":{"@id":"https:\/\/librosdelzorrorojo.com\/ca\/cataleg\/quan-el-sol-desperta\/#breadcrumb"},"inLanguage":"ca","potentialAction":[{"@type":"ReadAction","target":["https:\/\/librosdelzorrorojo.com\/ca\/cataleg\/quan-el-sol-desperta\/"]}]},{"@type":"ImageObject","inLanguage":"ca","@id":"https:\/\/librosdelzorrorojo.com\/ca\/cataleg\/quan-el-sol-desperta\/#primaryimage","url":"https:\/\/librosdelzorrorojo.com\/wp-content\/uploads\/2019\/07\/Cover_Quan-desperta-el-sol-CAT.jpg","contentUrl":"https:\/\/librosdelzorrorojo.com\/wp-content\/uploads\/2019\/07\/Cover_Quan-desperta-el-sol-CAT.jpg","width":2828,"height":2263,"caption":"Cover Quan desperta el sol CAT"},{"@type":"BreadcrumbList","@id":"https:\/\/librosdelzorrorojo.com\/ca\/cataleg\/quan-el-sol-desperta\/#breadcrumb","itemListElement":[{"@type":"ListItem","position":1,"name":"Portada","item":"https:\/\/librosdelzorrorojo.com\/ca\/"},{"@type":"ListItem","position":2,"name":"Cat\u00e0leg","item":"https:\/\/librosdelzorrorojo.com\/ca\/cataleg\/"},{"@type":"ListItem","position":3,"name":"Quan desperta el sol"}]},{"@type":"WebSite","@id":"https:\/\/librosdelzorrorojo.com\/#website","url":"https:\/\/librosdelzorrorojo.com\/","name":"Libros del Zorro Rojo","description":"Libros ilustrados","potentialAction":[{"@type":"SearchAction","target":{"@type":"EntryPoint","urlTemplate":"https:\/\/librosdelzorrorojo.com\/?s={search_term_string}"},"query-input":{"@type":"PropertyValueSpecification","valueRequired":true,"valueName":"search_term_string"}}],"inLanguage":"ca"}]}},"_links":{"self":[{"href":"https:\/\/librosdelzorrorojo.com\/ca\/wp-json\/wp\/v2\/product\/14982","targetHints":{"allow":["GET"]}}],"collection":[{"href":"https:\/\/librosdelzorrorojo.com\/ca\/wp-json\/wp\/v2\/product"}],"about":[{"href":"https:\/\/librosdelzorrorojo.com\/ca\/wp-json\/wp\/v2\/types\/product"}],"wp:featuredmedia":[{"embeddable":true,"href":"https:\/\/librosdelzorrorojo.com\/ca\/wp-json\/wp\/v2\/media\/15128"}],"wp:attachment":[{"href":"https:\/\/librosdelzorrorojo.com\/ca\/wp-json\/wp\/v2\/media?parent=14982"}],"wp:term":[{"taxonomy":"product_brand","embeddable":true,"href":"https:\/\/librosdelzorrorojo.com\/ca\/wp-json\/wp\/v2\/product_brand?post=14982"},{"taxonomy":"product_cat","embeddable":true,"href":"https:\/\/librosdelzorrorojo.com\/ca\/wp-json\/wp\/v2\/product_cat?post=14982"},{"taxonomy":"product_tag","embeddable":true,"href":"https:\/\/librosdelzorrorojo.com\/ca\/wp-json\/wp\/v2\/product_tag?post=14982"}],"curies":[{"name":"wp","href":"https:\/\/api.w.org\/{rel}","templated":true}]}}