{"id":14486,"date":"2000-05-30T11:37:02","date_gmt":"2000-05-30T09:37:02","guid":{"rendered":"https:\/\/librosdelzorrorojo.com\/?post_type=product&#038;p=14486"},"modified":"2024-03-01T09:21:30","modified_gmt":"2024-03-01T08:21:30","slug":"el-silenci-de-laigua","status":"publish","type":"product","link":"https:\/\/librosdelzorrorojo.com\/ca\/cataleg\/el-silenci-de-laigua\/","title":{"rendered":"El silenci de l&#8217;aigua"},"content":{"rendered":"<p><span>\u00abVaig tornar a lloc, el sol ja s&#8217;havia post, vaig tirar l&#8217;ham i vaig esperar. No crec que hi hagi en tot el m\u00f3n un silenci tan profund com el silenci de l&#8217;aigua. El vaig sentir en aquell moment i no l&#8217;he oblidat mai m\u00e9s.\u00bb<\/span><\/p>\n<p><span>A la vora del riu Tajo, un nen est\u00e0 a punt d&#8217;atrapar el gran peix. En el mateix moment que perd la seva presa, comen\u00e7a per a ell el despertar de la lucidesa. A partir d&#8217;un record d&#8217;inf\u00e0ncia, Jos\u00e9 Saramago elabora una rondalla de gran bellesa i saviesa que Manuel Estrada recrea meravellosament.\u00a0<\/span><\/p>\n","protected":false},"excerpt":{"rendered":"<span>A la vora del riu Tajo, un nen est\u00e0 a punt d&#8217;atrapar el gran peix. En el mateix moment que perd la seva presa, comen\u00e7a per a ell el despertar de la lucidesa.<\/span>","protected":false},"featured_media":14758,"template":"","meta":{"_acf_changed":false},"product_brand":[],"product_cat":[840,843],"product_tag":[],"class_list":{"0":"post-14486","1":"product","2":"type-product","3":"status-publish","4":"has-post-thumbnail","6":"product_cat-catala","7":"product_cat-infantiles-ca","8":"vinculo-el-silencio-del-agua","10":"first","11":"instock","12":"taxable","13":"shipping-taxable","14":"purchasable","15":"product-type-simple"},"acf":[],"yoast_head":"<!-- This site is optimized with the Yoast SEO plugin v25.1 - https:\/\/yoast.com\/wordpress\/plugins\/seo\/ -->\n<title>El silenci de l&#039;aigua - Libros del Zorro Rojo<\/title>\n<meta name=\"description\" content=\"A la vora del riu Tajo, un nen est\u00e0 a punt d&#039;atrapar el gran peix. En el mateix moment que perd la seva presa, comen\u00e7a per a ell el despertar de la\" \/>\n<meta name=\"robots\" content=\"index, follow, max-snippet:-1, max-image-preview:large, max-video-preview:-1\" \/>\n<link rel=\"canonical\" href=\"https:\/\/librosdelzorrorojo.com\/ca\/cataleg\/el-silenci-de-laigua\/\" \/>\n<meta property=\"og:locale\" content=\"ca_ES\" \/>\n<meta property=\"og:type\" content=\"article\" \/>\n<meta property=\"og:title\" content=\"El silenci de l&#039;aigua - Libros del Zorro Rojo\" \/>\n<meta property=\"og:description\" content=\"A la vora del riu Tajo, un nen est\u00e0 a punt d&#039;atrapar el gran peix. En el mateix moment que perd la seva presa, comen\u00e7a per a ell el despertar de la\" \/>\n<meta property=\"og:url\" content=\"https:\/\/librosdelzorrorojo.com\/ca\/cataleg\/el-silenci-de-laigua\/\" \/>\n<meta property=\"og:site_name\" content=\"Libros del Zorro Rojo\" \/>\n<meta property=\"article:modified_time\" content=\"2024-03-01T08:21:30+00:00\" \/>\n<meta property=\"og:image\" content=\"https:\/\/librosdelzorrorojo.com\/wp-content\/uploads\/2000\/05\/Cover_El-silencio-del-agua-CAT-WEB.jpg\" \/>\n\t<meta property=\"og:image:width\" content=\"850\" \/>\n\t<meta property=\"og:image:height\" content=\"1130\" \/>\n\t<meta property=\"og:image:type\" content=\"image\/jpeg\" \/>\n<meta name=\"twitter:card\" content=\"summary_large_image\" \/>\n<meta name=\"twitter:label1\" content=\"Temps estimat de lectura\" \/>\n\t<meta name=\"twitter:data1\" content=\"1 minut\" \/>\n<script type=\"application\/ld+json\" class=\"yoast-schema-graph\">{\"@context\":\"https:\/\/schema.org\",\"@graph\":[{\"@type\":\"WebPage\",\"@id\":\"https:\/\/librosdelzorrorojo.com\/ca\/cataleg\/el-silenci-de-laigua\/\",\"url\":\"https:\/\/librosdelzorrorojo.com\/ca\/cataleg\/el-silenci-de-laigua\/\",\"name\":\"El silenci de l'aigua - Libros del Zorro Rojo\",\"isPartOf\":{\"@id\":\"https:\/\/librosdelzorrorojo.com\/#website\"},\"primaryImageOfPage\":{\"@id\":\"https:\/\/librosdelzorrorojo.com\/ca\/cataleg\/el-silenci-de-laigua\/#primaryimage\"},\"image\":{\"@id\":\"https:\/\/librosdelzorrorojo.com\/ca\/cataleg\/el-silenci-de-laigua\/#primaryimage\"},\"thumbnailUrl\":\"https:\/\/librosdelzorrorojo.com\/wp-content\/uploads\/2000\/05\/Cover_El-silencio-del-agua-CAT-WEB.jpg\",\"datePublished\":\"2000-05-30T09:37:02+00:00\",\"dateModified\":\"2024-03-01T08:21:30+00:00\",\"description\":\"A la vora del riu Tajo, un nen est\u00e0 a punt d'atrapar el gran peix. En el mateix moment que perd la seva presa, comen\u00e7a per a ell el despertar de la\",\"breadcrumb\":{\"@id\":\"https:\/\/librosdelzorrorojo.com\/ca\/cataleg\/el-silenci-de-laigua\/#breadcrumb\"},\"inLanguage\":\"ca\",\"potentialAction\":[{\"@type\":\"ReadAction\",\"target\":[\"https:\/\/librosdelzorrorojo.com\/ca\/cataleg\/el-silenci-de-laigua\/\"]}]},{\"@type\":\"ImageObject\",\"inLanguage\":\"ca\",\"@id\":\"https:\/\/librosdelzorrorojo.com\/ca\/cataleg\/el-silenci-de-laigua\/#primaryimage\",\"url\":\"https:\/\/librosdelzorrorojo.com\/wp-content\/uploads\/2000\/05\/Cover_El-silencio-del-agua-CAT-WEB.jpg\",\"contentUrl\":\"https:\/\/librosdelzorrorojo.com\/wp-content\/uploads\/2000\/05\/Cover_El-silencio-del-agua-CAT-WEB.jpg\",\"width\":850,\"height\":1130,\"caption\":\"Cover El silencio del agua CAT WEB\"},{\"@type\":\"BreadcrumbList\",\"@id\":\"https:\/\/librosdelzorrorojo.com\/ca\/cataleg\/el-silenci-de-laigua\/#breadcrumb\",\"itemListElement\":[{\"@type\":\"ListItem\",\"position\":1,\"name\":\"Portada\",\"item\":\"https:\/\/librosdelzorrorojo.com\/ca\/\"},{\"@type\":\"ListItem\",\"position\":2,\"name\":\"Cat\u00e0leg\",\"item\":\"https:\/\/librosdelzorrorojo.com\/ca\/cataleg\/\"},{\"@type\":\"ListItem\",\"position\":3,\"name\":\"El silenci de l&#8217;aigua\"}]},{\"@type\":\"WebSite\",\"@id\":\"https:\/\/librosdelzorrorojo.com\/#website\",\"url\":\"https:\/\/librosdelzorrorojo.com\/\",\"name\":\"Libros del Zorro Rojo\",\"description\":\"Libros ilustrados\",\"potentialAction\":[{\"@type\":\"SearchAction\",\"target\":{\"@type\":\"EntryPoint\",\"urlTemplate\":\"https:\/\/librosdelzorrorojo.com\/?s={search_term_string}\"},\"query-input\":{\"@type\":\"PropertyValueSpecification\",\"valueRequired\":true,\"valueName\":\"search_term_string\"}}],\"inLanguage\":\"ca\"}]}<\/script>\n<!-- \/ Yoast SEO plugin. -->","yoast_head_json":{"title":"El silenci de l'aigua - Libros del Zorro Rojo","description":"A la vora del riu Tajo, un nen est\u00e0 a punt d'atrapar el gran peix. En el mateix moment que perd la seva presa, comen\u00e7a per a ell el despertar de la","robots":{"index":"index","follow":"follow","max-snippet":"max-snippet:-1","max-image-preview":"max-image-preview:large","max-video-preview":"max-video-preview:-1"},"canonical":"https:\/\/librosdelzorrorojo.com\/ca\/cataleg\/el-silenci-de-laigua\/","og_locale":"ca_ES","og_type":"article","og_title":"El silenci de l'aigua - Libros del Zorro Rojo","og_description":"A la vora del riu Tajo, un nen est\u00e0 a punt d'atrapar el gran peix. En el mateix moment que perd la seva presa, comen\u00e7a per a ell el despertar de la","og_url":"https:\/\/librosdelzorrorojo.com\/ca\/cataleg\/el-silenci-de-laigua\/","og_site_name":"Libros del Zorro Rojo","article_modified_time":"2024-03-01T08:21:30+00:00","og_image":[{"width":850,"height":1130,"url":"https:\/\/librosdelzorrorojo.com\/wp-content\/uploads\/2000\/05\/Cover_El-silencio-del-agua-CAT-WEB.jpg","type":"image\/jpeg"}],"twitter_card":"summary_large_image","twitter_misc":{"Temps estimat de lectura":"1 minut"},"schema":{"@context":"https:\/\/schema.org","@graph":[{"@type":"WebPage","@id":"https:\/\/librosdelzorrorojo.com\/ca\/cataleg\/el-silenci-de-laigua\/","url":"https:\/\/librosdelzorrorojo.com\/ca\/cataleg\/el-silenci-de-laigua\/","name":"El silenci de l'aigua - Libros del Zorro Rojo","isPartOf":{"@id":"https:\/\/librosdelzorrorojo.com\/#website"},"primaryImageOfPage":{"@id":"https:\/\/librosdelzorrorojo.com\/ca\/cataleg\/el-silenci-de-laigua\/#primaryimage"},"image":{"@id":"https:\/\/librosdelzorrorojo.com\/ca\/cataleg\/el-silenci-de-laigua\/#primaryimage"},"thumbnailUrl":"https:\/\/librosdelzorrorojo.com\/wp-content\/uploads\/2000\/05\/Cover_El-silencio-del-agua-CAT-WEB.jpg","datePublished":"2000-05-30T09:37:02+00:00","dateModified":"2024-03-01T08:21:30+00:00","description":"A la vora del riu Tajo, un nen est\u00e0 a punt d'atrapar el gran peix. En el mateix moment que perd la seva presa, comen\u00e7a per a ell el despertar de la","breadcrumb":{"@id":"https:\/\/librosdelzorrorojo.com\/ca\/cataleg\/el-silenci-de-laigua\/#breadcrumb"},"inLanguage":"ca","potentialAction":[{"@type":"ReadAction","target":["https:\/\/librosdelzorrorojo.com\/ca\/cataleg\/el-silenci-de-laigua\/"]}]},{"@type":"ImageObject","inLanguage":"ca","@id":"https:\/\/librosdelzorrorojo.com\/ca\/cataleg\/el-silenci-de-laigua\/#primaryimage","url":"https:\/\/librosdelzorrorojo.com\/wp-content\/uploads\/2000\/05\/Cover_El-silencio-del-agua-CAT-WEB.jpg","contentUrl":"https:\/\/librosdelzorrorojo.com\/wp-content\/uploads\/2000\/05\/Cover_El-silencio-del-agua-CAT-WEB.jpg","width":850,"height":1130,"caption":"Cover El silencio del agua CAT WEB"},{"@type":"BreadcrumbList","@id":"https:\/\/librosdelzorrorojo.com\/ca\/cataleg\/el-silenci-de-laigua\/#breadcrumb","itemListElement":[{"@type":"ListItem","position":1,"name":"Portada","item":"https:\/\/librosdelzorrorojo.com\/ca\/"},{"@type":"ListItem","position":2,"name":"Cat\u00e0leg","item":"https:\/\/librosdelzorrorojo.com\/ca\/cataleg\/"},{"@type":"ListItem","position":3,"name":"El silenci de l&#8217;aigua"}]},{"@type":"WebSite","@id":"https:\/\/librosdelzorrorojo.com\/#website","url":"https:\/\/librosdelzorrorojo.com\/","name":"Libros del Zorro Rojo","description":"Libros ilustrados","potentialAction":[{"@type":"SearchAction","target":{"@type":"EntryPoint","urlTemplate":"https:\/\/librosdelzorrorojo.com\/?s={search_term_string}"},"query-input":{"@type":"PropertyValueSpecification","valueRequired":true,"valueName":"search_term_string"}}],"inLanguage":"ca"}]}},"_links":{"self":[{"href":"https:\/\/librosdelzorrorojo.com\/ca\/wp-json\/wp\/v2\/product\/14486","targetHints":{"allow":["GET"]}}],"collection":[{"href":"https:\/\/librosdelzorrorojo.com\/ca\/wp-json\/wp\/v2\/product"}],"about":[{"href":"https:\/\/librosdelzorrorojo.com\/ca\/wp-json\/wp\/v2\/types\/product"}],"wp:featuredmedia":[{"embeddable":true,"href":"https:\/\/librosdelzorrorojo.com\/ca\/wp-json\/wp\/v2\/media\/14758"}],"wp:attachment":[{"href":"https:\/\/librosdelzorrorojo.com\/ca\/wp-json\/wp\/v2\/media?parent=14486"}],"wp:term":[{"taxonomy":"product_brand","embeddable":true,"href":"https:\/\/librosdelzorrorojo.com\/ca\/wp-json\/wp\/v2\/product_brand?post=14486"},{"taxonomy":"product_cat","embeddable":true,"href":"https:\/\/librosdelzorrorojo.com\/ca\/wp-json\/wp\/v2\/product_cat?post=14486"},{"taxonomy":"product_tag","embeddable":true,"href":"https:\/\/librosdelzorrorojo.com\/ca\/wp-json\/wp\/v2\/product_tag?post=14486"}],"curies":[{"name":"wp","href":"https:\/\/api.w.org\/{rel}","templated":true}]}}