{"id":14464,"date":"2000-05-30T10:44:06","date_gmt":"2000-05-30T08:44:06","guid":{"rendered":"https:\/\/librosdelzorrorojo.com\/?post_type=product&#038;p=14464"},"modified":"2024-03-01T09:20:48","modified_gmt":"2024-03-01T08:20:48","slug":"poe-2","status":"publish","type":"product","link":"https:\/\/librosdelzorrorojo.com\/ca\/cataleg\/poe-2\/","title":{"rendered":"Poe"},"content":{"rendered":"<p>La vida d&#8217;Edgar Allan Poe pren en aquestes p\u00e0gines tota la seva dimensi\u00f3 humana, la de l&#8217;escriptor el geni del qual ha de lluitar contra les adversitats. Els esc\u00e0ndols, la mis\u00e8ria, la mort, la dem\u00e8ncia i, sublim, travessen els dies i les nits d&#8217;un creador visionari, marcat per la trag\u00e8dia.<\/p>\n<p>Jordi Sierra i Fabra, Premi Nacional de Literatura Infantil i Juvenil 2007, ha sabut elaborar un viu retrat de Poe i de la seva literatura, i Alberto V\u00e1zquez l&#8217;ha dotat d&#8217;unes delicioses imatges.<\/p>\n","protected":false},"excerpt":{"rendered":"La vida d&#8217;Edgar Allan Poe pren en aquestes p\u00e0gines tota la seva dimensi\u00f3 humana, la de l&#8217;escriptor el geni del qual ha de lluitar contra les adversitats. Els esc\u00e0ndols, la mis\u00e8ria, la mort, la dem\u00e8ncia i, sublim, travessen els dies i les nits d&#8217;un creador visionari, marcat per la trag\u00e8dia.","protected":false},"featured_media":14471,"template":"","meta":{"_acf_changed":false},"product_brand":[],"product_cat":[840,3156],"product_tag":[],"class_list":{"0":"post-14464","1":"product","2":"type-product","3":"status-publish","4":"has-post-thumbnail","6":"product_cat-catala","7":"product_cat-juvenil-adult","8":"vinculo-poe","10":"first","11":"instock","12":"taxable","13":"shipping-taxable","14":"purchasable","15":"product-type-simple"},"acf":[],"yoast_head":"<!-- This site is optimized with the Yoast SEO plugin v25.1 - https:\/\/yoast.com\/wordpress\/plugins\/seo\/ -->\n<title>Poe - Libros del Zorro Rojo<\/title>\n<meta name=\"description\" content=\"La vida d&#039;Edgar Allan Poe pren en aquestes p\u00e0gines tota la seva dimensi\u00f3 humana, la de l&#039;escriptor el geni del qual ha de lluitar contra les adversitats.\" \/>\n<meta name=\"robots\" content=\"index, follow, max-snippet:-1, max-image-preview:large, max-video-preview:-1\" \/>\n<link rel=\"canonical\" href=\"https:\/\/librosdelzorrorojo.com\/ca\/cataleg\/poe-2\/\" \/>\n<meta property=\"og:locale\" content=\"ca_ES\" \/>\n<meta property=\"og:type\" content=\"article\" \/>\n<meta property=\"og:title\" content=\"Poe - Libros del Zorro Rojo\" \/>\n<meta property=\"og:description\" content=\"La vida d&#039;Edgar Allan Poe pren en aquestes p\u00e0gines tota la seva dimensi\u00f3 humana, la de l&#039;escriptor el geni del qual ha de lluitar contra les adversitats.\" \/>\n<meta property=\"og:url\" content=\"https:\/\/librosdelzorrorojo.com\/ca\/cataleg\/poe-2\/\" \/>\n<meta property=\"og:site_name\" content=\"Libros del Zorro Rojo\" \/>\n<meta property=\"article:modified_time\" content=\"2024-03-01T08:20:48+00:00\" \/>\n<meta property=\"og:image\" content=\"https:\/\/librosdelzorrorojo.com\/wp-content\/uploads\/2019\/05\/Blog-Poe-Jordi-Vazquez-4.gif\" \/>\n\t<meta property=\"og:image:width\" content=\"768\" \/>\n\t<meta property=\"og:image:height\" content=\"554\" \/>\n\t<meta property=\"og:image:type\" content=\"image\/gif\" \/>\n<meta name=\"twitter:card\" content=\"summary_large_image\" \/>\n<script type=\"application\/ld+json\" class=\"yoast-schema-graph\">{\"@context\":\"https:\/\/schema.org\",\"@graph\":[{\"@type\":\"WebPage\",\"@id\":\"https:\/\/librosdelzorrorojo.com\/ca\/cataleg\/poe-2\/\",\"url\":\"https:\/\/librosdelzorrorojo.com\/ca\/cataleg\/poe-2\/\",\"name\":\"Poe - Libros del Zorro Rojo\",\"isPartOf\":{\"@id\":\"https:\/\/librosdelzorrorojo.com\/#website\"},\"primaryImageOfPage\":{\"@id\":\"https:\/\/librosdelzorrorojo.com\/ca\/cataleg\/poe-2\/#primaryimage\"},\"image\":{\"@id\":\"https:\/\/librosdelzorrorojo.com\/ca\/cataleg\/poe-2\/#primaryimage\"},\"thumbnailUrl\":\"https:\/\/librosdelzorrorojo.com\/wp-content\/uploads\/2019\/05\/Portada-catalan.jpg\",\"datePublished\":\"2000-05-30T08:44:06+00:00\",\"dateModified\":\"2024-03-01T08:20:48+00:00\",\"description\":\"La vida d'Edgar Allan Poe pren en aquestes p\u00e0gines tota la seva dimensi\u00f3 humana, la de l'escriptor el geni del qual ha de lluitar contra les adversitats.\",\"breadcrumb\":{\"@id\":\"https:\/\/librosdelzorrorojo.com\/ca\/cataleg\/poe-2\/#breadcrumb\"},\"inLanguage\":\"ca\",\"potentialAction\":[{\"@type\":\"ReadAction\",\"target\":[\"https:\/\/librosdelzorrorojo.com\/ca\/cataleg\/poe-2\/\"]}]},{\"@type\":\"ImageObject\",\"inLanguage\":\"ca\",\"@id\":\"https:\/\/librosdelzorrorojo.com\/ca\/cataleg\/poe-2\/#primaryimage\",\"url\":\"https:\/\/librosdelzorrorojo.com\/wp-content\/uploads\/2019\/05\/Portada-catalan.jpg\",\"contentUrl\":\"https:\/\/librosdelzorrorojo.com\/wp-content\/uploads\/2019\/05\/Portada-catalan.jpg\",\"width\":420,\"height\":591,\"caption\":\"Portada catalan\"},{\"@type\":\"BreadcrumbList\",\"@id\":\"https:\/\/librosdelzorrorojo.com\/ca\/cataleg\/poe-2\/#breadcrumb\",\"itemListElement\":[{\"@type\":\"ListItem\",\"position\":1,\"name\":\"Portada\",\"item\":\"https:\/\/librosdelzorrorojo.com\/ca\/\"},{\"@type\":\"ListItem\",\"position\":2,\"name\":\"Cat\u00e0leg\",\"item\":\"https:\/\/librosdelzorrorojo.com\/ca\/cataleg\/\"},{\"@type\":\"ListItem\",\"position\":3,\"name\":\"Poe\"}]},{\"@type\":\"WebSite\",\"@id\":\"https:\/\/librosdelzorrorojo.com\/#website\",\"url\":\"https:\/\/librosdelzorrorojo.com\/\",\"name\":\"Libros del Zorro Rojo\",\"description\":\"Libros ilustrados\",\"potentialAction\":[{\"@type\":\"SearchAction\",\"target\":{\"@type\":\"EntryPoint\",\"urlTemplate\":\"https:\/\/librosdelzorrorojo.com\/?s={search_term_string}\"},\"query-input\":{\"@type\":\"PropertyValueSpecification\",\"valueRequired\":true,\"valueName\":\"search_term_string\"}}],\"inLanguage\":\"ca\"}]}<\/script>\n<!-- \/ Yoast SEO plugin. -->","yoast_head_json":{"title":"Poe - Libros del Zorro Rojo","description":"La vida d'Edgar Allan Poe pren en aquestes p\u00e0gines tota la seva dimensi\u00f3 humana, la de l'escriptor el geni del qual ha de lluitar contra les adversitats.","robots":{"index":"index","follow":"follow","max-snippet":"max-snippet:-1","max-image-preview":"max-image-preview:large","max-video-preview":"max-video-preview:-1"},"canonical":"https:\/\/librosdelzorrorojo.com\/ca\/cataleg\/poe-2\/","og_locale":"ca_ES","og_type":"article","og_title":"Poe - Libros del Zorro Rojo","og_description":"La vida d'Edgar Allan Poe pren en aquestes p\u00e0gines tota la seva dimensi\u00f3 humana, la de l'escriptor el geni del qual ha de lluitar contra les adversitats.","og_url":"https:\/\/librosdelzorrorojo.com\/ca\/cataleg\/poe-2\/","og_site_name":"Libros del Zorro Rojo","article_modified_time":"2024-03-01T08:20:48+00:00","og_image":[{"width":768,"height":554,"url":"https:\/\/librosdelzorrorojo.com\/wp-content\/uploads\/2019\/05\/Blog-Poe-Jordi-Vazquez-4.gif","type":"image\/gif"}],"twitter_card":"summary_large_image","schema":{"@context":"https:\/\/schema.org","@graph":[{"@type":"WebPage","@id":"https:\/\/librosdelzorrorojo.com\/ca\/cataleg\/poe-2\/","url":"https:\/\/librosdelzorrorojo.com\/ca\/cataleg\/poe-2\/","name":"Poe - Libros del Zorro Rojo","isPartOf":{"@id":"https:\/\/librosdelzorrorojo.com\/#website"},"primaryImageOfPage":{"@id":"https:\/\/librosdelzorrorojo.com\/ca\/cataleg\/poe-2\/#primaryimage"},"image":{"@id":"https:\/\/librosdelzorrorojo.com\/ca\/cataleg\/poe-2\/#primaryimage"},"thumbnailUrl":"https:\/\/librosdelzorrorojo.com\/wp-content\/uploads\/2019\/05\/Portada-catalan.jpg","datePublished":"2000-05-30T08:44:06+00:00","dateModified":"2024-03-01T08:20:48+00:00","description":"La vida d'Edgar Allan Poe pren en aquestes p\u00e0gines tota la seva dimensi\u00f3 humana, la de l'escriptor el geni del qual ha de lluitar contra les adversitats.","breadcrumb":{"@id":"https:\/\/librosdelzorrorojo.com\/ca\/cataleg\/poe-2\/#breadcrumb"},"inLanguage":"ca","potentialAction":[{"@type":"ReadAction","target":["https:\/\/librosdelzorrorojo.com\/ca\/cataleg\/poe-2\/"]}]},{"@type":"ImageObject","inLanguage":"ca","@id":"https:\/\/librosdelzorrorojo.com\/ca\/cataleg\/poe-2\/#primaryimage","url":"https:\/\/librosdelzorrorojo.com\/wp-content\/uploads\/2019\/05\/Portada-catalan.jpg","contentUrl":"https:\/\/librosdelzorrorojo.com\/wp-content\/uploads\/2019\/05\/Portada-catalan.jpg","width":420,"height":591,"caption":"Portada catalan"},{"@type":"BreadcrumbList","@id":"https:\/\/librosdelzorrorojo.com\/ca\/cataleg\/poe-2\/#breadcrumb","itemListElement":[{"@type":"ListItem","position":1,"name":"Portada","item":"https:\/\/librosdelzorrorojo.com\/ca\/"},{"@type":"ListItem","position":2,"name":"Cat\u00e0leg","item":"https:\/\/librosdelzorrorojo.com\/ca\/cataleg\/"},{"@type":"ListItem","position":3,"name":"Poe"}]},{"@type":"WebSite","@id":"https:\/\/librosdelzorrorojo.com\/#website","url":"https:\/\/librosdelzorrorojo.com\/","name":"Libros del Zorro Rojo","description":"Libros ilustrados","potentialAction":[{"@type":"SearchAction","target":{"@type":"EntryPoint","urlTemplate":"https:\/\/librosdelzorrorojo.com\/?s={search_term_string}"},"query-input":{"@type":"PropertyValueSpecification","valueRequired":true,"valueName":"search_term_string"}}],"inLanguage":"ca"}]}},"_links":{"self":[{"href":"https:\/\/librosdelzorrorojo.com\/ca\/wp-json\/wp\/v2\/product\/14464","targetHints":{"allow":["GET"]}}],"collection":[{"href":"https:\/\/librosdelzorrorojo.com\/ca\/wp-json\/wp\/v2\/product"}],"about":[{"href":"https:\/\/librosdelzorrorojo.com\/ca\/wp-json\/wp\/v2\/types\/product"}],"wp:featuredmedia":[{"embeddable":true,"href":"https:\/\/librosdelzorrorojo.com\/ca\/wp-json\/wp\/v2\/media\/14471"}],"wp:attachment":[{"href":"https:\/\/librosdelzorrorojo.com\/ca\/wp-json\/wp\/v2\/media?parent=14464"}],"wp:term":[{"taxonomy":"product_brand","embeddable":true,"href":"https:\/\/librosdelzorrorojo.com\/ca\/wp-json\/wp\/v2\/product_brand?post=14464"},{"taxonomy":"product_cat","embeddable":true,"href":"https:\/\/librosdelzorrorojo.com\/ca\/wp-json\/wp\/v2\/product_cat?post=14464"},{"taxonomy":"product_tag","embeddable":true,"href":"https:\/\/librosdelzorrorojo.com\/ca\/wp-json\/wp\/v2\/product_tag?post=14464"}],"curies":[{"name":"wp","href":"https:\/\/api.w.org\/{rel}","templated":true}]}}