{"id":14428,"date":"2000-05-29T14:43:36","date_gmt":"2000-05-29T12:43:36","guid":{"rendered":"https:\/\/librosdelzorrorojo.com\/?post_type=product&#038;p=14428"},"modified":"2024-03-01T09:19:59","modified_gmt":"2024-03-01T08:19:59","slug":"el-nen-que-va-caure-en-un-forat","status":"publish","type":"product","link":"https:\/\/librosdelzorrorojo.com\/ca\/cataleg\/el-nen-que-va-caure-en-un-forat\/","title":{"rendered":"El nen que va caure en un forat"},"content":{"rendered":"<p><span>\u00abNing\u00fa no vol veure un nen caigut en un forat. Els molesta. Se senten malament. Pensa en aquelles persones que veuen les desgr\u00e0cies a la televisi\u00f3. Mengen, sopen, parlen i, quan hi ha algun fet tr\u00e0gic, canvien de canal amb nom\u00e9s un dit. Un dit! Tan senzill com aix\u00f2. Un dit i la realitat a fer punyetes.\u00bb<\/span><span>En Marc es troba en una situaci\u00f3 problem\u00e0tica. Des que va caure en aquell forat demana ajuda, per\u00f2 ning\u00fa no fa res. Tothom passa a prop seu, incapa\u00e7 de comprometre\u2019s, de ser solidari. Com podr\u00e0 trobar una soluci\u00f3 si no sembla que n\u2019hi pugui haver cap? Enfonsat en la realitat, en Marc va descobrint el m\u00f3n tal com \u00e9s.<\/span><\/p>\n<p>Una intel\u00b7ligent s\u00e0tira social, que mostra la cara m\u00e9s hip\u00f2crita de la societat, per\u00f2 tamb\u00e9 l\u2019amistat d\u2019alguns i la lucidesa que poden arribar a assolir els que decideixen superar les adversitats.<\/p>\n","protected":false},"excerpt":{"rendered":"<span>\u00abNing\u00fa no vol veure un nen caigut en un forat. Els molesta. Se senten malament. Pensa en aquelles persones que veuen les desgr\u00e0cies a la televisi\u00f3.<\/span>","protected":false},"featured_media":14534,"template":"","meta":{"_acf_changed":false},"product_brand":[],"product_cat":[840,3156],"product_tag":[],"class_list":{"0":"post-14428","1":"product","2":"type-product","3":"status-publish","4":"has-post-thumbnail","6":"product_cat-catala","7":"product_cat-juvenil-adult","8":"vinculo-el-nino-que-se-cayo-en-un-agujero","10":"first","11":"instock","12":"taxable","13":"shipping-taxable","14":"purchasable","15":"product-type-simple"},"acf":[],"yoast_head":"<!-- This site is optimized with the Yoast SEO plugin v25.1 - https:\/\/yoast.com\/wordpress\/plugins\/seo\/ -->\n<title>El nen que va caure en un forat - Libros del Zorro Rojo<\/title>\n<meta name=\"description\" content=\"\u00abNing\u00fa no vol veure un nen caigut en un forat. Els molesta. Se senten malament. Pensa en aquelles persones que veuen les desgr\u00e0cies a la televisi\u00f3.\" \/>\n<meta name=\"robots\" content=\"index, follow, max-snippet:-1, max-image-preview:large, max-video-preview:-1\" \/>\n<link rel=\"canonical\" href=\"https:\/\/librosdelzorrorojo.com\/ca\/cataleg\/el-nen-que-va-caure-en-un-forat\/\" \/>\n<meta property=\"og:locale\" content=\"ca_ES\" \/>\n<meta property=\"og:type\" content=\"article\" \/>\n<meta property=\"og:title\" content=\"El nen que va caure en un forat - Libros del Zorro Rojo\" \/>\n<meta property=\"og:description\" content=\"\u00abNing\u00fa no vol veure un nen caigut en un forat. Els molesta. Se senten malament. Pensa en aquelles persones que veuen les desgr\u00e0cies a la televisi\u00f3.\" \/>\n<meta property=\"og:url\" content=\"https:\/\/librosdelzorrorojo.com\/ca\/cataleg\/el-nen-que-va-caure-en-un-forat\/\" \/>\n<meta property=\"og:site_name\" content=\"Libros del Zorro Rojo\" \/>\n<meta property=\"article:modified_time\" content=\"2024-03-01T08:19:59+00:00\" \/>\n<meta property=\"og:image\" content=\"https:\/\/librosdelzorrorojo.com\/wp-content\/uploads\/2019\/05\/Blog-Jordi3.gif\" \/>\n\t<meta property=\"og:image:width\" content=\"802\" \/>\n\t<meta property=\"og:image:height\" content=\"614\" \/>\n\t<meta property=\"og:image:type\" content=\"image\/gif\" \/>\n<meta name=\"twitter:card\" content=\"summary_large_image\" \/>\n<meta name=\"twitter:label1\" content=\"Temps estimat de lectura\" \/>\n\t<meta name=\"twitter:data1\" content=\"1 minut\" \/>\n<script type=\"application\/ld+json\" class=\"yoast-schema-graph\">{\"@context\":\"https:\/\/schema.org\",\"@graph\":[{\"@type\":\"WebPage\",\"@id\":\"https:\/\/librosdelzorrorojo.com\/ca\/cataleg\/el-nen-que-va-caure-en-un-forat\/\",\"url\":\"https:\/\/librosdelzorrorojo.com\/ca\/cataleg\/el-nen-que-va-caure-en-un-forat\/\",\"name\":\"El nen que va caure en un forat - Libros del Zorro Rojo\",\"isPartOf\":{\"@id\":\"https:\/\/librosdelzorrorojo.com\/#website\"},\"primaryImageOfPage\":{\"@id\":\"https:\/\/librosdelzorrorojo.com\/ca\/cataleg\/el-nen-que-va-caure-en-un-forat\/#primaryimage\"},\"image\":{\"@id\":\"https:\/\/librosdelzorrorojo.com\/ca\/cataleg\/el-nen-que-va-caure-en-un-forat\/#primaryimage\"},\"thumbnailUrl\":\"https:\/\/librosdelzorrorojo.com\/wp-content\/uploads\/2000\/05\/Cover_El-nen-que-va-caure-en-un-forat.jpg\",\"datePublished\":\"2000-05-29T12:43:36+00:00\",\"dateModified\":\"2024-03-01T08:19:59+00:00\",\"description\":\"\u00abNing\u00fa no vol veure un nen caigut en un forat. Els molesta. Se senten malament. Pensa en aquelles persones que veuen les desgr\u00e0cies a la televisi\u00f3.\",\"breadcrumb\":{\"@id\":\"https:\/\/librosdelzorrorojo.com\/ca\/cataleg\/el-nen-que-va-caure-en-un-forat\/#breadcrumb\"},\"inLanguage\":\"ca\",\"potentialAction\":[{\"@type\":\"ReadAction\",\"target\":[\"https:\/\/librosdelzorrorojo.com\/ca\/cataleg\/el-nen-que-va-caure-en-un-forat\/\"]}]},{\"@type\":\"ImageObject\",\"inLanguage\":\"ca\",\"@id\":\"https:\/\/librosdelzorrorojo.com\/ca\/cataleg\/el-nen-que-va-caure-en-un-forat\/#primaryimage\",\"url\":\"https:\/\/librosdelzorrorojo.com\/wp-content\/uploads\/2000\/05\/Cover_El-nen-que-va-caure-en-un-forat.jpg\",\"contentUrl\":\"https:\/\/librosdelzorrorojo.com\/wp-content\/uploads\/2000\/05\/Cover_El-nen-que-va-caure-en-un-forat.jpg\",\"width\":850,\"height\":1233,\"caption\":\"Cover El nen que va caure en un forat\"},{\"@type\":\"BreadcrumbList\",\"@id\":\"https:\/\/librosdelzorrorojo.com\/ca\/cataleg\/el-nen-que-va-caure-en-un-forat\/#breadcrumb\",\"itemListElement\":[{\"@type\":\"ListItem\",\"position\":1,\"name\":\"Portada\",\"item\":\"https:\/\/librosdelzorrorojo.com\/ca\/\"},{\"@type\":\"ListItem\",\"position\":2,\"name\":\"Cat\u00e0leg\",\"item\":\"https:\/\/librosdelzorrorojo.com\/ca\/cataleg\/\"},{\"@type\":\"ListItem\",\"position\":3,\"name\":\"El nen que va caure en un forat\"}]},{\"@type\":\"WebSite\",\"@id\":\"https:\/\/librosdelzorrorojo.com\/#website\",\"url\":\"https:\/\/librosdelzorrorojo.com\/\",\"name\":\"Libros del Zorro Rojo\",\"description\":\"Libros ilustrados\",\"potentialAction\":[{\"@type\":\"SearchAction\",\"target\":{\"@type\":\"EntryPoint\",\"urlTemplate\":\"https:\/\/librosdelzorrorojo.com\/?s={search_term_string}\"},\"query-input\":{\"@type\":\"PropertyValueSpecification\",\"valueRequired\":true,\"valueName\":\"search_term_string\"}}],\"inLanguage\":\"ca\"}]}<\/script>\n<!-- \/ Yoast SEO plugin. -->","yoast_head_json":{"title":"El nen que va caure en un forat - Libros del Zorro Rojo","description":"\u00abNing\u00fa no vol veure un nen caigut en un forat. Els molesta. Se senten malament. Pensa en aquelles persones que veuen les desgr\u00e0cies a la televisi\u00f3.","robots":{"index":"index","follow":"follow","max-snippet":"max-snippet:-1","max-image-preview":"max-image-preview:large","max-video-preview":"max-video-preview:-1"},"canonical":"https:\/\/librosdelzorrorojo.com\/ca\/cataleg\/el-nen-que-va-caure-en-un-forat\/","og_locale":"ca_ES","og_type":"article","og_title":"El nen que va caure en un forat - Libros del Zorro Rojo","og_description":"\u00abNing\u00fa no vol veure un nen caigut en un forat. Els molesta. Se senten malament. Pensa en aquelles persones que veuen les desgr\u00e0cies a la televisi\u00f3.","og_url":"https:\/\/librosdelzorrorojo.com\/ca\/cataleg\/el-nen-que-va-caure-en-un-forat\/","og_site_name":"Libros del Zorro Rojo","article_modified_time":"2024-03-01T08:19:59+00:00","og_image":[{"width":802,"height":614,"url":"https:\/\/librosdelzorrorojo.com\/wp-content\/uploads\/2019\/05\/Blog-Jordi3.gif","type":"image\/gif"}],"twitter_card":"summary_large_image","twitter_misc":{"Temps estimat de lectura":"1 minut"},"schema":{"@context":"https:\/\/schema.org","@graph":[{"@type":"WebPage","@id":"https:\/\/librosdelzorrorojo.com\/ca\/cataleg\/el-nen-que-va-caure-en-un-forat\/","url":"https:\/\/librosdelzorrorojo.com\/ca\/cataleg\/el-nen-que-va-caure-en-un-forat\/","name":"El nen que va caure en un forat - Libros del Zorro Rojo","isPartOf":{"@id":"https:\/\/librosdelzorrorojo.com\/#website"},"primaryImageOfPage":{"@id":"https:\/\/librosdelzorrorojo.com\/ca\/cataleg\/el-nen-que-va-caure-en-un-forat\/#primaryimage"},"image":{"@id":"https:\/\/librosdelzorrorojo.com\/ca\/cataleg\/el-nen-que-va-caure-en-un-forat\/#primaryimage"},"thumbnailUrl":"https:\/\/librosdelzorrorojo.com\/wp-content\/uploads\/2000\/05\/Cover_El-nen-que-va-caure-en-un-forat.jpg","datePublished":"2000-05-29T12:43:36+00:00","dateModified":"2024-03-01T08:19:59+00:00","description":"\u00abNing\u00fa no vol veure un nen caigut en un forat. Els molesta. Se senten malament. Pensa en aquelles persones que veuen les desgr\u00e0cies a la televisi\u00f3.","breadcrumb":{"@id":"https:\/\/librosdelzorrorojo.com\/ca\/cataleg\/el-nen-que-va-caure-en-un-forat\/#breadcrumb"},"inLanguage":"ca","potentialAction":[{"@type":"ReadAction","target":["https:\/\/librosdelzorrorojo.com\/ca\/cataleg\/el-nen-que-va-caure-en-un-forat\/"]}]},{"@type":"ImageObject","inLanguage":"ca","@id":"https:\/\/librosdelzorrorojo.com\/ca\/cataleg\/el-nen-que-va-caure-en-un-forat\/#primaryimage","url":"https:\/\/librosdelzorrorojo.com\/wp-content\/uploads\/2000\/05\/Cover_El-nen-que-va-caure-en-un-forat.jpg","contentUrl":"https:\/\/librosdelzorrorojo.com\/wp-content\/uploads\/2000\/05\/Cover_El-nen-que-va-caure-en-un-forat.jpg","width":850,"height":1233,"caption":"Cover El nen que va caure en un forat"},{"@type":"BreadcrumbList","@id":"https:\/\/librosdelzorrorojo.com\/ca\/cataleg\/el-nen-que-va-caure-en-un-forat\/#breadcrumb","itemListElement":[{"@type":"ListItem","position":1,"name":"Portada","item":"https:\/\/librosdelzorrorojo.com\/ca\/"},{"@type":"ListItem","position":2,"name":"Cat\u00e0leg","item":"https:\/\/librosdelzorrorojo.com\/ca\/cataleg\/"},{"@type":"ListItem","position":3,"name":"El nen que va caure en un forat"}]},{"@type":"WebSite","@id":"https:\/\/librosdelzorrorojo.com\/#website","url":"https:\/\/librosdelzorrorojo.com\/","name":"Libros del Zorro Rojo","description":"Libros ilustrados","potentialAction":[{"@type":"SearchAction","target":{"@type":"EntryPoint","urlTemplate":"https:\/\/librosdelzorrorojo.com\/?s={search_term_string}"},"query-input":{"@type":"PropertyValueSpecification","valueRequired":true,"valueName":"search_term_string"}}],"inLanguage":"ca"}]}},"_links":{"self":[{"href":"https:\/\/librosdelzorrorojo.com\/ca\/wp-json\/wp\/v2\/product\/14428","targetHints":{"allow":["GET"]}}],"collection":[{"href":"https:\/\/librosdelzorrorojo.com\/ca\/wp-json\/wp\/v2\/product"}],"about":[{"href":"https:\/\/librosdelzorrorojo.com\/ca\/wp-json\/wp\/v2\/types\/product"}],"wp:featuredmedia":[{"embeddable":true,"href":"https:\/\/librosdelzorrorojo.com\/ca\/wp-json\/wp\/v2\/media\/14534"}],"wp:attachment":[{"href":"https:\/\/librosdelzorrorojo.com\/ca\/wp-json\/wp\/v2\/media?parent=14428"}],"wp:term":[{"taxonomy":"product_brand","embeddable":true,"href":"https:\/\/librosdelzorrorojo.com\/ca\/wp-json\/wp\/v2\/product_brand?post=14428"},{"taxonomy":"product_cat","embeddable":true,"href":"https:\/\/librosdelzorrorojo.com\/ca\/wp-json\/wp\/v2\/product_cat?post=14428"},{"taxonomy":"product_tag","embeddable":true,"href":"https:\/\/librosdelzorrorojo.com\/ca\/wp-json\/wp\/v2\/product_tag?post=14428"}],"curies":[{"name":"wp","href":"https:\/\/api.w.org\/{rel}","templated":true}]}}