{"id":14423,"date":"2000-05-29T12:19:58","date_gmt":"2000-05-29T10:19:58","guid":{"rendered":"https:\/\/librosdelzorrorojo.com\/?post_type=product&#038;p=14423"},"modified":"2024-04-17T10:06:39","modified_gmt":"2024-04-17T08:06:39","slug":"la-metamorfosi","status":"publish","type":"product","link":"https:\/\/librosdelzorrorojo.com\/ca\/cataleg\/la-metamorfosi\/","title":{"rendered":"La metamorfosi"},"content":{"rendered":"<p>\u00abUn mat\u00ed que en Gregor Samsa es despert\u00e0 de somnis desassossegats, es trob\u00e0 al llit convertit en un insecte monstru\u00f3s. Jeia de sobines damunt una esquena dura com una cuirassa i, aixecant una mica el cap, podia veure un ventre bru i bombat, solcat de nervadures arquejades, damunt el qual, amb penes i treballs, s\u2019aguantava el cobrellit, a punt de caure completament a terra. Les seves m\u00faltiples potes, llastimosament minses en comparaci\u00f3 amb les seves proporcions, s\u2019agitaven desvalgudes davant els seus ulls\u00bb.<\/p>\n<p>Aix\u00ed comen\u00e7a una de les ficcions m\u00e9s c\u00e8lebres de la literatura del segle XX. Pe\u00e7a clau en la seva producci\u00f3 liter\u00e0ria, La metamorfosi \u00e9s un vast i v\u00edvid malson en qu\u00e8 gravita tota la intensitat de Franz Kafka. Les il\u00b7lustracions del gran artista argent\u00ed Luis Scafati recreen admirablement els peculiars ambients i personatges d\u2019aquest relat i conviden el lector a una aventura memorable.<\/p>\n<p>El treball de Scafati sobre aquest cl\u00e0ssic ha sigut objecte de diverses exposicions a Llatinoam\u00e8rica i Europa que l&#8217;han reconegut com una de les millors interpretacions gr\u00e0fiques realitzades sobre l&#8217;angoixant hist\u00f2ria de Gregor Samsa.<\/p>\n","protected":false},"excerpt":{"rendered":"Pe\u00e7a clau en la seva producci\u00f3 liter\u00e0ria, La metamorfosi \u00e9s un vast i v\u00edvid malson en qu\u00e8 gravita tota la intensitat de Franz Kafka. Les il\u00b7lustracions del gran artista argent\u00ed Luis Scafati recreen admirablement els peculiars ambients i personatges d\u2019aquest relat i conviden el lector a una aventura memorable.","protected":false},"featured_media":14723,"template":"","meta":{"_acf_changed":false},"product_brand":[],"product_cat":[840,3156],"product_tag":[],"class_list":{"0":"post-14423","1":"product","2":"type-product","3":"status-publish","4":"has-post-thumbnail","6":"product_cat-catala","7":"product_cat-juvenil-adult","8":"vinculo-la-metamorfosis-ca-2","10":"first","11":"instock","12":"taxable","13":"shipping-taxable","14":"purchasable","15":"product-type-simple"},"acf":[],"yoast_head":"<!-- This site is optimized with the Yoast SEO plugin v25.1 - https:\/\/yoast.com\/wordpress\/plugins\/seo\/ -->\n<title>La metamorfosi - Libros del Zorro Rojo<\/title>\n<meta name=\"description\" content=\"Pe\u00e7a clau en la seva producci\u00f3 liter\u00e0ria, La metamorfosi \u00e9s un vast i v\u00edvid malson en qu\u00e8 gravita tota la intensitat de Franz Kafka.\" \/>\n<meta name=\"robots\" content=\"index, follow, max-snippet:-1, max-image-preview:large, max-video-preview:-1\" \/>\n<link rel=\"canonical\" href=\"https:\/\/librosdelzorrorojo.com\/ca\/cataleg\/la-metamorfosi\/\" \/>\n<meta property=\"og:locale\" content=\"ca_ES\" \/>\n<meta property=\"og:type\" content=\"article\" \/>\n<meta property=\"og:title\" content=\"La metamorfosi - Libros del Zorro Rojo\" \/>\n<meta property=\"og:description\" content=\"Pe\u00e7a clau en la seva producci\u00f3 liter\u00e0ria, La metamorfosi \u00e9s un vast i v\u00edvid malson en qu\u00e8 gravita tota la intensitat de Franz Kafka.\" \/>\n<meta property=\"og:url\" content=\"https:\/\/librosdelzorrorojo.com\/ca\/cataleg\/la-metamorfosi\/\" \/>\n<meta property=\"og:site_name\" content=\"Libros del Zorro Rojo\" \/>\n<meta property=\"article:modified_time\" content=\"2024-04-17T08:06:39+00:00\" \/>\n<meta property=\"og:image\" content=\"https:\/\/librosdelzorrorojo.com\/wp-content\/uploads\/2018\/10\/LaMetamorfosis01-1.png\" \/>\n\t<meta property=\"og:image:width\" content=\"996\" \/>\n\t<meta property=\"og:image:height\" content=\"400\" \/>\n\t<meta property=\"og:image:type\" content=\"image\/png\" \/>\n<meta name=\"twitter:card\" content=\"summary_large_image\" \/>\n<meta name=\"twitter:label1\" content=\"Temps estimat de lectura\" \/>\n\t<meta name=\"twitter:data1\" content=\"1 minut\" \/>\n<script type=\"application\/ld+json\" class=\"yoast-schema-graph\">{\"@context\":\"https:\/\/schema.org\",\"@graph\":[{\"@type\":\"WebPage\",\"@id\":\"https:\/\/librosdelzorrorojo.com\/ca\/cataleg\/la-metamorfosi\/\",\"url\":\"https:\/\/librosdelzorrorojo.com\/ca\/cataleg\/la-metamorfosi\/\",\"name\":\"La metamorfosi - Libros del Zorro Rojo\",\"isPartOf\":{\"@id\":\"https:\/\/librosdelzorrorojo.com\/#website\"},\"primaryImageOfPage\":{\"@id\":\"https:\/\/librosdelzorrorojo.com\/ca\/cataleg\/la-metamorfosi\/#primaryimage\"},\"image\":{\"@id\":\"https:\/\/librosdelzorrorojo.com\/ca\/cataleg\/la-metamorfosi\/#primaryimage\"},\"thumbnailUrl\":\"https:\/\/librosdelzorrorojo.com\/wp-content\/uploads\/2000\/05\/Cover_KAFKA-CAT.jpg\",\"datePublished\":\"2000-05-29T10:19:58+00:00\",\"dateModified\":\"2024-04-17T08:06:39+00:00\",\"description\":\"Pe\u00e7a clau en la seva producci\u00f3 liter\u00e0ria, La metamorfosi \u00e9s un vast i v\u00edvid malson en qu\u00e8 gravita tota la intensitat de Franz Kafka.\",\"breadcrumb\":{\"@id\":\"https:\/\/librosdelzorrorojo.com\/ca\/cataleg\/la-metamorfosi\/#breadcrumb\"},\"inLanguage\":\"ca\",\"potentialAction\":[{\"@type\":\"ReadAction\",\"target\":[\"https:\/\/librosdelzorrorojo.com\/ca\/cataleg\/la-metamorfosi\/\"]}]},{\"@type\":\"ImageObject\",\"inLanguage\":\"ca\",\"@id\":\"https:\/\/librosdelzorrorojo.com\/ca\/cataleg\/la-metamorfosi\/#primaryimage\",\"url\":\"https:\/\/librosdelzorrorojo.com\/wp-content\/uploads\/2000\/05\/Cover_KAFKA-CAT.jpg\",\"contentUrl\":\"https:\/\/librosdelzorrorojo.com\/wp-content\/uploads\/2000\/05\/Cover_KAFKA-CAT.jpg\",\"width\":1034,\"height\":1809,\"caption\":\"Cover KAFKA CAT\"},{\"@type\":\"BreadcrumbList\",\"@id\":\"https:\/\/librosdelzorrorojo.com\/ca\/cataleg\/la-metamorfosi\/#breadcrumb\",\"itemListElement\":[{\"@type\":\"ListItem\",\"position\":1,\"name\":\"Portada\",\"item\":\"https:\/\/librosdelzorrorojo.com\/ca\/\"},{\"@type\":\"ListItem\",\"position\":2,\"name\":\"Cat\u00e0leg\",\"item\":\"https:\/\/librosdelzorrorojo.com\/ca\/cataleg\/\"},{\"@type\":\"ListItem\",\"position\":3,\"name\":\"La metamorfosi\"}]},{\"@type\":\"WebSite\",\"@id\":\"https:\/\/librosdelzorrorojo.com\/#website\",\"url\":\"https:\/\/librosdelzorrorojo.com\/\",\"name\":\"Libros del Zorro Rojo\",\"description\":\"Libros ilustrados\",\"potentialAction\":[{\"@type\":\"SearchAction\",\"target\":{\"@type\":\"EntryPoint\",\"urlTemplate\":\"https:\/\/librosdelzorrorojo.com\/?s={search_term_string}\"},\"query-input\":{\"@type\":\"PropertyValueSpecification\",\"valueRequired\":true,\"valueName\":\"search_term_string\"}}],\"inLanguage\":\"ca\"}]}<\/script>\n<!-- \/ Yoast SEO plugin. -->","yoast_head_json":{"title":"La metamorfosi - Libros del Zorro Rojo","description":"Pe\u00e7a clau en la seva producci\u00f3 liter\u00e0ria, La metamorfosi \u00e9s un vast i v\u00edvid malson en qu\u00e8 gravita tota la intensitat de Franz Kafka.","robots":{"index":"index","follow":"follow","max-snippet":"max-snippet:-1","max-image-preview":"max-image-preview:large","max-video-preview":"max-video-preview:-1"},"canonical":"https:\/\/librosdelzorrorojo.com\/ca\/cataleg\/la-metamorfosi\/","og_locale":"ca_ES","og_type":"article","og_title":"La metamorfosi - Libros del Zorro Rojo","og_description":"Pe\u00e7a clau en la seva producci\u00f3 liter\u00e0ria, La metamorfosi \u00e9s un vast i v\u00edvid malson en qu\u00e8 gravita tota la intensitat de Franz Kafka.","og_url":"https:\/\/librosdelzorrorojo.com\/ca\/cataleg\/la-metamorfosi\/","og_site_name":"Libros del Zorro Rojo","article_modified_time":"2024-04-17T08:06:39+00:00","og_image":[{"width":996,"height":400,"url":"https:\/\/librosdelzorrorojo.com\/wp-content\/uploads\/2018\/10\/LaMetamorfosis01-1.png","type":"image\/png"}],"twitter_card":"summary_large_image","twitter_misc":{"Temps estimat de lectura":"1 minut"},"schema":{"@context":"https:\/\/schema.org","@graph":[{"@type":"WebPage","@id":"https:\/\/librosdelzorrorojo.com\/ca\/cataleg\/la-metamorfosi\/","url":"https:\/\/librosdelzorrorojo.com\/ca\/cataleg\/la-metamorfosi\/","name":"La metamorfosi - Libros del Zorro Rojo","isPartOf":{"@id":"https:\/\/librosdelzorrorojo.com\/#website"},"primaryImageOfPage":{"@id":"https:\/\/librosdelzorrorojo.com\/ca\/cataleg\/la-metamorfosi\/#primaryimage"},"image":{"@id":"https:\/\/librosdelzorrorojo.com\/ca\/cataleg\/la-metamorfosi\/#primaryimage"},"thumbnailUrl":"https:\/\/librosdelzorrorojo.com\/wp-content\/uploads\/2000\/05\/Cover_KAFKA-CAT.jpg","datePublished":"2000-05-29T10:19:58+00:00","dateModified":"2024-04-17T08:06:39+00:00","description":"Pe\u00e7a clau en la seva producci\u00f3 liter\u00e0ria, La metamorfosi \u00e9s un vast i v\u00edvid malson en qu\u00e8 gravita tota la intensitat de Franz Kafka.","breadcrumb":{"@id":"https:\/\/librosdelzorrorojo.com\/ca\/cataleg\/la-metamorfosi\/#breadcrumb"},"inLanguage":"ca","potentialAction":[{"@type":"ReadAction","target":["https:\/\/librosdelzorrorojo.com\/ca\/cataleg\/la-metamorfosi\/"]}]},{"@type":"ImageObject","inLanguage":"ca","@id":"https:\/\/librosdelzorrorojo.com\/ca\/cataleg\/la-metamorfosi\/#primaryimage","url":"https:\/\/librosdelzorrorojo.com\/wp-content\/uploads\/2000\/05\/Cover_KAFKA-CAT.jpg","contentUrl":"https:\/\/librosdelzorrorojo.com\/wp-content\/uploads\/2000\/05\/Cover_KAFKA-CAT.jpg","width":1034,"height":1809,"caption":"Cover KAFKA CAT"},{"@type":"BreadcrumbList","@id":"https:\/\/librosdelzorrorojo.com\/ca\/cataleg\/la-metamorfosi\/#breadcrumb","itemListElement":[{"@type":"ListItem","position":1,"name":"Portada","item":"https:\/\/librosdelzorrorojo.com\/ca\/"},{"@type":"ListItem","position":2,"name":"Cat\u00e0leg","item":"https:\/\/librosdelzorrorojo.com\/ca\/cataleg\/"},{"@type":"ListItem","position":3,"name":"La metamorfosi"}]},{"@type":"WebSite","@id":"https:\/\/librosdelzorrorojo.com\/#website","url":"https:\/\/librosdelzorrorojo.com\/","name":"Libros del Zorro Rojo","description":"Libros ilustrados","potentialAction":[{"@type":"SearchAction","target":{"@type":"EntryPoint","urlTemplate":"https:\/\/librosdelzorrorojo.com\/?s={search_term_string}"},"query-input":{"@type":"PropertyValueSpecification","valueRequired":true,"valueName":"search_term_string"}}],"inLanguage":"ca"}]}},"_links":{"self":[{"href":"https:\/\/librosdelzorrorojo.com\/ca\/wp-json\/wp\/v2\/product\/14423","targetHints":{"allow":["GET"]}}],"collection":[{"href":"https:\/\/librosdelzorrorojo.com\/ca\/wp-json\/wp\/v2\/product"}],"about":[{"href":"https:\/\/librosdelzorrorojo.com\/ca\/wp-json\/wp\/v2\/types\/product"}],"wp:featuredmedia":[{"embeddable":true,"href":"https:\/\/librosdelzorrorojo.com\/ca\/wp-json\/wp\/v2\/media\/14723"}],"wp:attachment":[{"href":"https:\/\/librosdelzorrorojo.com\/ca\/wp-json\/wp\/v2\/media?parent=14423"}],"wp:term":[{"taxonomy":"product_brand","embeddable":true,"href":"https:\/\/librosdelzorrorojo.com\/ca\/wp-json\/wp\/v2\/product_brand?post=14423"},{"taxonomy":"product_cat","embeddable":true,"href":"https:\/\/librosdelzorrorojo.com\/ca\/wp-json\/wp\/v2\/product_cat?post=14423"},{"taxonomy":"product_tag","embeddable":true,"href":"https:\/\/librosdelzorrorojo.com\/ca\/wp-json\/wp\/v2\/product_tag?post=14423"}],"curies":[{"name":"wp","href":"https:\/\/api.w.org\/{rel}","templated":true}]}}