{"id":14420,"date":"2000-05-29T12:14:39","date_gmt":"2000-05-29T10:14:39","guid":{"rendered":"https:\/\/librosdelzorrorojo.com\/?post_type=product&#038;p=14420"},"modified":"2024-03-01T09:19:00","modified_gmt":"2024-03-01T08:19:00","slug":"les-meves-histories-perdudes","status":"publish","type":"product","link":"https:\/\/librosdelzorrorojo.com\/ca\/cataleg\/les-meves-histories-perdudes\/","title":{"rendered":"Les meves hist\u00f2ries perdudes"},"content":{"rendered":"<p>A partir de les delectables hist\u00f2ries que resideixen en la seva mem\u00f2ria, Xan L\u00f3pez ha elaborat un \u00e0lbum que conjuga imaginaci\u00f3 i bellesa gr\u00e0fica, capa\u00e7 d&#8217;inscriure&#8217;s entre les seves millors obres.<\/p>\n","protected":false},"excerpt":{"rendered":"A partir de les delectables hist\u00f2ries que resideixen en la seva mem\u00f2ria, Xan L\u00f3pez ha elaborat un \u00e0lbum que conjuga imaginaci\u00f3 i bellesa gr\u00e0fica, capa\u00e7 d&#8217;inscriure&#8217;s entre les seves millors obres.","protected":false},"featured_media":0,"template":"","meta":{"_acf_changed":false},"product_brand":[],"product_cat":[840,843],"product_tag":[],"class_list":{"0":"post-14420","1":"product","2":"type-product","3":"status-publish","5":"product_cat-catala","6":"product_cat-infantiles-ca","7":"vinculo-mis-historias-perdidas","9":"first","10":"instock","11":"taxable","12":"shipping-taxable","13":"purchasable","14":"product-type-simple"},"acf":[],"yoast_head":"<!-- This site is optimized with the Yoast SEO plugin v25.1 - https:\/\/yoast.com\/wordpress\/plugins\/seo\/ -->\n<title>Les meves hist\u00f2ries perdudes - Libros del Zorro Rojo<\/title>\n<meta name=\"robots\" content=\"index, follow, max-snippet:-1, max-image-preview:large, max-video-preview:-1\" \/>\n<link rel=\"canonical\" href=\"https:\/\/librosdelzorrorojo.com\/ca\/cataleg\/les-meves-histories-perdudes\/\" \/>\n<meta property=\"og:locale\" content=\"ca_ES\" \/>\n<meta property=\"og:type\" content=\"article\" \/>\n<meta property=\"og:title\" content=\"Les meves hist\u00f2ries perdudes - Libros del Zorro Rojo\" \/>\n<meta property=\"og:description\" content=\"A partir de les delectables hist\u00f2ries que resideixen en la seva mem\u00f2ria, Xan L\u00f3pez ha elaborat un \u00e0lbum que conjuga imaginaci\u00f3 i bellesa gr\u00e0fica, capa\u00e7 d&#039;inscriure&#039;s entre les seves millors obres.\" \/>\n<meta property=\"og:url\" content=\"https:\/\/librosdelzorrorojo.com\/ca\/cataleg\/les-meves-histories-perdudes\/\" \/>\n<meta property=\"og:site_name\" content=\"Libros del Zorro Rojo\" \/>\n<meta property=\"article:modified_time\" content=\"2024-03-01T08:19:00+00:00\" \/>\n<meta name=\"twitter:card\" content=\"summary_large_image\" \/>\n<script type=\"application\/ld+json\" class=\"yoast-schema-graph\">{\"@context\":\"https:\/\/schema.org\",\"@graph\":[{\"@type\":\"WebPage\",\"@id\":\"https:\/\/librosdelzorrorojo.com\/ca\/cataleg\/les-meves-histories-perdudes\/\",\"url\":\"https:\/\/librosdelzorrorojo.com\/ca\/cataleg\/les-meves-histories-perdudes\/\",\"name\":\"Les meves hist\u00f2ries perdudes - Libros del Zorro Rojo\",\"isPartOf\":{\"@id\":\"https:\/\/librosdelzorrorojo.com\/#website\"},\"datePublished\":\"2000-05-29T10:14:39+00:00\",\"dateModified\":\"2024-03-01T08:19:00+00:00\",\"breadcrumb\":{\"@id\":\"https:\/\/librosdelzorrorojo.com\/ca\/cataleg\/les-meves-histories-perdudes\/#breadcrumb\"},\"inLanguage\":\"ca\",\"potentialAction\":[{\"@type\":\"ReadAction\",\"target\":[\"https:\/\/librosdelzorrorojo.com\/ca\/cataleg\/les-meves-histories-perdudes\/\"]}]},{\"@type\":\"BreadcrumbList\",\"@id\":\"https:\/\/librosdelzorrorojo.com\/ca\/cataleg\/les-meves-histories-perdudes\/#breadcrumb\",\"itemListElement\":[{\"@type\":\"ListItem\",\"position\":1,\"name\":\"Portada\",\"item\":\"https:\/\/librosdelzorrorojo.com\/ca\/\"},{\"@type\":\"ListItem\",\"position\":2,\"name\":\"Cat\u00e0leg\",\"item\":\"https:\/\/librosdelzorrorojo.com\/ca\/cataleg\/\"},{\"@type\":\"ListItem\",\"position\":3,\"name\":\"Les meves hist\u00f2ries perdudes\"}]},{\"@type\":\"WebSite\",\"@id\":\"https:\/\/librosdelzorrorojo.com\/#website\",\"url\":\"https:\/\/librosdelzorrorojo.com\/\",\"name\":\"Libros del Zorro Rojo\",\"description\":\"Libros ilustrados\",\"potentialAction\":[{\"@type\":\"SearchAction\",\"target\":{\"@type\":\"EntryPoint\",\"urlTemplate\":\"https:\/\/librosdelzorrorojo.com\/?s={search_term_string}\"},\"query-input\":{\"@type\":\"PropertyValueSpecification\",\"valueRequired\":true,\"valueName\":\"search_term_string\"}}],\"inLanguage\":\"ca\"}]}<\/script>\n<!-- \/ Yoast SEO plugin. -->","yoast_head_json":{"title":"Les meves hist\u00f2ries perdudes - Libros del Zorro Rojo","robots":{"index":"index","follow":"follow","max-snippet":"max-snippet:-1","max-image-preview":"max-image-preview:large","max-video-preview":"max-video-preview:-1"},"canonical":"https:\/\/librosdelzorrorojo.com\/ca\/cataleg\/les-meves-histories-perdudes\/","og_locale":"ca_ES","og_type":"article","og_title":"Les meves hist\u00f2ries perdudes - Libros del Zorro Rojo","og_description":"A partir de les delectables hist\u00f2ries que resideixen en la seva mem\u00f2ria, Xan L\u00f3pez ha elaborat un \u00e0lbum que conjuga imaginaci\u00f3 i bellesa gr\u00e0fica, capa\u00e7 d'inscriure's entre les seves millors obres.","og_url":"https:\/\/librosdelzorrorojo.com\/ca\/cataleg\/les-meves-histories-perdudes\/","og_site_name":"Libros del Zorro Rojo","article_modified_time":"2024-03-01T08:19:00+00:00","twitter_card":"summary_large_image","schema":{"@context":"https:\/\/schema.org","@graph":[{"@type":"WebPage","@id":"https:\/\/librosdelzorrorojo.com\/ca\/cataleg\/les-meves-histories-perdudes\/","url":"https:\/\/librosdelzorrorojo.com\/ca\/cataleg\/les-meves-histories-perdudes\/","name":"Les meves hist\u00f2ries perdudes - Libros del Zorro Rojo","isPartOf":{"@id":"https:\/\/librosdelzorrorojo.com\/#website"},"datePublished":"2000-05-29T10:14:39+00:00","dateModified":"2024-03-01T08:19:00+00:00","breadcrumb":{"@id":"https:\/\/librosdelzorrorojo.com\/ca\/cataleg\/les-meves-histories-perdudes\/#breadcrumb"},"inLanguage":"ca","potentialAction":[{"@type":"ReadAction","target":["https:\/\/librosdelzorrorojo.com\/ca\/cataleg\/les-meves-histories-perdudes\/"]}]},{"@type":"BreadcrumbList","@id":"https:\/\/librosdelzorrorojo.com\/ca\/cataleg\/les-meves-histories-perdudes\/#breadcrumb","itemListElement":[{"@type":"ListItem","position":1,"name":"Portada","item":"https:\/\/librosdelzorrorojo.com\/ca\/"},{"@type":"ListItem","position":2,"name":"Cat\u00e0leg","item":"https:\/\/librosdelzorrorojo.com\/ca\/cataleg\/"},{"@type":"ListItem","position":3,"name":"Les meves hist\u00f2ries perdudes"}]},{"@type":"WebSite","@id":"https:\/\/librosdelzorrorojo.com\/#website","url":"https:\/\/librosdelzorrorojo.com\/","name":"Libros del Zorro Rojo","description":"Libros ilustrados","potentialAction":[{"@type":"SearchAction","target":{"@type":"EntryPoint","urlTemplate":"https:\/\/librosdelzorrorojo.com\/?s={search_term_string}"},"query-input":{"@type":"PropertyValueSpecification","valueRequired":true,"valueName":"search_term_string"}}],"inLanguage":"ca"}]}},"_links":{"self":[{"href":"https:\/\/librosdelzorrorojo.com\/ca\/wp-json\/wp\/v2\/product\/14420","targetHints":{"allow":["GET"]}}],"collection":[{"href":"https:\/\/librosdelzorrorojo.com\/ca\/wp-json\/wp\/v2\/product"}],"about":[{"href":"https:\/\/librosdelzorrorojo.com\/ca\/wp-json\/wp\/v2\/types\/product"}],"wp:attachment":[{"href":"https:\/\/librosdelzorrorojo.com\/ca\/wp-json\/wp\/v2\/media?parent=14420"}],"wp:term":[{"taxonomy":"product_brand","embeddable":true,"href":"https:\/\/librosdelzorrorojo.com\/ca\/wp-json\/wp\/v2\/product_brand?post=14420"},{"taxonomy":"product_cat","embeddable":true,"href":"https:\/\/librosdelzorrorojo.com\/ca\/wp-json\/wp\/v2\/product_cat?post=14420"},{"taxonomy":"product_tag","embeddable":true,"href":"https:\/\/librosdelzorrorojo.com\/ca\/wp-json\/wp\/v2\/product_tag?post=14420"}],"curies":[{"name":"wp","href":"https:\/\/api.w.org\/{rel}","templated":true}]}}