{"id":14415,"date":"2000-05-29T11:16:33","date_gmt":"2000-05-29T09:16:33","guid":{"rendered":"https:\/\/librosdelzorrorojo.com\/?post_type=product&#038;p=14415"},"modified":"2025-08-28T15:33:48","modified_gmt":"2025-08-28T13:33:48","slug":"hansel-i-gretel","status":"publish","type":"product","link":"https:\/\/librosdelzorrorojo.com\/ca\/cataleg\/hansel-i-gretel\/","title":{"rendered":"Hansel i Gretel"},"content":{"rendered":"<p><span>El prestigi\u00f3s artista itali\u00e0 Lorenzo Mattoti interpreta, amb jocs de llums i ombres, un dels contes m\u00e9s populars dels germans Grimm. La hist\u00f2ria de Hansel i Gretel \u00e9s narrada de forma original i nova a trav\u00e9s de tra\u00e7os foscs que conviden al suggeriment i a la intu\u00efci\u00f3. Il lustrat en blanc i negre, Mattoti accentua el tr\u00e0gic sentit de la hist\u00f2ria, per\u00f2 la dota, al mateix temps, duna for\u00e7a i expressivitat \u00faniques.<\/span><\/p>\n","protected":false},"excerpt":{"rendered":"<span>El prestigi\u00f3s artista itali\u00e0 Lorenzo Mattoti interpreta, amb jocs de llums i ombres, un dels contes m\u00e9s populars dels germans Grimm.<\/span>","protected":false},"featured_media":0,"template":"","meta":{"_acf_changed":false},"product_brand":[],"product_cat":[840,3156],"product_tag":[],"class_list":{"0":"post-14415","1":"product","2":"type-product","3":"status-publish","5":"product_cat-catala","6":"product_cat-juvenil-adult","7":"vinculo-hansel-y-gretel","9":"first","10":"instock","11":"taxable","12":"shipping-taxable","13":"purchasable","14":"product-type-simple"},"acf":[],"yoast_head":"<!-- This site is optimized with the Yoast SEO plugin v25.1 - https:\/\/yoast.com\/wordpress\/plugins\/seo\/ -->\n<title>Hansel i Gretel - Libros del Zorro Rojo<\/title>\n<meta name=\"description\" content=\"El prestigi\u00f3s artista itali\u00e0 Lorenzo Mattoti interpreta, amb jocs de llums i ombres, un dels contes m\u00e9s populars dels germans Grimm.\" \/>\n<meta name=\"robots\" content=\"index, follow, max-snippet:-1, max-image-preview:large, max-video-preview:-1\" \/>\n<link rel=\"canonical\" href=\"https:\/\/librosdelzorrorojo.com\/ca\/cataleg\/hansel-i-gretel\/\" \/>\n<meta property=\"og:locale\" content=\"ca_ES\" \/>\n<meta property=\"og:type\" content=\"article\" \/>\n<meta property=\"og:title\" content=\"Hansel i Gretel - Libros del Zorro Rojo\" \/>\n<meta property=\"og:description\" content=\"El prestigi\u00f3s artista itali\u00e0 Lorenzo Mattoti interpreta, amb jocs de llums i ombres, un dels contes m\u00e9s populars dels germans Grimm.\" \/>\n<meta property=\"og:url\" content=\"https:\/\/librosdelzorrorojo.com\/ca\/cataleg\/hansel-i-gretel\/\" \/>\n<meta property=\"og:site_name\" content=\"Libros del Zorro Rojo\" \/>\n<meta property=\"article:modified_time\" content=\"2025-08-28T13:33:48+00:00\" \/>\n<meta name=\"twitter:card\" content=\"summary_large_image\" \/>\n<meta name=\"twitter:label1\" content=\"Temps estimat de lectura\" \/>\n\t<meta name=\"twitter:data1\" content=\"1 minut\" \/>\n<script type=\"application\/ld+json\" class=\"yoast-schema-graph\">{\"@context\":\"https:\/\/schema.org\",\"@graph\":[{\"@type\":\"WebPage\",\"@id\":\"https:\/\/librosdelzorrorojo.com\/ca\/cataleg\/hansel-i-gretel\/\",\"url\":\"https:\/\/librosdelzorrorojo.com\/ca\/cataleg\/hansel-i-gretel\/\",\"name\":\"Hansel i Gretel - Libros del Zorro Rojo\",\"isPartOf\":{\"@id\":\"https:\/\/librosdelzorrorojo.com\/#website\"},\"datePublished\":\"2000-05-29T09:16:33+00:00\",\"dateModified\":\"2025-08-28T13:33:48+00:00\",\"description\":\"El prestigi\u00f3s artista itali\u00e0 Lorenzo Mattoti interpreta, amb jocs de llums i ombres, un dels contes m\u00e9s populars dels germans Grimm.\",\"breadcrumb\":{\"@id\":\"https:\/\/librosdelzorrorojo.com\/ca\/cataleg\/hansel-i-gretel\/#breadcrumb\"},\"inLanguage\":\"ca\",\"potentialAction\":[{\"@type\":\"ReadAction\",\"target\":[\"https:\/\/librosdelzorrorojo.com\/ca\/cataleg\/hansel-i-gretel\/\"]}]},{\"@type\":\"BreadcrumbList\",\"@id\":\"https:\/\/librosdelzorrorojo.com\/ca\/cataleg\/hansel-i-gretel\/#breadcrumb\",\"itemListElement\":[{\"@type\":\"ListItem\",\"position\":1,\"name\":\"Portada\",\"item\":\"https:\/\/librosdelzorrorojo.com\/ca\/\"},{\"@type\":\"ListItem\",\"position\":2,\"name\":\"Cat\u00e0leg\",\"item\":\"https:\/\/librosdelzorrorojo.com\/ca\/cataleg\/\"},{\"@type\":\"ListItem\",\"position\":3,\"name\":\"Hansel i Gretel\"}]},{\"@type\":\"WebSite\",\"@id\":\"https:\/\/librosdelzorrorojo.com\/#website\",\"url\":\"https:\/\/librosdelzorrorojo.com\/\",\"name\":\"Libros del Zorro Rojo\",\"description\":\"Libros ilustrados\",\"potentialAction\":[{\"@type\":\"SearchAction\",\"target\":{\"@type\":\"EntryPoint\",\"urlTemplate\":\"https:\/\/librosdelzorrorojo.com\/?s={search_term_string}\"},\"query-input\":{\"@type\":\"PropertyValueSpecification\",\"valueRequired\":true,\"valueName\":\"search_term_string\"}}],\"inLanguage\":\"ca\"}]}<\/script>\n<!-- \/ Yoast SEO plugin. -->","yoast_head_json":{"title":"Hansel i Gretel - Libros del Zorro Rojo","description":"El prestigi\u00f3s artista itali\u00e0 Lorenzo Mattoti interpreta, amb jocs de llums i ombres, un dels contes m\u00e9s populars dels germans Grimm.","robots":{"index":"index","follow":"follow","max-snippet":"max-snippet:-1","max-image-preview":"max-image-preview:large","max-video-preview":"max-video-preview:-1"},"canonical":"https:\/\/librosdelzorrorojo.com\/ca\/cataleg\/hansel-i-gretel\/","og_locale":"ca_ES","og_type":"article","og_title":"Hansel i Gretel - Libros del Zorro Rojo","og_description":"El prestigi\u00f3s artista itali\u00e0 Lorenzo Mattoti interpreta, amb jocs de llums i ombres, un dels contes m\u00e9s populars dels germans Grimm.","og_url":"https:\/\/librosdelzorrorojo.com\/ca\/cataleg\/hansel-i-gretel\/","og_site_name":"Libros del Zorro Rojo","article_modified_time":"2025-08-28T13:33:48+00:00","twitter_card":"summary_large_image","twitter_misc":{"Temps estimat de lectura":"1 minut"},"schema":{"@context":"https:\/\/schema.org","@graph":[{"@type":"WebPage","@id":"https:\/\/librosdelzorrorojo.com\/ca\/cataleg\/hansel-i-gretel\/","url":"https:\/\/librosdelzorrorojo.com\/ca\/cataleg\/hansel-i-gretel\/","name":"Hansel i Gretel - Libros del Zorro Rojo","isPartOf":{"@id":"https:\/\/librosdelzorrorojo.com\/#website"},"datePublished":"2000-05-29T09:16:33+00:00","dateModified":"2025-08-28T13:33:48+00:00","description":"El prestigi\u00f3s artista itali\u00e0 Lorenzo Mattoti interpreta, amb jocs de llums i ombres, un dels contes m\u00e9s populars dels germans Grimm.","breadcrumb":{"@id":"https:\/\/librosdelzorrorojo.com\/ca\/cataleg\/hansel-i-gretel\/#breadcrumb"},"inLanguage":"ca","potentialAction":[{"@type":"ReadAction","target":["https:\/\/librosdelzorrorojo.com\/ca\/cataleg\/hansel-i-gretel\/"]}]},{"@type":"BreadcrumbList","@id":"https:\/\/librosdelzorrorojo.com\/ca\/cataleg\/hansel-i-gretel\/#breadcrumb","itemListElement":[{"@type":"ListItem","position":1,"name":"Portada","item":"https:\/\/librosdelzorrorojo.com\/ca\/"},{"@type":"ListItem","position":2,"name":"Cat\u00e0leg","item":"https:\/\/librosdelzorrorojo.com\/ca\/cataleg\/"},{"@type":"ListItem","position":3,"name":"Hansel i Gretel"}]},{"@type":"WebSite","@id":"https:\/\/librosdelzorrorojo.com\/#website","url":"https:\/\/librosdelzorrorojo.com\/","name":"Libros del Zorro Rojo","description":"Libros ilustrados","potentialAction":[{"@type":"SearchAction","target":{"@type":"EntryPoint","urlTemplate":"https:\/\/librosdelzorrorojo.com\/?s={search_term_string}"},"query-input":{"@type":"PropertyValueSpecification","valueRequired":true,"valueName":"search_term_string"}}],"inLanguage":"ca"}]}},"_links":{"self":[{"href":"https:\/\/librosdelzorrorojo.com\/ca\/wp-json\/wp\/v2\/product\/14415","targetHints":{"allow":["GET"]}}],"collection":[{"href":"https:\/\/librosdelzorrorojo.com\/ca\/wp-json\/wp\/v2\/product"}],"about":[{"href":"https:\/\/librosdelzorrorojo.com\/ca\/wp-json\/wp\/v2\/types\/product"}],"wp:attachment":[{"href":"https:\/\/librosdelzorrorojo.com\/ca\/wp-json\/wp\/v2\/media?parent=14415"}],"wp:term":[{"taxonomy":"product_brand","embeddable":true,"href":"https:\/\/librosdelzorrorojo.com\/ca\/wp-json\/wp\/v2\/product_brand?post=14415"},{"taxonomy":"product_cat","embeddable":true,"href":"https:\/\/librosdelzorrorojo.com\/ca\/wp-json\/wp\/v2\/product_cat?post=14415"},{"taxonomy":"product_tag","embeddable":true,"href":"https:\/\/librosdelzorrorojo.com\/ca\/wp-json\/wp\/v2\/product_tag?post=14415"}],"curies":[{"name":"wp","href":"https:\/\/api.w.org\/{rel}","templated":true}]}}