{"id":14413,"date":"2000-05-29T10:58:50","date_gmt":"2000-05-29T08:58:50","guid":{"rendered":"https:\/\/librosdelzorrorojo.com\/?post_type=product&#038;p=14413"},"modified":"2026-04-08T16:39:52","modified_gmt":"2026-04-08T14:39:52","slug":"gat-i-peix","status":"publish","type":"product","link":"https:\/\/librosdelzorrorojo.com\/ca\/cataleg\/gat-i-peix\/","title":{"rendered":"Gat i Peix"},"content":{"rendered":"<p><span>Gat i Peix s\u00f3n dos simp\u00e0tics personatges que, deixant de banda qualsevol tipus de prejudici, inicien una amistat profunda i perdurable. Aquesta aventura els ensenyar\u00e0 a tots dos que la millor manera de ser feli\u00e7 \u00e9s ser sempre un mateix.<\/span><\/p>\n","protected":false},"excerpt":{"rendered":"<span>Gat i Peix s\u00f3n dos simp\u00e0tics personatges que, deixant de banda qualsevol tipus de prejudici, inicien una amistat profunda i perdurable. <\/span>","protected":false},"featured_media":14532,"template":"","meta":{"_acf_changed":false},"product_brand":[],"product_cat":[840,843],"product_tag":[],"class_list":{"0":"post-14413","1":"product","2":"type-product","3":"status-publish","4":"has-post-thumbnail","6":"product_cat-catala","7":"product_cat-infantiles-ca","8":"vinculo-gato-y-pez","10":"first","11":"outofstock","12":"taxable","13":"shipping-taxable","14":"purchasable","15":"product-type-simple"},"acf":[],"yoast_head":"<!-- This site is optimized with the Yoast SEO plugin v25.1 - https:\/\/yoast.com\/wordpress\/plugins\/seo\/ -->\n<title>Gat i Peix - Libros del Zorro Rojo Libros del Zorro Rojo<\/title>\n<meta name=\"description\" content=\"Gat i Peix s\u00f3n dos simp\u00e0tics personatges que, deixant de banda qualsevol tipus de prejudici, inicien una amistat profunda i perdurable.\" \/>\n<meta name=\"robots\" content=\"index, follow, max-snippet:-1, max-image-preview:large, max-video-preview:-1\" \/>\n<link rel=\"canonical\" href=\"https:\/\/librosdelzorrorojo.com\/ca\/cataleg\/gat-i-peix\/\" \/>\n<meta property=\"og:locale\" content=\"ca_ES\" \/>\n<meta property=\"og:type\" content=\"article\" \/>\n<meta property=\"og:title\" content=\"Gat i Peix - Libros del Zorro Rojo Libros del Zorro Rojo\" \/>\n<meta property=\"og:description\" content=\"Gat i Peix s\u00f3n dos simp\u00e0tics personatges que, deixant de banda qualsevol tipus de prejudici, inicien una amistat profunda i perdurable.\" \/>\n<meta property=\"og:url\" content=\"https:\/\/librosdelzorrorojo.com\/ca\/cataleg\/gat-i-peix\/\" \/>\n<meta property=\"og:site_name\" content=\"Libros del Zorro Rojo\" \/>\n<meta property=\"article:modified_time\" content=\"2026-04-08T14:39:52+00:00\" \/>\n<meta property=\"og:image\" content=\"https:\/\/librosdelzorrorojo.com\/wp-content\/uploads\/2016\/09\/GatoYPez2_1200x1200.png\" \/>\n\t<meta property=\"og:image:width\" content=\"1200\" \/>\n\t<meta property=\"og:image:height\" content=\"1200\" \/>\n\t<meta property=\"og:image:type\" content=\"image\/png\" \/>\n<meta name=\"twitter:card\" content=\"summary_large_image\" \/>\n<meta name=\"twitter:label1\" content=\"Temps estimat de lectura\" \/>\n\t<meta name=\"twitter:data1\" content=\"1 minut\" \/>\n<script type=\"application\/ld+json\" class=\"yoast-schema-graph\">{\"@context\":\"https:\/\/schema.org\",\"@graph\":[{\"@type\":\"WebPage\",\"@id\":\"https:\/\/librosdelzorrorojo.com\/ca\/cataleg\/gat-i-peix\/\",\"url\":\"https:\/\/librosdelzorrorojo.com\/ca\/cataleg\/gat-i-peix\/\",\"name\":\"Gat i Peix - Libros del Zorro Rojo Libros del Zorro Rojo\",\"isPartOf\":{\"@id\":\"https:\/\/librosdelzorrorojo.com\/#website\"},\"primaryImageOfPage\":{\"@id\":\"https:\/\/librosdelzorrorojo.com\/ca\/cataleg\/gat-i-peix\/#primaryimage\"},\"image\":{\"@id\":\"https:\/\/librosdelzorrorojo.com\/ca\/cataleg\/gat-i-peix\/#primaryimage\"},\"thumbnailUrl\":\"https:\/\/librosdelzorrorojo.com\/wp-content\/uploads\/2000\/05\/Cover_GatoIPeix-WEB.jpg\",\"datePublished\":\"2000-05-29T08:58:50+00:00\",\"dateModified\":\"2026-04-08T14:39:52+00:00\",\"description\":\"Gat i Peix s\u00f3n dos simp\u00e0tics personatges que, deixant de banda qualsevol tipus de prejudici, inicien una amistat profunda i perdurable.\",\"breadcrumb\":{\"@id\":\"https:\/\/librosdelzorrorojo.com\/ca\/cataleg\/gat-i-peix\/#breadcrumb\"},\"inLanguage\":\"ca\",\"potentialAction\":[{\"@type\":\"ReadAction\",\"target\":[\"https:\/\/librosdelzorrorojo.com\/ca\/cataleg\/gat-i-peix\/\"]}]},{\"@type\":\"ImageObject\",\"inLanguage\":\"ca\",\"@id\":\"https:\/\/librosdelzorrorojo.com\/ca\/cataleg\/gat-i-peix\/#primaryimage\",\"url\":\"https:\/\/librosdelzorrorojo.com\/wp-content\/uploads\/2000\/05\/Cover_GatoIPeix-WEB.jpg\",\"contentUrl\":\"https:\/\/librosdelzorrorojo.com\/wp-content\/uploads\/2000\/05\/Cover_GatoIPeix-WEB.jpg\",\"width\":850,\"height\":1149,\"caption\":\"Cover GatoIPeix WEB\"},{\"@type\":\"BreadcrumbList\",\"@id\":\"https:\/\/librosdelzorrorojo.com\/ca\/cataleg\/gat-i-peix\/#breadcrumb\",\"itemListElement\":[{\"@type\":\"ListItem\",\"position\":1,\"name\":\"Portada\",\"item\":\"https:\/\/librosdelzorrorojo.com\/ca\/\"},{\"@type\":\"ListItem\",\"position\":2,\"name\":\"Cat\u00e0leg\",\"item\":\"https:\/\/librosdelzorrorojo.com\/ca\/cataleg\/\"},{\"@type\":\"ListItem\",\"position\":3,\"name\":\"Gat i Peix\"}]},{\"@type\":\"WebSite\",\"@id\":\"https:\/\/librosdelzorrorojo.com\/#website\",\"url\":\"https:\/\/librosdelzorrorojo.com\/\",\"name\":\"Libros del Zorro Rojo\",\"description\":\"Libros ilustrados\",\"potentialAction\":[{\"@type\":\"SearchAction\",\"target\":{\"@type\":\"EntryPoint\",\"urlTemplate\":\"https:\/\/librosdelzorrorojo.com\/?s={search_term_string}\"},\"query-input\":{\"@type\":\"PropertyValueSpecification\",\"valueRequired\":true,\"valueName\":\"search_term_string\"}}],\"inLanguage\":\"ca\"}]}<\/script>\n<!-- \/ Yoast SEO plugin. -->","yoast_head_json":{"title":"Gat i Peix - Libros del Zorro Rojo Libros del Zorro Rojo","description":"Gat i Peix s\u00f3n dos simp\u00e0tics personatges que, deixant de banda qualsevol tipus de prejudici, inicien una amistat profunda i perdurable.","robots":{"index":"index","follow":"follow","max-snippet":"max-snippet:-1","max-image-preview":"max-image-preview:large","max-video-preview":"max-video-preview:-1"},"canonical":"https:\/\/librosdelzorrorojo.com\/ca\/cataleg\/gat-i-peix\/","og_locale":"ca_ES","og_type":"article","og_title":"Gat i Peix - Libros del Zorro Rojo Libros del Zorro Rojo","og_description":"Gat i Peix s\u00f3n dos simp\u00e0tics personatges que, deixant de banda qualsevol tipus de prejudici, inicien una amistat profunda i perdurable.","og_url":"https:\/\/librosdelzorrorojo.com\/ca\/cataleg\/gat-i-peix\/","og_site_name":"Libros del Zorro Rojo","article_modified_time":"2026-04-08T14:39:52+00:00","og_image":[{"width":1200,"height":1200,"url":"https:\/\/librosdelzorrorojo.com\/wp-content\/uploads\/2016\/09\/GatoYPez2_1200x1200.png","type":"image\/png"}],"twitter_card":"summary_large_image","twitter_misc":{"Temps estimat de lectura":"1 minut"},"schema":{"@context":"https:\/\/schema.org","@graph":[{"@type":"WebPage","@id":"https:\/\/librosdelzorrorojo.com\/ca\/cataleg\/gat-i-peix\/","url":"https:\/\/librosdelzorrorojo.com\/ca\/cataleg\/gat-i-peix\/","name":"Gat i Peix - Libros del Zorro Rojo Libros del Zorro Rojo","isPartOf":{"@id":"https:\/\/librosdelzorrorojo.com\/#website"},"primaryImageOfPage":{"@id":"https:\/\/librosdelzorrorojo.com\/ca\/cataleg\/gat-i-peix\/#primaryimage"},"image":{"@id":"https:\/\/librosdelzorrorojo.com\/ca\/cataleg\/gat-i-peix\/#primaryimage"},"thumbnailUrl":"https:\/\/librosdelzorrorojo.com\/wp-content\/uploads\/2000\/05\/Cover_GatoIPeix-WEB.jpg","datePublished":"2000-05-29T08:58:50+00:00","dateModified":"2026-04-08T14:39:52+00:00","description":"Gat i Peix s\u00f3n dos simp\u00e0tics personatges que, deixant de banda qualsevol tipus de prejudici, inicien una amistat profunda i perdurable.","breadcrumb":{"@id":"https:\/\/librosdelzorrorojo.com\/ca\/cataleg\/gat-i-peix\/#breadcrumb"},"inLanguage":"ca","potentialAction":[{"@type":"ReadAction","target":["https:\/\/librosdelzorrorojo.com\/ca\/cataleg\/gat-i-peix\/"]}]},{"@type":"ImageObject","inLanguage":"ca","@id":"https:\/\/librosdelzorrorojo.com\/ca\/cataleg\/gat-i-peix\/#primaryimage","url":"https:\/\/librosdelzorrorojo.com\/wp-content\/uploads\/2000\/05\/Cover_GatoIPeix-WEB.jpg","contentUrl":"https:\/\/librosdelzorrorojo.com\/wp-content\/uploads\/2000\/05\/Cover_GatoIPeix-WEB.jpg","width":850,"height":1149,"caption":"Cover GatoIPeix WEB"},{"@type":"BreadcrumbList","@id":"https:\/\/librosdelzorrorojo.com\/ca\/cataleg\/gat-i-peix\/#breadcrumb","itemListElement":[{"@type":"ListItem","position":1,"name":"Portada","item":"https:\/\/librosdelzorrorojo.com\/ca\/"},{"@type":"ListItem","position":2,"name":"Cat\u00e0leg","item":"https:\/\/librosdelzorrorojo.com\/ca\/cataleg\/"},{"@type":"ListItem","position":3,"name":"Gat i Peix"}]},{"@type":"WebSite","@id":"https:\/\/librosdelzorrorojo.com\/#website","url":"https:\/\/librosdelzorrorojo.com\/","name":"Libros del Zorro Rojo","description":"Libros ilustrados","potentialAction":[{"@type":"SearchAction","target":{"@type":"EntryPoint","urlTemplate":"https:\/\/librosdelzorrorojo.com\/?s={search_term_string}"},"query-input":{"@type":"PropertyValueSpecification","valueRequired":true,"valueName":"search_term_string"}}],"inLanguage":"ca"}]}},"_links":{"self":[{"href":"https:\/\/librosdelzorrorojo.com\/ca\/wp-json\/wp\/v2\/product\/14413","targetHints":{"allow":["GET"]}}],"collection":[{"href":"https:\/\/librosdelzorrorojo.com\/ca\/wp-json\/wp\/v2\/product"}],"about":[{"href":"https:\/\/librosdelzorrorojo.com\/ca\/wp-json\/wp\/v2\/types\/product"}],"wp:featuredmedia":[{"embeddable":true,"href":"https:\/\/librosdelzorrorojo.com\/ca\/wp-json\/wp\/v2\/media\/14532"}],"wp:attachment":[{"href":"https:\/\/librosdelzorrorojo.com\/ca\/wp-json\/wp\/v2\/media?parent=14413"}],"wp:term":[{"taxonomy":"product_brand","embeddable":true,"href":"https:\/\/librosdelzorrorojo.com\/ca\/wp-json\/wp\/v2\/product_brand?post=14413"},{"taxonomy":"product_cat","embeddable":true,"href":"https:\/\/librosdelzorrorojo.com\/ca\/wp-json\/wp\/v2\/product_cat?post=14413"},{"taxonomy":"product_tag","embeddable":true,"href":"https:\/\/librosdelzorrorojo.com\/ca\/wp-json\/wp\/v2\/product_tag?post=14413"}],"curies":[{"name":"wp","href":"https:\/\/api.w.org\/{rel}","templated":true}]}}