{"id":14292,"date":"2000-05-20T15:32:47","date_gmt":"2000-05-20T13:32:47","guid":{"rendered":"https:\/\/librosdelzorrorojo.com\/?post_type=product&#038;p=14292"},"modified":"2025-10-31T13:03:06","modified_gmt":"2025-10-31T12:03:06","slug":"terrible","status":"publish","type":"product","link":"https:\/\/librosdelzorrorojo.com\/ca\/cataleg\/terrible\/","title":{"rendered":"Terrible"},"content":{"rendered":"<p><span>En la literatura infantil existen diferentes tipos de lobos: feroces, malvados, tramposos, zampones\u2026 pero ninguno guarda un secreto terrible, como el terrible lobo de Alain Serres y Bruno Heitz. Este \u00e1lbum es una historia de miedo y de valor, de cambios y aceptaci\u00f3n en la que se entrecruzan temas como el abuso de poder y el maltrato. Como en los viejos cuentos populares, los ni\u00f1os y ni\u00f1as hallar\u00e1n un mensaje alentador: no importa lo peque\u00f1os o d\u00e9biles que sean, si asumen los desaf\u00edos de la vida con inteligencia y audacia.<\/span><\/p>\n","protected":false},"excerpt":{"rendered":"<span>En la literatura infantil existen diferentes tipos de lobos: feroces, malvados, tramposos, zampones\u2026 pero ninguno guarda un secreto terrible, como el terrible lobo de Alain Serres y Bruno Heitz. Este \u00e1lbum es una historia de miedo y de valor, de cambios y aceptaci\u00f3n en la que se entrecruzan temas como el abuso de poder y el maltrato. Como en los viejos cuentos populares, los ni\u00f1os y ni\u00f1as hallar\u00e1n un mensaje alentador: no importa lo peque\u00f1os o d\u00e9biles que sean, si asumen los desaf\u00edos de la vida con inteligencia y audacia.<\/span>","protected":false},"featured_media":14530,"template":"","meta":{"_acf_changed":false},"product_brand":[],"product_cat":[844,843],"product_tag":[],"class_list":{"0":"post-14292","1":"product","2":"type-product","3":"status-publish","4":"has-post-thumbnail","6":"product_cat-castella","7":"product_cat-infantiles-ca","9":"first","10":"outofstock","11":"taxable","12":"shipping-taxable","13":"purchasable","14":"product-type-simple"},"acf":[],"yoast_head":"<!-- This site is optimized with the Yoast SEO plugin v25.1 - https:\/\/yoast.com\/wordpress\/plugins\/seo\/ -->\n<title>Terrible - Libros del Zorro Rojo<\/title>\n<meta name=\"description\" content=\"En la literatura infantil existen diferentes tipos de lobos: feroces, malvados, tramposos, zampones\u2026 pero ninguno guarda un secreto terrible...\" \/>\n<meta name=\"robots\" content=\"index, follow, max-snippet:-1, max-image-preview:large, max-video-preview:-1\" \/>\n<link rel=\"canonical\" href=\"https:\/\/librosdelzorrorojo.com\/ca\/cataleg\/terrible\/\" \/>\n<meta property=\"og:locale\" content=\"ca_ES\" \/>\n<meta property=\"og:type\" content=\"article\" \/>\n<meta property=\"og:title\" content=\"Terrible - Libros del Zorro Rojo\" \/>\n<meta property=\"og:description\" content=\"En la literatura infantil existen diferentes tipos de lobos: feroces, malvados, tramposos, zampones\u2026 pero ninguno guarda un secreto terrible...\" \/>\n<meta property=\"og:url\" content=\"https:\/\/librosdelzorrorojo.com\/ca\/cataleg\/terrible\/\" \/>\n<meta property=\"og:site_name\" content=\"Libros del Zorro Rojo\" \/>\n<meta property=\"article:modified_time\" content=\"2025-10-31T12:03:06+00:00\" \/>\n<meta property=\"og:image\" content=\"https:\/\/librosdelzorrorojo.com\/wp-content\/uploads\/2000\/05\/Cover_Terrible-WEB.jpg\" \/>\n\t<meta property=\"og:image:width\" content=\"850\" \/>\n\t<meta property=\"og:image:height\" content=\"962\" \/>\n\t<meta property=\"og:image:type\" content=\"image\/jpeg\" \/>\n<meta name=\"twitter:card\" content=\"summary_large_image\" \/>\n<script type=\"application\/ld+json\" class=\"yoast-schema-graph\">{\"@context\":\"https:\/\/schema.org\",\"@graph\":[{\"@type\":\"WebPage\",\"@id\":\"https:\/\/librosdelzorrorojo.com\/ca\/cataleg\/terrible\/\",\"url\":\"https:\/\/librosdelzorrorojo.com\/ca\/cataleg\/terrible\/\",\"name\":\"Terrible - Libros del Zorro Rojo\",\"isPartOf\":{\"@id\":\"https:\/\/librosdelzorrorojo.com\/#website\"},\"primaryImageOfPage\":{\"@id\":\"https:\/\/librosdelzorrorojo.com\/ca\/cataleg\/terrible\/#primaryimage\"},\"image\":{\"@id\":\"https:\/\/librosdelzorrorojo.com\/ca\/cataleg\/terrible\/#primaryimage\"},\"thumbnailUrl\":\"https:\/\/librosdelzorrorojo.com\/wp-content\/uploads\/2000\/05\/Cover_Terrible-WEB.jpg\",\"datePublished\":\"2000-05-20T13:32:47+00:00\",\"dateModified\":\"2025-10-31T12:03:06+00:00\",\"description\":\"En la literatura infantil existen diferentes tipos de lobos: feroces, malvados, tramposos, zampones\u2026 pero ninguno guarda un secreto terrible...\",\"breadcrumb\":{\"@id\":\"https:\/\/librosdelzorrorojo.com\/ca\/cataleg\/terrible\/#breadcrumb\"},\"inLanguage\":\"ca\",\"potentialAction\":[{\"@type\":\"ReadAction\",\"target\":[\"https:\/\/librosdelzorrorojo.com\/ca\/cataleg\/terrible\/\"]}]},{\"@type\":\"ImageObject\",\"inLanguage\":\"ca\",\"@id\":\"https:\/\/librosdelzorrorojo.com\/ca\/cataleg\/terrible\/#primaryimage\",\"url\":\"https:\/\/librosdelzorrorojo.com\/wp-content\/uploads\/2000\/05\/Cover_Terrible-WEB.jpg\",\"contentUrl\":\"https:\/\/librosdelzorrorojo.com\/wp-content\/uploads\/2000\/05\/Cover_Terrible-WEB.jpg\",\"width\":850,\"height\":962,\"caption\":\"Cover Terrible WEB\"},{\"@type\":\"BreadcrumbList\",\"@id\":\"https:\/\/librosdelzorrorojo.com\/ca\/cataleg\/terrible\/#breadcrumb\",\"itemListElement\":[{\"@type\":\"ListItem\",\"position\":1,\"name\":\"Portada\",\"item\":\"https:\/\/librosdelzorrorojo.com\/ca\/\"},{\"@type\":\"ListItem\",\"position\":2,\"name\":\"Cat\u00e0leg\",\"item\":\"https:\/\/librosdelzorrorojo.com\/ca\/cataleg\/\"},{\"@type\":\"ListItem\",\"position\":3,\"name\":\"Terrible\"}]},{\"@type\":\"WebSite\",\"@id\":\"https:\/\/librosdelzorrorojo.com\/#website\",\"url\":\"https:\/\/librosdelzorrorojo.com\/\",\"name\":\"Libros del Zorro Rojo\",\"description\":\"Libros ilustrados\",\"potentialAction\":[{\"@type\":\"SearchAction\",\"target\":{\"@type\":\"EntryPoint\",\"urlTemplate\":\"https:\/\/librosdelzorrorojo.com\/?s={search_term_string}\"},\"query-input\":{\"@type\":\"PropertyValueSpecification\",\"valueRequired\":true,\"valueName\":\"search_term_string\"}}],\"inLanguage\":\"ca\"}]}<\/script>\n<!-- \/ Yoast SEO plugin. -->","yoast_head_json":{"title":"Terrible - Libros del Zorro Rojo","description":"En la literatura infantil existen diferentes tipos de lobos: feroces, malvados, tramposos, zampones\u2026 pero ninguno guarda un secreto terrible...","robots":{"index":"index","follow":"follow","max-snippet":"max-snippet:-1","max-image-preview":"max-image-preview:large","max-video-preview":"max-video-preview:-1"},"canonical":"https:\/\/librosdelzorrorojo.com\/ca\/cataleg\/terrible\/","og_locale":"ca_ES","og_type":"article","og_title":"Terrible - Libros del Zorro Rojo","og_description":"En la literatura infantil existen diferentes tipos de lobos: feroces, malvados, tramposos, zampones\u2026 pero ninguno guarda un secreto terrible...","og_url":"https:\/\/librosdelzorrorojo.com\/ca\/cataleg\/terrible\/","og_site_name":"Libros del Zorro Rojo","article_modified_time":"2025-10-31T12:03:06+00:00","og_image":[{"width":850,"height":962,"url":"https:\/\/librosdelzorrorojo.com\/wp-content\/uploads\/2000\/05\/Cover_Terrible-WEB.jpg","type":"image\/jpeg"}],"twitter_card":"summary_large_image","schema":{"@context":"https:\/\/schema.org","@graph":[{"@type":"WebPage","@id":"https:\/\/librosdelzorrorojo.com\/ca\/cataleg\/terrible\/","url":"https:\/\/librosdelzorrorojo.com\/ca\/cataleg\/terrible\/","name":"Terrible - Libros del Zorro Rojo","isPartOf":{"@id":"https:\/\/librosdelzorrorojo.com\/#website"},"primaryImageOfPage":{"@id":"https:\/\/librosdelzorrorojo.com\/ca\/cataleg\/terrible\/#primaryimage"},"image":{"@id":"https:\/\/librosdelzorrorojo.com\/ca\/cataleg\/terrible\/#primaryimage"},"thumbnailUrl":"https:\/\/librosdelzorrorojo.com\/wp-content\/uploads\/2000\/05\/Cover_Terrible-WEB.jpg","datePublished":"2000-05-20T13:32:47+00:00","dateModified":"2025-10-31T12:03:06+00:00","description":"En la literatura infantil existen diferentes tipos de lobos: feroces, malvados, tramposos, zampones\u2026 pero ninguno guarda un secreto terrible...","breadcrumb":{"@id":"https:\/\/librosdelzorrorojo.com\/ca\/cataleg\/terrible\/#breadcrumb"},"inLanguage":"ca","potentialAction":[{"@type":"ReadAction","target":["https:\/\/librosdelzorrorojo.com\/ca\/cataleg\/terrible\/"]}]},{"@type":"ImageObject","inLanguage":"ca","@id":"https:\/\/librosdelzorrorojo.com\/ca\/cataleg\/terrible\/#primaryimage","url":"https:\/\/librosdelzorrorojo.com\/wp-content\/uploads\/2000\/05\/Cover_Terrible-WEB.jpg","contentUrl":"https:\/\/librosdelzorrorojo.com\/wp-content\/uploads\/2000\/05\/Cover_Terrible-WEB.jpg","width":850,"height":962,"caption":"Cover Terrible WEB"},{"@type":"BreadcrumbList","@id":"https:\/\/librosdelzorrorojo.com\/ca\/cataleg\/terrible\/#breadcrumb","itemListElement":[{"@type":"ListItem","position":1,"name":"Portada","item":"https:\/\/librosdelzorrorojo.com\/ca\/"},{"@type":"ListItem","position":2,"name":"Cat\u00e0leg","item":"https:\/\/librosdelzorrorojo.com\/ca\/cataleg\/"},{"@type":"ListItem","position":3,"name":"Terrible"}]},{"@type":"WebSite","@id":"https:\/\/librosdelzorrorojo.com\/#website","url":"https:\/\/librosdelzorrorojo.com\/","name":"Libros del Zorro Rojo","description":"Libros ilustrados","potentialAction":[{"@type":"SearchAction","target":{"@type":"EntryPoint","urlTemplate":"https:\/\/librosdelzorrorojo.com\/?s={search_term_string}"},"query-input":{"@type":"PropertyValueSpecification","valueRequired":true,"valueName":"search_term_string"}}],"inLanguage":"ca"}]}},"_links":{"self":[{"href":"https:\/\/librosdelzorrorojo.com\/ca\/wp-json\/wp\/v2\/product\/14292","targetHints":{"allow":["GET"]}}],"collection":[{"href":"https:\/\/librosdelzorrorojo.com\/ca\/wp-json\/wp\/v2\/product"}],"about":[{"href":"https:\/\/librosdelzorrorojo.com\/ca\/wp-json\/wp\/v2\/types\/product"}],"wp:featuredmedia":[{"embeddable":true,"href":"https:\/\/librosdelzorrorojo.com\/ca\/wp-json\/wp\/v2\/media\/14530"}],"wp:attachment":[{"href":"https:\/\/librosdelzorrorojo.com\/ca\/wp-json\/wp\/v2\/media?parent=14292"}],"wp:term":[{"taxonomy":"product_brand","embeddable":true,"href":"https:\/\/librosdelzorrorojo.com\/ca\/wp-json\/wp\/v2\/product_brand?post=14292"},{"taxonomy":"product_cat","embeddable":true,"href":"https:\/\/librosdelzorrorojo.com\/ca\/wp-json\/wp\/v2\/product_cat?post=14292"},{"taxonomy":"product_tag","embeddable":true,"href":"https:\/\/librosdelzorrorojo.com\/ca\/wp-json\/wp\/v2\/product_tag?post=14292"}],"curies":[{"name":"wp","href":"https:\/\/api.w.org\/{rel}","templated":true}]}}