{"id":14240,"date":"2019-02-13T14:22:35","date_gmt":"2019-05-15T09:20:08","guid":{"rendered":"https:\/\/librosdelzorrorojo.com\/?post_type=product&#038;p=14240"},"modified":"2025-12-08T14:46:31","modified_gmt":"2025-12-08T13:46:31","slug":"ivan-el-tonto","status":"publish","type":"product","link":"https:\/\/librosdelzorrorojo.com\/ca\/cataleg\/ivan-el-tonto\/","title":{"rendered":"Iv\u00e1n el Tonto"},"content":{"rendered":"<p>Tolst\u00f3i escribi\u00f3 la m\u00e1s extensa y bella de sus f\u00e1bulas, utilizando la cl\u00e1sica figura de la tr\u00edada en la que pugnan las fuerzas del bien y del mal. En ella, reinstala las costumbres de su amada Rusia, al tiempo que recupera el folklore de la tradici\u00f3n oral y el \u00edntimo contacto con el trabajo de la tierra.<\/p>\n<p>Las ilustraciones de Decur extraen, de sus cajones m\u00e1s \u00edntimos, un riqu\u00edsimo mundo simb\u00f3lico. Homenajean, con una v\u00edvida paleta, el rasgo hilarante del texto y entablan un di\u00e1logo pleno con el entorno natural y el aura juvenil del\u00a0relato.<\/p>\n<p>&#8211;<\/p>\n<p>Lee el <span style=\"color: #ff0000\"><a href=\"https:\/\/drive.google.com\/open?id=1Em-Nkqs0S77a-vdEp1nhzMYzDOTokryK\" style=\"color: #ff0000\">primer cap\u00edtulo<\/a><\/span> de <em>Iv\u00e1n el Tonto<\/em>.<\/p>\n<p>Mira el booktrailer <span style=\"color: #ff0000\"><a href=\"https:\/\/youtu.be\/lpS5Bi0tmN0\" style=\"color: #ff0000\">aqu\u00ed.<\/a><\/span><\/p>\n<p>Rese\u00f1a de <em>Iv\u00e1n el Tonto<\/em> en <em><span style=\"color: #ff0000\"><a href=\"https:\/\/librosdelzorrorojo.com\/ca\/tolstoi-incita-a-la-alegria-frente-al-mal\/\" style=\"color: #ff0000\">La Nueva Espa\u00f1a<\/a><\/span>.<\/em><\/p>\n<p><span style=\"color: #ff0000\"><a href=\"https:\/\/drive.google.com\/open?id=1NmM6ITy6cmmt--l8FodBcQ7FFLC6Y2Rx\" style=\"color: #ff0000\">Desc\u00e1rgate<\/a><\/span> el kit de prensa.<\/p>\n","protected":false},"excerpt":{"rendered":"\u00danica edici\u00f3n ilustrada de la obra en espa\u00f1ol, que cuenta con las extraordinarias ilustraciones de Decur, su primer trabajo sobre un cl\u00e1sico de la literatura.","protected":false},"featured_media":13367,"template":"","meta":{"_acf_changed":false},"product_brand":[],"product_cat":[844,3156],"product_tag":[],"class_list":{"0":"post-14240","1":"product","2":"type-product","3":"status-publish","4":"has-post-thumbnail","6":"product_cat-castella","7":"product_cat-juvenil-adult","9":"first","10":"instock","11":"taxable","12":"shipping-taxable","13":"purchasable","14":"product-type-simple"},"acf":[],"yoast_head":"<!-- This site is optimized with the Yoast SEO plugin v25.1 - https:\/\/yoast.com\/wordpress\/plugins\/seo\/ -->\n<title>Iv\u00e1n el Tonto - Libros del Zorro Rojo<\/title>\n<meta name=\"description\" content=\"Tolst\u00f3i escribi\u00f3 la m\u00e1s extensa y bella de sus f\u00e1bulas, utilizando la cl\u00e1sica figura de la tr\u00edada en la que pugnan las fuerzas del bien y del mal.\" \/>\n<meta name=\"robots\" content=\"index, follow, max-snippet:-1, max-image-preview:large, max-video-preview:-1\" \/>\n<link rel=\"canonical\" href=\"https:\/\/librosdelzorrorojo.com\/ca\/cataleg\/ivan-el-tonto\/\" \/>\n<meta property=\"og:locale\" content=\"ca_ES\" \/>\n<meta property=\"og:type\" content=\"article\" \/>\n<meta property=\"og:title\" content=\"Iv\u00e1n el Tonto - Libros del Zorro Rojo\" \/>\n<meta property=\"og:description\" content=\"Tolst\u00f3i escribi\u00f3 la m\u00e1s extensa y bella de sus f\u00e1bulas, utilizando la cl\u00e1sica figura de la tr\u00edada en la que pugnan las fuerzas del bien y del mal.\" \/>\n<meta property=\"og:url\" content=\"https:\/\/librosdelzorrorojo.com\/ca\/cataleg\/ivan-el-tonto\/\" \/>\n<meta property=\"og:site_name\" content=\"Libros del Zorro Rojo\" \/>\n<meta property=\"article:modified_time\" content=\"2025-12-08T13:46:31+00:00\" \/>\n<meta property=\"og:image\" content=\"https:\/\/librosdelzorrorojo.com\/wp-content\/uploads\/2019\/02\/Im\u00e1genes-IvanElTerrible-1_P\u00e1gina_7.jpg\" \/>\n<meta name=\"twitter:card\" content=\"summary_large_image\" \/>\n<meta name=\"twitter:label1\" content=\"Temps estimat de lectura\" \/>\n\t<meta name=\"twitter:data1\" content=\"1 minut\" \/>\n<script type=\"application\/ld+json\" class=\"yoast-schema-graph\">{\"@context\":\"https:\/\/schema.org\",\"@graph\":[{\"@type\":\"WebPage\",\"@id\":\"https:\/\/librosdelzorrorojo.com\/ca\/cataleg\/ivan-el-tonto\/\",\"url\":\"https:\/\/librosdelzorrorojo.com\/ca\/cataleg\/ivan-el-tonto\/\",\"name\":\"Iv\u00e1n el Tonto - Libros del Zorro Rojo\",\"isPartOf\":{\"@id\":\"https:\/\/librosdelzorrorojo.com\/#website\"},\"primaryImageOfPage\":{\"@id\":\"https:\/\/librosdelzorrorojo.com\/ca\/cataleg\/ivan-el-tonto\/#primaryimage\"},\"image\":{\"@id\":\"https:\/\/librosdelzorrorojo.com\/ca\/cataleg\/ivan-el-tonto\/#primaryimage\"},\"thumbnailUrl\":\"https:\/\/librosdelzorrorojo.com\/wp-content\/uploads\/2019\/02\/Cover_IvanElTonto-WEB.jpg\",\"datePublished\":\"2019-05-15T09:20:08+00:00\",\"dateModified\":\"2025-12-08T13:46:31+00:00\",\"description\":\"Tolst\u00f3i escribi\u00f3 la m\u00e1s extensa y bella de sus f\u00e1bulas, utilizando la cl\u00e1sica figura de la tr\u00edada en la que pugnan las fuerzas del bien y del mal.\",\"breadcrumb\":{\"@id\":\"https:\/\/librosdelzorrorojo.com\/ca\/cataleg\/ivan-el-tonto\/#breadcrumb\"},\"inLanguage\":\"ca\",\"potentialAction\":[{\"@type\":\"ReadAction\",\"target\":[\"https:\/\/librosdelzorrorojo.com\/ca\/cataleg\/ivan-el-tonto\/\"]}]},{\"@type\":\"ImageObject\",\"inLanguage\":\"ca\",\"@id\":\"https:\/\/librosdelzorrorojo.com\/ca\/cataleg\/ivan-el-tonto\/#primaryimage\",\"url\":\"https:\/\/librosdelzorrorojo.com\/wp-content\/uploads\/2019\/02\/Cover_IvanElTonto-WEB.jpg\",\"contentUrl\":\"https:\/\/librosdelzorrorojo.com\/wp-content\/uploads\/2019\/02\/Cover_IvanElTonto-WEB.jpg\",\"width\":850,\"height\":1344,\"caption\":\"Cover IvanElTonto WEB\"},{\"@type\":\"BreadcrumbList\",\"@id\":\"https:\/\/librosdelzorrorojo.com\/ca\/cataleg\/ivan-el-tonto\/#breadcrumb\",\"itemListElement\":[{\"@type\":\"ListItem\",\"position\":1,\"name\":\"Portada\",\"item\":\"https:\/\/librosdelzorrorojo.com\/ca\/\"},{\"@type\":\"ListItem\",\"position\":2,\"name\":\"Cat\u00e0leg\",\"item\":\"https:\/\/librosdelzorrorojo.com\/ca\/cataleg\/\"},{\"@type\":\"ListItem\",\"position\":3,\"name\":\"Iv\u00e1n el Tonto\"}]},{\"@type\":\"WebSite\",\"@id\":\"https:\/\/librosdelzorrorojo.com\/#website\",\"url\":\"https:\/\/librosdelzorrorojo.com\/\",\"name\":\"Libros del Zorro Rojo\",\"description\":\"Libros ilustrados\",\"potentialAction\":[{\"@type\":\"SearchAction\",\"target\":{\"@type\":\"EntryPoint\",\"urlTemplate\":\"https:\/\/librosdelzorrorojo.com\/?s={search_term_string}\"},\"query-input\":{\"@type\":\"PropertyValueSpecification\",\"valueRequired\":true,\"valueName\":\"search_term_string\"}}],\"inLanguage\":\"ca\"}]}<\/script>\n<!-- \/ Yoast SEO plugin. -->","yoast_head_json":{"title":"Iv\u00e1n el Tonto - Libros del Zorro Rojo","description":"Tolst\u00f3i escribi\u00f3 la m\u00e1s extensa y bella de sus f\u00e1bulas, utilizando la cl\u00e1sica figura de la tr\u00edada en la que pugnan las fuerzas del bien y del mal.","robots":{"index":"index","follow":"follow","max-snippet":"max-snippet:-1","max-image-preview":"max-image-preview:large","max-video-preview":"max-video-preview:-1"},"canonical":"https:\/\/librosdelzorrorojo.com\/ca\/cataleg\/ivan-el-tonto\/","og_locale":"ca_ES","og_type":"article","og_title":"Iv\u00e1n el Tonto - Libros del Zorro Rojo","og_description":"Tolst\u00f3i escribi\u00f3 la m\u00e1s extensa y bella de sus f\u00e1bulas, utilizando la cl\u00e1sica figura de la tr\u00edada en la que pugnan las fuerzas del bien y del mal.","og_url":"https:\/\/librosdelzorrorojo.com\/ca\/cataleg\/ivan-el-tonto\/","og_site_name":"Libros del Zorro Rojo","article_modified_time":"2025-12-08T13:46:31+00:00","og_image":[{"url":"https:\/\/librosdelzorrorojo.com\/wp-content\/uploads\/2019\/02\/Im\u00e1genes-IvanElTerrible-1_P\u00e1gina_7.jpg","type":"","width":"","height":""}],"twitter_card":"summary_large_image","twitter_misc":{"Temps estimat de lectura":"1 minut"},"schema":{"@context":"https:\/\/schema.org","@graph":[{"@type":"WebPage","@id":"https:\/\/librosdelzorrorojo.com\/ca\/cataleg\/ivan-el-tonto\/","url":"https:\/\/librosdelzorrorojo.com\/ca\/cataleg\/ivan-el-tonto\/","name":"Iv\u00e1n el Tonto - Libros del Zorro Rojo","isPartOf":{"@id":"https:\/\/librosdelzorrorojo.com\/#website"},"primaryImageOfPage":{"@id":"https:\/\/librosdelzorrorojo.com\/ca\/cataleg\/ivan-el-tonto\/#primaryimage"},"image":{"@id":"https:\/\/librosdelzorrorojo.com\/ca\/cataleg\/ivan-el-tonto\/#primaryimage"},"thumbnailUrl":"https:\/\/librosdelzorrorojo.com\/wp-content\/uploads\/2019\/02\/Cover_IvanElTonto-WEB.jpg","datePublished":"2019-05-15T09:20:08+00:00","dateModified":"2025-12-08T13:46:31+00:00","description":"Tolst\u00f3i escribi\u00f3 la m\u00e1s extensa y bella de sus f\u00e1bulas, utilizando la cl\u00e1sica figura de la tr\u00edada en la que pugnan las fuerzas del bien y del mal.","breadcrumb":{"@id":"https:\/\/librosdelzorrorojo.com\/ca\/cataleg\/ivan-el-tonto\/#breadcrumb"},"inLanguage":"ca","potentialAction":[{"@type":"ReadAction","target":["https:\/\/librosdelzorrorojo.com\/ca\/cataleg\/ivan-el-tonto\/"]}]},{"@type":"ImageObject","inLanguage":"ca","@id":"https:\/\/librosdelzorrorojo.com\/ca\/cataleg\/ivan-el-tonto\/#primaryimage","url":"https:\/\/librosdelzorrorojo.com\/wp-content\/uploads\/2019\/02\/Cover_IvanElTonto-WEB.jpg","contentUrl":"https:\/\/librosdelzorrorojo.com\/wp-content\/uploads\/2019\/02\/Cover_IvanElTonto-WEB.jpg","width":850,"height":1344,"caption":"Cover IvanElTonto WEB"},{"@type":"BreadcrumbList","@id":"https:\/\/librosdelzorrorojo.com\/ca\/cataleg\/ivan-el-tonto\/#breadcrumb","itemListElement":[{"@type":"ListItem","position":1,"name":"Portada","item":"https:\/\/librosdelzorrorojo.com\/ca\/"},{"@type":"ListItem","position":2,"name":"Cat\u00e0leg","item":"https:\/\/librosdelzorrorojo.com\/ca\/cataleg\/"},{"@type":"ListItem","position":3,"name":"Iv\u00e1n el Tonto"}]},{"@type":"WebSite","@id":"https:\/\/librosdelzorrorojo.com\/#website","url":"https:\/\/librosdelzorrorojo.com\/","name":"Libros del Zorro Rojo","description":"Libros ilustrados","potentialAction":[{"@type":"SearchAction","target":{"@type":"EntryPoint","urlTemplate":"https:\/\/librosdelzorrorojo.com\/?s={search_term_string}"},"query-input":{"@type":"PropertyValueSpecification","valueRequired":true,"valueName":"search_term_string"}}],"inLanguage":"ca"}]}},"_links":{"self":[{"href":"https:\/\/librosdelzorrorojo.com\/ca\/wp-json\/wp\/v2\/product\/14240","targetHints":{"allow":["GET"]}}],"collection":[{"href":"https:\/\/librosdelzorrorojo.com\/ca\/wp-json\/wp\/v2\/product"}],"about":[{"href":"https:\/\/librosdelzorrorojo.com\/ca\/wp-json\/wp\/v2\/types\/product"}],"wp:featuredmedia":[{"embeddable":true,"href":"https:\/\/librosdelzorrorojo.com\/ca\/wp-json\/wp\/v2\/media\/13367"}],"wp:attachment":[{"href":"https:\/\/librosdelzorrorojo.com\/ca\/wp-json\/wp\/v2\/media?parent=14240"}],"wp:term":[{"taxonomy":"product_brand","embeddable":true,"href":"https:\/\/librosdelzorrorojo.com\/ca\/wp-json\/wp\/v2\/product_brand?post=14240"},{"taxonomy":"product_cat","embeddable":true,"href":"https:\/\/librosdelzorrorojo.com\/ca\/wp-json\/wp\/v2\/product_cat?post=14240"},{"taxonomy":"product_tag","embeddable":true,"href":"https:\/\/librosdelzorrorojo.com\/ca\/wp-json\/wp\/v2\/product_tag?post=14240"}],"curies":[{"name":"wp","href":"https:\/\/api.w.org\/{rel}","templated":true}]}}