{"id":14175,"date":"2019-02-09T14:07:22","date_gmt":"2019-05-09T12:09:13","guid":{"rendered":"https:\/\/librosdelzorrorojo.com\/?post_type=product&#038;p=14175"},"modified":"2024-02-29T11:39:45","modified_gmt":"2024-02-29T10:39:45","slug":"lenny-langosta-se-queda-a-cenar","status":"publish","type":"product","link":"https:\/\/librosdelzorrorojo.com\/ca\/cataleg\/lenny-langosta-se-queda-a-cenar\/","title":{"rendered":"Lenny Langosta se queda a cenar"},"content":{"rendered":"<p>Lenny Langosta es un tipo elegante y muy educado. Un d\u00eda recibe una invitaci\u00f3n a una cena de gala, y no se lo piensa dos veces. Se acicala y compra regalos para los anfitriones. Nada m\u00e1s llegar, todos lo reciben con euforia. \u00ab\u00a1No ten\u00eda ni idea de que yo fuera el invitado de honor!\u00bb, exclama Lenny, sonrojado.<\/p>\n<p>Pero, \u00a1atenci\u00f3n!, algo hace sospechar a Imogen, la m\u00e1s peque\u00f1a de la familia, que, sin dar mayor explicaci\u00f3n, saca a Lenny a rega\u00f1adientes de la fiesta.<\/p>\n<p>En realidad, este es solo uno de los posibles caminos que sigue la historia. Estamos ante un libro que interpela al lector para que escoja el desenlace del relato: \u00bfDeber\u00eda Lenny quedarse en la cena o no? \u00a1T\u00fa decides!<\/p>\n<p>Un relato desenfadado y caricaturesco sobre las falsas apariencias, que presenta a un personaje in\u00e9dito en la literatura infantil: una langosta con pinzas de bogavante, con habilidades en artes marciales y un desmesurado apego a sus bigotes.<\/p>\n<p>Las ilustraciones de Catherine Meurisse, dibujante de la prestigiosa revista sat\u00edrica <em>Charlie Hebdo<\/em>, y aclamada artista de novela gr\u00e1fica, ofrecen un estilo humor\u00edstico, cargado de matices, que apela a la empat\u00eda del lector.<\/p>\n<p>&nbsp;<\/p>\n","protected":false},"excerpt":{"rendered":"Lenny Langosta es un tipo elegante y muy educado. Un d\u00eda recibe una invitaci\u00f3n a una cena de gala, y no se lo piensa dos veces. Se acicala y compra regalos para los anfitriones. Nada m\u00e1s llegar, todos lo reciben con euforia. \u00ab\u00a1No ten\u00eda ni idea de que yo fuera el invitado de honor!\u00bb, exclama Lenny, sonrojado.","protected":false},"featured_media":13738,"template":"","meta":{"_acf_changed":false},"product_brand":[],"product_cat":[844,843],"product_tag":[],"class_list":{"0":"post-14175","1":"product","2":"type-product","3":"status-publish","4":"has-post-thumbnail","6":"product_cat-castella","7":"product_cat-infantiles-ca","8":"vinculo-lenny-langosta-se-queda-a-cenar","10":"first","11":"instock","12":"taxable","13":"shipping-taxable","14":"purchasable","15":"product-type-simple"},"acf":[],"yoast_head":"<!-- This site is optimized with the Yoast SEO plugin v25.1 - https:\/\/yoast.com\/wordpress\/plugins\/seo\/ -->\n<title>Lenny Langosta se queda a cenar - Libros del Zorro Rojo<\/title>\n<meta name=\"robots\" content=\"index, follow, max-snippet:-1, max-image-preview:large, max-video-preview:-1\" \/>\n<link rel=\"canonical\" href=\"https:\/\/librosdelzorrorojo.com\/ca\/cataleg\/lenny-langosta-se-queda-a-cenar\/\" \/>\n<meta property=\"og:locale\" content=\"ca_ES\" \/>\n<meta property=\"og:type\" content=\"article\" \/>\n<meta property=\"og:title\" content=\"Lenny Langosta se queda a cenar - Libros del Zorro Rojo\" \/>\n<meta property=\"og:description\" content=\"Lenny Langosta es un tipo elegante y muy educado. Un d\u00eda recibe una invitaci\u00f3n a una cena de gala, y no se lo piensa dos veces. Se acicala y compra regalos para los anfitriones. Nada m\u00e1s llegar, todos lo reciben con euforia. \u00ab\u00a1No ten\u00eda ni idea de que yo fuera el invitado de honor!\u00bb, exclama Lenny, sonrojado.\" \/>\n<meta property=\"og:url\" content=\"https:\/\/librosdelzorrorojo.com\/ca\/cataleg\/lenny-langosta-se-queda-a-cenar\/\" \/>\n<meta property=\"og:site_name\" content=\"Libros del Zorro Rojo\" \/>\n<meta property=\"article:modified_time\" content=\"2024-02-29T10:39:45+00:00\" \/>\n<meta property=\"og:image\" content=\"https:\/\/librosdelzorrorojo.com\/wp-content\/uploads\/2019\/02\/Lenny-instagram-2.jpg\" \/>\n<meta name=\"twitter:card\" content=\"summary_large_image\" \/>\n<meta name=\"twitter:label1\" content=\"Temps estimat de lectura\" \/>\n\t<meta name=\"twitter:data1\" content=\"1 minut\" \/>\n<script type=\"application\/ld+json\" class=\"yoast-schema-graph\">{\"@context\":\"https:\/\/schema.org\",\"@graph\":[{\"@type\":\"WebPage\",\"@id\":\"https:\/\/librosdelzorrorojo.com\/ca\/cataleg\/lenny-langosta-se-queda-a-cenar\/\",\"url\":\"https:\/\/librosdelzorrorojo.com\/ca\/cataleg\/lenny-langosta-se-queda-a-cenar\/\",\"name\":\"Lenny Langosta se queda a cenar - Libros del Zorro Rojo\",\"isPartOf\":{\"@id\":\"https:\/\/librosdelzorrorojo.com\/#website\"},\"primaryImageOfPage\":{\"@id\":\"https:\/\/librosdelzorrorojo.com\/ca\/cataleg\/lenny-langosta-se-queda-a-cenar\/#primaryimage\"},\"image\":{\"@id\":\"https:\/\/librosdelzorrorojo.com\/ca\/cataleg\/lenny-langosta-se-queda-a-cenar\/#primaryimage\"},\"thumbnailUrl\":\"https:\/\/librosdelzorrorojo.com\/wp-content\/uploads\/2019\/03\/Cover_LennyLangosta-ESP-WEB.jpg\",\"datePublished\":\"2019-05-09T12:09:13+00:00\",\"dateModified\":\"2024-02-29T10:39:45+00:00\",\"breadcrumb\":{\"@id\":\"https:\/\/librosdelzorrorojo.com\/ca\/cataleg\/lenny-langosta-se-queda-a-cenar\/#breadcrumb\"},\"inLanguage\":\"ca\",\"potentialAction\":[{\"@type\":\"ReadAction\",\"target\":[\"https:\/\/librosdelzorrorojo.com\/ca\/cataleg\/lenny-langosta-se-queda-a-cenar\/\"]}]},{\"@type\":\"ImageObject\",\"inLanguage\":\"ca\",\"@id\":\"https:\/\/librosdelzorrorojo.com\/ca\/cataleg\/lenny-langosta-se-queda-a-cenar\/#primaryimage\",\"url\":\"https:\/\/librosdelzorrorojo.com\/wp-content\/uploads\/2019\/03\/Cover_LennyLangosta-ESP-WEB.jpg\",\"contentUrl\":\"https:\/\/librosdelzorrorojo.com\/wp-content\/uploads\/2019\/03\/Cover_LennyLangosta-ESP-WEB.jpg\",\"width\":850,\"height\":1157,\"caption\":\"Cover LennyLangosta ESP WEB\"},{\"@type\":\"BreadcrumbList\",\"@id\":\"https:\/\/librosdelzorrorojo.com\/ca\/cataleg\/lenny-langosta-se-queda-a-cenar\/#breadcrumb\",\"itemListElement\":[{\"@type\":\"ListItem\",\"position\":1,\"name\":\"Portada\",\"item\":\"https:\/\/librosdelzorrorojo.com\/ca\/\"},{\"@type\":\"ListItem\",\"position\":2,\"name\":\"Cat\u00e0leg\",\"item\":\"https:\/\/librosdelzorrorojo.com\/ca\/cataleg\/\"},{\"@type\":\"ListItem\",\"position\":3,\"name\":\"Lenny Langosta se queda a cenar\"}]},{\"@type\":\"WebSite\",\"@id\":\"https:\/\/librosdelzorrorojo.com\/#website\",\"url\":\"https:\/\/librosdelzorrorojo.com\/\",\"name\":\"Libros del Zorro Rojo\",\"description\":\"Libros ilustrados\",\"potentialAction\":[{\"@type\":\"SearchAction\",\"target\":{\"@type\":\"EntryPoint\",\"urlTemplate\":\"https:\/\/librosdelzorrorojo.com\/?s={search_term_string}\"},\"query-input\":{\"@type\":\"PropertyValueSpecification\",\"valueRequired\":true,\"valueName\":\"search_term_string\"}}],\"inLanguage\":\"ca\"}]}<\/script>\n<!-- \/ Yoast SEO plugin. -->","yoast_head_json":{"title":"Lenny Langosta se queda a cenar - Libros del Zorro Rojo","robots":{"index":"index","follow":"follow","max-snippet":"max-snippet:-1","max-image-preview":"max-image-preview:large","max-video-preview":"max-video-preview:-1"},"canonical":"https:\/\/librosdelzorrorojo.com\/ca\/cataleg\/lenny-langosta-se-queda-a-cenar\/","og_locale":"ca_ES","og_type":"article","og_title":"Lenny Langosta se queda a cenar - Libros del Zorro Rojo","og_description":"Lenny Langosta es un tipo elegante y muy educado. Un d\u00eda recibe una invitaci\u00f3n a una cena de gala, y no se lo piensa dos veces. Se acicala y compra regalos para los anfitriones. Nada m\u00e1s llegar, todos lo reciben con euforia. \u00ab\u00a1No ten\u00eda ni idea de que yo fuera el invitado de honor!\u00bb, exclama Lenny, sonrojado.","og_url":"https:\/\/librosdelzorrorojo.com\/ca\/cataleg\/lenny-langosta-se-queda-a-cenar\/","og_site_name":"Libros del Zorro Rojo","article_modified_time":"2024-02-29T10:39:45+00:00","og_image":[{"url":"https:\/\/librosdelzorrorojo.com\/wp-content\/uploads\/2019\/02\/Lenny-instagram-2.jpg","type":"","width":"","height":""}],"twitter_card":"summary_large_image","twitter_misc":{"Temps estimat de lectura":"1 minut"},"schema":{"@context":"https:\/\/schema.org","@graph":[{"@type":"WebPage","@id":"https:\/\/librosdelzorrorojo.com\/ca\/cataleg\/lenny-langosta-se-queda-a-cenar\/","url":"https:\/\/librosdelzorrorojo.com\/ca\/cataleg\/lenny-langosta-se-queda-a-cenar\/","name":"Lenny Langosta se queda a cenar - Libros del Zorro Rojo","isPartOf":{"@id":"https:\/\/librosdelzorrorojo.com\/#website"},"primaryImageOfPage":{"@id":"https:\/\/librosdelzorrorojo.com\/ca\/cataleg\/lenny-langosta-se-queda-a-cenar\/#primaryimage"},"image":{"@id":"https:\/\/librosdelzorrorojo.com\/ca\/cataleg\/lenny-langosta-se-queda-a-cenar\/#primaryimage"},"thumbnailUrl":"https:\/\/librosdelzorrorojo.com\/wp-content\/uploads\/2019\/03\/Cover_LennyLangosta-ESP-WEB.jpg","datePublished":"2019-05-09T12:09:13+00:00","dateModified":"2024-02-29T10:39:45+00:00","breadcrumb":{"@id":"https:\/\/librosdelzorrorojo.com\/ca\/cataleg\/lenny-langosta-se-queda-a-cenar\/#breadcrumb"},"inLanguage":"ca","potentialAction":[{"@type":"ReadAction","target":["https:\/\/librosdelzorrorojo.com\/ca\/cataleg\/lenny-langosta-se-queda-a-cenar\/"]}]},{"@type":"ImageObject","inLanguage":"ca","@id":"https:\/\/librosdelzorrorojo.com\/ca\/cataleg\/lenny-langosta-se-queda-a-cenar\/#primaryimage","url":"https:\/\/librosdelzorrorojo.com\/wp-content\/uploads\/2019\/03\/Cover_LennyLangosta-ESP-WEB.jpg","contentUrl":"https:\/\/librosdelzorrorojo.com\/wp-content\/uploads\/2019\/03\/Cover_LennyLangosta-ESP-WEB.jpg","width":850,"height":1157,"caption":"Cover LennyLangosta ESP WEB"},{"@type":"BreadcrumbList","@id":"https:\/\/librosdelzorrorojo.com\/ca\/cataleg\/lenny-langosta-se-queda-a-cenar\/#breadcrumb","itemListElement":[{"@type":"ListItem","position":1,"name":"Portada","item":"https:\/\/librosdelzorrorojo.com\/ca\/"},{"@type":"ListItem","position":2,"name":"Cat\u00e0leg","item":"https:\/\/librosdelzorrorojo.com\/ca\/cataleg\/"},{"@type":"ListItem","position":3,"name":"Lenny Langosta se queda a cenar"}]},{"@type":"WebSite","@id":"https:\/\/librosdelzorrorojo.com\/#website","url":"https:\/\/librosdelzorrorojo.com\/","name":"Libros del Zorro Rojo","description":"Libros ilustrados","potentialAction":[{"@type":"SearchAction","target":{"@type":"EntryPoint","urlTemplate":"https:\/\/librosdelzorrorojo.com\/?s={search_term_string}"},"query-input":{"@type":"PropertyValueSpecification","valueRequired":true,"valueName":"search_term_string"}}],"inLanguage":"ca"}]}},"_links":{"self":[{"href":"https:\/\/librosdelzorrorojo.com\/ca\/wp-json\/wp\/v2\/product\/14175","targetHints":{"allow":["GET"]}}],"collection":[{"href":"https:\/\/librosdelzorrorojo.com\/ca\/wp-json\/wp\/v2\/product"}],"about":[{"href":"https:\/\/librosdelzorrorojo.com\/ca\/wp-json\/wp\/v2\/types\/product"}],"wp:featuredmedia":[{"embeddable":true,"href":"https:\/\/librosdelzorrorojo.com\/ca\/wp-json\/wp\/v2\/media\/13738"}],"wp:attachment":[{"href":"https:\/\/librosdelzorrorojo.com\/ca\/wp-json\/wp\/v2\/media?parent=14175"}],"wp:term":[{"taxonomy":"product_brand","embeddable":true,"href":"https:\/\/librosdelzorrorojo.com\/ca\/wp-json\/wp\/v2\/product_brand?post=14175"},{"taxonomy":"product_cat","embeddable":true,"href":"https:\/\/librosdelzorrorojo.com\/ca\/wp-json\/wp\/v2\/product_cat?post=14175"},{"taxonomy":"product_tag","embeddable":true,"href":"https:\/\/librosdelzorrorojo.com\/ca\/wp-json\/wp\/v2\/product_tag?post=14175"}],"curies":[{"name":"wp","href":"https:\/\/api.w.org\/{rel}","templated":true}]}}