{"id":14134,"date":"2019-05-16T12:18:13","date_gmt":"2019-08-26T09:27:47","guid":{"rendered":"https:\/\/librosdelzorrorojo.com\/?post_type=product&#038;p=14134"},"modified":"2024-02-29T11:39:44","modified_gmt":"2024-02-29T10:39:44","slug":"herbario-para-colorear","status":"publish","type":"product","link":"https:\/\/librosdelzorrorojo.com\/ca\/cataleg\/herbario-para-colorear\/","title":{"rendered":"Herbario para colorear"},"content":{"rendered":"<p>Tal y como hizo con su libro <em>Bestiario<\/em>, Adrienne Barman ofrece en Herbario para colorear la posibilidad de disfrutar del mundo natural con actividades que ponen en juego la creatividad y la imaginaci\u00f3n del lector. Muchos de los \u00e1rboles, flores y plantas de Herbario vuelven a las p\u00e1ginas de este cuaderno, que cuenta con montones de propuestas creativas para que los peque\u00f1os artistas refresquen sus conocimientos sobre la naturaleza y se diviertan coloreando.<br \/>\nDevuelve el colorido a una escena campestre, completa el paisaje con las plantas apropiadas, recubre la p\u00e1gina de hiedra tapizante, encuentra las formas geom\u00e9tricas escondidas en la ilustraci\u00f3n o, mejor a\u00fan, estampa con la base de un apio un nutrido ramo de rosas. \u00a1Un cuaderno para jugar y colorear, seg\u00fan el m\u00e9todo Montessori! Incluye un p\u00f3ster desplegable.<\/p>\n","protected":false},"excerpt":{"rendered":"Tal y como hizo con su libro <em>Bestiario<\/em>, Adrienne Barman ofrece en Herbario para colorear la posibilidad de disfrutar del mundo natural con actividades que ponen en juego la creatividad","protected":false},"featured_media":14214,"template":"","meta":{"_acf_changed":false},"product_brand":[],"product_cat":[844,843],"product_tag":[],"class_list":{"0":"post-14134","1":"product","2":"type-product","3":"status-publish","4":"has-post-thumbnail","6":"product_cat-castella","7":"product_cat-infantiles-ca","8":"vinculo-herbario-para-colorear","10":"first","11":"instock","12":"taxable","13":"shipping-taxable","14":"purchasable","15":"product-type-simple"},"acf":[],"yoast_head":"<!-- This site is optimized with the Yoast SEO plugin v25.1 - https:\/\/yoast.com\/wordpress\/plugins\/seo\/ -->\n<title>Herbario para colorear - Libros del Zorro Rojo<\/title>\n<meta name=\"robots\" content=\"index, follow, max-snippet:-1, max-image-preview:large, max-video-preview:-1\" \/>\n<link rel=\"canonical\" href=\"https:\/\/librosdelzorrorojo.com\/ca\/cataleg\/herbario-para-colorear\/\" \/>\n<meta property=\"og:locale\" content=\"ca_ES\" \/>\n<meta property=\"og:type\" content=\"article\" \/>\n<meta property=\"og:title\" content=\"Herbario para colorear - Libros del Zorro Rojo\" \/>\n<meta property=\"og:description\" content=\"Tal y como hizo con su libro Bestiario, Adrienne Barman ofrece en Herbario para colorear la posibilidad de disfrutar del mundo natural con actividades que ponen en juego la creatividad\" \/>\n<meta property=\"og:url\" content=\"https:\/\/librosdelzorrorojo.com\/ca\/cataleg\/herbario-para-colorear\/\" \/>\n<meta property=\"og:site_name\" content=\"Libros del Zorro Rojo\" \/>\n<meta property=\"article:modified_time\" content=\"2024-02-29T10:39:44+00:00\" \/>\n<meta property=\"og:image\" content=\"https:\/\/librosdelzorrorojo.com\/wp-content\/uploads\/2019\/04\/Cover_Herbario-para-colorear-ESP-WEB.jpg\" \/>\n\t<meta property=\"og:image:width\" content=\"850\" \/>\n\t<meta property=\"og:image:height\" content=\"1173\" \/>\n\t<meta property=\"og:image:type\" content=\"image\/jpeg\" \/>\n<meta name=\"twitter:card\" content=\"summary_large_image\" \/>\n<meta name=\"twitter:label1\" content=\"Temps estimat de lectura\" \/>\n\t<meta name=\"twitter:data1\" content=\"1 minut\" \/>\n<script type=\"application\/ld+json\" class=\"yoast-schema-graph\">{\"@context\":\"https:\/\/schema.org\",\"@graph\":[{\"@type\":\"WebPage\",\"@id\":\"https:\/\/librosdelzorrorojo.com\/ca\/cataleg\/herbario-para-colorear\/\",\"url\":\"https:\/\/librosdelzorrorojo.com\/ca\/cataleg\/herbario-para-colorear\/\",\"name\":\"Herbario para colorear - Libros del Zorro Rojo\",\"isPartOf\":{\"@id\":\"https:\/\/librosdelzorrorojo.com\/#website\"},\"primaryImageOfPage\":{\"@id\":\"https:\/\/librosdelzorrorojo.com\/ca\/cataleg\/herbario-para-colorear\/#primaryimage\"},\"image\":{\"@id\":\"https:\/\/librosdelzorrorojo.com\/ca\/cataleg\/herbario-para-colorear\/#primaryimage\"},\"thumbnailUrl\":\"https:\/\/librosdelzorrorojo.com\/wp-content\/uploads\/2019\/04\/Cover_Herbario-para-colorear-ESP-WEB.jpg\",\"datePublished\":\"2019-08-26T09:27:47+00:00\",\"dateModified\":\"2024-02-29T10:39:44+00:00\",\"breadcrumb\":{\"@id\":\"https:\/\/librosdelzorrorojo.com\/ca\/cataleg\/herbario-para-colorear\/#breadcrumb\"},\"inLanguage\":\"ca\",\"potentialAction\":[{\"@type\":\"ReadAction\",\"target\":[\"https:\/\/librosdelzorrorojo.com\/ca\/cataleg\/herbario-para-colorear\/\"]}]},{\"@type\":\"ImageObject\",\"inLanguage\":\"ca\",\"@id\":\"https:\/\/librosdelzorrorojo.com\/ca\/cataleg\/herbario-para-colorear\/#primaryimage\",\"url\":\"https:\/\/librosdelzorrorojo.com\/wp-content\/uploads\/2019\/04\/Cover_Herbario-para-colorear-ESP-WEB.jpg\",\"contentUrl\":\"https:\/\/librosdelzorrorojo.com\/wp-content\/uploads\/2019\/04\/Cover_Herbario-para-colorear-ESP-WEB.jpg\",\"width\":850,\"height\":1173,\"caption\":\"Cover Herbario para colorear ESP WEB\"},{\"@type\":\"BreadcrumbList\",\"@id\":\"https:\/\/librosdelzorrorojo.com\/ca\/cataleg\/herbario-para-colorear\/#breadcrumb\",\"itemListElement\":[{\"@type\":\"ListItem\",\"position\":1,\"name\":\"Portada\",\"item\":\"https:\/\/librosdelzorrorojo.com\/ca\/\"},{\"@type\":\"ListItem\",\"position\":2,\"name\":\"Cat\u00e0leg\",\"item\":\"https:\/\/librosdelzorrorojo.com\/ca\/cataleg\/\"},{\"@type\":\"ListItem\",\"position\":3,\"name\":\"Herbario para colorear\"}]},{\"@type\":\"WebSite\",\"@id\":\"https:\/\/librosdelzorrorojo.com\/#website\",\"url\":\"https:\/\/librosdelzorrorojo.com\/\",\"name\":\"Libros del Zorro Rojo\",\"description\":\"Libros ilustrados\",\"potentialAction\":[{\"@type\":\"SearchAction\",\"target\":{\"@type\":\"EntryPoint\",\"urlTemplate\":\"https:\/\/librosdelzorrorojo.com\/?s={search_term_string}\"},\"query-input\":{\"@type\":\"PropertyValueSpecification\",\"valueRequired\":true,\"valueName\":\"search_term_string\"}}],\"inLanguage\":\"ca\"}]}<\/script>\n<!-- \/ Yoast SEO plugin. -->","yoast_head_json":{"title":"Herbario para colorear - Libros del Zorro Rojo","robots":{"index":"index","follow":"follow","max-snippet":"max-snippet:-1","max-image-preview":"max-image-preview:large","max-video-preview":"max-video-preview:-1"},"canonical":"https:\/\/librosdelzorrorojo.com\/ca\/cataleg\/herbario-para-colorear\/","og_locale":"ca_ES","og_type":"article","og_title":"Herbario para colorear - Libros del Zorro Rojo","og_description":"Tal y como hizo con su libro Bestiario, Adrienne Barman ofrece en Herbario para colorear la posibilidad de disfrutar del mundo natural con actividades que ponen en juego la creatividad","og_url":"https:\/\/librosdelzorrorojo.com\/ca\/cataleg\/herbario-para-colorear\/","og_site_name":"Libros del Zorro Rojo","article_modified_time":"2024-02-29T10:39:44+00:00","og_image":[{"width":850,"height":1173,"url":"https:\/\/librosdelzorrorojo.com\/wp-content\/uploads\/2019\/04\/Cover_Herbario-para-colorear-ESP-WEB.jpg","type":"image\/jpeg"}],"twitter_card":"summary_large_image","twitter_misc":{"Temps estimat de lectura":"1 minut"},"schema":{"@context":"https:\/\/schema.org","@graph":[{"@type":"WebPage","@id":"https:\/\/librosdelzorrorojo.com\/ca\/cataleg\/herbario-para-colorear\/","url":"https:\/\/librosdelzorrorojo.com\/ca\/cataleg\/herbario-para-colorear\/","name":"Herbario para colorear - Libros del Zorro Rojo","isPartOf":{"@id":"https:\/\/librosdelzorrorojo.com\/#website"},"primaryImageOfPage":{"@id":"https:\/\/librosdelzorrorojo.com\/ca\/cataleg\/herbario-para-colorear\/#primaryimage"},"image":{"@id":"https:\/\/librosdelzorrorojo.com\/ca\/cataleg\/herbario-para-colorear\/#primaryimage"},"thumbnailUrl":"https:\/\/librosdelzorrorojo.com\/wp-content\/uploads\/2019\/04\/Cover_Herbario-para-colorear-ESP-WEB.jpg","datePublished":"2019-08-26T09:27:47+00:00","dateModified":"2024-02-29T10:39:44+00:00","breadcrumb":{"@id":"https:\/\/librosdelzorrorojo.com\/ca\/cataleg\/herbario-para-colorear\/#breadcrumb"},"inLanguage":"ca","potentialAction":[{"@type":"ReadAction","target":["https:\/\/librosdelzorrorojo.com\/ca\/cataleg\/herbario-para-colorear\/"]}]},{"@type":"ImageObject","inLanguage":"ca","@id":"https:\/\/librosdelzorrorojo.com\/ca\/cataleg\/herbario-para-colorear\/#primaryimage","url":"https:\/\/librosdelzorrorojo.com\/wp-content\/uploads\/2019\/04\/Cover_Herbario-para-colorear-ESP-WEB.jpg","contentUrl":"https:\/\/librosdelzorrorojo.com\/wp-content\/uploads\/2019\/04\/Cover_Herbario-para-colorear-ESP-WEB.jpg","width":850,"height":1173,"caption":"Cover Herbario para colorear ESP WEB"},{"@type":"BreadcrumbList","@id":"https:\/\/librosdelzorrorojo.com\/ca\/cataleg\/herbario-para-colorear\/#breadcrumb","itemListElement":[{"@type":"ListItem","position":1,"name":"Portada","item":"https:\/\/librosdelzorrorojo.com\/ca\/"},{"@type":"ListItem","position":2,"name":"Cat\u00e0leg","item":"https:\/\/librosdelzorrorojo.com\/ca\/cataleg\/"},{"@type":"ListItem","position":3,"name":"Herbario para colorear"}]},{"@type":"WebSite","@id":"https:\/\/librosdelzorrorojo.com\/#website","url":"https:\/\/librosdelzorrorojo.com\/","name":"Libros del Zorro Rojo","description":"Libros ilustrados","potentialAction":[{"@type":"SearchAction","target":{"@type":"EntryPoint","urlTemplate":"https:\/\/librosdelzorrorojo.com\/?s={search_term_string}"},"query-input":{"@type":"PropertyValueSpecification","valueRequired":true,"valueName":"search_term_string"}}],"inLanguage":"ca"}]}},"_links":{"self":[{"href":"https:\/\/librosdelzorrorojo.com\/ca\/wp-json\/wp\/v2\/product\/14134","targetHints":{"allow":["GET"]}}],"collection":[{"href":"https:\/\/librosdelzorrorojo.com\/ca\/wp-json\/wp\/v2\/product"}],"about":[{"href":"https:\/\/librosdelzorrorojo.com\/ca\/wp-json\/wp\/v2\/types\/product"}],"wp:featuredmedia":[{"embeddable":true,"href":"https:\/\/librosdelzorrorojo.com\/ca\/wp-json\/wp\/v2\/media\/14214"}],"wp:attachment":[{"href":"https:\/\/librosdelzorrorojo.com\/ca\/wp-json\/wp\/v2\/media?parent=14134"}],"wp:term":[{"taxonomy":"product_brand","embeddable":true,"href":"https:\/\/librosdelzorrorojo.com\/ca\/wp-json\/wp\/v2\/product_brand?post=14134"},{"taxonomy":"product_cat","embeddable":true,"href":"https:\/\/librosdelzorrorojo.com\/ca\/wp-json\/wp\/v2\/product_cat?post=14134"},{"taxonomy":"product_tag","embeddable":true,"href":"https:\/\/librosdelzorrorojo.com\/ca\/wp-json\/wp\/v2\/product_tag?post=14134"}],"curies":[{"name":"wp","href":"https:\/\/api.w.org\/{rel}","templated":true}]}}