{"id":14131,"date":"2019-04-15T11:31:16","date_gmt":"2019-04-15T09:31:16","guid":{"rendered":"https:\/\/librosdelzorrorojo.com\/?post_type=product&#038;p=14131"},"modified":"2024-03-01T09:16:42","modified_gmt":"2024-03-01T08:16:42","slug":"bestiari-de-sons-animals","status":"publish","type":"product","link":"https:\/\/librosdelzorrorojo.com\/ca\/cataleg\/bestiari-de-sons-animals\/","title":{"rendered":"Bestiari de sons animals"},"content":{"rendered":"<p>Una mostra de crits, roncs, brams i altres veus salvatges d\u2019alguns dels personatges m\u00e9s divertits del popular <em>Bestiari<\/em> d\u2019Adrienne Barman. Catorze il\u00b7lustracions d\u2019animals al seu entorn natural conformen aquest llibre de cartr\u00f3, el color i humor del qual atraparan r\u00e0pidament als m\u00e9s petits. P\u00e0gina a p\u00e0gina descobriran els sons que emeten els animals, alguns tan inesperats com el del camell, la foca, la pantera o la guineu. Quin soroll fa el conill quan est\u00e0 content? Com es comuniquen els c\u00e9rvols? Has provat de riure com un ping\u00fc\u00ed? Imaginar i imitar les veus d\u2019aquests animals<br \/>\nresultar\u00e0 un joc irresistible per petits i grans. Aquest llibre continua la saga animal de la popular s\u00e8rie de la il\u00b7lustradora su\u00efssa Adrienne Barman, que inclou t\u00edtols com <em>Herbari, Bestiari de les emocions, Bestiari<\/em> i <em>Bestiario para colorear.<\/em><\/p>\n","protected":false},"excerpt":{"rendered":"Una mostra de crits, roncs, brams i altres veus salvatges d\u2019alguns dels personatges m\u00e9s divertits del popular <em>Bestiari<\/em> d\u2019Adrienne Barman.","protected":false},"featured_media":14191,"template":"","meta":{"_acf_changed":false},"product_brand":[],"product_cat":[840,839],"product_tag":[],"class_list":{"0":"post-14131","1":"product","2":"type-product","3":"status-publish","4":"has-post-thumbnail","6":"product_cat-catala","7":"product_cat-zona-kids-ca","8":"vinculo-bestiario-de-voces-animales","10":"first","11":"instock","12":"taxable","13":"shipping-taxable","14":"purchasable","15":"product-type-simple"},"acf":[],"yoast_head":"<!-- This site is optimized with the Yoast SEO plugin v25.1 - https:\/\/yoast.com\/wordpress\/plugins\/seo\/ -->\n<title>Bestiari de sons animals - Libros del Zorro Rojo<\/title>\n<meta name=\"description\" content=\"Una mostra de crits, roncs, brams i altres veus salvatges d\u2019alguns dels personatges m\u00e9s divertits del popular Bestiari d\u2019Adrienne Barman\" \/>\n<meta name=\"robots\" content=\"index, follow, max-snippet:-1, max-image-preview:large, max-video-preview:-1\" \/>\n<link rel=\"canonical\" href=\"https:\/\/librosdelzorrorojo.com\/ca\/cataleg\/bestiari-de-sons-animals\/\" \/>\n<meta property=\"og:locale\" content=\"ca_ES\" \/>\n<meta property=\"og:type\" content=\"article\" \/>\n<meta property=\"og:title\" content=\"Bestiari de sons animals - Libros del Zorro Rojo\" \/>\n<meta property=\"og:description\" content=\"Una mostra de crits, roncs, brams i altres veus salvatges d\u2019alguns dels personatges m\u00e9s divertits del popular Bestiari d\u2019Adrienne Barman\" \/>\n<meta property=\"og:url\" content=\"https:\/\/librosdelzorrorojo.com\/ca\/cataleg\/bestiari-de-sons-animals\/\" \/>\n<meta property=\"og:site_name\" content=\"Libros del Zorro Rojo\" \/>\n<meta property=\"article:modified_time\" content=\"2024-03-01T08:16:42+00:00\" \/>\n<meta property=\"og:image\" content=\"https:\/\/librosdelzorrorojo.com\/wp-content\/uploads\/2019\/04\/Cover_Bestiari-de-sons-animals-LOW.jpg\" \/>\n\t<meta property=\"og:image:width\" content=\"850\" \/>\n\t<meta property=\"og:image:height\" content=\"857\" \/>\n\t<meta property=\"og:image:type\" content=\"image\/jpeg\" \/>\n<meta name=\"twitter:card\" content=\"summary_large_image\" \/>\n<meta name=\"twitter:label1\" content=\"Temps estimat de lectura\" \/>\n\t<meta name=\"twitter:data1\" content=\"1 minut\" \/>\n<script type=\"application\/ld+json\" class=\"yoast-schema-graph\">{\"@context\":\"https:\/\/schema.org\",\"@graph\":[{\"@type\":\"WebPage\",\"@id\":\"https:\/\/librosdelzorrorojo.com\/ca\/cataleg\/bestiari-de-sons-animals\/\",\"url\":\"https:\/\/librosdelzorrorojo.com\/ca\/cataleg\/bestiari-de-sons-animals\/\",\"name\":\"Bestiari de sons animals - Libros del Zorro Rojo\",\"isPartOf\":{\"@id\":\"https:\/\/librosdelzorrorojo.com\/#website\"},\"primaryImageOfPage\":{\"@id\":\"https:\/\/librosdelzorrorojo.com\/ca\/cataleg\/bestiari-de-sons-animals\/#primaryimage\"},\"image\":{\"@id\":\"https:\/\/librosdelzorrorojo.com\/ca\/cataleg\/bestiari-de-sons-animals\/#primaryimage\"},\"thumbnailUrl\":\"https:\/\/librosdelzorrorojo.com\/wp-content\/uploads\/2019\/04\/Cover_Bestiari-de-sons-animals-LOW.jpg\",\"datePublished\":\"2019-04-15T09:31:16+00:00\",\"dateModified\":\"2024-03-01T08:16:42+00:00\",\"description\":\"Una mostra de crits, roncs, brams i altres veus salvatges d\u2019alguns dels personatges m\u00e9s divertits del popular Bestiari d\u2019Adrienne Barman\",\"breadcrumb\":{\"@id\":\"https:\/\/librosdelzorrorojo.com\/ca\/cataleg\/bestiari-de-sons-animals\/#breadcrumb\"},\"inLanguage\":\"ca\",\"potentialAction\":[{\"@type\":\"ReadAction\",\"target\":[\"https:\/\/librosdelzorrorojo.com\/ca\/cataleg\/bestiari-de-sons-animals\/\"]}]},{\"@type\":\"ImageObject\",\"inLanguage\":\"ca\",\"@id\":\"https:\/\/librosdelzorrorojo.com\/ca\/cataleg\/bestiari-de-sons-animals\/#primaryimage\",\"url\":\"https:\/\/librosdelzorrorojo.com\/wp-content\/uploads\/2019\/04\/Cover_Bestiari-de-sons-animals-LOW.jpg\",\"contentUrl\":\"https:\/\/librosdelzorrorojo.com\/wp-content\/uploads\/2019\/04\/Cover_Bestiari-de-sons-animals-LOW.jpg\",\"width\":850,\"height\":857,\"caption\":\"Cover Bestiari de sons animals LOW\"},{\"@type\":\"BreadcrumbList\",\"@id\":\"https:\/\/librosdelzorrorojo.com\/ca\/cataleg\/bestiari-de-sons-animals\/#breadcrumb\",\"itemListElement\":[{\"@type\":\"ListItem\",\"position\":1,\"name\":\"Portada\",\"item\":\"https:\/\/librosdelzorrorojo.com\/ca\/\"},{\"@type\":\"ListItem\",\"position\":2,\"name\":\"Cat\u00e0leg\",\"item\":\"https:\/\/librosdelzorrorojo.com\/ca\/cataleg\/\"},{\"@type\":\"ListItem\",\"position\":3,\"name\":\"Bestiari de sons animals\"}]},{\"@type\":\"WebSite\",\"@id\":\"https:\/\/librosdelzorrorojo.com\/#website\",\"url\":\"https:\/\/librosdelzorrorojo.com\/\",\"name\":\"Libros del Zorro Rojo\",\"description\":\"Libros ilustrados\",\"potentialAction\":[{\"@type\":\"SearchAction\",\"target\":{\"@type\":\"EntryPoint\",\"urlTemplate\":\"https:\/\/librosdelzorrorojo.com\/?s={search_term_string}\"},\"query-input\":{\"@type\":\"PropertyValueSpecification\",\"valueRequired\":true,\"valueName\":\"search_term_string\"}}],\"inLanguage\":\"ca\"}]}<\/script>\n<!-- \/ Yoast SEO plugin. -->","yoast_head_json":{"title":"Bestiari de sons animals - Libros del Zorro Rojo","description":"Una mostra de crits, roncs, brams i altres veus salvatges d\u2019alguns dels personatges m\u00e9s divertits del popular Bestiari d\u2019Adrienne Barman","robots":{"index":"index","follow":"follow","max-snippet":"max-snippet:-1","max-image-preview":"max-image-preview:large","max-video-preview":"max-video-preview:-1"},"canonical":"https:\/\/librosdelzorrorojo.com\/ca\/cataleg\/bestiari-de-sons-animals\/","og_locale":"ca_ES","og_type":"article","og_title":"Bestiari de sons animals - Libros del Zorro Rojo","og_description":"Una mostra de crits, roncs, brams i altres veus salvatges d\u2019alguns dels personatges m\u00e9s divertits del popular Bestiari d\u2019Adrienne Barman","og_url":"https:\/\/librosdelzorrorojo.com\/ca\/cataleg\/bestiari-de-sons-animals\/","og_site_name":"Libros del Zorro Rojo","article_modified_time":"2024-03-01T08:16:42+00:00","og_image":[{"width":850,"height":857,"url":"https:\/\/librosdelzorrorojo.com\/wp-content\/uploads\/2019\/04\/Cover_Bestiari-de-sons-animals-LOW.jpg","type":"image\/jpeg"}],"twitter_card":"summary_large_image","twitter_misc":{"Temps estimat de lectura":"1 minut"},"schema":{"@context":"https:\/\/schema.org","@graph":[{"@type":"WebPage","@id":"https:\/\/librosdelzorrorojo.com\/ca\/cataleg\/bestiari-de-sons-animals\/","url":"https:\/\/librosdelzorrorojo.com\/ca\/cataleg\/bestiari-de-sons-animals\/","name":"Bestiari de sons animals - Libros del Zorro Rojo","isPartOf":{"@id":"https:\/\/librosdelzorrorojo.com\/#website"},"primaryImageOfPage":{"@id":"https:\/\/librosdelzorrorojo.com\/ca\/cataleg\/bestiari-de-sons-animals\/#primaryimage"},"image":{"@id":"https:\/\/librosdelzorrorojo.com\/ca\/cataleg\/bestiari-de-sons-animals\/#primaryimage"},"thumbnailUrl":"https:\/\/librosdelzorrorojo.com\/wp-content\/uploads\/2019\/04\/Cover_Bestiari-de-sons-animals-LOW.jpg","datePublished":"2019-04-15T09:31:16+00:00","dateModified":"2024-03-01T08:16:42+00:00","description":"Una mostra de crits, roncs, brams i altres veus salvatges d\u2019alguns dels personatges m\u00e9s divertits del popular Bestiari d\u2019Adrienne Barman","breadcrumb":{"@id":"https:\/\/librosdelzorrorojo.com\/ca\/cataleg\/bestiari-de-sons-animals\/#breadcrumb"},"inLanguage":"ca","potentialAction":[{"@type":"ReadAction","target":["https:\/\/librosdelzorrorojo.com\/ca\/cataleg\/bestiari-de-sons-animals\/"]}]},{"@type":"ImageObject","inLanguage":"ca","@id":"https:\/\/librosdelzorrorojo.com\/ca\/cataleg\/bestiari-de-sons-animals\/#primaryimage","url":"https:\/\/librosdelzorrorojo.com\/wp-content\/uploads\/2019\/04\/Cover_Bestiari-de-sons-animals-LOW.jpg","contentUrl":"https:\/\/librosdelzorrorojo.com\/wp-content\/uploads\/2019\/04\/Cover_Bestiari-de-sons-animals-LOW.jpg","width":850,"height":857,"caption":"Cover Bestiari de sons animals LOW"},{"@type":"BreadcrumbList","@id":"https:\/\/librosdelzorrorojo.com\/ca\/cataleg\/bestiari-de-sons-animals\/#breadcrumb","itemListElement":[{"@type":"ListItem","position":1,"name":"Portada","item":"https:\/\/librosdelzorrorojo.com\/ca\/"},{"@type":"ListItem","position":2,"name":"Cat\u00e0leg","item":"https:\/\/librosdelzorrorojo.com\/ca\/cataleg\/"},{"@type":"ListItem","position":3,"name":"Bestiari de sons animals"}]},{"@type":"WebSite","@id":"https:\/\/librosdelzorrorojo.com\/#website","url":"https:\/\/librosdelzorrorojo.com\/","name":"Libros del Zorro Rojo","description":"Libros ilustrados","potentialAction":[{"@type":"SearchAction","target":{"@type":"EntryPoint","urlTemplate":"https:\/\/librosdelzorrorojo.com\/?s={search_term_string}"},"query-input":{"@type":"PropertyValueSpecification","valueRequired":true,"valueName":"search_term_string"}}],"inLanguage":"ca"}]}},"_links":{"self":[{"href":"https:\/\/librosdelzorrorojo.com\/ca\/wp-json\/wp\/v2\/product\/14131","targetHints":{"allow":["GET"]}}],"collection":[{"href":"https:\/\/librosdelzorrorojo.com\/ca\/wp-json\/wp\/v2\/product"}],"about":[{"href":"https:\/\/librosdelzorrorojo.com\/ca\/wp-json\/wp\/v2\/types\/product"}],"wp:featuredmedia":[{"embeddable":true,"href":"https:\/\/librosdelzorrorojo.com\/ca\/wp-json\/wp\/v2\/media\/14191"}],"wp:attachment":[{"href":"https:\/\/librosdelzorrorojo.com\/ca\/wp-json\/wp\/v2\/media?parent=14131"}],"wp:term":[{"taxonomy":"product_brand","embeddable":true,"href":"https:\/\/librosdelzorrorojo.com\/ca\/wp-json\/wp\/v2\/product_brand?post=14131"},{"taxonomy":"product_cat","embeddable":true,"href":"https:\/\/librosdelzorrorojo.com\/ca\/wp-json\/wp\/v2\/product_cat?post=14131"},{"taxonomy":"product_tag","embeddable":true,"href":"https:\/\/librosdelzorrorojo.com\/ca\/wp-json\/wp\/v2\/product_tag?post=14131"}],"curies":[{"name":"wp","href":"https:\/\/api.w.org\/{rel}","templated":true}]}}