{"id":14130,"date":"2019-05-10T14:46:20","date_gmt":"2019-05-15T08:01:00","guid":{"rendered":"https:\/\/librosdelzorrorojo.com\/?post_type=product&#038;p=14130"},"modified":"2024-02-29T11:39:43","modified_gmt":"2024-02-29T10:39:43","slug":"bestiario-de-voces-animales","status":"publish","type":"product","link":"https:\/\/librosdelzorrorojo.com\/ca\/cataleg\/bestiario-de-voces-animales\/","title":{"rendered":"Bestiario de voces animales"},"content":{"rendered":"<p>Un muestrario de gritos, ronquidos, rebuznos y otras voces salvajes de algunos de los personajes m\u00e1s divertidos del popular Bestiario de Adrienne Barman. Catorce ilustraciones de animales en su entorno natural conforman este libro de cart\u00f3n, cuyo colorido y humor atrapar\u00e1 r\u00e1pidamente a los m\u00e1s peque\u00f1os. P\u00e1gina a p\u00e1gina descubrir\u00e1n los sonidos que emiten los animales, algunos tan inesperados como el del camello, la foca, la pantera o el zorro.<\/p>\n<p>\u00bfQu\u00e9 ruido hace el conejo cuando est\u00e1 contento? \u00bfC\u00f3mo se comunican los ciervos? \u00bfHas probado a re\u00edr como un ping\u00fcino? Imaginar e imitar las voces de estos animales resultar\u00e1 un juego irresistible para peque\u00f1os y mayores. Este libro contin\u00faa la saga animal de la popular serie de la ilustradora suiza Adrienne Barman, que incluye t\u00edtulos como <em>Bestiario, Herbario, Bestiario de las emociones<\/em> y <em>Bestiario para colorear<\/em>.<\/p>\n","protected":false},"excerpt":{"rendered":"Un muestrario de gritos, ronquidos, rebuznos y otras voces salvajes de algunos de los personajes m\u00e1s divertidos del popular Bestiario de Adrienne Barman","protected":false},"featured_media":14186,"template":"","meta":{"_acf_changed":false},"product_brand":[],"product_cat":[844,843],"product_tag":[],"class_list":{"0":"post-14130","1":"product","2":"type-product","3":"status-publish","4":"has-post-thumbnail","6":"product_cat-castella","7":"product_cat-infantiles-ca","8":"vinculo-bestiario-de-voces-animales","10":"first","11":"instock","12":"taxable","13":"shipping-taxable","14":"purchasable","15":"product-type-simple"},"acf":[],"yoast_head":"<!-- This site is optimized with the Yoast SEO plugin v25.1 - https:\/\/yoast.com\/wordpress\/plugins\/seo\/ -->\n<title>Bestiario de voces animales - Libros del Zorro Rojo<\/title>\n<meta name=\"description\" content=\"Un muestrario de gritos, ronquidos, rebuznos y otras voces salvajes de algunos de los personajes m\u00e1s divertidos del popular Bestiario de Adrienne Barman\" \/>\n<meta name=\"robots\" content=\"index, follow, max-snippet:-1, max-image-preview:large, max-video-preview:-1\" \/>\n<link rel=\"canonical\" href=\"https:\/\/librosdelzorrorojo.com\/ca\/cataleg\/bestiario-de-voces-animales\/\" \/>\n<meta property=\"og:locale\" content=\"ca_ES\" \/>\n<meta property=\"og:type\" content=\"article\" \/>\n<meta property=\"og:title\" content=\"Bestiario de voces animales - Libros del Zorro Rojo\" \/>\n<meta property=\"og:description\" content=\"Un muestrario de gritos, ronquidos, rebuznos y otras voces salvajes de algunos de los personajes m\u00e1s divertidos del popular Bestiario de Adrienne Barman\" \/>\n<meta property=\"og:url\" content=\"https:\/\/librosdelzorrorojo.com\/ca\/cataleg\/bestiario-de-voces-animales\/\" \/>\n<meta property=\"og:site_name\" content=\"Libros del Zorro Rojo\" \/>\n<meta property=\"article:modified_time\" content=\"2024-02-29T10:39:43+00:00\" \/>\n<meta property=\"og:image\" content=\"https:\/\/librosdelzorrorojo.com\/wp-content\/uploads\/2019\/05\/BestiarioGritos-3_1200x1200.jpg\" \/>\n<meta name=\"twitter:card\" content=\"summary_large_image\" \/>\n<meta name=\"twitter:label1\" content=\"Temps estimat de lectura\" \/>\n\t<meta name=\"twitter:data1\" content=\"1 minut\" \/>\n<script type=\"application\/ld+json\" class=\"yoast-schema-graph\">{\"@context\":\"https:\/\/schema.org\",\"@graph\":[{\"@type\":\"WebPage\",\"@id\":\"https:\/\/librosdelzorrorojo.com\/ca\/cataleg\/bestiario-de-voces-animales\/\",\"url\":\"https:\/\/librosdelzorrorojo.com\/ca\/cataleg\/bestiario-de-voces-animales\/\",\"name\":\"Bestiario de voces animales - Libros del Zorro Rojo\",\"isPartOf\":{\"@id\":\"https:\/\/librosdelzorrorojo.com\/#website\"},\"primaryImageOfPage\":{\"@id\":\"https:\/\/librosdelzorrorojo.com\/ca\/cataleg\/bestiario-de-voces-animales\/#primaryimage\"},\"image\":{\"@id\":\"https:\/\/librosdelzorrorojo.com\/ca\/cataleg\/bestiario-de-voces-animales\/#primaryimage\"},\"thumbnailUrl\":\"https:\/\/librosdelzorrorojo.com\/wp-content\/uploads\/2019\/04\/Cover_Bestiario-de-voces-de-animales-LOW.jpg\",\"datePublished\":\"2019-05-15T08:01:00+00:00\",\"dateModified\":\"2024-02-29T10:39:43+00:00\",\"description\":\"Un muestrario de gritos, ronquidos, rebuznos y otras voces salvajes de algunos de los personajes m\u00e1s divertidos del popular Bestiario de Adrienne Barman\",\"breadcrumb\":{\"@id\":\"https:\/\/librosdelzorrorojo.com\/ca\/cataleg\/bestiario-de-voces-animales\/#breadcrumb\"},\"inLanguage\":\"ca\",\"potentialAction\":[{\"@type\":\"ReadAction\",\"target\":[\"https:\/\/librosdelzorrorojo.com\/ca\/cataleg\/bestiario-de-voces-animales\/\"]}]},{\"@type\":\"ImageObject\",\"inLanguage\":\"ca\",\"@id\":\"https:\/\/librosdelzorrorojo.com\/ca\/cataleg\/bestiario-de-voces-animales\/#primaryimage\",\"url\":\"https:\/\/librosdelzorrorojo.com\/wp-content\/uploads\/2019\/04\/Cover_Bestiario-de-voces-de-animales-LOW.jpg\",\"contentUrl\":\"https:\/\/librosdelzorrorojo.com\/wp-content\/uploads\/2019\/04\/Cover_Bestiario-de-voces-de-animales-LOW.jpg\",\"width\":850,\"height\":854,\"caption\":\"Cover Bestiario de voces de animales LOW\"},{\"@type\":\"BreadcrumbList\",\"@id\":\"https:\/\/librosdelzorrorojo.com\/ca\/cataleg\/bestiario-de-voces-animales\/#breadcrumb\",\"itemListElement\":[{\"@type\":\"ListItem\",\"position\":1,\"name\":\"Portada\",\"item\":\"https:\/\/librosdelzorrorojo.com\/ca\/\"},{\"@type\":\"ListItem\",\"position\":2,\"name\":\"Cat\u00e0leg\",\"item\":\"https:\/\/librosdelzorrorojo.com\/ca\/cataleg\/\"},{\"@type\":\"ListItem\",\"position\":3,\"name\":\"Bestiario de voces animales\"}]},{\"@type\":\"WebSite\",\"@id\":\"https:\/\/librosdelzorrorojo.com\/#website\",\"url\":\"https:\/\/librosdelzorrorojo.com\/\",\"name\":\"Libros del Zorro Rojo\",\"description\":\"Libros ilustrados\",\"potentialAction\":[{\"@type\":\"SearchAction\",\"target\":{\"@type\":\"EntryPoint\",\"urlTemplate\":\"https:\/\/librosdelzorrorojo.com\/?s={search_term_string}\"},\"query-input\":{\"@type\":\"PropertyValueSpecification\",\"valueRequired\":true,\"valueName\":\"search_term_string\"}}],\"inLanguage\":\"ca\"}]}<\/script>\n<!-- \/ Yoast SEO plugin. -->","yoast_head_json":{"title":"Bestiario de voces animales - Libros del Zorro Rojo","description":"Un muestrario de gritos, ronquidos, rebuznos y otras voces salvajes de algunos de los personajes m\u00e1s divertidos del popular Bestiario de Adrienne Barman","robots":{"index":"index","follow":"follow","max-snippet":"max-snippet:-1","max-image-preview":"max-image-preview:large","max-video-preview":"max-video-preview:-1"},"canonical":"https:\/\/librosdelzorrorojo.com\/ca\/cataleg\/bestiario-de-voces-animales\/","og_locale":"ca_ES","og_type":"article","og_title":"Bestiario de voces animales - Libros del Zorro Rojo","og_description":"Un muestrario de gritos, ronquidos, rebuznos y otras voces salvajes de algunos de los personajes m\u00e1s divertidos del popular Bestiario de Adrienne Barman","og_url":"https:\/\/librosdelzorrorojo.com\/ca\/cataleg\/bestiario-de-voces-animales\/","og_site_name":"Libros del Zorro Rojo","article_modified_time":"2024-02-29T10:39:43+00:00","og_image":[{"url":"https:\/\/librosdelzorrorojo.com\/wp-content\/uploads\/2019\/05\/BestiarioGritos-3_1200x1200.jpg","type":"","width":"","height":""}],"twitter_card":"summary_large_image","twitter_misc":{"Temps estimat de lectura":"1 minut"},"schema":{"@context":"https:\/\/schema.org","@graph":[{"@type":"WebPage","@id":"https:\/\/librosdelzorrorojo.com\/ca\/cataleg\/bestiario-de-voces-animales\/","url":"https:\/\/librosdelzorrorojo.com\/ca\/cataleg\/bestiario-de-voces-animales\/","name":"Bestiario de voces animales - Libros del Zorro Rojo","isPartOf":{"@id":"https:\/\/librosdelzorrorojo.com\/#website"},"primaryImageOfPage":{"@id":"https:\/\/librosdelzorrorojo.com\/ca\/cataleg\/bestiario-de-voces-animales\/#primaryimage"},"image":{"@id":"https:\/\/librosdelzorrorojo.com\/ca\/cataleg\/bestiario-de-voces-animales\/#primaryimage"},"thumbnailUrl":"https:\/\/librosdelzorrorojo.com\/wp-content\/uploads\/2019\/04\/Cover_Bestiario-de-voces-de-animales-LOW.jpg","datePublished":"2019-05-15T08:01:00+00:00","dateModified":"2024-02-29T10:39:43+00:00","description":"Un muestrario de gritos, ronquidos, rebuznos y otras voces salvajes de algunos de los personajes m\u00e1s divertidos del popular Bestiario de Adrienne Barman","breadcrumb":{"@id":"https:\/\/librosdelzorrorojo.com\/ca\/cataleg\/bestiario-de-voces-animales\/#breadcrumb"},"inLanguage":"ca","potentialAction":[{"@type":"ReadAction","target":["https:\/\/librosdelzorrorojo.com\/ca\/cataleg\/bestiario-de-voces-animales\/"]}]},{"@type":"ImageObject","inLanguage":"ca","@id":"https:\/\/librosdelzorrorojo.com\/ca\/cataleg\/bestiario-de-voces-animales\/#primaryimage","url":"https:\/\/librosdelzorrorojo.com\/wp-content\/uploads\/2019\/04\/Cover_Bestiario-de-voces-de-animales-LOW.jpg","contentUrl":"https:\/\/librosdelzorrorojo.com\/wp-content\/uploads\/2019\/04\/Cover_Bestiario-de-voces-de-animales-LOW.jpg","width":850,"height":854,"caption":"Cover Bestiario de voces de animales LOW"},{"@type":"BreadcrumbList","@id":"https:\/\/librosdelzorrorojo.com\/ca\/cataleg\/bestiario-de-voces-animales\/#breadcrumb","itemListElement":[{"@type":"ListItem","position":1,"name":"Portada","item":"https:\/\/librosdelzorrorojo.com\/ca\/"},{"@type":"ListItem","position":2,"name":"Cat\u00e0leg","item":"https:\/\/librosdelzorrorojo.com\/ca\/cataleg\/"},{"@type":"ListItem","position":3,"name":"Bestiario de voces animales"}]},{"@type":"WebSite","@id":"https:\/\/librosdelzorrorojo.com\/#website","url":"https:\/\/librosdelzorrorojo.com\/","name":"Libros del Zorro Rojo","description":"Libros ilustrados","potentialAction":[{"@type":"SearchAction","target":{"@type":"EntryPoint","urlTemplate":"https:\/\/librosdelzorrorojo.com\/?s={search_term_string}"},"query-input":{"@type":"PropertyValueSpecification","valueRequired":true,"valueName":"search_term_string"}}],"inLanguage":"ca"}]}},"_links":{"self":[{"href":"https:\/\/librosdelzorrorojo.com\/ca\/wp-json\/wp\/v2\/product\/14130","targetHints":{"allow":["GET"]}}],"collection":[{"href":"https:\/\/librosdelzorrorojo.com\/ca\/wp-json\/wp\/v2\/product"}],"about":[{"href":"https:\/\/librosdelzorrorojo.com\/ca\/wp-json\/wp\/v2\/types\/product"}],"wp:featuredmedia":[{"embeddable":true,"href":"https:\/\/librosdelzorrorojo.com\/ca\/wp-json\/wp\/v2\/media\/14186"}],"wp:attachment":[{"href":"https:\/\/librosdelzorrorojo.com\/ca\/wp-json\/wp\/v2\/media?parent=14130"}],"wp:term":[{"taxonomy":"product_brand","embeddable":true,"href":"https:\/\/librosdelzorrorojo.com\/ca\/wp-json\/wp\/v2\/product_brand?post=14130"},{"taxonomy":"product_cat","embeddable":true,"href":"https:\/\/librosdelzorrorojo.com\/ca\/wp-json\/wp\/v2\/product_cat?post=14130"},{"taxonomy":"product_tag","embeddable":true,"href":"https:\/\/librosdelzorrorojo.com\/ca\/wp-json\/wp\/v2\/product_tag?post=14130"}],"curies":[{"name":"wp","href":"https:\/\/api.w.org\/{rel}","templated":true}]}}