{"id":14126,"date":"2019-04-30T12:27:54","date_gmt":"2019-04-30T10:44:42","guid":{"rendered":"https:\/\/librosdelzorrorojo.com\/?post_type=product&#038;p=14126"},"modified":"2024-02-29T11:39:42","modified_gmt":"2024-02-29T10:39:42","slug":"bestiario-2","status":"publish","type":"product","link":"https:\/\/librosdelzorrorojo.com\/ca\/cataleg\/bestiario-2\/","title":{"rendered":"Bestiario"},"content":{"rendered":"<p>El valor de las doce odas que componen este <em>Bestiario<\/em> no radica en lo fabuloso de los animales que comprende, sino en el recorrido transversal de la obra en que se despliega el car\u00e1cter m\u00e1s profundo del poeta. Su amor es hacia Am\u00e9rica toda, esa \u00abpatria temblorosa\u00bb donde laten las criaturas que, por un lado, dan testimonio de su vital fascinaci\u00f3n y, por otro, componen un retrato biogr\u00e1fico de Neruda desde su vertiente m\u00e1s \u00edntima.<\/p>\n<p>El delicado trabajo de Luis Scafati revela una atenta lectura sobre la obra del poeta chileno. En esos cuerpos de impronta naturalista, las transparencias radiogr\u00e1ficas sugieren la coexistencia de una huella cultural \u2014humana\u2014 en\u00a0la que pervive la hondura de los sentidos. En especial, de la mirada y de la voz.<\/p>\n<p>&#8211;<\/p>\n<p><span style=\"color: #ff0000\"><a href=\"https:\/\/drive.google.com\/open?id=1Gxv7cpf80M2D91GaD4ExmQ-Zouq5MThM\" style=\"color: #ff0000\">Haz clic aqu\u00ed<\/a><\/span> para leer el primer poema, &#8220;Bestiario&#8221;.<\/p>\n<p><span style=\"color: #ff0000\"><a href=\"https:\/\/drive.google.com\/open?id=1uROz0x1bLZ9jRoy4B1SfCKp4DOgJXGC3\" style=\"color: #ff0000\">Desc\u00e1rgate<\/a> <\/span>el kit de prensa.<\/p>\n","protected":false},"excerpt":{"rendered":"El valor de las doce odas que componen este Bestiario no radica en lo fabuloso de los animales que comprende, sino en el recorrido transversal de la obra en que se despliega el car\u00e1cter m\u00e1s profundo del poeta.","protected":false},"featured_media":14138,"template":"","meta":{"_acf_changed":false},"product_brand":[],"product_cat":[844,3156,845],"product_tag":[],"class_list":{"0":"post-14126","1":"product","2":"type-product","3":"status-publish","4":"has-post-thumbnail","6":"product_cat-castella","7":"product_cat-juvenil-adult","8":"product_cat-imperdible-ca","10":"first","11":"instock","12":"taxable","13":"shipping-taxable","14":"purchasable","15":"product-type-simple"},"acf":[],"yoast_head":"<!-- This site is optimized with the Yoast SEO plugin v25.1 - https:\/\/yoast.com\/wordpress\/plugins\/seo\/ -->\n<title>Bestiario - Libros del Zorro Rojo<\/title>\n<meta name=\"description\" content=\"El valor de las doce odas que componen este Bestiario no radica en lo fabuloso de los animales que comprende, sino en el recorrido transversal de la obra en que se despliega el car\u00e1cter m\u00e1s profundo del poeta.\" \/>\n<meta name=\"robots\" content=\"index, follow, max-snippet:-1, max-image-preview:large, max-video-preview:-1\" \/>\n<link rel=\"canonical\" href=\"https:\/\/librosdelzorrorojo.com\/ca\/cataleg\/bestiario-2\/\" \/>\n<meta property=\"og:locale\" content=\"ca_ES\" \/>\n<meta property=\"og:type\" content=\"article\" \/>\n<meta property=\"og:title\" content=\"&quot;Bestiario&quot;, de Pablo Neruda, ilustrado por Luis Scafati\" \/>\n<meta property=\"og:description\" content=\"El valor de las doce odas que componen este Bestiario no radica en lo fabuloso de los animales que comprende, sino en el recorrido transversal de la obra en que se despliega el car\u00e1cter m\u00e1s profundo del poeta.\" \/>\n<meta property=\"og:url\" content=\"https:\/\/librosdelzorrorojo.com\/ca\/cataleg\/bestiario-2\/\" \/>\n<meta property=\"og:site_name\" content=\"Libros del Zorro Rojo\" \/>\n<meta property=\"article:modified_time\" content=\"2024-02-29T10:39:42+00:00\" \/>\n<meta property=\"og:image\" content=\"https:\/\/librosdelzorrorojo.com\/wp-content\/uploads\/2019\/04\/BestiarioNeruda_1200x1200.jpg\" \/>\n\t<meta property=\"og:image:width\" content=\"1200\" \/>\n\t<meta property=\"og:image:height\" content=\"1200\" \/>\n\t<meta property=\"og:image:type\" content=\"image\/jpeg\" \/>\n<meta name=\"twitter:card\" content=\"summary_large_image\" \/>\n<meta name=\"twitter:label1\" content=\"Temps estimat de lectura\" \/>\n\t<meta name=\"twitter:data1\" content=\"1 minut\" \/>\n<script type=\"application\/ld+json\" class=\"yoast-schema-graph\">{\"@context\":\"https:\/\/schema.org\",\"@graph\":[{\"@type\":\"WebPage\",\"@id\":\"https:\/\/librosdelzorrorojo.com\/ca\/cataleg\/bestiario-2\/\",\"url\":\"https:\/\/librosdelzorrorojo.com\/ca\/cataleg\/bestiario-2\/\",\"name\":\"Bestiario - Libros del Zorro Rojo\",\"isPartOf\":{\"@id\":\"https:\/\/librosdelzorrorojo.com\/#website\"},\"primaryImageOfPage\":{\"@id\":\"https:\/\/librosdelzorrorojo.com\/ca\/cataleg\/bestiario-2\/#primaryimage\"},\"image\":{\"@id\":\"https:\/\/librosdelzorrorojo.com\/ca\/cataleg\/bestiario-2\/#primaryimage\"},\"thumbnailUrl\":\"https:\/\/librosdelzorrorojo.com\/wp-content\/uploads\/2019\/04\/Cover_Bestiario-Neruda-WEB.jpg\",\"datePublished\":\"2019-04-30T10:44:42+00:00\",\"dateModified\":\"2024-02-29T10:39:42+00:00\",\"description\":\"El valor de las doce odas que componen este Bestiario no radica en lo fabuloso de los animales que comprende, sino en el recorrido transversal de la obra en que se despliega el car\u00e1cter m\u00e1s profundo del poeta.\",\"breadcrumb\":{\"@id\":\"https:\/\/librosdelzorrorojo.com\/ca\/cataleg\/bestiario-2\/#breadcrumb\"},\"inLanguage\":\"ca\",\"potentialAction\":[{\"@type\":\"ReadAction\",\"target\":[\"https:\/\/librosdelzorrorojo.com\/ca\/cataleg\/bestiario-2\/\"]}]},{\"@type\":\"ImageObject\",\"inLanguage\":\"ca\",\"@id\":\"https:\/\/librosdelzorrorojo.com\/ca\/cataleg\/bestiario-2\/#primaryimage\",\"url\":\"https:\/\/librosdelzorrorojo.com\/wp-content\/uploads\/2019\/04\/Cover_Bestiario-Neruda-WEB.jpg\",\"contentUrl\":\"https:\/\/librosdelzorrorojo.com\/wp-content\/uploads\/2019\/04\/Cover_Bestiario-Neruda-WEB.jpg\",\"width\":850,\"height\":1444,\"caption\":\"Cover Bestiario Neruda WEB\"},{\"@type\":\"BreadcrumbList\",\"@id\":\"https:\/\/librosdelzorrorojo.com\/ca\/cataleg\/bestiario-2\/#breadcrumb\",\"itemListElement\":[{\"@type\":\"ListItem\",\"position\":1,\"name\":\"Portada\",\"item\":\"https:\/\/librosdelzorrorojo.com\/ca\/\"},{\"@type\":\"ListItem\",\"position\":2,\"name\":\"Cat\u00e0leg\",\"item\":\"https:\/\/librosdelzorrorojo.com\/ca\/cataleg\/\"},{\"@type\":\"ListItem\",\"position\":3,\"name\":\"Bestiario\"}]},{\"@type\":\"WebSite\",\"@id\":\"https:\/\/librosdelzorrorojo.com\/#website\",\"url\":\"https:\/\/librosdelzorrorojo.com\/\",\"name\":\"Libros del Zorro Rojo\",\"description\":\"Libros ilustrados\",\"potentialAction\":[{\"@type\":\"SearchAction\",\"target\":{\"@type\":\"EntryPoint\",\"urlTemplate\":\"https:\/\/librosdelzorrorojo.com\/?s={search_term_string}\"},\"query-input\":{\"@type\":\"PropertyValueSpecification\",\"valueRequired\":true,\"valueName\":\"search_term_string\"}}],\"inLanguage\":\"ca\"}]}<\/script>\n<!-- \/ Yoast SEO plugin. -->","yoast_head_json":{"title":"Bestiario - Libros del Zorro Rojo","description":"El valor de las doce odas que componen este Bestiario no radica en lo fabuloso de los animales que comprende, sino en el recorrido transversal de la obra en que se despliega el car\u00e1cter m\u00e1s profundo del poeta.","robots":{"index":"index","follow":"follow","max-snippet":"max-snippet:-1","max-image-preview":"max-image-preview:large","max-video-preview":"max-video-preview:-1"},"canonical":"https:\/\/librosdelzorrorojo.com\/ca\/cataleg\/bestiario-2\/","og_locale":"ca_ES","og_type":"article","og_title":"\"Bestiario\", de Pablo Neruda, ilustrado por Luis Scafati","og_description":"El valor de las doce odas que componen este Bestiario no radica en lo fabuloso de los animales que comprende, sino en el recorrido transversal de la obra en que se despliega el car\u00e1cter m\u00e1s profundo del poeta.","og_url":"https:\/\/librosdelzorrorojo.com\/ca\/cataleg\/bestiario-2\/","og_site_name":"Libros del Zorro Rojo","article_modified_time":"2024-02-29T10:39:42+00:00","og_image":[{"width":1200,"height":1200,"url":"https:\/\/librosdelzorrorojo.com\/wp-content\/uploads\/2019\/04\/BestiarioNeruda_1200x1200.jpg","type":"image\/jpeg"}],"twitter_card":"summary_large_image","twitter_misc":{"Temps estimat de lectura":"1 minut"},"schema":{"@context":"https:\/\/schema.org","@graph":[{"@type":"WebPage","@id":"https:\/\/librosdelzorrorojo.com\/ca\/cataleg\/bestiario-2\/","url":"https:\/\/librosdelzorrorojo.com\/ca\/cataleg\/bestiario-2\/","name":"Bestiario - Libros del Zorro Rojo","isPartOf":{"@id":"https:\/\/librosdelzorrorojo.com\/#website"},"primaryImageOfPage":{"@id":"https:\/\/librosdelzorrorojo.com\/ca\/cataleg\/bestiario-2\/#primaryimage"},"image":{"@id":"https:\/\/librosdelzorrorojo.com\/ca\/cataleg\/bestiario-2\/#primaryimage"},"thumbnailUrl":"https:\/\/librosdelzorrorojo.com\/wp-content\/uploads\/2019\/04\/Cover_Bestiario-Neruda-WEB.jpg","datePublished":"2019-04-30T10:44:42+00:00","dateModified":"2024-02-29T10:39:42+00:00","description":"El valor de las doce odas que componen este Bestiario no radica en lo fabuloso de los animales que comprende, sino en el recorrido transversal de la obra en que se despliega el car\u00e1cter m\u00e1s profundo del poeta.","breadcrumb":{"@id":"https:\/\/librosdelzorrorojo.com\/ca\/cataleg\/bestiario-2\/#breadcrumb"},"inLanguage":"ca","potentialAction":[{"@type":"ReadAction","target":["https:\/\/librosdelzorrorojo.com\/ca\/cataleg\/bestiario-2\/"]}]},{"@type":"ImageObject","inLanguage":"ca","@id":"https:\/\/librosdelzorrorojo.com\/ca\/cataleg\/bestiario-2\/#primaryimage","url":"https:\/\/librosdelzorrorojo.com\/wp-content\/uploads\/2019\/04\/Cover_Bestiario-Neruda-WEB.jpg","contentUrl":"https:\/\/librosdelzorrorojo.com\/wp-content\/uploads\/2019\/04\/Cover_Bestiario-Neruda-WEB.jpg","width":850,"height":1444,"caption":"Cover Bestiario Neruda WEB"},{"@type":"BreadcrumbList","@id":"https:\/\/librosdelzorrorojo.com\/ca\/cataleg\/bestiario-2\/#breadcrumb","itemListElement":[{"@type":"ListItem","position":1,"name":"Portada","item":"https:\/\/librosdelzorrorojo.com\/ca\/"},{"@type":"ListItem","position":2,"name":"Cat\u00e0leg","item":"https:\/\/librosdelzorrorojo.com\/ca\/cataleg\/"},{"@type":"ListItem","position":3,"name":"Bestiario"}]},{"@type":"WebSite","@id":"https:\/\/librosdelzorrorojo.com\/#website","url":"https:\/\/librosdelzorrorojo.com\/","name":"Libros del Zorro Rojo","description":"Libros ilustrados","potentialAction":[{"@type":"SearchAction","target":{"@type":"EntryPoint","urlTemplate":"https:\/\/librosdelzorrorojo.com\/?s={search_term_string}"},"query-input":{"@type":"PropertyValueSpecification","valueRequired":true,"valueName":"search_term_string"}}],"inLanguage":"ca"}]}},"_links":{"self":[{"href":"https:\/\/librosdelzorrorojo.com\/ca\/wp-json\/wp\/v2\/product\/14126","targetHints":{"allow":["GET"]}}],"collection":[{"href":"https:\/\/librosdelzorrorojo.com\/ca\/wp-json\/wp\/v2\/product"}],"about":[{"href":"https:\/\/librosdelzorrorojo.com\/ca\/wp-json\/wp\/v2\/types\/product"}],"wp:featuredmedia":[{"embeddable":true,"href":"https:\/\/librosdelzorrorojo.com\/ca\/wp-json\/wp\/v2\/media\/14138"}],"wp:attachment":[{"href":"https:\/\/librosdelzorrorojo.com\/ca\/wp-json\/wp\/v2\/media?parent=14126"}],"wp:term":[{"taxonomy":"product_brand","embeddable":true,"href":"https:\/\/librosdelzorrorojo.com\/ca\/wp-json\/wp\/v2\/product_brand?post=14126"},{"taxonomy":"product_cat","embeddable":true,"href":"https:\/\/librosdelzorrorojo.com\/ca\/wp-json\/wp\/v2\/product_cat?post=14126"},{"taxonomy":"product_tag","embeddable":true,"href":"https:\/\/librosdelzorrorojo.com\/ca\/wp-json\/wp\/v2\/product_tag?post=14126"}],"curies":[{"name":"wp","href":"https:\/\/api.w.org\/{rel}","templated":true}]}}