{"id":14121,"date":"2019-04-29T12:20:51","date_gmt":"2019-04-29T10:20:51","guid":{"rendered":"https:\/\/librosdelzorrorojo.com\/?post_type=product&#038;p=14121"},"modified":"2024-04-15T15:51:37","modified_gmt":"2024-04-15T13:51:37","slug":"tot-el-que-cal-per-fer-una-casa-en-un-arbre","status":"publish","type":"product","link":"https:\/\/librosdelzorrorojo.com\/ca\/cataleg\/tot-el-que-cal-per-fer-una-casa-en-un-arbre\/","title":{"rendered":"Tot el que cal per fer una casa en un arbre"},"content":{"rendered":"<p>\u00abTot el que cal per fer una casa en un arbre \u00e9s temps i mirar amunt i pensar\u2026\u00bb Aix\u00ed comen\u00e7a aquest llibre ple d\u2019inspiradores escenes de la naturalesa, en les quals els arbres semblen amables gegants que conviden a viure infinites aventures. Es tracta d\u2019un original manual d\u2019instruccions en el qual tant el text com les il\u00b7lustracions descobreixen, pas a pas, un divertid\u00edssim joc d\u2019imaginar, construir i habitar no nom\u00e9s una, sin\u00f3 m\u00e9s d\u2019una desena de cases diferents, allotjades als arbres m\u00e9s meravellosos.<\/p>\n<p>Fustes, canyes, escorces, cordes, claus\u2026, per\u00f2 tamb\u00e9 uns prism\u00e0tics, llibres, entrepans i una gorra de pirata, un coix\u00ed, una llanterna i una nit d\u2019estrelles i secrets. Tot aix\u00f2 i molt m\u00e9s, ja que tan bon punt el lector arribi a l\u2019\u00faltima p\u00e0gina, descobrir\u00e0 que aquest llibre no t\u00e9 final. La veritable aventura comen\u00e7a quan tanquem el llibre.<\/p>\n<p>Torna la frescor, l\u2019exuber\u00e0ncia i la vivacitat de la naturalesa recreada per Emily Hughes, una il\u00b7lustradora que amb cada paisatge ens regala un bri d\u2019aire fresc i la fascinaci\u00f3 de la vida salvatge.<\/p>\n","protected":false},"excerpt":{"rendered":"\u00abTot el que cal per fer una casa en un arbre \u00e9s temps i mirar amunt i pensar\u2026\u00bb Aix\u00ed comen\u00e7a aquest llibre ple d\u2019inspiradores escenes de la naturalesa,","protected":false},"featured_media":13414,"template":"","meta":{"_acf_changed":false},"product_brand":[],"product_cat":[840,845],"product_tag":[],"class_list":{"0":"post-14121","1":"product","2":"type-product","3":"status-publish","4":"has-post-thumbnail","6":"product_cat-catala","7":"product_cat-imperdible-ca","8":"vinculo-como-hacer-una-casa-en-un-arbol","10":"first","11":"instock","12":"taxable","13":"shipping-taxable","14":"purchasable","15":"product-type-simple"},"acf":[],"yoast_head":"<!-- This site is optimized with the Yoast SEO plugin v25.1 - https:\/\/yoast.com\/wordpress\/plugins\/seo\/ -->\n<title>Tot el que cal per fer una casa en un arbre - Libros del Zorro Rojo<\/title>\n<meta name=\"description\" content=\"\u00abTot el que cal per fer una casa en un arbre \u00e9s temps i mirar amunt i pensar\u2026\u00bb Aix\u00ed comen\u00e7a aquest llibre ple d\u2019inspiradores escenes de la naturalesa,\" \/>\n<meta name=\"robots\" content=\"index, follow, max-snippet:-1, max-image-preview:large, max-video-preview:-1\" \/>\n<link rel=\"canonical\" href=\"https:\/\/librosdelzorrorojo.com\/ca\/cataleg\/tot-el-que-cal-per-fer-una-casa-en-un-arbre\/\" \/>\n<meta property=\"og:locale\" content=\"ca_ES\" \/>\n<meta property=\"og:type\" content=\"article\" \/>\n<meta property=\"og:title\" content=\"Tot el que cal per fer una casa en un arbre - Libros del Zorro Rojo\" \/>\n<meta property=\"og:description\" content=\"\u00abTot el que cal per fer una casa en un arbre \u00e9s temps i mirar amunt i pensar\u2026\u00bb Aix\u00ed comen\u00e7a aquest llibre ple d\u2019inspiradores escenes de la naturalesa,\" \/>\n<meta property=\"og:url\" content=\"https:\/\/librosdelzorrorojo.com\/ca\/cataleg\/tot-el-que-cal-per-fer-una-casa-en-un-arbre\/\" \/>\n<meta property=\"og:site_name\" content=\"Libros del Zorro Rojo\" \/>\n<meta property=\"article:modified_time\" content=\"2024-04-15T13:51:37+00:00\" \/>\n<meta property=\"og:image\" content=\"https:\/\/librosdelzorrorojo.com\/wp-content\/uploads\/2019\/02\/Co\u0301moHacerUnaCasaEnElA\u0301rbol_1200x1200-2.jpg\" \/>\n\t<meta property=\"og:image:width\" content=\"1200\" \/>\n\t<meta property=\"og:image:height\" content=\"1200\" \/>\n\t<meta property=\"og:image:type\" content=\"image\/jpeg\" \/>\n<meta name=\"twitter:card\" content=\"summary_large_image\" \/>\n<meta name=\"twitter:label1\" content=\"Temps estimat de lectura\" \/>\n\t<meta name=\"twitter:data1\" content=\"1 minut\" \/>\n<script type=\"application\/ld+json\" class=\"yoast-schema-graph\">{\"@context\":\"https:\/\/schema.org\",\"@graph\":[{\"@type\":\"WebPage\",\"@id\":\"https:\/\/librosdelzorrorojo.com\/ca\/cataleg\/tot-el-que-cal-per-fer-una-casa-en-un-arbre\/\",\"url\":\"https:\/\/librosdelzorrorojo.com\/ca\/cataleg\/tot-el-que-cal-per-fer-una-casa-en-un-arbre\/\",\"name\":\"Tot el que cal per fer una casa en un arbre - Libros del Zorro Rojo\",\"isPartOf\":{\"@id\":\"https:\/\/librosdelzorrorojo.com\/#website\"},\"primaryImageOfPage\":{\"@id\":\"https:\/\/librosdelzorrorojo.com\/ca\/cataleg\/tot-el-que-cal-per-fer-una-casa-en-un-arbre\/#primaryimage\"},\"image\":{\"@id\":\"https:\/\/librosdelzorrorojo.com\/ca\/cataleg\/tot-el-que-cal-per-fer-una-casa-en-un-arbre\/#primaryimage\"},\"thumbnailUrl\":\"https:\/\/librosdelzorrorojo.com\/wp-content\/uploads\/2019\/02\/Cover_TotElQueCalPerFerUnaCasaEnUnArbre-WEB.jpg\",\"datePublished\":\"2019-04-29T10:20:51+00:00\",\"dateModified\":\"2024-04-15T13:51:37+00:00\",\"description\":\"\u00abTot el que cal per fer una casa en un arbre \u00e9s temps i mirar amunt i pensar\u2026\u00bb Aix\u00ed comen\u00e7a aquest llibre ple d\u2019inspiradores escenes de la naturalesa,\",\"breadcrumb\":{\"@id\":\"https:\/\/librosdelzorrorojo.com\/ca\/cataleg\/tot-el-que-cal-per-fer-una-casa-en-un-arbre\/#breadcrumb\"},\"inLanguage\":\"ca\",\"potentialAction\":[{\"@type\":\"ReadAction\",\"target\":[\"https:\/\/librosdelzorrorojo.com\/ca\/cataleg\/tot-el-que-cal-per-fer-una-casa-en-un-arbre\/\"]}]},{\"@type\":\"ImageObject\",\"inLanguage\":\"ca\",\"@id\":\"https:\/\/librosdelzorrorojo.com\/ca\/cataleg\/tot-el-que-cal-per-fer-una-casa-en-un-arbre\/#primaryimage\",\"url\":\"https:\/\/librosdelzorrorojo.com\/wp-content\/uploads\/2019\/02\/Cover_TotElQueCalPerFerUnaCasaEnUnArbre-WEB.jpg\",\"contentUrl\":\"https:\/\/librosdelzorrorojo.com\/wp-content\/uploads\/2019\/02\/Cover_TotElQueCalPerFerUnaCasaEnUnArbre-WEB.jpg\",\"width\":850,\"height\":1204,\"caption\":\"Cover TotElQueCalPerFerUnaCasaEnUnArbre WEB\"},{\"@type\":\"BreadcrumbList\",\"@id\":\"https:\/\/librosdelzorrorojo.com\/ca\/cataleg\/tot-el-que-cal-per-fer-una-casa-en-un-arbre\/#breadcrumb\",\"itemListElement\":[{\"@type\":\"ListItem\",\"position\":1,\"name\":\"Portada\",\"item\":\"https:\/\/librosdelzorrorojo.com\/ca\/\"},{\"@type\":\"ListItem\",\"position\":2,\"name\":\"Cat\u00e0leg\",\"item\":\"https:\/\/librosdelzorrorojo.com\/ca\/cataleg\/\"},{\"@type\":\"ListItem\",\"position\":3,\"name\":\"Tot el que cal per fer una casa en un arbre\"}]},{\"@type\":\"WebSite\",\"@id\":\"https:\/\/librosdelzorrorojo.com\/#website\",\"url\":\"https:\/\/librosdelzorrorojo.com\/\",\"name\":\"Libros del Zorro Rojo\",\"description\":\"Libros ilustrados\",\"potentialAction\":[{\"@type\":\"SearchAction\",\"target\":{\"@type\":\"EntryPoint\",\"urlTemplate\":\"https:\/\/librosdelzorrorojo.com\/?s={search_term_string}\"},\"query-input\":{\"@type\":\"PropertyValueSpecification\",\"valueRequired\":true,\"valueName\":\"search_term_string\"}}],\"inLanguage\":\"ca\"}]}<\/script>\n<!-- \/ Yoast SEO plugin. -->","yoast_head_json":{"title":"Tot el que cal per fer una casa en un arbre - Libros del Zorro Rojo","description":"\u00abTot el que cal per fer una casa en un arbre \u00e9s temps i mirar amunt i pensar\u2026\u00bb Aix\u00ed comen\u00e7a aquest llibre ple d\u2019inspiradores escenes de la naturalesa,","robots":{"index":"index","follow":"follow","max-snippet":"max-snippet:-1","max-image-preview":"max-image-preview:large","max-video-preview":"max-video-preview:-1"},"canonical":"https:\/\/librosdelzorrorojo.com\/ca\/cataleg\/tot-el-que-cal-per-fer-una-casa-en-un-arbre\/","og_locale":"ca_ES","og_type":"article","og_title":"Tot el que cal per fer una casa en un arbre - Libros del Zorro Rojo","og_description":"\u00abTot el que cal per fer una casa en un arbre \u00e9s temps i mirar amunt i pensar\u2026\u00bb Aix\u00ed comen\u00e7a aquest llibre ple d\u2019inspiradores escenes de la naturalesa,","og_url":"https:\/\/librosdelzorrorojo.com\/ca\/cataleg\/tot-el-que-cal-per-fer-una-casa-en-un-arbre\/","og_site_name":"Libros del Zorro Rojo","article_modified_time":"2024-04-15T13:51:37+00:00","og_image":[{"width":1200,"height":1200,"url":"https:\/\/librosdelzorrorojo.com\/wp-content\/uploads\/2019\/02\/Co\u0301moHacerUnaCasaEnElA\u0301rbol_1200x1200-2.jpg","type":"image\/jpeg"}],"twitter_card":"summary_large_image","twitter_misc":{"Temps estimat de lectura":"1 minut"},"schema":{"@context":"https:\/\/schema.org","@graph":[{"@type":"WebPage","@id":"https:\/\/librosdelzorrorojo.com\/ca\/cataleg\/tot-el-que-cal-per-fer-una-casa-en-un-arbre\/","url":"https:\/\/librosdelzorrorojo.com\/ca\/cataleg\/tot-el-que-cal-per-fer-una-casa-en-un-arbre\/","name":"Tot el que cal per fer una casa en un arbre - Libros del Zorro Rojo","isPartOf":{"@id":"https:\/\/librosdelzorrorojo.com\/#website"},"primaryImageOfPage":{"@id":"https:\/\/librosdelzorrorojo.com\/ca\/cataleg\/tot-el-que-cal-per-fer-una-casa-en-un-arbre\/#primaryimage"},"image":{"@id":"https:\/\/librosdelzorrorojo.com\/ca\/cataleg\/tot-el-que-cal-per-fer-una-casa-en-un-arbre\/#primaryimage"},"thumbnailUrl":"https:\/\/librosdelzorrorojo.com\/wp-content\/uploads\/2019\/02\/Cover_TotElQueCalPerFerUnaCasaEnUnArbre-WEB.jpg","datePublished":"2019-04-29T10:20:51+00:00","dateModified":"2024-04-15T13:51:37+00:00","description":"\u00abTot el que cal per fer una casa en un arbre \u00e9s temps i mirar amunt i pensar\u2026\u00bb Aix\u00ed comen\u00e7a aquest llibre ple d\u2019inspiradores escenes de la naturalesa,","breadcrumb":{"@id":"https:\/\/librosdelzorrorojo.com\/ca\/cataleg\/tot-el-que-cal-per-fer-una-casa-en-un-arbre\/#breadcrumb"},"inLanguage":"ca","potentialAction":[{"@type":"ReadAction","target":["https:\/\/librosdelzorrorojo.com\/ca\/cataleg\/tot-el-que-cal-per-fer-una-casa-en-un-arbre\/"]}]},{"@type":"ImageObject","inLanguage":"ca","@id":"https:\/\/librosdelzorrorojo.com\/ca\/cataleg\/tot-el-que-cal-per-fer-una-casa-en-un-arbre\/#primaryimage","url":"https:\/\/librosdelzorrorojo.com\/wp-content\/uploads\/2019\/02\/Cover_TotElQueCalPerFerUnaCasaEnUnArbre-WEB.jpg","contentUrl":"https:\/\/librosdelzorrorojo.com\/wp-content\/uploads\/2019\/02\/Cover_TotElQueCalPerFerUnaCasaEnUnArbre-WEB.jpg","width":850,"height":1204,"caption":"Cover TotElQueCalPerFerUnaCasaEnUnArbre WEB"},{"@type":"BreadcrumbList","@id":"https:\/\/librosdelzorrorojo.com\/ca\/cataleg\/tot-el-que-cal-per-fer-una-casa-en-un-arbre\/#breadcrumb","itemListElement":[{"@type":"ListItem","position":1,"name":"Portada","item":"https:\/\/librosdelzorrorojo.com\/ca\/"},{"@type":"ListItem","position":2,"name":"Cat\u00e0leg","item":"https:\/\/librosdelzorrorojo.com\/ca\/cataleg\/"},{"@type":"ListItem","position":3,"name":"Tot el que cal per fer una casa en un arbre"}]},{"@type":"WebSite","@id":"https:\/\/librosdelzorrorojo.com\/#website","url":"https:\/\/librosdelzorrorojo.com\/","name":"Libros del Zorro Rojo","description":"Libros ilustrados","potentialAction":[{"@type":"SearchAction","target":{"@type":"EntryPoint","urlTemplate":"https:\/\/librosdelzorrorojo.com\/?s={search_term_string}"},"query-input":{"@type":"PropertyValueSpecification","valueRequired":true,"valueName":"search_term_string"}}],"inLanguage":"ca"}]}},"_links":{"self":[{"href":"https:\/\/librosdelzorrorojo.com\/ca\/wp-json\/wp\/v2\/product\/14121","targetHints":{"allow":["GET"]}}],"collection":[{"href":"https:\/\/librosdelzorrorojo.com\/ca\/wp-json\/wp\/v2\/product"}],"about":[{"href":"https:\/\/librosdelzorrorojo.com\/ca\/wp-json\/wp\/v2\/types\/product"}],"wp:featuredmedia":[{"embeddable":true,"href":"https:\/\/librosdelzorrorojo.com\/ca\/wp-json\/wp\/v2\/media\/13414"}],"wp:attachment":[{"href":"https:\/\/librosdelzorrorojo.com\/ca\/wp-json\/wp\/v2\/media?parent=14121"}],"wp:term":[{"taxonomy":"product_brand","embeddable":true,"href":"https:\/\/librosdelzorrorojo.com\/ca\/wp-json\/wp\/v2\/product_brand?post=14121"},{"taxonomy":"product_cat","embeddable":true,"href":"https:\/\/librosdelzorrorojo.com\/ca\/wp-json\/wp\/v2\/product_cat?post=14121"},{"taxonomy":"product_tag","embeddable":true,"href":"https:\/\/librosdelzorrorojo.com\/ca\/wp-json\/wp\/v2\/product_tag?post=14121"}],"curies":[{"name":"wp","href":"https:\/\/api.w.org\/{rel}","templated":true}]}}