{"id":14065,"date":"2019-03-23T12:53:29","date_gmt":"2019-03-23T11:53:29","guid":{"rendered":"https:\/\/librosdelzorrorojo.com\/?post_type=product&#038;p=14065"},"modified":"2024-03-01T09:21:21","modified_gmt":"2024-03-01T08:21:21","slug":"samba-panda-amb-el-pare","status":"publish","type":"product","link":"https:\/\/librosdelzorrorojo.com\/ca\/cataleg\/samba-panda-amb-el-pare\/","title":{"rendered":"Samba Panda amb el pare"},"content":{"rendered":"<p>Segon t\u00edtol de la col\u00b7lecci\u00f3 Samba Panda, un divertit manual de dansa per als m\u00e9s petits, el protagonista del qual \u00e9s un simp\u00e0tic osset panda, a qui ara se li ha afegit el seu pare. Si has superat el primer nivell de <em>Samba Panda amb l\u2019Osset<\/em>, ja pots gaudir d\u2019aquesta nova s\u00e8rie d\u2019exercicis senzills que s\u2019associen al moviment corporal i, per descomptat, a la imaginaci\u00f3. \u00c9s imprescindible l\u2019ajuda d\u2019un pare o una mare, tot i que val qualsevol adult h\u00e0bil en els jocs d\u2019imitaci\u00f3 \u2014millor si t\u00e9 una panxa rodanxona i toveta\u2014. Posar- se de puntetes, rodolar per terra, fer xocar els culs com un parell de cireres o gronxar-se a la manera d\u2019un p\u00e8ndol s\u00f3n algunes de les irresistibles postures d\u2019aquesta singular dansa. Les il\u00b7lustracions mostren de manera clara quins s\u00f3n els passos a seguir, creant un vincle harm\u00f2nic entre text i imatge, f\u00e0cil d\u2019interpretar fins i tot per als no lectors. Un esfor\u00e7 que sempre t\u00e9 un final reconfortant.<\/p>\n","protected":false},"excerpt":{"rendered":"Segon t\u00edtol de la col\u00b7lecci\u00f3 Samba Panda, un divertit manual de dansa per als m\u00e9s petits, el protagonista del qual \u00e9s un simp\u00e0tic osset panda, a qui ara se li ha afegit el seu pare.","protected":false},"featured_media":14106,"template":"","meta":{"_acf_changed":false},"product_brand":[],"product_cat":[840,839],"product_tag":[],"class_list":{"0":"post-14065","1":"product","2":"type-product","3":"status-publish","4":"has-post-thumbnail","6":"product_cat-catala","7":"product_cat-zona-kids-ca","8":"vinculo-samba-panda-con-papa","10":"first","11":"instock","12":"taxable","13":"shipping-taxable","14":"purchasable","15":"product-type-simple"},"acf":[],"yoast_head":"<!-- This site is optimized with the Yoast SEO plugin v25.1 - https:\/\/yoast.com\/wordpress\/plugins\/seo\/ -->\n<title>Samba Panda amb el pare - Libros del Zorro Rojo<\/title>\n<meta name=\"description\" content=\"Segon t\u00edtol de la col\u00b7lecci\u00f3 Samba Panda, un divertit manual de dansa per als m\u00e9s petits, el protagonista del qual \u00e9s un simp\u00e0tic osset panda, a qui ara\" \/>\n<meta name=\"robots\" content=\"index, follow, max-snippet:-1, max-image-preview:large, max-video-preview:-1\" \/>\n<link rel=\"canonical\" href=\"https:\/\/librosdelzorrorojo.com\/ca\/cataleg\/samba-panda-amb-el-pare\/\" \/>\n<meta property=\"og:locale\" content=\"ca_ES\" \/>\n<meta property=\"og:type\" content=\"article\" \/>\n<meta property=\"og:title\" content=\"Samba Panda amb el pare - Libros del Zorro Rojo\" \/>\n<meta property=\"og:description\" content=\"Segon t\u00edtol de la col\u00b7lecci\u00f3 Samba Panda, un divertit manual de dansa per als m\u00e9s petits, el protagonista del qual \u00e9s un simp\u00e0tic osset panda, a qui ara\" \/>\n<meta property=\"og:url\" content=\"https:\/\/librosdelzorrorojo.com\/ca\/cataleg\/samba-panda-amb-el-pare\/\" \/>\n<meta property=\"og:site_name\" content=\"Libros del Zorro Rojo\" \/>\n<meta property=\"article:modified_time\" content=\"2024-03-01T08:21:21+00:00\" \/>\n<meta property=\"og:image\" content=\"https:\/\/librosdelzorrorojo.com\/wp-content\/uploads\/2019\/04\/Cover_SambaPandaAmbElPere-WEB.jpg\" \/>\n\t<meta property=\"og:image:width\" content=\"850\" \/>\n\t<meta property=\"og:image:height\" content=\"849\" \/>\n\t<meta property=\"og:image:type\" content=\"image\/jpeg\" \/>\n<meta name=\"twitter:card\" content=\"summary_large_image\" \/>\n<meta name=\"twitter:label1\" content=\"Temps estimat de lectura\" \/>\n\t<meta name=\"twitter:data1\" content=\"1 minut\" \/>\n<script type=\"application\/ld+json\" class=\"yoast-schema-graph\">{\"@context\":\"https:\/\/schema.org\",\"@graph\":[{\"@type\":\"WebPage\",\"@id\":\"https:\/\/librosdelzorrorojo.com\/ca\/cataleg\/samba-panda-amb-el-pare\/\",\"url\":\"https:\/\/librosdelzorrorojo.com\/ca\/cataleg\/samba-panda-amb-el-pare\/\",\"name\":\"Samba Panda amb el pare - Libros del Zorro Rojo\",\"isPartOf\":{\"@id\":\"https:\/\/librosdelzorrorojo.com\/#website\"},\"primaryImageOfPage\":{\"@id\":\"https:\/\/librosdelzorrorojo.com\/ca\/cataleg\/samba-panda-amb-el-pare\/#primaryimage\"},\"image\":{\"@id\":\"https:\/\/librosdelzorrorojo.com\/ca\/cataleg\/samba-panda-amb-el-pare\/#primaryimage\"},\"thumbnailUrl\":\"https:\/\/librosdelzorrorojo.com\/wp-content\/uploads\/2019\/04\/Cover_SambaPandaAmbElPere-WEB.jpg\",\"datePublished\":\"2019-03-23T11:53:29+00:00\",\"dateModified\":\"2024-03-01T08:21:21+00:00\",\"description\":\"Segon t\u00edtol de la col\u00b7lecci\u00f3 Samba Panda, un divertit manual de dansa per als m\u00e9s petits, el protagonista del qual \u00e9s un simp\u00e0tic osset panda, a qui ara\",\"breadcrumb\":{\"@id\":\"https:\/\/librosdelzorrorojo.com\/ca\/cataleg\/samba-panda-amb-el-pare\/#breadcrumb\"},\"inLanguage\":\"ca\",\"potentialAction\":[{\"@type\":\"ReadAction\",\"target\":[\"https:\/\/librosdelzorrorojo.com\/ca\/cataleg\/samba-panda-amb-el-pare\/\"]}]},{\"@type\":\"ImageObject\",\"inLanguage\":\"ca\",\"@id\":\"https:\/\/librosdelzorrorojo.com\/ca\/cataleg\/samba-panda-amb-el-pare\/#primaryimage\",\"url\":\"https:\/\/librosdelzorrorojo.com\/wp-content\/uploads\/2019\/04\/Cover_SambaPandaAmbElPere-WEB.jpg\",\"contentUrl\":\"https:\/\/librosdelzorrorojo.com\/wp-content\/uploads\/2019\/04\/Cover_SambaPandaAmbElPere-WEB.jpg\",\"width\":850,\"height\":849,\"caption\":\"Cover SambaPandaAmbElPere WEB\"},{\"@type\":\"BreadcrumbList\",\"@id\":\"https:\/\/librosdelzorrorojo.com\/ca\/cataleg\/samba-panda-amb-el-pare\/#breadcrumb\",\"itemListElement\":[{\"@type\":\"ListItem\",\"position\":1,\"name\":\"Portada\",\"item\":\"https:\/\/librosdelzorrorojo.com\/ca\/\"},{\"@type\":\"ListItem\",\"position\":2,\"name\":\"Cat\u00e0leg\",\"item\":\"https:\/\/librosdelzorrorojo.com\/ca\/cataleg\/\"},{\"@type\":\"ListItem\",\"position\":3,\"name\":\"Samba Panda amb el pare\"}]},{\"@type\":\"WebSite\",\"@id\":\"https:\/\/librosdelzorrorojo.com\/#website\",\"url\":\"https:\/\/librosdelzorrorojo.com\/\",\"name\":\"Libros del Zorro Rojo\",\"description\":\"Libros ilustrados\",\"potentialAction\":[{\"@type\":\"SearchAction\",\"target\":{\"@type\":\"EntryPoint\",\"urlTemplate\":\"https:\/\/librosdelzorrorojo.com\/?s={search_term_string}\"},\"query-input\":{\"@type\":\"PropertyValueSpecification\",\"valueRequired\":true,\"valueName\":\"search_term_string\"}}],\"inLanguage\":\"ca\"}]}<\/script>\n<!-- \/ Yoast SEO plugin. -->","yoast_head_json":{"title":"Samba Panda amb el pare - Libros del Zorro Rojo","description":"Segon t\u00edtol de la col\u00b7lecci\u00f3 Samba Panda, un divertit manual de dansa per als m\u00e9s petits, el protagonista del qual \u00e9s un simp\u00e0tic osset panda, a qui ara","robots":{"index":"index","follow":"follow","max-snippet":"max-snippet:-1","max-image-preview":"max-image-preview:large","max-video-preview":"max-video-preview:-1"},"canonical":"https:\/\/librosdelzorrorojo.com\/ca\/cataleg\/samba-panda-amb-el-pare\/","og_locale":"ca_ES","og_type":"article","og_title":"Samba Panda amb el pare - Libros del Zorro Rojo","og_description":"Segon t\u00edtol de la col\u00b7lecci\u00f3 Samba Panda, un divertit manual de dansa per als m\u00e9s petits, el protagonista del qual \u00e9s un simp\u00e0tic osset panda, a qui ara","og_url":"https:\/\/librosdelzorrorojo.com\/ca\/cataleg\/samba-panda-amb-el-pare\/","og_site_name":"Libros del Zorro Rojo","article_modified_time":"2024-03-01T08:21:21+00:00","og_image":[{"width":850,"height":849,"url":"https:\/\/librosdelzorrorojo.com\/wp-content\/uploads\/2019\/04\/Cover_SambaPandaAmbElPere-WEB.jpg","type":"image\/jpeg"}],"twitter_card":"summary_large_image","twitter_misc":{"Temps estimat de lectura":"1 minut"},"schema":{"@context":"https:\/\/schema.org","@graph":[{"@type":"WebPage","@id":"https:\/\/librosdelzorrorojo.com\/ca\/cataleg\/samba-panda-amb-el-pare\/","url":"https:\/\/librosdelzorrorojo.com\/ca\/cataleg\/samba-panda-amb-el-pare\/","name":"Samba Panda amb el pare - Libros del Zorro Rojo","isPartOf":{"@id":"https:\/\/librosdelzorrorojo.com\/#website"},"primaryImageOfPage":{"@id":"https:\/\/librosdelzorrorojo.com\/ca\/cataleg\/samba-panda-amb-el-pare\/#primaryimage"},"image":{"@id":"https:\/\/librosdelzorrorojo.com\/ca\/cataleg\/samba-panda-amb-el-pare\/#primaryimage"},"thumbnailUrl":"https:\/\/librosdelzorrorojo.com\/wp-content\/uploads\/2019\/04\/Cover_SambaPandaAmbElPere-WEB.jpg","datePublished":"2019-03-23T11:53:29+00:00","dateModified":"2024-03-01T08:21:21+00:00","description":"Segon t\u00edtol de la col\u00b7lecci\u00f3 Samba Panda, un divertit manual de dansa per als m\u00e9s petits, el protagonista del qual \u00e9s un simp\u00e0tic osset panda, a qui ara","breadcrumb":{"@id":"https:\/\/librosdelzorrorojo.com\/ca\/cataleg\/samba-panda-amb-el-pare\/#breadcrumb"},"inLanguage":"ca","potentialAction":[{"@type":"ReadAction","target":["https:\/\/librosdelzorrorojo.com\/ca\/cataleg\/samba-panda-amb-el-pare\/"]}]},{"@type":"ImageObject","inLanguage":"ca","@id":"https:\/\/librosdelzorrorojo.com\/ca\/cataleg\/samba-panda-amb-el-pare\/#primaryimage","url":"https:\/\/librosdelzorrorojo.com\/wp-content\/uploads\/2019\/04\/Cover_SambaPandaAmbElPere-WEB.jpg","contentUrl":"https:\/\/librosdelzorrorojo.com\/wp-content\/uploads\/2019\/04\/Cover_SambaPandaAmbElPere-WEB.jpg","width":850,"height":849,"caption":"Cover SambaPandaAmbElPere WEB"},{"@type":"BreadcrumbList","@id":"https:\/\/librosdelzorrorojo.com\/ca\/cataleg\/samba-panda-amb-el-pare\/#breadcrumb","itemListElement":[{"@type":"ListItem","position":1,"name":"Portada","item":"https:\/\/librosdelzorrorojo.com\/ca\/"},{"@type":"ListItem","position":2,"name":"Cat\u00e0leg","item":"https:\/\/librosdelzorrorojo.com\/ca\/cataleg\/"},{"@type":"ListItem","position":3,"name":"Samba Panda amb el pare"}]},{"@type":"WebSite","@id":"https:\/\/librosdelzorrorojo.com\/#website","url":"https:\/\/librosdelzorrorojo.com\/","name":"Libros del Zorro Rojo","description":"Libros ilustrados","potentialAction":[{"@type":"SearchAction","target":{"@type":"EntryPoint","urlTemplate":"https:\/\/librosdelzorrorojo.com\/?s={search_term_string}"},"query-input":{"@type":"PropertyValueSpecification","valueRequired":true,"valueName":"search_term_string"}}],"inLanguage":"ca"}]}},"_links":{"self":[{"href":"https:\/\/librosdelzorrorojo.com\/ca\/wp-json\/wp\/v2\/product\/14065","targetHints":{"allow":["GET"]}}],"collection":[{"href":"https:\/\/librosdelzorrorojo.com\/ca\/wp-json\/wp\/v2\/product"}],"about":[{"href":"https:\/\/librosdelzorrorojo.com\/ca\/wp-json\/wp\/v2\/types\/product"}],"wp:featuredmedia":[{"embeddable":true,"href":"https:\/\/librosdelzorrorojo.com\/ca\/wp-json\/wp\/v2\/media\/14106"}],"wp:attachment":[{"href":"https:\/\/librosdelzorrorojo.com\/ca\/wp-json\/wp\/v2\/media?parent=14065"}],"wp:term":[{"taxonomy":"product_brand","embeddable":true,"href":"https:\/\/librosdelzorrorojo.com\/ca\/wp-json\/wp\/v2\/product_brand?post=14065"},{"taxonomy":"product_cat","embeddable":true,"href":"https:\/\/librosdelzorrorojo.com\/ca\/wp-json\/wp\/v2\/product_cat?post=14065"},{"taxonomy":"product_tag","embeddable":true,"href":"https:\/\/librosdelzorrorojo.com\/ca\/wp-json\/wp\/v2\/product_tag?post=14065"}],"curies":[{"name":"wp","href":"https:\/\/api.w.org\/{rel}","templated":true}]}}