{"id":14027,"date":"2019-03-24T15:14:45","date_gmt":"2019-04-24T13:24:42","guid":{"rendered":"https:\/\/librosdelzorrorojo.com\/?post_type=product&#038;p=14027"},"modified":"2024-02-29T11:39:39","modified_gmt":"2024-02-29T10:39:39","slug":"ser-o-no-ser-una-manzana","status":"publish","type":"product","link":"https:\/\/librosdelzorrorojo.com\/ca\/cataleg\/ser-o-no-ser-una-manzana\/","title":{"rendered":"Ser o no ser&#8230; una manzana"},"content":{"rendered":"<p>\u00abLo que vemos cambia lo que sabemos. Lo que conocemos, cambia lo que vemos.\u00bb Jean Piaget<\/p>\n<p>Los peque\u00f1os siempre se est\u00e1n haciendo preguntas porque hay muchas cosas que desconocen. Pero a veces no est\u00e1 de m\u00e1s cuestionarse lo que parece evidente. Los interrogantes, las dudas, ponen en tensi\u00f3n nuestro cerebro, provocan millones de conexiones neuronales y lo ejercitan para el desarrollo del conocimiento. Incluso un objeto tan reconocible como una manzana puede disparar nuestra mente y ser el origen de una extraordinaria divagaci\u00f3n que, en el caso de nuestro protagonista le lleva a plantearse \u00abY si fuera mi tataratatarabuelo, que se ha reencarnado en manzana y viene a hacerme una visita\u00bb o \u00abQuiz\u00e1 sean todos manzanas excepto yo\u00bb.<\/p>\n<p>Con frases que comienzan con \u00abpodr\u00eda ser\u00bb o \u00abquiz\u00e1 sea\u00bb se pone en marcha una letan\u00eda de suposiciones, todas con una base l\u00f3gica, no solo acerca de la naturaleza del objeto en s\u00ed; sino tambi\u00e9n de su forma de ser, de su historia pasada y futura, creando incluso un v\u00ednculo afectivo entre objeto y sujeto. Shinsuke Yoshitake, autor de <em>Atascado<\/em> (Barbara Fiore, 2018), es un ilustrador japon\u00e9s famoso por sus \u00e1lbumes conceptuales, en los que, sin alejarse del universo infantil, plantea cuestiones filos\u00f3ficas o sobre el sentido de la vida; pero eso s\u00ed, sin perder en ning\u00fan momento la perspectiva del humor y el ingenio desbordante.<\/p>\n<p>&#8211;<\/p>\n<p>Rese\u00f1a de <em>Ser o no ser&#8230; una manzana<\/em> en <span style=\"color: #ff0000\"><a href=\"https:\/\/librosdelzorrorojo.com\/ser-o-no-ser-una-manzana\/\" style=\"color: #ff0000\"><em>Pekeleke<\/em><\/a><\/span><\/p>\n<p><span style=\"color: #ff0000\"><a href=\"https:\/\/drive.google.com\/open?id=1dxs3kyHCSYL0l4xObUP6H1tRE0MeaqaM\" style=\"color: #ff0000\">Desc\u00e1rgate<\/a> <\/span>el kit de prensa.<\/p>\n","protected":false},"excerpt":{"rendered":"\u00abLo que vemos cambia lo que sabemos. Lo que conocemos, cambia lo que vemos.\u00bb Jean Piaget Los peque\u00f1os siempre se est\u00e1n haciendo preguntas porque hay muchas cosas que desconocen. Pero a veces no est\u00e1 de m\u00e1s cuestionarse lo que parece evidente. Los interrogantes, las dudas, ponen en tensi\u00f3n nuestro cerebro, provocan millones de conexiones neuronales y lo ejercitan para el desarrollo del conocimiento.","protected":false},"featured_media":13717,"template":"","meta":{"_acf_changed":false},"product_brand":[],"product_cat":[844,843],"product_tag":[],"class_list":{"0":"post-14027","1":"product","2":"type-product","3":"status-publish","4":"has-post-thumbnail","6":"product_cat-castella","7":"product_cat-infantiles-ca","8":"vinculo-ser-o-no-ser-una-manzana","10":"first","11":"instock","12":"taxable","13":"shipping-taxable","14":"purchasable","15":"product-type-simple"},"acf":[],"yoast_head":"<!-- This site is optimized with the Yoast SEO plugin v25.1 - https:\/\/yoast.com\/wordpress\/plugins\/seo\/ -->\n<title>Ser o no ser... una manzana - Libros del Zorro Rojo<\/title>\n<meta name=\"robots\" content=\"index, follow, max-snippet:-1, max-image-preview:large, max-video-preview:-1\" \/>\n<link rel=\"canonical\" href=\"https:\/\/librosdelzorrorojo.com\/ca\/cataleg\/ser-o-no-ser-una-manzana\/\" \/>\n<meta property=\"og:locale\" content=\"ca_ES\" \/>\n<meta property=\"og:type\" content=\"article\" \/>\n<meta property=\"og:title\" content=\"Ser o no ser... una manzana - Libros del Zorro Rojo\" \/>\n<meta property=\"og:description\" content=\"\u00abLo que vemos cambia lo que sabemos. Lo que conocemos, cambia lo que vemos.\u00bb Jean Piaget Los peque\u00f1os siempre se est\u00e1n haciendo preguntas porque hay muchas cosas que desconocen. Pero a veces no est\u00e1 de m\u00e1s cuestionarse lo que parece evidente. Los interrogantes, las dudas, ponen en tensi\u00f3n nuestro cerebro, provocan millones de conexiones neuronales y lo ejercitan para el desarrollo del conocimiento.\" \/>\n<meta property=\"og:url\" content=\"https:\/\/librosdelzorrorojo.com\/ca\/cataleg\/ser-o-no-ser-una-manzana\/\" \/>\n<meta property=\"og:site_name\" content=\"Libros del Zorro Rojo\" \/>\n<meta property=\"article:modified_time\" content=\"2024-02-29T10:39:39+00:00\" \/>\n<meta property=\"og:image\" content=\"https:\/\/librosdelzorrorojo.com\/wp-content\/uploads\/2019\/02\/SerONoSer_1200x1200.jpg\" \/>\n\t<meta property=\"og:image:width\" content=\"1200\" \/>\n\t<meta property=\"og:image:height\" content=\"1200\" \/>\n\t<meta property=\"og:image:type\" content=\"image\/jpeg\" \/>\n<meta name=\"twitter:card\" content=\"summary_large_image\" \/>\n<meta name=\"twitter:label1\" content=\"Temps estimat de lectura\" \/>\n\t<meta name=\"twitter:data1\" content=\"1 minut\" \/>\n<script type=\"application\/ld+json\" class=\"yoast-schema-graph\">{\"@context\":\"https:\/\/schema.org\",\"@graph\":[{\"@type\":\"WebPage\",\"@id\":\"https:\/\/librosdelzorrorojo.com\/ca\/cataleg\/ser-o-no-ser-una-manzana\/\",\"url\":\"https:\/\/librosdelzorrorojo.com\/ca\/cataleg\/ser-o-no-ser-una-manzana\/\",\"name\":\"Ser o no ser... una manzana - Libros del Zorro Rojo\",\"isPartOf\":{\"@id\":\"https:\/\/librosdelzorrorojo.com\/#website\"},\"primaryImageOfPage\":{\"@id\":\"https:\/\/librosdelzorrorojo.com\/ca\/cataleg\/ser-o-no-ser-una-manzana\/#primaryimage\"},\"image\":{\"@id\":\"https:\/\/librosdelzorrorojo.com\/ca\/cataleg\/ser-o-no-ser-una-manzana\/#primaryimage\"},\"thumbnailUrl\":\"https:\/\/librosdelzorrorojo.com\/wp-content\/uploads\/2019\/03\/Cover_SerONoSerUnaManzana-WEB.jpg\",\"datePublished\":\"2019-04-24T13:24:42+00:00\",\"dateModified\":\"2024-02-29T10:39:39+00:00\",\"breadcrumb\":{\"@id\":\"https:\/\/librosdelzorrorojo.com\/ca\/cataleg\/ser-o-no-ser-una-manzana\/#breadcrumb\"},\"inLanguage\":\"ca\",\"potentialAction\":[{\"@type\":\"ReadAction\",\"target\":[\"https:\/\/librosdelzorrorojo.com\/ca\/cataleg\/ser-o-no-ser-una-manzana\/\"]}]},{\"@type\":\"ImageObject\",\"inLanguage\":\"ca\",\"@id\":\"https:\/\/librosdelzorrorojo.com\/ca\/cataleg\/ser-o-no-ser-una-manzana\/#primaryimage\",\"url\":\"https:\/\/librosdelzorrorojo.com\/wp-content\/uploads\/2019\/03\/Cover_SerONoSerUnaManzana-WEB.jpg\",\"contentUrl\":\"https:\/\/librosdelzorrorojo.com\/wp-content\/uploads\/2019\/03\/Cover_SerONoSerUnaManzana-WEB.jpg\",\"width\":850,\"height\":1176,\"caption\":\"Cover SerONoSerUnaManzana WEB\"},{\"@type\":\"BreadcrumbList\",\"@id\":\"https:\/\/librosdelzorrorojo.com\/ca\/cataleg\/ser-o-no-ser-una-manzana\/#breadcrumb\",\"itemListElement\":[{\"@type\":\"ListItem\",\"position\":1,\"name\":\"Portada\",\"item\":\"https:\/\/librosdelzorrorojo.com\/ca\/\"},{\"@type\":\"ListItem\",\"position\":2,\"name\":\"Cat\u00e0leg\",\"item\":\"https:\/\/librosdelzorrorojo.com\/ca\/cataleg\/\"},{\"@type\":\"ListItem\",\"position\":3,\"name\":\"Ser o no ser&#8230; una manzana\"}]},{\"@type\":\"WebSite\",\"@id\":\"https:\/\/librosdelzorrorojo.com\/#website\",\"url\":\"https:\/\/librosdelzorrorojo.com\/\",\"name\":\"Libros del Zorro Rojo\",\"description\":\"Libros ilustrados\",\"potentialAction\":[{\"@type\":\"SearchAction\",\"target\":{\"@type\":\"EntryPoint\",\"urlTemplate\":\"https:\/\/librosdelzorrorojo.com\/?s={search_term_string}\"},\"query-input\":{\"@type\":\"PropertyValueSpecification\",\"valueRequired\":true,\"valueName\":\"search_term_string\"}}],\"inLanguage\":\"ca\"}]}<\/script>\n<!-- \/ Yoast SEO plugin. -->","yoast_head_json":{"title":"Ser o no ser... una manzana - Libros del Zorro Rojo","robots":{"index":"index","follow":"follow","max-snippet":"max-snippet:-1","max-image-preview":"max-image-preview:large","max-video-preview":"max-video-preview:-1"},"canonical":"https:\/\/librosdelzorrorojo.com\/ca\/cataleg\/ser-o-no-ser-una-manzana\/","og_locale":"ca_ES","og_type":"article","og_title":"Ser o no ser... una manzana - Libros del Zorro Rojo","og_description":"\u00abLo que vemos cambia lo que sabemos. Lo que conocemos, cambia lo que vemos.\u00bb Jean Piaget Los peque\u00f1os siempre se est\u00e1n haciendo preguntas porque hay muchas cosas que desconocen. Pero a veces no est\u00e1 de m\u00e1s cuestionarse lo que parece evidente. Los interrogantes, las dudas, ponen en tensi\u00f3n nuestro cerebro, provocan millones de conexiones neuronales y lo ejercitan para el desarrollo del conocimiento.","og_url":"https:\/\/librosdelzorrorojo.com\/ca\/cataleg\/ser-o-no-ser-una-manzana\/","og_site_name":"Libros del Zorro Rojo","article_modified_time":"2024-02-29T10:39:39+00:00","og_image":[{"width":1200,"height":1200,"url":"https:\/\/librosdelzorrorojo.com\/wp-content\/uploads\/2019\/02\/SerONoSer_1200x1200.jpg","type":"image\/jpeg"}],"twitter_card":"summary_large_image","twitter_misc":{"Temps estimat de lectura":"1 minut"},"schema":{"@context":"https:\/\/schema.org","@graph":[{"@type":"WebPage","@id":"https:\/\/librosdelzorrorojo.com\/ca\/cataleg\/ser-o-no-ser-una-manzana\/","url":"https:\/\/librosdelzorrorojo.com\/ca\/cataleg\/ser-o-no-ser-una-manzana\/","name":"Ser o no ser... una manzana - Libros del Zorro Rojo","isPartOf":{"@id":"https:\/\/librosdelzorrorojo.com\/#website"},"primaryImageOfPage":{"@id":"https:\/\/librosdelzorrorojo.com\/ca\/cataleg\/ser-o-no-ser-una-manzana\/#primaryimage"},"image":{"@id":"https:\/\/librosdelzorrorojo.com\/ca\/cataleg\/ser-o-no-ser-una-manzana\/#primaryimage"},"thumbnailUrl":"https:\/\/librosdelzorrorojo.com\/wp-content\/uploads\/2019\/03\/Cover_SerONoSerUnaManzana-WEB.jpg","datePublished":"2019-04-24T13:24:42+00:00","dateModified":"2024-02-29T10:39:39+00:00","breadcrumb":{"@id":"https:\/\/librosdelzorrorojo.com\/ca\/cataleg\/ser-o-no-ser-una-manzana\/#breadcrumb"},"inLanguage":"ca","potentialAction":[{"@type":"ReadAction","target":["https:\/\/librosdelzorrorojo.com\/ca\/cataleg\/ser-o-no-ser-una-manzana\/"]}]},{"@type":"ImageObject","inLanguage":"ca","@id":"https:\/\/librosdelzorrorojo.com\/ca\/cataleg\/ser-o-no-ser-una-manzana\/#primaryimage","url":"https:\/\/librosdelzorrorojo.com\/wp-content\/uploads\/2019\/03\/Cover_SerONoSerUnaManzana-WEB.jpg","contentUrl":"https:\/\/librosdelzorrorojo.com\/wp-content\/uploads\/2019\/03\/Cover_SerONoSerUnaManzana-WEB.jpg","width":850,"height":1176,"caption":"Cover SerONoSerUnaManzana WEB"},{"@type":"BreadcrumbList","@id":"https:\/\/librosdelzorrorojo.com\/ca\/cataleg\/ser-o-no-ser-una-manzana\/#breadcrumb","itemListElement":[{"@type":"ListItem","position":1,"name":"Portada","item":"https:\/\/librosdelzorrorojo.com\/ca\/"},{"@type":"ListItem","position":2,"name":"Cat\u00e0leg","item":"https:\/\/librosdelzorrorojo.com\/ca\/cataleg\/"},{"@type":"ListItem","position":3,"name":"Ser o no ser&#8230; una manzana"}]},{"@type":"WebSite","@id":"https:\/\/librosdelzorrorojo.com\/#website","url":"https:\/\/librosdelzorrorojo.com\/","name":"Libros del Zorro Rojo","description":"Libros ilustrados","potentialAction":[{"@type":"SearchAction","target":{"@type":"EntryPoint","urlTemplate":"https:\/\/librosdelzorrorojo.com\/?s={search_term_string}"},"query-input":{"@type":"PropertyValueSpecification","valueRequired":true,"valueName":"search_term_string"}}],"inLanguage":"ca"}]}},"_links":{"self":[{"href":"https:\/\/librosdelzorrorojo.com\/ca\/wp-json\/wp\/v2\/product\/14027","targetHints":{"allow":["GET"]}}],"collection":[{"href":"https:\/\/librosdelzorrorojo.com\/ca\/wp-json\/wp\/v2\/product"}],"about":[{"href":"https:\/\/librosdelzorrorojo.com\/ca\/wp-json\/wp\/v2\/types\/product"}],"wp:featuredmedia":[{"embeddable":true,"href":"https:\/\/librosdelzorrorojo.com\/ca\/wp-json\/wp\/v2\/media\/13717"}],"wp:attachment":[{"href":"https:\/\/librosdelzorrorojo.com\/ca\/wp-json\/wp\/v2\/media?parent=14027"}],"wp:term":[{"taxonomy":"product_brand","embeddable":true,"href":"https:\/\/librosdelzorrorojo.com\/ca\/wp-json\/wp\/v2\/product_brand?post=14027"},{"taxonomy":"product_cat","embeddable":true,"href":"https:\/\/librosdelzorrorojo.com\/ca\/wp-json\/wp\/v2\/product_cat?post=14027"},{"taxonomy":"product_tag","embeddable":true,"href":"https:\/\/librosdelzorrorojo.com\/ca\/wp-json\/wp\/v2\/product_tag?post=14027"}],"curies":[{"name":"wp","href":"https:\/\/api.w.org\/{rel}","templated":true}]}}