{"id":14021,"date":"2019-03-15T11:29:31","date_gmt":"2019-04-24T12:49:02","guid":{"rendered":"https:\/\/librosdelzorrorojo.com\/?post_type=product&#038;p=14021"},"modified":"2024-05-17T02:07:24","modified_gmt":"2024-05-17T00:07:24","slug":"como-hacer-una-casa-en-un-arbol","status":"publish","type":"product","link":"https:\/\/librosdelzorrorojo.com\/ca\/cataleg\/como-hacer-una-casa-en-un-arbol\/","title":{"rendered":"C\u00f3mo hacer una casa en un \u00e1rbol"},"content":{"rendered":"<p>\u00abTodo lo que necesitas para hacer una casa en un \u00e1rbol es tiempo, mirar hacia\u00a0arriba e imaginar\u2026\u00bb<\/p>\n<p>As\u00ed comienza este libro lleno de inspiradoras escenas de naturaleza, en las que los \u00e1rboles parecen amables gigantes que invitan a vivir infinitas aventuras.\u00a0Se trata de un original manual de instrucciones en el que tanto el texto como las ilustraciones descubren, paso a paso, el divertid\u00edsimo juego de imaginar, construir y habitar no una, sino m\u00e1s de una decena de casas diferentes, alojadas en los \u00e1rboles m\u00e1s maravillosos.\u00a0Maderas, ca\u00f1as, cortezas, cuerdas, clavos&#8230;, pero tambi\u00e9n unos prism\u00e1ticos,\u00a0libros, bocadillos y un gorro de pirata, una almohada, una linterna y una noche\u00a0de estrellas y secretos.<\/p>\n<p>Todo esto y mucho m\u00e1s, porque tan pronto el lector\u00a0llegue a la \u00faltima p\u00e1gina, descubrir\u00e1 que este libro no tiene final. La verdadera\u00a0aventura comienza cuando cerramos el libro. Vuelve la frescura, la exuberancia y la vivacidad de la naturaleza recreada por\u00a0Emily Hughes, una ilustradora que con cada paisaje nos regala un soplo de\u00a0brisa y la fascinaci\u00f3n de lo salvaje.<\/p>\n<p>&#8211;<\/p>\n<p><span style=\"color: #ff0000\"><a href=\"https:\/\/drive.google.com\/open?id=1nCy0SNLFoGeUw6X621l_0fQngZ_Mh4bI\" style=\"color: #ff0000\">Desc\u00e1rgate<\/a><\/span> el kit de prensa.<\/p>\n","protected":false},"excerpt":{"rendered":"\u00abTodo lo que necesitas para hacer una casa en un \u00e1rbol es tiempo, mirar hacia\u00a0arriba e imaginar\u2026\u00bb\u00a0As\u00ed comienza este libro lleno de inspiradoras escenas de naturaleza, en las que los \u00e1rboles parecen amables gigantes que invitan a vivir infinitas aventuras.","protected":false},"featured_media":13399,"template":"","meta":{"_acf_changed":false},"product_brand":[],"product_cat":[844,843,839],"product_tag":[],"class_list":{"0":"post-14021","1":"product","2":"type-product","3":"status-publish","4":"has-post-thumbnail","6":"product_cat-castella","7":"product_cat-infantiles-ca","8":"product_cat-zona-kids-ca","9":"vinculo-como-hacer-una-casa-en-un-arbol","11":"first","12":"instock","13":"taxable","14":"shipping-taxable","15":"purchasable","16":"product-type-simple"},"acf":[],"yoast_head":"<!-- This site is optimized with the Yoast SEO plugin v25.1 - https:\/\/yoast.com\/wordpress\/plugins\/seo\/ -->\n<title>C\u00f3mo hacer una casa en un \u00e1rbol - Libros del Zorro Rojo<\/title>\n<meta name=\"description\" content=\"\u00abTodo lo que necesitas para hacer una casa en un \u00e1rbol es tiempo, mirar hacia\u00a0arriba e imaginar\u2026\u00bbAs\u00ed comienza este libro lleno de inspiradoras escenas de\" \/>\n<meta name=\"robots\" content=\"index, follow, max-snippet:-1, max-image-preview:large, max-video-preview:-1\" \/>\n<link rel=\"canonical\" href=\"https:\/\/librosdelzorrorojo.com\/ca\/cataleg\/como-hacer-una-casa-en-un-arbol\/\" \/>\n<meta property=\"og:locale\" content=\"ca_ES\" \/>\n<meta property=\"og:type\" content=\"article\" \/>\n<meta property=\"og:title\" content=\"C\u00f3mo hacer una casa en un \u00e1rbol - Libros del Zorro Rojo\" \/>\n<meta property=\"og:description\" content=\"\u00abTodo lo que necesitas para hacer una casa en un \u00e1rbol es tiempo, mirar hacia\u00a0arriba e imaginar\u2026\u00bbAs\u00ed comienza este libro lleno de inspiradoras escenas de\" \/>\n<meta property=\"og:url\" content=\"https:\/\/librosdelzorrorojo.com\/ca\/cataleg\/como-hacer-una-casa-en-un-arbol\/\" \/>\n<meta property=\"og:site_name\" content=\"Libros del Zorro Rojo\" \/>\n<meta property=\"article:modified_time\" content=\"2024-05-17T00:07:24+00:00\" \/>\n<meta property=\"og:image\" content=\"https:\/\/librosdelzorrorojo.com\/wp-content\/uploads\/2019\/02\/Cover_Co\u0301moHacerUnaCasaEnUnA\u0301rbol-WEB.jpg\" \/>\n\t<meta property=\"og:image:width\" content=\"850\" \/>\n\t<meta property=\"og:image:height\" content=\"1208\" \/>\n\t<meta property=\"og:image:type\" content=\"image\/jpeg\" \/>\n<meta name=\"twitter:card\" content=\"summary_large_image\" \/>\n<meta name=\"twitter:label1\" content=\"Temps estimat de lectura\" \/>\n\t<meta name=\"twitter:data1\" content=\"1 minut\" \/>\n<script type=\"application\/ld+json\" class=\"yoast-schema-graph\">{\"@context\":\"https:\/\/schema.org\",\"@graph\":[{\"@type\":\"WebPage\",\"@id\":\"https:\/\/librosdelzorrorojo.com\/ca\/cataleg\/como-hacer-una-casa-en-un-arbol\/\",\"url\":\"https:\/\/librosdelzorrorojo.com\/ca\/cataleg\/como-hacer-una-casa-en-un-arbol\/\",\"name\":\"C\u00f3mo hacer una casa en un \u00e1rbol - Libros del Zorro Rojo\",\"isPartOf\":{\"@id\":\"https:\/\/librosdelzorrorojo.com\/#website\"},\"primaryImageOfPage\":{\"@id\":\"https:\/\/librosdelzorrorojo.com\/ca\/cataleg\/como-hacer-una-casa-en-un-arbol\/#primaryimage\"},\"image\":{\"@id\":\"https:\/\/librosdelzorrorojo.com\/ca\/cataleg\/como-hacer-una-casa-en-un-arbol\/#primaryimage\"},\"thumbnailUrl\":\"https:\/\/librosdelzorrorojo.com\/wp-content\/uploads\/2019\/02\/Cover_Co\u0301moHacerUnaCasaEnUnA\u0301rbol-WEB.jpg\",\"datePublished\":\"2019-04-24T12:49:02+00:00\",\"dateModified\":\"2024-05-17T00:07:24+00:00\",\"description\":\"\u00abTodo lo que necesitas para hacer una casa en un \u00e1rbol es tiempo, mirar hacia\u00a0arriba e imaginar\u2026\u00bbAs\u00ed comienza este libro lleno de inspiradoras escenas de\",\"breadcrumb\":{\"@id\":\"https:\/\/librosdelzorrorojo.com\/ca\/cataleg\/como-hacer-una-casa-en-un-arbol\/#breadcrumb\"},\"inLanguage\":\"ca\",\"potentialAction\":[{\"@type\":\"ReadAction\",\"target\":[\"https:\/\/librosdelzorrorojo.com\/ca\/cataleg\/como-hacer-una-casa-en-un-arbol\/\"]}]},{\"@type\":\"ImageObject\",\"inLanguage\":\"ca\",\"@id\":\"https:\/\/librosdelzorrorojo.com\/ca\/cataleg\/como-hacer-una-casa-en-un-arbol\/#primaryimage\",\"url\":\"https:\/\/librosdelzorrorojo.com\/wp-content\/uploads\/2019\/02\/Cover_Co\u0301moHacerUnaCasaEnUnA\u0301rbol-WEB.jpg\",\"contentUrl\":\"https:\/\/librosdelzorrorojo.com\/wp-content\/uploads\/2019\/02\/Cover_Co\u0301moHacerUnaCasaEnUnA\u0301rbol-WEB.jpg\",\"width\":850,\"height\":1208,\"caption\":\"Cover Co\u0301moHacerUnaCasaEnUnA\u0301rbol WEB\"},{\"@type\":\"BreadcrumbList\",\"@id\":\"https:\/\/librosdelzorrorojo.com\/ca\/cataleg\/como-hacer-una-casa-en-un-arbol\/#breadcrumb\",\"itemListElement\":[{\"@type\":\"ListItem\",\"position\":1,\"name\":\"Portada\",\"item\":\"https:\/\/librosdelzorrorojo.com\/ca\/\"},{\"@type\":\"ListItem\",\"position\":2,\"name\":\"Cat\u00e0leg\",\"item\":\"https:\/\/librosdelzorrorojo.com\/ca\/cataleg\/\"},{\"@type\":\"ListItem\",\"position\":3,\"name\":\"C\u00f3mo hacer una casa en un \u00e1rbol\"}]},{\"@type\":\"WebSite\",\"@id\":\"https:\/\/librosdelzorrorojo.com\/#website\",\"url\":\"https:\/\/librosdelzorrorojo.com\/\",\"name\":\"Libros del Zorro Rojo\",\"description\":\"Libros ilustrados\",\"potentialAction\":[{\"@type\":\"SearchAction\",\"target\":{\"@type\":\"EntryPoint\",\"urlTemplate\":\"https:\/\/librosdelzorrorojo.com\/?s={search_term_string}\"},\"query-input\":{\"@type\":\"PropertyValueSpecification\",\"valueRequired\":true,\"valueName\":\"search_term_string\"}}],\"inLanguage\":\"ca\"}]}<\/script>\n<!-- \/ Yoast SEO plugin. -->","yoast_head_json":{"title":"C\u00f3mo hacer una casa en un \u00e1rbol - Libros del Zorro Rojo","description":"\u00abTodo lo que necesitas para hacer una casa en un \u00e1rbol es tiempo, mirar hacia\u00a0arriba e imaginar\u2026\u00bbAs\u00ed comienza este libro lleno de inspiradoras escenas de","robots":{"index":"index","follow":"follow","max-snippet":"max-snippet:-1","max-image-preview":"max-image-preview:large","max-video-preview":"max-video-preview:-1"},"canonical":"https:\/\/librosdelzorrorojo.com\/ca\/cataleg\/como-hacer-una-casa-en-un-arbol\/","og_locale":"ca_ES","og_type":"article","og_title":"C\u00f3mo hacer una casa en un \u00e1rbol - Libros del Zorro Rojo","og_description":"\u00abTodo lo que necesitas para hacer una casa en un \u00e1rbol es tiempo, mirar hacia\u00a0arriba e imaginar\u2026\u00bbAs\u00ed comienza este libro lleno de inspiradoras escenas de","og_url":"https:\/\/librosdelzorrorojo.com\/ca\/cataleg\/como-hacer-una-casa-en-un-arbol\/","og_site_name":"Libros del Zorro Rojo","article_modified_time":"2024-05-17T00:07:24+00:00","og_image":[{"width":850,"height":1208,"url":"https:\/\/librosdelzorrorojo.com\/wp-content\/uploads\/2019\/02\/Cover_Co\u0301moHacerUnaCasaEnUnA\u0301rbol-WEB.jpg","type":"image\/jpeg"}],"twitter_card":"summary_large_image","twitter_misc":{"Temps estimat de lectura":"1 minut"},"schema":{"@context":"https:\/\/schema.org","@graph":[{"@type":"WebPage","@id":"https:\/\/librosdelzorrorojo.com\/ca\/cataleg\/como-hacer-una-casa-en-un-arbol\/","url":"https:\/\/librosdelzorrorojo.com\/ca\/cataleg\/como-hacer-una-casa-en-un-arbol\/","name":"C\u00f3mo hacer una casa en un \u00e1rbol - Libros del Zorro Rojo","isPartOf":{"@id":"https:\/\/librosdelzorrorojo.com\/#website"},"primaryImageOfPage":{"@id":"https:\/\/librosdelzorrorojo.com\/ca\/cataleg\/como-hacer-una-casa-en-un-arbol\/#primaryimage"},"image":{"@id":"https:\/\/librosdelzorrorojo.com\/ca\/cataleg\/como-hacer-una-casa-en-un-arbol\/#primaryimage"},"thumbnailUrl":"https:\/\/librosdelzorrorojo.com\/wp-content\/uploads\/2019\/02\/Cover_Co\u0301moHacerUnaCasaEnUnA\u0301rbol-WEB.jpg","datePublished":"2019-04-24T12:49:02+00:00","dateModified":"2024-05-17T00:07:24+00:00","description":"\u00abTodo lo que necesitas para hacer una casa en un \u00e1rbol es tiempo, mirar hacia\u00a0arriba e imaginar\u2026\u00bbAs\u00ed comienza este libro lleno de inspiradoras escenas de","breadcrumb":{"@id":"https:\/\/librosdelzorrorojo.com\/ca\/cataleg\/como-hacer-una-casa-en-un-arbol\/#breadcrumb"},"inLanguage":"ca","potentialAction":[{"@type":"ReadAction","target":["https:\/\/librosdelzorrorojo.com\/ca\/cataleg\/como-hacer-una-casa-en-un-arbol\/"]}]},{"@type":"ImageObject","inLanguage":"ca","@id":"https:\/\/librosdelzorrorojo.com\/ca\/cataleg\/como-hacer-una-casa-en-un-arbol\/#primaryimage","url":"https:\/\/librosdelzorrorojo.com\/wp-content\/uploads\/2019\/02\/Cover_Co\u0301moHacerUnaCasaEnUnA\u0301rbol-WEB.jpg","contentUrl":"https:\/\/librosdelzorrorojo.com\/wp-content\/uploads\/2019\/02\/Cover_Co\u0301moHacerUnaCasaEnUnA\u0301rbol-WEB.jpg","width":850,"height":1208,"caption":"Cover Co\u0301moHacerUnaCasaEnUnA\u0301rbol WEB"},{"@type":"BreadcrumbList","@id":"https:\/\/librosdelzorrorojo.com\/ca\/cataleg\/como-hacer-una-casa-en-un-arbol\/#breadcrumb","itemListElement":[{"@type":"ListItem","position":1,"name":"Portada","item":"https:\/\/librosdelzorrorojo.com\/ca\/"},{"@type":"ListItem","position":2,"name":"Cat\u00e0leg","item":"https:\/\/librosdelzorrorojo.com\/ca\/cataleg\/"},{"@type":"ListItem","position":3,"name":"C\u00f3mo hacer una casa en un \u00e1rbol"}]},{"@type":"WebSite","@id":"https:\/\/librosdelzorrorojo.com\/#website","url":"https:\/\/librosdelzorrorojo.com\/","name":"Libros del Zorro Rojo","description":"Libros ilustrados","potentialAction":[{"@type":"SearchAction","target":{"@type":"EntryPoint","urlTemplate":"https:\/\/librosdelzorrorojo.com\/?s={search_term_string}"},"query-input":{"@type":"PropertyValueSpecification","valueRequired":true,"valueName":"search_term_string"}}],"inLanguage":"ca"}]}},"_links":{"self":[{"href":"https:\/\/librosdelzorrorojo.com\/ca\/wp-json\/wp\/v2\/product\/14021","targetHints":{"allow":["GET"]}}],"collection":[{"href":"https:\/\/librosdelzorrorojo.com\/ca\/wp-json\/wp\/v2\/product"}],"about":[{"href":"https:\/\/librosdelzorrorojo.com\/ca\/wp-json\/wp\/v2\/types\/product"}],"wp:featuredmedia":[{"embeddable":true,"href":"https:\/\/librosdelzorrorojo.com\/ca\/wp-json\/wp\/v2\/media\/13399"}],"wp:attachment":[{"href":"https:\/\/librosdelzorrorojo.com\/ca\/wp-json\/wp\/v2\/media?parent=14021"}],"wp:term":[{"taxonomy":"product_brand","embeddable":true,"href":"https:\/\/librosdelzorrorojo.com\/ca\/wp-json\/wp\/v2\/product_brand?post=14021"},{"taxonomy":"product_cat","embeddable":true,"href":"https:\/\/librosdelzorrorojo.com\/ca\/wp-json\/wp\/v2\/product_cat?post=14021"},{"taxonomy":"product_tag","embeddable":true,"href":"https:\/\/librosdelzorrorojo.com\/ca\/wp-json\/wp\/v2\/product_tag?post=14021"}],"curies":[{"name":"wp","href":"https:\/\/api.w.org\/{rel}","templated":true}]}}