{"id":13960,"date":"2019-02-13T14:31:58","date_gmt":"2019-04-15T10:43:47","guid":{"rendered":"https:\/\/librosdelzorrorojo.com\/?post_type=product&#038;p=13960"},"modified":"2024-02-29T11:39:38","modified_gmt":"2024-02-29T10:39:38","slug":"dragon","status":"publish","type":"product","link":"https:\/\/librosdelzorrorojo.com\/ca\/cataleg\/dragon\/","title":{"rendered":"Drag\u00f3n"},"content":{"rendered":"<p>Dos caballeros vestidos con armaduras esperan en la oscuridad del p\u00e1ramo la\u00a0llegada de un drag\u00f3n al que deben matar. Ellos no lo han visto nunca, pero lo\u00a0describen como una criatura enorme y monstruosa de un solo ojo, que escupe\u00a0fuego y echa humo. Cuando por fin se produce el tan temido enfrentamiento,\u00a0la historia da un giro insospechado.<br \/>\nEl cuento, titulado originalmente <em>The Dragon<\/em>, del c\u00e9lebre escritor norteamericano Ray Bradbury, fue publicado por la revista <em>Esquire<\/em> en 1955, y luego reeditado en la antolog\u00eda <em>Medicina para la melancol\u00eda<\/em>, de 1959. Esta edici\u00f3n recupera uno de los relatos m\u00e1s aclamados del autor de <em>Cr\u00f3nicas marcianas<\/em> y <em>Fahrenheit 451<\/em>, en los que ya se vislumbra uno de los temas m\u00e1s importantes\u00a0de su obra: la especulaci\u00f3n sobre el tiempo y la amenaza del futuro.\u00a0El drag\u00f3n adquiere el valor simb\u00f3lico de la distancia entre el pensamiento de\u00a0dos etapas de la historia de la humanidad: la Edad Media y el siglo XX. Sin\u00a0embargo, no hay un \u00fanico drag\u00f3n, la maestr\u00eda de Svetlin nos deleita con un\u00a0despliegue de representaciones de esta criatura mitol\u00f3gica, en la que se materializa\u00a0tanto el terror como la fantas\u00eda del relato, cuyo desenlace deja una\u00a0puerta abierta a la imaginaci\u00f3n del lector.<\/p>\n<p>&#8211;<\/p>\n<p>Lee <span style=\"color: #ff0000;\"><a href=\"https:\/\/drive.google.com\/open?id=1SEhP2rvGnBoDKFaohXlbGj2kMLTzy5QI\" style=\"color: #ff0000;\">aqu\u00ed<\/a><\/span> el principio de <em>Drag\u00f3n<\/em>.<\/p>\n<p>Rese\u00f1a en <em>Revista D\u00e9tour<\/em> <span style=\"color: #ff0000;\"><a href=\"https:\/\/librosdelzorrorojo.com\/ca\/ray-bradbury-hermosos-y-valientes\/\" style=\"color: #ff0000;\">aqu\u00ed.<\/a><\/span><\/p>\n<p><img decoding=\"async\" src=\"https:\/\/librosdelzorrorojo.com\/wp-content\/uploads\/2017\/09\/logo-generalitat2.jpg\" alt=\"\" width=\"200\" height=\"67\" class=\"alignnone size-full wp-image-11152\" \/><\/p>\n","protected":false},"excerpt":{"rendered":"Dos caballeros vestidos con armaduras esperan en la oscuridad del p\u00e1ramo la\u00a0llegada de un drag\u00f3n al que deben matar. Ellos no lo han visto nunca, pero lo\u00a0describen como una criatura enorme y monstruosa de un solo ojo, que escupe\u00a0fuego y echa humo. Cuando por fin se produce el tan temido enfrentamiento,\u00a0la historia da un giro insospechado.","protected":false},"featured_media":13386,"template":"","meta":{"_acf_changed":false},"product_brand":[],"product_cat":[844,3156,839],"product_tag":[],"class_list":{"0":"post-13960","1":"product","2":"type-product","3":"status-publish","4":"has-post-thumbnail","6":"product_cat-castella","7":"product_cat-juvenil-adult","8":"product_cat-zona-kids-ca","10":"first","11":"instock","12":"taxable","13":"shipping-taxable","14":"purchasable","15":"product-type-simple"},"acf":[],"yoast_head":"<!-- This site is optimized with the Yoast SEO plugin v25.1 - https:\/\/yoast.com\/wordpress\/plugins\/seo\/ -->\n<title>Drag\u00f3n - Libros del Zorro Rojo<\/title>\n<meta name=\"robots\" content=\"index, follow, max-snippet:-1, max-image-preview:large, max-video-preview:-1\" \/>\n<link rel=\"canonical\" href=\"https:\/\/librosdelzorrorojo.com\/ca\/cataleg\/dragon\/\" \/>\n<meta property=\"og:locale\" content=\"ca_ES\" \/>\n<meta property=\"og:type\" content=\"article\" \/>\n<meta property=\"og:title\" content=\"Drag\u00f3n - Libros del Zorro Rojo\" \/>\n<meta property=\"og:description\" content=\"Dos caballeros vestidos con armaduras esperan en la oscuridad del p\u00e1ramo la\u00a0llegada de un drag\u00f3n al que deben matar. Ellos no lo han visto nunca, pero lo\u00a0describen como una criatura enorme y monstruosa de un solo ojo, que escupe\u00a0fuego y echa humo. Cuando por fin se produce el tan temido enfrentamiento,\u00a0la historia da un giro insospechado.\" \/>\n<meta property=\"og:url\" content=\"https:\/\/librosdelzorrorojo.com\/ca\/cataleg\/dragon\/\" \/>\n<meta property=\"og:site_name\" content=\"Libros del Zorro Rojo\" \/>\n<meta property=\"article:modified_time\" content=\"2024-02-29T10:39:38+00:00\" \/>\n<meta property=\"og:image\" content=\"https:\/\/librosdelzorrorojo.com\/wp-content\/uploads\/2019\/02\/Drag\u00f3n-baja_P\u00e1gina_07.jpg\" \/>\n<meta name=\"twitter:card\" content=\"summary_large_image\" \/>\n<meta name=\"twitter:label1\" content=\"Temps estimat de lectura\" \/>\n\t<meta name=\"twitter:data1\" content=\"1 minut\" \/>\n<script type=\"application\/ld+json\" class=\"yoast-schema-graph\">{\"@context\":\"https:\/\/schema.org\",\"@graph\":[{\"@type\":\"WebPage\",\"@id\":\"https:\/\/librosdelzorrorojo.com\/ca\/cataleg\/dragon\/\",\"url\":\"https:\/\/librosdelzorrorojo.com\/ca\/cataleg\/dragon\/\",\"name\":\"Drag\u00f3n - Libros del Zorro Rojo\",\"isPartOf\":{\"@id\":\"https:\/\/librosdelzorrorojo.com\/#website\"},\"primaryImageOfPage\":{\"@id\":\"https:\/\/librosdelzorrorojo.com\/ca\/cataleg\/dragon\/#primaryimage\"},\"image\":{\"@id\":\"https:\/\/librosdelzorrorojo.com\/ca\/cataleg\/dragon\/#primaryimage\"},\"thumbnailUrl\":\"https:\/\/librosdelzorrorojo.com\/wp-content\/uploads\/2019\/02\/Cover_Dragon-WEB.jpg\",\"datePublished\":\"2019-04-15T10:43:47+00:00\",\"dateModified\":\"2024-02-29T10:39:38+00:00\",\"breadcrumb\":{\"@id\":\"https:\/\/librosdelzorrorojo.com\/ca\/cataleg\/dragon\/#breadcrumb\"},\"inLanguage\":\"ca\",\"potentialAction\":[{\"@type\":\"ReadAction\",\"target\":[\"https:\/\/librosdelzorrorojo.com\/ca\/cataleg\/dragon\/\"]}]},{\"@type\":\"ImageObject\",\"inLanguage\":\"ca\",\"@id\":\"https:\/\/librosdelzorrorojo.com\/ca\/cataleg\/dragon\/#primaryimage\",\"url\":\"https:\/\/librosdelzorrorojo.com\/wp-content\/uploads\/2019\/02\/Cover_Dragon-WEB.jpg\",\"contentUrl\":\"https:\/\/librosdelzorrorojo.com\/wp-content\/uploads\/2019\/02\/Cover_Dragon-WEB.jpg\",\"width\":850,\"height\":1155,\"caption\":\"Cover Dragon WEB\"},{\"@type\":\"BreadcrumbList\",\"@id\":\"https:\/\/librosdelzorrorojo.com\/ca\/cataleg\/dragon\/#breadcrumb\",\"itemListElement\":[{\"@type\":\"ListItem\",\"position\":1,\"name\":\"Portada\",\"item\":\"https:\/\/librosdelzorrorojo.com\/ca\/\"},{\"@type\":\"ListItem\",\"position\":2,\"name\":\"Cat\u00e0leg\",\"item\":\"https:\/\/librosdelzorrorojo.com\/ca\/cataleg\/\"},{\"@type\":\"ListItem\",\"position\":3,\"name\":\"Drag\u00f3n\"}]},{\"@type\":\"WebSite\",\"@id\":\"https:\/\/librosdelzorrorojo.com\/#website\",\"url\":\"https:\/\/librosdelzorrorojo.com\/\",\"name\":\"Libros del Zorro Rojo\",\"description\":\"Libros ilustrados\",\"potentialAction\":[{\"@type\":\"SearchAction\",\"target\":{\"@type\":\"EntryPoint\",\"urlTemplate\":\"https:\/\/librosdelzorrorojo.com\/?s={search_term_string}\"},\"query-input\":{\"@type\":\"PropertyValueSpecification\",\"valueRequired\":true,\"valueName\":\"search_term_string\"}}],\"inLanguage\":\"ca\"}]}<\/script>\n<!-- \/ Yoast SEO plugin. -->","yoast_head_json":{"title":"Drag\u00f3n - Libros del Zorro Rojo","robots":{"index":"index","follow":"follow","max-snippet":"max-snippet:-1","max-image-preview":"max-image-preview:large","max-video-preview":"max-video-preview:-1"},"canonical":"https:\/\/librosdelzorrorojo.com\/ca\/cataleg\/dragon\/","og_locale":"ca_ES","og_type":"article","og_title":"Drag\u00f3n - Libros del Zorro Rojo","og_description":"Dos caballeros vestidos con armaduras esperan en la oscuridad del p\u00e1ramo la\u00a0llegada de un drag\u00f3n al que deben matar. Ellos no lo han visto nunca, pero lo\u00a0describen como una criatura enorme y monstruosa de un solo ojo, que escupe\u00a0fuego y echa humo. Cuando por fin se produce el tan temido enfrentamiento,\u00a0la historia da un giro insospechado.","og_url":"https:\/\/librosdelzorrorojo.com\/ca\/cataleg\/dragon\/","og_site_name":"Libros del Zorro Rojo","article_modified_time":"2024-02-29T10:39:38+00:00","og_image":[{"url":"https:\/\/librosdelzorrorojo.com\/wp-content\/uploads\/2019\/02\/Drag\u00f3n-baja_P\u00e1gina_07.jpg","type":"","width":"","height":""}],"twitter_card":"summary_large_image","twitter_misc":{"Temps estimat de lectura":"1 minut"},"schema":{"@context":"https:\/\/schema.org","@graph":[{"@type":"WebPage","@id":"https:\/\/librosdelzorrorojo.com\/ca\/cataleg\/dragon\/","url":"https:\/\/librosdelzorrorojo.com\/ca\/cataleg\/dragon\/","name":"Drag\u00f3n - Libros del Zorro Rojo","isPartOf":{"@id":"https:\/\/librosdelzorrorojo.com\/#website"},"primaryImageOfPage":{"@id":"https:\/\/librosdelzorrorojo.com\/ca\/cataleg\/dragon\/#primaryimage"},"image":{"@id":"https:\/\/librosdelzorrorojo.com\/ca\/cataleg\/dragon\/#primaryimage"},"thumbnailUrl":"https:\/\/librosdelzorrorojo.com\/wp-content\/uploads\/2019\/02\/Cover_Dragon-WEB.jpg","datePublished":"2019-04-15T10:43:47+00:00","dateModified":"2024-02-29T10:39:38+00:00","breadcrumb":{"@id":"https:\/\/librosdelzorrorojo.com\/ca\/cataleg\/dragon\/#breadcrumb"},"inLanguage":"ca","potentialAction":[{"@type":"ReadAction","target":["https:\/\/librosdelzorrorojo.com\/ca\/cataleg\/dragon\/"]}]},{"@type":"ImageObject","inLanguage":"ca","@id":"https:\/\/librosdelzorrorojo.com\/ca\/cataleg\/dragon\/#primaryimage","url":"https:\/\/librosdelzorrorojo.com\/wp-content\/uploads\/2019\/02\/Cover_Dragon-WEB.jpg","contentUrl":"https:\/\/librosdelzorrorojo.com\/wp-content\/uploads\/2019\/02\/Cover_Dragon-WEB.jpg","width":850,"height":1155,"caption":"Cover Dragon WEB"},{"@type":"BreadcrumbList","@id":"https:\/\/librosdelzorrorojo.com\/ca\/cataleg\/dragon\/#breadcrumb","itemListElement":[{"@type":"ListItem","position":1,"name":"Portada","item":"https:\/\/librosdelzorrorojo.com\/ca\/"},{"@type":"ListItem","position":2,"name":"Cat\u00e0leg","item":"https:\/\/librosdelzorrorojo.com\/ca\/cataleg\/"},{"@type":"ListItem","position":3,"name":"Drag\u00f3n"}]},{"@type":"WebSite","@id":"https:\/\/librosdelzorrorojo.com\/#website","url":"https:\/\/librosdelzorrorojo.com\/","name":"Libros del Zorro Rojo","description":"Libros ilustrados","potentialAction":[{"@type":"SearchAction","target":{"@type":"EntryPoint","urlTemplate":"https:\/\/librosdelzorrorojo.com\/?s={search_term_string}"},"query-input":{"@type":"PropertyValueSpecification","valueRequired":true,"valueName":"search_term_string"}}],"inLanguage":"ca"}]}},"_links":{"self":[{"href":"https:\/\/librosdelzorrorojo.com\/ca\/wp-json\/wp\/v2\/product\/13960","targetHints":{"allow":["GET"]}}],"collection":[{"href":"https:\/\/librosdelzorrorojo.com\/ca\/wp-json\/wp\/v2\/product"}],"about":[{"href":"https:\/\/librosdelzorrorojo.com\/ca\/wp-json\/wp\/v2\/types\/product"}],"wp:featuredmedia":[{"embeddable":true,"href":"https:\/\/librosdelzorrorojo.com\/ca\/wp-json\/wp\/v2\/media\/13386"}],"wp:attachment":[{"href":"https:\/\/librosdelzorrorojo.com\/ca\/wp-json\/wp\/v2\/media?parent=13960"}],"wp:term":[{"taxonomy":"product_brand","embeddable":true,"href":"https:\/\/librosdelzorrorojo.com\/ca\/wp-json\/wp\/v2\/product_brand?post=13960"},{"taxonomy":"product_cat","embeddable":true,"href":"https:\/\/librosdelzorrorojo.com\/ca\/wp-json\/wp\/v2\/product_cat?post=13960"},{"taxonomy":"product_tag","embeddable":true,"href":"https:\/\/librosdelzorrorojo.com\/ca\/wp-json\/wp\/v2\/product_tag?post=13960"}],"curies":[{"name":"wp","href":"https:\/\/api.w.org\/{rel}","templated":true}]}}