{"id":13900,"date":"2019-03-12T13:15:59","date_gmt":"2019-04-04T10:26:45","guid":{"rendered":"https:\/\/librosdelzorrorojo.com\/?post_type=product&#038;p=13900"},"modified":"2024-12-17T22:22:03","modified_gmt":"2024-12-17T21:22:03","slug":"la-hija-de-rappaccini","status":"publish","type":"product","link":"https:\/\/librosdelzorrorojo.com\/ca\/cataleg\/la-hija-de-rappaccini\/","title":{"rendered":"La hija de Rappaccini"},"content":{"rendered":"<p>En el norte de Italia, un jard\u00edn secreto y prohibido es el marco de intrigas que florecen en ese escenario tan exuberante como letal. Vergel maldito donde el amor ser\u00e1 el se\u00f1uelo acechado por el arreglo florar de venenos y trampas en profusi\u00f3n. Tanto el romanticismo buc\u00f3lico de Hawthorne como el lirismo de Octavio Paz desplegar\u00e1n \u2014en cuento y pieza teatral respectivamente\u2014 los elementos de seducci\u00f3n y de acechanzas invertidas, en trabajos literarios, que, pese a variar el registro narrativo, comparten escenario y personajes, puesto que la trama de ambos hunde sus ra\u00edces en una antigua leyenda india del siglo IV d.C.<br \/>\nSantiago Caruso honra con sus ilustraciones ese jard\u00edn de delicias infernales en un cuadr\u00edptico central que, adem\u00e1s de dialogar con el fuerte car\u00e1cter simb\u00f3lico y el erotismo impl\u00edcito en ambas piezas literarias, asume con precisi\u00f3n la influencia pict\u00f3rica de El Bosco en un tono oscuro que le es propio y al que nos tiene bien acostumbrado.<\/p>\n<p>&#8211;<\/p>\n<p>Lee el primer cap\u00edtulo de <em>La hija de Rappaccini<\/em> <span style=\"color: #ff0000\"><a href=\"https:\/\/drive.google.com\/file\/d\/1UAj8_vFVKQutrGdCnT6ykS7N0ayIAxJC\/view?usp=sharing\" style=\"color: #ff0000\">aqu\u00ed.<\/a><\/span><\/p>\n<p><span style=\"color: #ff0000\"><a href=\"https:\/\/drive.google.com\/open?id=12lnf0yVRizSclMObR2dYn-ZA85IRfPT6\" style=\"color: #ff0000\">Desc\u00e1rgate<\/a> <\/span>el kit de prensa.<\/p>\n<p><img decoding=\"async\" src=\"https:\/\/librosdelzorrorojo.com\/wp-content\/uploads\/2017\/09\/logo-generalitat2.jpg\" alt=\"\" width=\"200\" height=\"67\" class=\"alignnone size-full wp-image-11152\" \/><\/p>\n","protected":false},"excerpt":{"rendered":"En el norte de Italia, un jard\u00edn secreto y prohibido es el marco de intrigas que florecen en ese escenario tan exuberante como letal. Vergel maldito donde el amor ser\u00e1 el se\u00f1uelo acechado por el arreglo florar de venenos y trampas en profusi\u00f3n. Tanto el romanticismo buc\u00f3lico de Hawthorne como el lirismo de Octavio Paz desplegar\u00e1n \u2014en cuento y pieza teatral respectivamente\u2014 los elementos de seducci\u00f3n y de acechanzas invertidas, en trabajos literarios, que, pese a variar el registro narrativo, comparten escenario y personajes, puesto que la trama de ambos hunde sus ra\u00edces en una antigua leyenda india del siglo IV d.C.","protected":false},"featured_media":13705,"template":"","meta":{"_acf_changed":false},"product_brand":[],"product_cat":[844,3156],"product_tag":[],"class_list":{"0":"post-13900","1":"product","2":"type-product","3":"status-publish","4":"has-post-thumbnail","6":"product_cat-castella","7":"product_cat-juvenil-adult","9":"first","10":"instock","11":"taxable","12":"shipping-taxable","13":"purchasable","14":"product-type-simple"},"acf":[],"yoast_head":"<!-- This site is optimized with the Yoast SEO plugin v25.1 - https:\/\/yoast.com\/wordpress\/plugins\/seo\/ -->\n<title>La hija de Rappaccini - Libros del Zorro Rojo<\/title>\n<meta name=\"robots\" content=\"index, follow, max-snippet:-1, max-image-preview:large, max-video-preview:-1\" \/>\n<link rel=\"canonical\" href=\"https:\/\/librosdelzorrorojo.com\/ca\/cataleg\/la-hija-de-rappaccini\/\" \/>\n<meta property=\"og:locale\" content=\"ca_ES\" \/>\n<meta property=\"og:type\" content=\"article\" \/>\n<meta property=\"og:title\" content=\"La hija de Rappaccini - Libros del Zorro Rojo\" \/>\n<meta property=\"og:description\" content=\"En el norte de Italia, un jard\u00edn secreto y prohibido es el marco de intrigas que florecen en ese escenario tan exuberante como letal. Vergel maldito donde el amor ser\u00e1 el se\u00f1uelo acechado por el arreglo florar de venenos y trampas en profusi\u00f3n. Tanto el romanticismo buc\u00f3lico de Hawthorne como el lirismo de Octavio Paz desplegar\u00e1n \u2014en cuento y pieza teatral respectivamente\u2014 los elementos de seducci\u00f3n y de acechanzas invertidas, en trabajos literarios, que, pese a variar el registro narrativo, comparten escenario y personajes, puesto que la trama de ambos hunde sus ra\u00edces en una antigua leyenda india del siglo IV d.C.\" \/>\n<meta property=\"og:url\" content=\"https:\/\/librosdelzorrorojo.com\/ca\/cataleg\/la-hija-de-rappaccini\/\" \/>\n<meta property=\"og:site_name\" content=\"Libros del Zorro Rojo\" \/>\n<meta property=\"article:modified_time\" content=\"2024-12-17T21:22:03+00:00\" \/>\n<meta property=\"og:image\" content=\"https:\/\/librosdelzorrorojo.com\/wp-content\/uploads\/2019\/03\/LaHijaDeRappacinni_1200x1200.jpg\" \/>\n\t<meta property=\"og:image:width\" content=\"1200\" \/>\n\t<meta property=\"og:image:height\" content=\"1200\" \/>\n\t<meta property=\"og:image:type\" content=\"image\/jpeg\" \/>\n<meta name=\"twitter:card\" content=\"summary_large_image\" \/>\n<meta name=\"twitter:label1\" content=\"Temps estimat de lectura\" \/>\n\t<meta name=\"twitter:data1\" content=\"1 minut\" \/>\n<script type=\"application\/ld+json\" class=\"yoast-schema-graph\">{\"@context\":\"https:\/\/schema.org\",\"@graph\":[{\"@type\":\"WebPage\",\"@id\":\"https:\/\/librosdelzorrorojo.com\/ca\/cataleg\/la-hija-de-rappaccini\/\",\"url\":\"https:\/\/librosdelzorrorojo.com\/ca\/cataleg\/la-hija-de-rappaccini\/\",\"name\":\"La hija de Rappaccini - Libros del Zorro Rojo\",\"isPartOf\":{\"@id\":\"https:\/\/librosdelzorrorojo.com\/#website\"},\"primaryImageOfPage\":{\"@id\":\"https:\/\/librosdelzorrorojo.com\/ca\/cataleg\/la-hija-de-rappaccini\/#primaryimage\"},\"image\":{\"@id\":\"https:\/\/librosdelzorrorojo.com\/ca\/cataleg\/la-hija-de-rappaccini\/#primaryimage\"},\"thumbnailUrl\":\"https:\/\/librosdelzorrorojo.com\/wp-content\/uploads\/2019\/03\/Cover_LaHijaDeRappaccini-WEB.jpg\",\"datePublished\":\"2019-04-04T10:26:45+00:00\",\"dateModified\":\"2024-12-17T21:22:03+00:00\",\"breadcrumb\":{\"@id\":\"https:\/\/librosdelzorrorojo.com\/ca\/cataleg\/la-hija-de-rappaccini\/#breadcrumb\"},\"inLanguage\":\"ca\",\"potentialAction\":[{\"@type\":\"ReadAction\",\"target\":[\"https:\/\/librosdelzorrorojo.com\/ca\/cataleg\/la-hija-de-rappaccini\/\"]}]},{\"@type\":\"ImageObject\",\"inLanguage\":\"ca\",\"@id\":\"https:\/\/librosdelzorrorojo.com\/ca\/cataleg\/la-hija-de-rappaccini\/#primaryimage\",\"url\":\"https:\/\/librosdelzorrorojo.com\/wp-content\/uploads\/2019\/03\/Cover_LaHijaDeRappaccini-WEB.jpg\",\"contentUrl\":\"https:\/\/librosdelzorrorojo.com\/wp-content\/uploads\/2019\/03\/Cover_LaHijaDeRappaccini-WEB.jpg\",\"width\":850,\"height\":1240,\"caption\":\"Cover LaHijaDeRappaccini WEB\"},{\"@type\":\"BreadcrumbList\",\"@id\":\"https:\/\/librosdelzorrorojo.com\/ca\/cataleg\/la-hija-de-rappaccini\/#breadcrumb\",\"itemListElement\":[{\"@type\":\"ListItem\",\"position\":1,\"name\":\"Portada\",\"item\":\"https:\/\/librosdelzorrorojo.com\/ca\/\"},{\"@type\":\"ListItem\",\"position\":2,\"name\":\"Cat\u00e0leg\",\"item\":\"https:\/\/librosdelzorrorojo.com\/ca\/cataleg\/\"},{\"@type\":\"ListItem\",\"position\":3,\"name\":\"La hija de Rappaccini\"}]},{\"@type\":\"WebSite\",\"@id\":\"https:\/\/librosdelzorrorojo.com\/#website\",\"url\":\"https:\/\/librosdelzorrorojo.com\/\",\"name\":\"Libros del Zorro Rojo\",\"description\":\"Libros ilustrados\",\"potentialAction\":[{\"@type\":\"SearchAction\",\"target\":{\"@type\":\"EntryPoint\",\"urlTemplate\":\"https:\/\/librosdelzorrorojo.com\/?s={search_term_string}\"},\"query-input\":{\"@type\":\"PropertyValueSpecification\",\"valueRequired\":true,\"valueName\":\"search_term_string\"}}],\"inLanguage\":\"ca\"}]}<\/script>\n<!-- \/ Yoast SEO plugin. -->","yoast_head_json":{"title":"La hija de Rappaccini - Libros del Zorro Rojo","robots":{"index":"index","follow":"follow","max-snippet":"max-snippet:-1","max-image-preview":"max-image-preview:large","max-video-preview":"max-video-preview:-1"},"canonical":"https:\/\/librosdelzorrorojo.com\/ca\/cataleg\/la-hija-de-rappaccini\/","og_locale":"ca_ES","og_type":"article","og_title":"La hija de Rappaccini - Libros del Zorro Rojo","og_description":"En el norte de Italia, un jard\u00edn secreto y prohibido es el marco de intrigas que florecen en ese escenario tan exuberante como letal. Vergel maldito donde el amor ser\u00e1 el se\u00f1uelo acechado por el arreglo florar de venenos y trampas en profusi\u00f3n. Tanto el romanticismo buc\u00f3lico de Hawthorne como el lirismo de Octavio Paz desplegar\u00e1n \u2014en cuento y pieza teatral respectivamente\u2014 los elementos de seducci\u00f3n y de acechanzas invertidas, en trabajos literarios, que, pese a variar el registro narrativo, comparten escenario y personajes, puesto que la trama de ambos hunde sus ra\u00edces en una antigua leyenda india del siglo IV d.C.","og_url":"https:\/\/librosdelzorrorojo.com\/ca\/cataleg\/la-hija-de-rappaccini\/","og_site_name":"Libros del Zorro Rojo","article_modified_time":"2024-12-17T21:22:03+00:00","og_image":[{"width":1200,"height":1200,"url":"https:\/\/librosdelzorrorojo.com\/wp-content\/uploads\/2019\/03\/LaHijaDeRappacinni_1200x1200.jpg","type":"image\/jpeg"}],"twitter_card":"summary_large_image","twitter_misc":{"Temps estimat de lectura":"1 minut"},"schema":{"@context":"https:\/\/schema.org","@graph":[{"@type":"WebPage","@id":"https:\/\/librosdelzorrorojo.com\/ca\/cataleg\/la-hija-de-rappaccini\/","url":"https:\/\/librosdelzorrorojo.com\/ca\/cataleg\/la-hija-de-rappaccini\/","name":"La hija de Rappaccini - Libros del Zorro Rojo","isPartOf":{"@id":"https:\/\/librosdelzorrorojo.com\/#website"},"primaryImageOfPage":{"@id":"https:\/\/librosdelzorrorojo.com\/ca\/cataleg\/la-hija-de-rappaccini\/#primaryimage"},"image":{"@id":"https:\/\/librosdelzorrorojo.com\/ca\/cataleg\/la-hija-de-rappaccini\/#primaryimage"},"thumbnailUrl":"https:\/\/librosdelzorrorojo.com\/wp-content\/uploads\/2019\/03\/Cover_LaHijaDeRappaccini-WEB.jpg","datePublished":"2019-04-04T10:26:45+00:00","dateModified":"2024-12-17T21:22:03+00:00","breadcrumb":{"@id":"https:\/\/librosdelzorrorojo.com\/ca\/cataleg\/la-hija-de-rappaccini\/#breadcrumb"},"inLanguage":"ca","potentialAction":[{"@type":"ReadAction","target":["https:\/\/librosdelzorrorojo.com\/ca\/cataleg\/la-hija-de-rappaccini\/"]}]},{"@type":"ImageObject","inLanguage":"ca","@id":"https:\/\/librosdelzorrorojo.com\/ca\/cataleg\/la-hija-de-rappaccini\/#primaryimage","url":"https:\/\/librosdelzorrorojo.com\/wp-content\/uploads\/2019\/03\/Cover_LaHijaDeRappaccini-WEB.jpg","contentUrl":"https:\/\/librosdelzorrorojo.com\/wp-content\/uploads\/2019\/03\/Cover_LaHijaDeRappaccini-WEB.jpg","width":850,"height":1240,"caption":"Cover LaHijaDeRappaccini WEB"},{"@type":"BreadcrumbList","@id":"https:\/\/librosdelzorrorojo.com\/ca\/cataleg\/la-hija-de-rappaccini\/#breadcrumb","itemListElement":[{"@type":"ListItem","position":1,"name":"Portada","item":"https:\/\/librosdelzorrorojo.com\/ca\/"},{"@type":"ListItem","position":2,"name":"Cat\u00e0leg","item":"https:\/\/librosdelzorrorojo.com\/ca\/cataleg\/"},{"@type":"ListItem","position":3,"name":"La hija de Rappaccini"}]},{"@type":"WebSite","@id":"https:\/\/librosdelzorrorojo.com\/#website","url":"https:\/\/librosdelzorrorojo.com\/","name":"Libros del Zorro Rojo","description":"Libros ilustrados","potentialAction":[{"@type":"SearchAction","target":{"@type":"EntryPoint","urlTemplate":"https:\/\/librosdelzorrorojo.com\/?s={search_term_string}"},"query-input":{"@type":"PropertyValueSpecification","valueRequired":true,"valueName":"search_term_string"}}],"inLanguage":"ca"}]}},"_links":{"self":[{"href":"https:\/\/librosdelzorrorojo.com\/ca\/wp-json\/wp\/v2\/product\/13900","targetHints":{"allow":["GET"]}}],"collection":[{"href":"https:\/\/librosdelzorrorojo.com\/ca\/wp-json\/wp\/v2\/product"}],"about":[{"href":"https:\/\/librosdelzorrorojo.com\/ca\/wp-json\/wp\/v2\/types\/product"}],"wp:featuredmedia":[{"embeddable":true,"href":"https:\/\/librosdelzorrorojo.com\/ca\/wp-json\/wp\/v2\/media\/13705"}],"wp:attachment":[{"href":"https:\/\/librosdelzorrorojo.com\/ca\/wp-json\/wp\/v2\/media?parent=13900"}],"wp:term":[{"taxonomy":"product_brand","embeddable":true,"href":"https:\/\/librosdelzorrorojo.com\/ca\/wp-json\/wp\/v2\/product_brand?post=13900"},{"taxonomy":"product_cat","embeddable":true,"href":"https:\/\/librosdelzorrorojo.com\/ca\/wp-json\/wp\/v2\/product_cat?post=13900"},{"taxonomy":"product_tag","embeddable":true,"href":"https:\/\/librosdelzorrorojo.com\/ca\/wp-json\/wp\/v2\/product_tag?post=13900"}],"curies":[{"name":"wp","href":"https:\/\/api.w.org\/{rel}","templated":true}]}}