{"id":13897,"date":"2019-03-16T10:23:44","date_gmt":"2019-04-04T10:04:35","guid":{"rendered":"https:\/\/librosdelzorrorojo.com\/?post_type=product&#038;p=13897"},"modified":"2024-02-29T11:39:37","modified_gmt":"2024-02-29T10:39:37","slug":"el-maravilloso-mago-de-oz","status":"publish","type":"product","link":"https:\/\/librosdelzorrorojo.com\/ca\/cataleg\/el-maravilloso-mago-de-oz\/","title":{"rendered":"El maravilloso Mago de Oz"},"content":{"rendered":"<p>\u00abOz es ese lugar, diez minutos antes del sue\u00f1o, donde [\u2026] decidimos que la\u00a0humanidad, por muy maliciosa y mezquina y tonta que sea, merecer\u00e1 otra oportunidad al amanecer.\u00bb Ray Bradbury<\/p>\n<p>C\u00e9lebre por la adaptaci\u00f3n cinematogr\u00e1fica de Victor Fleming, la pel\u00edcula\u00a0fant\u00e1stica m\u00e1s famosa de todos los tiempos, <em>El maravilloso Mago de Oz<\/em> era el tercer libro que Baum escrib\u00eda, y fue un \u00e9xito inmediato. Se trataba de uno m\u00e1s entre muchos que estaba planeando, pero la presi\u00f3n de los lectores fue tal, que termin\u00f3 escribiendo catorce novelas sobre este fant\u00e1stico mundo.\u00a0La multipremiada Olimpia Zagnoli despliega un cautivador imaginario, en\u00a0el que los potentes patrones geom\u00e9tricos y el juego crom\u00e1tico entre el verde\u00a0esmeralda y el dorado otorgan a esta edici\u00f3n un talante inigualable.<\/p>\n<p>&#8211;<\/p>\n<p>Mira el booktrailer <span style=\"color: #ff0000;\"><a href=\"https:\/\/www.youtube.com\/watch?v=jY51M1kzMu8\" style=\"color: #ff0000;\">aqu\u00ed.<\/a><\/span><\/p>\n<p>Lee el primer cap\u00edtulo del libro <span style=\"color: #ff0000;\"><a href=\"https:\/\/drive.google.com\/file\/d\/1C7Q0lgY2OaPmXVNyeCeF5E4uQZV7uQrr\/view?usp=sharing\" style=\"color: #ff0000;\">aqu\u00ed.<\/a><\/span><\/p>\n<p><span style=\"color: #ff0000;\"><a href=\"https:\/\/drive.google.com\/open?id=1OkfTEn7Qxj8P9zpG59lQyhGbCz2Nqvwa\" style=\"color: #ff0000;\">Desc\u00e1rgate<\/a><\/span> el kit de prensa.<\/p>\n<p><img decoding=\"async\" src=\"https:\/\/librosdelzorrorojo.com\/wp-content\/uploads\/2017\/09\/logo-generalitat2.jpg\" alt=\"\" width=\"200\" height=\"67\" class=\"alignnone size-full wp-image-11152\" \/><\/p>\n<p>&nbsp;<\/p>\n","protected":false},"excerpt":{"rendered":"C\u00e9lebre por la adaptaci\u00f3n cinematogr\u00e1fica de Victor Fleming, la pel\u00edcula\u00a0fant\u00e1stica m\u00e1s famosa de todos los tiempos, El maravilloso Mago de Oz era el tercer libro que Baum escrib\u00eda, y fue un \u00e9xito inmediato. Se trataba de uno m\u00e1s entre muchos que estaba planeando, pero la presi\u00f3n de los lectores fue tal, que termin\u00f3 escribiendo catorce novelas sobre este fant\u00e1stico mundo.","protected":false},"featured_media":13435,"template":"","meta":{"_acf_changed":false},"product_brand":[],"product_cat":[844,3156],"product_tag":[],"class_list":{"0":"post-13897","1":"product","2":"type-product","3":"status-publish","4":"has-post-thumbnail","6":"product_cat-castella","7":"product_cat-juvenil-adult","9":"first","10":"instock","11":"taxable","12":"shipping-taxable","13":"purchasable","14":"product-type-simple"},"acf":[],"yoast_head":"<!-- This site is optimized with the Yoast SEO plugin v25.1 - https:\/\/yoast.com\/wordpress\/plugins\/seo\/ -->\n<title>El maravilloso Mago de Oz - Libros del Zorro Rojo<\/title>\n<meta name=\"robots\" content=\"index, follow, max-snippet:-1, max-image-preview:large, max-video-preview:-1\" \/>\n<link rel=\"canonical\" href=\"https:\/\/librosdelzorrorojo.com\/ca\/cataleg\/el-maravilloso-mago-de-oz\/\" \/>\n<meta property=\"og:locale\" content=\"ca_ES\" \/>\n<meta property=\"og:type\" content=\"article\" \/>\n<meta property=\"og:title\" content=\"El maravilloso Mago de Oz\" \/>\n<meta property=\"og:description\" content=\"C\u00e9lebre por la adaptaci\u00f3n cinematogr\u00e1fica de Victor Fleming, la pel\u00edcula\u00a0fant\u00e1stica m\u00e1s famosa de todos los tiempos, El maravilloso Mago de Oz era el tercer libro que Baum escrib\u00eda, y fue un \u00e9xito inmediato. Se trataba de uno m\u00e1s entre muchos que estaba planeando, pero la presi\u00f3n de los lectores fue tal, que termin\u00f3 escribiendo catorce novelas sobre este fant\u00e1stico mundo.\" \/>\n<meta property=\"og:url\" content=\"https:\/\/librosdelzorrorojo.com\/ca\/cataleg\/el-maravilloso-mago-de-oz\/\" \/>\n<meta property=\"og:site_name\" content=\"Libros del Zorro Rojo\" \/>\n<meta property=\"article:modified_time\" content=\"2024-02-29T10:39:37+00:00\" \/>\n<meta property=\"og:image\" content=\"https:\/\/librosdelzorrorojo.com\/wp-content\/uploads\/2019\/02\/ElMaravillosoMagoDeOz_1200x1200-3.jpg\" \/>\n\t<meta property=\"og:image:width\" content=\"1200\" \/>\n\t<meta property=\"og:image:height\" content=\"1200\" \/>\n\t<meta property=\"og:image:type\" content=\"image\/jpeg\" \/>\n<meta name=\"twitter:card\" content=\"summary_large_image\" \/>\n<meta name=\"twitter:label1\" content=\"Temps estimat de lectura\" \/>\n\t<meta name=\"twitter:data1\" content=\"1 minut\" \/>\n<script type=\"application\/ld+json\" class=\"yoast-schema-graph\">{\"@context\":\"https:\/\/schema.org\",\"@graph\":[{\"@type\":\"WebPage\",\"@id\":\"https:\/\/librosdelzorrorojo.com\/ca\/cataleg\/el-maravilloso-mago-de-oz\/\",\"url\":\"https:\/\/librosdelzorrorojo.com\/ca\/cataleg\/el-maravilloso-mago-de-oz\/\",\"name\":\"El maravilloso Mago de Oz - Libros del Zorro Rojo\",\"isPartOf\":{\"@id\":\"https:\/\/librosdelzorrorojo.com\/#website\"},\"primaryImageOfPage\":{\"@id\":\"https:\/\/librosdelzorrorojo.com\/ca\/cataleg\/el-maravilloso-mago-de-oz\/#primaryimage\"},\"image\":{\"@id\":\"https:\/\/librosdelzorrorojo.com\/ca\/cataleg\/el-maravilloso-mago-de-oz\/#primaryimage\"},\"thumbnailUrl\":\"https:\/\/librosdelzorrorojo.com\/wp-content\/uploads\/2019\/02\/Cover_ElMaravillosoMagoDeOz-WEB.jpg\",\"datePublished\":\"2019-04-04T10:04:35+00:00\",\"dateModified\":\"2024-02-29T10:39:37+00:00\",\"breadcrumb\":{\"@id\":\"https:\/\/librosdelzorrorojo.com\/ca\/cataleg\/el-maravilloso-mago-de-oz\/#breadcrumb\"},\"inLanguage\":\"ca\",\"potentialAction\":[{\"@type\":\"ReadAction\",\"target\":[\"https:\/\/librosdelzorrorojo.com\/ca\/cataleg\/el-maravilloso-mago-de-oz\/\"]}]},{\"@type\":\"ImageObject\",\"inLanguage\":\"ca\",\"@id\":\"https:\/\/librosdelzorrorojo.com\/ca\/cataleg\/el-maravilloso-mago-de-oz\/#primaryimage\",\"url\":\"https:\/\/librosdelzorrorojo.com\/wp-content\/uploads\/2019\/02\/Cover_ElMaravillosoMagoDeOz-WEB.jpg\",\"contentUrl\":\"https:\/\/librosdelzorrorojo.com\/wp-content\/uploads\/2019\/02\/Cover_ElMaravillosoMagoDeOz-WEB.jpg\",\"width\":850,\"height\":1046,\"caption\":\"Cover ElMaravillosoMagoDeOz WEB\"},{\"@type\":\"BreadcrumbList\",\"@id\":\"https:\/\/librosdelzorrorojo.com\/ca\/cataleg\/el-maravilloso-mago-de-oz\/#breadcrumb\",\"itemListElement\":[{\"@type\":\"ListItem\",\"position\":1,\"name\":\"Portada\",\"item\":\"https:\/\/librosdelzorrorojo.com\/ca\/\"},{\"@type\":\"ListItem\",\"position\":2,\"name\":\"Cat\u00e0leg\",\"item\":\"https:\/\/librosdelzorrorojo.com\/ca\/cataleg\/\"},{\"@type\":\"ListItem\",\"position\":3,\"name\":\"El maravilloso Mago de Oz\"}]},{\"@type\":\"WebSite\",\"@id\":\"https:\/\/librosdelzorrorojo.com\/#website\",\"url\":\"https:\/\/librosdelzorrorojo.com\/\",\"name\":\"Libros del Zorro Rojo\",\"description\":\"Libros ilustrados\",\"potentialAction\":[{\"@type\":\"SearchAction\",\"target\":{\"@type\":\"EntryPoint\",\"urlTemplate\":\"https:\/\/librosdelzorrorojo.com\/?s={search_term_string}\"},\"query-input\":{\"@type\":\"PropertyValueSpecification\",\"valueRequired\":true,\"valueName\":\"search_term_string\"}}],\"inLanguage\":\"ca\"}]}<\/script>\n<!-- \/ Yoast SEO plugin. -->","yoast_head_json":{"title":"El maravilloso Mago de Oz - Libros del Zorro Rojo","robots":{"index":"index","follow":"follow","max-snippet":"max-snippet:-1","max-image-preview":"max-image-preview:large","max-video-preview":"max-video-preview:-1"},"canonical":"https:\/\/librosdelzorrorojo.com\/ca\/cataleg\/el-maravilloso-mago-de-oz\/","og_locale":"ca_ES","og_type":"article","og_title":"El maravilloso Mago de Oz","og_description":"C\u00e9lebre por la adaptaci\u00f3n cinematogr\u00e1fica de Victor Fleming, la pel\u00edcula\u00a0fant\u00e1stica m\u00e1s famosa de todos los tiempos, El maravilloso Mago de Oz era el tercer libro que Baum escrib\u00eda, y fue un \u00e9xito inmediato. Se trataba de uno m\u00e1s entre muchos que estaba planeando, pero la presi\u00f3n de los lectores fue tal, que termin\u00f3 escribiendo catorce novelas sobre este fant\u00e1stico mundo.","og_url":"https:\/\/librosdelzorrorojo.com\/ca\/cataleg\/el-maravilloso-mago-de-oz\/","og_site_name":"Libros del Zorro Rojo","article_modified_time":"2024-02-29T10:39:37+00:00","og_image":[{"width":1200,"height":1200,"url":"https:\/\/librosdelzorrorojo.com\/wp-content\/uploads\/2019\/02\/ElMaravillosoMagoDeOz_1200x1200-3.jpg","type":"image\/jpeg"}],"twitter_card":"summary_large_image","twitter_misc":{"Temps estimat de lectura":"1 minut"},"schema":{"@context":"https:\/\/schema.org","@graph":[{"@type":"WebPage","@id":"https:\/\/librosdelzorrorojo.com\/ca\/cataleg\/el-maravilloso-mago-de-oz\/","url":"https:\/\/librosdelzorrorojo.com\/ca\/cataleg\/el-maravilloso-mago-de-oz\/","name":"El maravilloso Mago de Oz - Libros del Zorro Rojo","isPartOf":{"@id":"https:\/\/librosdelzorrorojo.com\/#website"},"primaryImageOfPage":{"@id":"https:\/\/librosdelzorrorojo.com\/ca\/cataleg\/el-maravilloso-mago-de-oz\/#primaryimage"},"image":{"@id":"https:\/\/librosdelzorrorojo.com\/ca\/cataleg\/el-maravilloso-mago-de-oz\/#primaryimage"},"thumbnailUrl":"https:\/\/librosdelzorrorojo.com\/wp-content\/uploads\/2019\/02\/Cover_ElMaravillosoMagoDeOz-WEB.jpg","datePublished":"2019-04-04T10:04:35+00:00","dateModified":"2024-02-29T10:39:37+00:00","breadcrumb":{"@id":"https:\/\/librosdelzorrorojo.com\/ca\/cataleg\/el-maravilloso-mago-de-oz\/#breadcrumb"},"inLanguage":"ca","potentialAction":[{"@type":"ReadAction","target":["https:\/\/librosdelzorrorojo.com\/ca\/cataleg\/el-maravilloso-mago-de-oz\/"]}]},{"@type":"ImageObject","inLanguage":"ca","@id":"https:\/\/librosdelzorrorojo.com\/ca\/cataleg\/el-maravilloso-mago-de-oz\/#primaryimage","url":"https:\/\/librosdelzorrorojo.com\/wp-content\/uploads\/2019\/02\/Cover_ElMaravillosoMagoDeOz-WEB.jpg","contentUrl":"https:\/\/librosdelzorrorojo.com\/wp-content\/uploads\/2019\/02\/Cover_ElMaravillosoMagoDeOz-WEB.jpg","width":850,"height":1046,"caption":"Cover ElMaravillosoMagoDeOz WEB"},{"@type":"BreadcrumbList","@id":"https:\/\/librosdelzorrorojo.com\/ca\/cataleg\/el-maravilloso-mago-de-oz\/#breadcrumb","itemListElement":[{"@type":"ListItem","position":1,"name":"Portada","item":"https:\/\/librosdelzorrorojo.com\/ca\/"},{"@type":"ListItem","position":2,"name":"Cat\u00e0leg","item":"https:\/\/librosdelzorrorojo.com\/ca\/cataleg\/"},{"@type":"ListItem","position":3,"name":"El maravilloso Mago de Oz"}]},{"@type":"WebSite","@id":"https:\/\/librosdelzorrorojo.com\/#website","url":"https:\/\/librosdelzorrorojo.com\/","name":"Libros del Zorro Rojo","description":"Libros ilustrados","potentialAction":[{"@type":"SearchAction","target":{"@type":"EntryPoint","urlTemplate":"https:\/\/librosdelzorrorojo.com\/?s={search_term_string}"},"query-input":{"@type":"PropertyValueSpecification","valueRequired":true,"valueName":"search_term_string"}}],"inLanguage":"ca"}]}},"_links":{"self":[{"href":"https:\/\/librosdelzorrorojo.com\/ca\/wp-json\/wp\/v2\/product\/13897","targetHints":{"allow":["GET"]}}],"collection":[{"href":"https:\/\/librosdelzorrorojo.com\/ca\/wp-json\/wp\/v2\/product"}],"about":[{"href":"https:\/\/librosdelzorrorojo.com\/ca\/wp-json\/wp\/v2\/types\/product"}],"wp:featuredmedia":[{"embeddable":true,"href":"https:\/\/librosdelzorrorojo.com\/ca\/wp-json\/wp\/v2\/media\/13435"}],"wp:attachment":[{"href":"https:\/\/librosdelzorrorojo.com\/ca\/wp-json\/wp\/v2\/media?parent=13897"}],"wp:term":[{"taxonomy":"product_brand","embeddable":true,"href":"https:\/\/librosdelzorrorojo.com\/ca\/wp-json\/wp\/v2\/product_brand?post=13897"},{"taxonomy":"product_cat","embeddable":true,"href":"https:\/\/librosdelzorrorojo.com\/ca\/wp-json\/wp\/v2\/product_cat?post=13897"},{"taxonomy":"product_tag","embeddable":true,"href":"https:\/\/librosdelzorrorojo.com\/ca\/wp-json\/wp\/v2\/product_tag?post=13897"}],"curies":[{"name":"wp","href":"https:\/\/api.w.org\/{rel}","templated":true}]}}