{"id":13645,"date":"2018-03-14T12:00:31","date_gmt":"2018-03-14T11:00:31","guid":{"rendered":"https:\/\/librosdelzorrorojo.com\/catalogo\/ola-azul-2\/"},"modified":"2024-02-29T11:39:34","modified_gmt":"2024-02-29T10:39:34","slug":"ola-azul","status":"publish","type":"product","link":"https:\/\/librosdelzorrorojo.com\/ca\/cataleg\/ola-azul\/","title":{"rendered":"Ola Azul"},"content":{"rendered":"<p>Una madrugada nace en las cuadras de una aldea un caballo azul. Al verlo, el rey proclama que se trata de una bendici\u00f3n de Dios y ordena que lo entrenen hasta convertirlo en un aut\u00e9ntico caballo de guerra. <em>Ola Azul,<\/em> como todos lo llaman, siembra el p\u00e1nico en el campo de batalla; pero con \u00e9l la guerra se hace interminable, y la alegr\u00eda de la gente al verlo se desvanece en medio de la hambruna y el sufrimiento.<\/p>\n<p>Un d\u00eda, <em>Ola Azul<\/em> se ve reflejado en los ojos de un joven soldado. A partir de ese momento, su destino se transforma, y consigue que su nombre permanezca en el coraz\u00f3n del pueblo con un significado diferente.<\/p>\n<p>Un \u00e1lbum ilustrado en el que conviven la fuerza y la tensi\u00f3n de la l\u00ednea y el dibujo con el simbolismo del color. El blanco, el negro y el azul representan, respectivamente, la bondad, la maldad y el ideal. Un juego de contrastes con el que el ilustrador coreano, Yoo Jun-Jae, rinde un homenaje a la pintura de Picasso y, en particular, al <em>Guernica.<\/em><\/p>\n<p>Construido con la sencillez y la intensidad de un cuento de hadas, este relato maravilloso se transforma en una met\u00e1fora sobre la paz, capaz de conmover a lectores de todas las edades.<\/p>\n<p><span>Hojea el libro\u00a0<a href=\"https:\/\/issuu.com\/librosdelzorrorojo\/docs\/issuu_olaazul_spanish\"><span style=\"color: #ff0000;\">aqu\u00ed<\/span><\/a>\u00a0<\/span><span>|<\/span><span>\u00a0<\/span><span>Mira el\u00a0<\/span><a href=\"https:\/\/www.youtube.com\/watch?v=u_gre6OlolE\"><span style=\"color: #ff0000;\">booktrailer<\/span><\/a><\/p>\n<p>&nbsp;<\/p>\n","protected":false},"excerpt":{"rendered":"Una madrugada nace en las cuadras de una aldea un caballo azul. Al verlo, el rey proclama que se trata de una bendici\u00f3n de Dios y ordena que lo entrenen hasta convertirlo en un aut\u00e9ntico caballo de guerra. <em>Ola Azul,<\/em> como todos lo llaman, siembra el p\u00e1nico en el campo de batalla; pero con \u00e9l la guerra se hace interminable, y la alegr\u00eda de la gente al verlo se desvanece en medio de la hambruna y el sufrimiento. Un d\u00eda, <em>Ola Azul<\/em> se ve reflejado en los ojos de un joven soldado. A partir de ese momento, su destino se transforma, y consigue que su nombre permanezca en el coraz\u00f3n del pueblo con un significado diferente.","protected":false},"featured_media":8606,"template":"","meta":{"_acf_changed":false},"product_brand":[],"product_cat":[844,843],"product_tag":[],"class_list":{"0":"post-13645","1":"product","2":"type-product","3":"status-publish","4":"has-post-thumbnail","6":"product_cat-castella","7":"product_cat-infantiles-ca","8":"vinculo-ola-azul","10":"first","11":"instock","12":"taxable","13":"shipping-taxable","14":"purchasable","15":"product-type-simple"},"acf":[],"yoast_head":"<!-- This site is optimized with the Yoast SEO plugin v25.1 - https:\/\/yoast.com\/wordpress\/plugins\/seo\/ -->\n<title>Ola Azul - Libros del Zorro Rojo<\/title>\n<meta name=\"description\" content=\"Un \u00e1lbum ilustrado en el que conviven la fuerza y la tensi\u00f3n de la l\u00ednea y el dibujo con el simbolismo del color, Ola Azul, caballo\" \/>\n<meta name=\"robots\" content=\"index, follow, max-snippet:-1, max-image-preview:large, max-video-preview:-1\" \/>\n<link rel=\"canonical\" href=\"https:\/\/librosdelzorrorojo.com\/ca\/cataleg\/ola-azul\/\" \/>\n<meta property=\"og:locale\" content=\"ca_ES\" \/>\n<meta property=\"og:type\" content=\"article\" \/>\n<meta property=\"og:title\" content=\"Ola Azul - Libros del Zorro Rojo\" \/>\n<meta property=\"og:description\" content=\"Un \u00e1lbum ilustrado en el que conviven la fuerza y la tensi\u00f3n de la l\u00ednea y el dibujo con el simbolismo del color, Ola Azul, caballo\" \/>\n<meta property=\"og:url\" content=\"https:\/\/librosdelzorrorojo.com\/ca\/cataleg\/ola-azul\/\" \/>\n<meta property=\"og:site_name\" content=\"Libros del Zorro Rojo\" \/>\n<meta property=\"article:modified_time\" content=\"2024-02-29T10:39:34+00:00\" \/>\n<meta property=\"og:image\" content=\"https:\/\/librosdelzorrorojo.com\/wp-content\/uploads\/2018\/03\/Ola-Azul-Baja-16.jpg\" \/>\n\t<meta property=\"og:image:width\" content=\"2929\" \/>\n\t<meta property=\"og:image:height\" content=\"2929\" \/>\n\t<meta property=\"og:image:type\" content=\"image\/jpeg\" \/>\n<meta name=\"twitter:card\" content=\"summary_large_image\" \/>\n<meta name=\"twitter:label1\" content=\"Temps estimat de lectura\" \/>\n\t<meta name=\"twitter:data1\" content=\"1 minut\" \/>\n<script type=\"application\/ld+json\" class=\"yoast-schema-graph\">{\"@context\":\"https:\/\/schema.org\",\"@graph\":[{\"@type\":\"WebPage\",\"@id\":\"https:\/\/librosdelzorrorojo.com\/ca\/cataleg\/ola-azul\/\",\"url\":\"https:\/\/librosdelzorrorojo.com\/ca\/cataleg\/ola-azul\/\",\"name\":\"Ola Azul - Libros del Zorro Rojo\",\"isPartOf\":{\"@id\":\"https:\/\/librosdelzorrorojo.com\/#website\"},\"primaryImageOfPage\":{\"@id\":\"https:\/\/librosdelzorrorojo.com\/ca\/cataleg\/ola-azul\/#primaryimage\"},\"image\":{\"@id\":\"https:\/\/librosdelzorrorojo.com\/ca\/cataleg\/ola-azul\/#primaryimage\"},\"thumbnailUrl\":\"https:\/\/librosdelzorrorojo.com\/wp-content\/uploads\/2018\/03\/Cover-Ola-Azul-SPANISH-Blue-e1525274554908.jpg\",\"datePublished\":\"2018-03-14T11:00:31+00:00\",\"dateModified\":\"2024-02-29T10:39:34+00:00\",\"description\":\"Un \u00e1lbum ilustrado en el que conviven la fuerza y la tensi\u00f3n de la l\u00ednea y el dibujo con el simbolismo del color, Ola Azul, caballo\",\"breadcrumb\":{\"@id\":\"https:\/\/librosdelzorrorojo.com\/ca\/cataleg\/ola-azul\/#breadcrumb\"},\"inLanguage\":\"ca\",\"potentialAction\":[{\"@type\":\"ReadAction\",\"target\":[\"https:\/\/librosdelzorrorojo.com\/ca\/cataleg\/ola-azul\/\"]}]},{\"@type\":\"ImageObject\",\"inLanguage\":\"ca\",\"@id\":\"https:\/\/librosdelzorrorojo.com\/ca\/cataleg\/ola-azul\/#primaryimage\",\"url\":\"https:\/\/librosdelzorrorojo.com\/wp-content\/uploads\/2018\/03\/Cover-Ola-Azul-SPANISH-Blue-e1525274554908.jpg\",\"contentUrl\":\"https:\/\/librosdelzorrorojo.com\/wp-content\/uploads\/2018\/03\/Cover-Ola-Azul-SPANISH-Blue-e1525274554908.jpg\",\"width\":850,\"height\":1040,\"caption\":\"Cover Ola Azul SPANISH Blue e1525274554908\"},{\"@type\":\"BreadcrumbList\",\"@id\":\"https:\/\/librosdelzorrorojo.com\/ca\/cataleg\/ola-azul\/#breadcrumb\",\"itemListElement\":[{\"@type\":\"ListItem\",\"position\":1,\"name\":\"Portada\",\"item\":\"https:\/\/librosdelzorrorojo.com\/ca\/\"},{\"@type\":\"ListItem\",\"position\":2,\"name\":\"Cat\u00e0leg\",\"item\":\"https:\/\/librosdelzorrorojo.com\/ca\/cataleg\/\"},{\"@type\":\"ListItem\",\"position\":3,\"name\":\"Ola Azul\"}]},{\"@type\":\"WebSite\",\"@id\":\"https:\/\/librosdelzorrorojo.com\/#website\",\"url\":\"https:\/\/librosdelzorrorojo.com\/\",\"name\":\"Libros del Zorro Rojo\",\"description\":\"Libros ilustrados\",\"potentialAction\":[{\"@type\":\"SearchAction\",\"target\":{\"@type\":\"EntryPoint\",\"urlTemplate\":\"https:\/\/librosdelzorrorojo.com\/?s={search_term_string}\"},\"query-input\":{\"@type\":\"PropertyValueSpecification\",\"valueRequired\":true,\"valueName\":\"search_term_string\"}}],\"inLanguage\":\"ca\"}]}<\/script>\n<!-- \/ Yoast SEO plugin. -->","yoast_head_json":{"title":"Ola Azul - Libros del Zorro Rojo","description":"Un \u00e1lbum ilustrado en el que conviven la fuerza y la tensi\u00f3n de la l\u00ednea y el dibujo con el simbolismo del color, Ola Azul, caballo","robots":{"index":"index","follow":"follow","max-snippet":"max-snippet:-1","max-image-preview":"max-image-preview:large","max-video-preview":"max-video-preview:-1"},"canonical":"https:\/\/librosdelzorrorojo.com\/ca\/cataleg\/ola-azul\/","og_locale":"ca_ES","og_type":"article","og_title":"Ola Azul - Libros del Zorro Rojo","og_description":"Un \u00e1lbum ilustrado en el que conviven la fuerza y la tensi\u00f3n de la l\u00ednea y el dibujo con el simbolismo del color, Ola Azul, caballo","og_url":"https:\/\/librosdelzorrorojo.com\/ca\/cataleg\/ola-azul\/","og_site_name":"Libros del Zorro Rojo","article_modified_time":"2024-02-29T10:39:34+00:00","og_image":[{"width":2929,"height":2929,"url":"https:\/\/librosdelzorrorojo.com\/wp-content\/uploads\/2018\/03\/Ola-Azul-Baja-16.jpg","type":"image\/jpeg"}],"twitter_card":"summary_large_image","twitter_misc":{"Temps estimat de lectura":"1 minut"},"schema":{"@context":"https:\/\/schema.org","@graph":[{"@type":"WebPage","@id":"https:\/\/librosdelzorrorojo.com\/ca\/cataleg\/ola-azul\/","url":"https:\/\/librosdelzorrorojo.com\/ca\/cataleg\/ola-azul\/","name":"Ola Azul - Libros del Zorro Rojo","isPartOf":{"@id":"https:\/\/librosdelzorrorojo.com\/#website"},"primaryImageOfPage":{"@id":"https:\/\/librosdelzorrorojo.com\/ca\/cataleg\/ola-azul\/#primaryimage"},"image":{"@id":"https:\/\/librosdelzorrorojo.com\/ca\/cataleg\/ola-azul\/#primaryimage"},"thumbnailUrl":"https:\/\/librosdelzorrorojo.com\/wp-content\/uploads\/2018\/03\/Cover-Ola-Azul-SPANISH-Blue-e1525274554908.jpg","datePublished":"2018-03-14T11:00:31+00:00","dateModified":"2024-02-29T10:39:34+00:00","description":"Un \u00e1lbum ilustrado en el que conviven la fuerza y la tensi\u00f3n de la l\u00ednea y el dibujo con el simbolismo del color, Ola Azul, caballo","breadcrumb":{"@id":"https:\/\/librosdelzorrorojo.com\/ca\/cataleg\/ola-azul\/#breadcrumb"},"inLanguage":"ca","potentialAction":[{"@type":"ReadAction","target":["https:\/\/librosdelzorrorojo.com\/ca\/cataleg\/ola-azul\/"]}]},{"@type":"ImageObject","inLanguage":"ca","@id":"https:\/\/librosdelzorrorojo.com\/ca\/cataleg\/ola-azul\/#primaryimage","url":"https:\/\/librosdelzorrorojo.com\/wp-content\/uploads\/2018\/03\/Cover-Ola-Azul-SPANISH-Blue-e1525274554908.jpg","contentUrl":"https:\/\/librosdelzorrorojo.com\/wp-content\/uploads\/2018\/03\/Cover-Ola-Azul-SPANISH-Blue-e1525274554908.jpg","width":850,"height":1040,"caption":"Cover Ola Azul SPANISH Blue e1525274554908"},{"@type":"BreadcrumbList","@id":"https:\/\/librosdelzorrorojo.com\/ca\/cataleg\/ola-azul\/#breadcrumb","itemListElement":[{"@type":"ListItem","position":1,"name":"Portada","item":"https:\/\/librosdelzorrorojo.com\/ca\/"},{"@type":"ListItem","position":2,"name":"Cat\u00e0leg","item":"https:\/\/librosdelzorrorojo.com\/ca\/cataleg\/"},{"@type":"ListItem","position":3,"name":"Ola Azul"}]},{"@type":"WebSite","@id":"https:\/\/librosdelzorrorojo.com\/#website","url":"https:\/\/librosdelzorrorojo.com\/","name":"Libros del Zorro Rojo","description":"Libros ilustrados","potentialAction":[{"@type":"SearchAction","target":{"@type":"EntryPoint","urlTemplate":"https:\/\/librosdelzorrorojo.com\/?s={search_term_string}"},"query-input":{"@type":"PropertyValueSpecification","valueRequired":true,"valueName":"search_term_string"}}],"inLanguage":"ca"}]}},"_links":{"self":[{"href":"https:\/\/librosdelzorrorojo.com\/ca\/wp-json\/wp\/v2\/product\/13645","targetHints":{"allow":["GET"]}}],"collection":[{"href":"https:\/\/librosdelzorrorojo.com\/ca\/wp-json\/wp\/v2\/product"}],"about":[{"href":"https:\/\/librosdelzorrorojo.com\/ca\/wp-json\/wp\/v2\/types\/product"}],"wp:featuredmedia":[{"embeddable":true,"href":"https:\/\/librosdelzorrorojo.com\/ca\/wp-json\/wp\/v2\/media\/8606"}],"wp:attachment":[{"href":"https:\/\/librosdelzorrorojo.com\/ca\/wp-json\/wp\/v2\/media?parent=13645"}],"wp:term":[{"taxonomy":"product_brand","embeddable":true,"href":"https:\/\/librosdelzorrorojo.com\/ca\/wp-json\/wp\/v2\/product_brand?post=13645"},{"taxonomy":"product_cat","embeddable":true,"href":"https:\/\/librosdelzorrorojo.com\/ca\/wp-json\/wp\/v2\/product_cat?post=13645"},{"taxonomy":"product_tag","embeddable":true,"href":"https:\/\/librosdelzorrorojo.com\/ca\/wp-json\/wp\/v2\/product_tag?post=13645"}],"curies":[{"name":"wp","href":"https:\/\/api.w.org\/{rel}","templated":true}]}}