{"id":13036,"date":"2019-01-22T10:58:46","date_gmt":"2019-01-22T09:58:46","guid":{"rendered":"https:\/\/librosdelzorrorojo.com\/?post_type=product&#038;p=13036"},"modified":"2024-02-29T11:39:31","modified_gmt":"2024-02-29T10:39:31","slug":"mi-vida-de-abeja","status":"publish","type":"product","link":"https:\/\/librosdelzorrorojo.com\/ca\/cataleg\/mi-vida-de-abeja\/","title":{"rendered":"Mi vida de abeja"},"content":{"rendered":"<p><i>Mi vida de abeja<\/i> cuenta la historia de las abejas durante un a\u00f1o, de primavera a primavera. Un texto sencillo, que muestra las distintas etapas de la recolecci\u00f3n del n\u00e9ctar y la fabricaci\u00f3n de la miel, pero con la cadencia de una canci\u00f3n de frases vibrantes, que reflejan el ritmo agitado e incesante de la actividad de la colmena.<\/p>\n<p>Las ilustraciones de Isabelle Arsenault, una combinaci\u00f3n de tinta, <i>gouache,<\/i> grafito y l\u00e1piz de color, son en\u00e9rgicas y alegres. En ellas se alternan los paisajes \u2014representados de una manera impresionista\u2014 con dibujos al estilo <i>cartoon<\/i> \u2014de\u00a0 abejas de grandes ojos y caras sonrientes, pero con una nariz afilada que recuerda el aguij\u00f3n que esconden en su abdomen\u2014. Una obra que permite a los lectores seguir el vuelo err\u00e1tico de las abejas entre las flores, y entrar, como invitados de honor, en la colmena, la peque\u00f1a f\u00e1brica de miel.<\/p>\n<p>&#8211;<\/p>\n<p>Mira el booktrailer <span style=\"color: #ff0000\"><a href=\"https:\/\/www.youtube.com\/watch?v=9jWz_lwFvN0\" style=\"color: #ff0000\">aqu\u00ed.<\/a><\/span><\/p>\n<p>Rese\u00f1a en <em>Eleefant Cuentos<\/em> <span style=\"color: #ff0000\"><a href=\"https:\/\/librosdelzorrorojo.com\/mi-vida-de-abeja\/\" style=\"color: #ff0000\">aqu\u00ed.<\/a><\/span><\/p>\n<p><span style=\"color: #ff0000\"><a href=\"https:\/\/drive.google.com\/open?id=16U4LqTxgbcJKL1VEMuYPcoOpjHJp8oKd\" style=\"color: #ff0000\">Desc\u00e1rgate<\/a><\/span> el kit de prensa aqu\u00ed.<\/p>\n","protected":false},"excerpt":{"rendered":"<i>Mi vida de abeja<\/i> cuenta la historia de las abejas durante un a\u00f1o, de primavera a primavera. Un texto sencillo, que muestra las distintas etapas de la recolecci\u00f3n del n\u00e9ctar y la fabricaci\u00f3n de la miel, pero con la cadencia de una canci\u00f3n de frases vibrantes, que reflejan el ritmo agitado e incesante de la actividad de la colmena.","protected":false},"featured_media":13063,"template":"","meta":{"_acf_changed":false},"product_brand":[],"product_cat":[844,843,839],"product_tag":[],"class_list":{"0":"post-13036","1":"product","2":"type-product","3":"status-publish","4":"has-post-thumbnail","6":"product_cat-castella","7":"product_cat-infantiles-ca","8":"product_cat-zona-kids-ca","9":"vinculo-mi-vida-de-abeja","11":"first","12":"outofstock","13":"taxable","14":"shipping-taxable","15":"purchasable","16":"product-type-simple"},"acf":[],"yoast_head":"<!-- This site is optimized with the Yoast SEO plugin v25.1 - https:\/\/yoast.com\/wordpress\/plugins\/seo\/ -->\n<title>Mi vida de abeja - Libros del Zorro Rojo<\/title>\n<meta name=\"description\" content=\"Mi vida de abeja cuenta la historia de las abejas durante un a\u00f1o Isabelle Arsenault las abejas entre las flores peque\u00f1a f\u00e1brica de miel recolecci\u00f3n del n\u00e9ctar\" \/>\n<meta name=\"robots\" content=\"index, follow, max-snippet:-1, max-image-preview:large, max-video-preview:-1\" \/>\n<link rel=\"canonical\" href=\"https:\/\/librosdelzorrorojo.com\/ca\/cataleg\/mi-vida-de-abeja\/\" \/>\n<meta property=\"og:locale\" content=\"ca_ES\" \/>\n<meta property=\"og:type\" content=\"article\" \/>\n<meta property=\"og:title\" content=\"Mi vida de Abeja - Libros del Zorro Rojo\" \/>\n<meta property=\"og:description\" content=\"Mi vida de abeja cuenta la historia de las abejas durante un a\u00f1o Isabelle Arsenault las abejas entre las flores peque\u00f1a f\u00e1brica de miel recolecci\u00f3n del n\u00e9ctar\" \/>\n<meta property=\"og:url\" content=\"https:\/\/librosdelzorrorojo.com\/ca\/cataleg\/mi-vida-de-abeja\/\" \/>\n<meta property=\"og:site_name\" content=\"Libros del Zorro Rojo\" \/>\n<meta property=\"article:modified_time\" content=\"2024-02-29T10:39:31+00:00\" \/>\n<meta property=\"og:image\" content=\"https:\/\/librosdelzorrorojo.com\/wp-content\/uploads\/2019\/01\/Slide_MiVidaDeAbeja-2.jpg\" \/>\n\t<meta property=\"og:image:width\" content=\"994\" \/>\n\t<meta property=\"og:image:height\" content=\"400\" \/>\n\t<meta property=\"og:image:type\" content=\"image\/jpeg\" \/>\n<meta name=\"twitter:card\" content=\"summary_large_image\" \/>\n<meta name=\"twitter:label1\" content=\"Temps estimat de lectura\" \/>\n\t<meta name=\"twitter:data1\" content=\"1 minut\" \/>\n<script type=\"application\/ld+json\" class=\"yoast-schema-graph\">{\"@context\":\"https:\/\/schema.org\",\"@graph\":[{\"@type\":\"WebPage\",\"@id\":\"https:\/\/librosdelzorrorojo.com\/ca\/cataleg\/mi-vida-de-abeja\/\",\"url\":\"https:\/\/librosdelzorrorojo.com\/ca\/cataleg\/mi-vida-de-abeja\/\",\"name\":\"Mi vida de abeja - Libros del Zorro Rojo\",\"isPartOf\":{\"@id\":\"https:\/\/librosdelzorrorojo.com\/#website\"},\"primaryImageOfPage\":{\"@id\":\"https:\/\/librosdelzorrorojo.com\/ca\/cataleg\/mi-vida-de-abeja\/#primaryimage\"},\"image\":{\"@id\":\"https:\/\/librosdelzorrorojo.com\/ca\/cataleg\/mi-vida-de-abeja\/#primaryimage\"},\"thumbnailUrl\":\"https:\/\/librosdelzorrorojo.com\/wp-content\/uploads\/2019\/01\/Cover_MiVidaDeAbeja-BAJA.jpg\",\"datePublished\":\"2019-01-22T09:58:46+00:00\",\"dateModified\":\"2024-02-29T10:39:31+00:00\",\"description\":\"Mi vida de abeja cuenta la historia de las abejas durante un a\u00f1o Isabelle Arsenault las abejas entre las flores peque\u00f1a f\u00e1brica de miel recolecci\u00f3n del n\u00e9ctar\",\"breadcrumb\":{\"@id\":\"https:\/\/librosdelzorrorojo.com\/ca\/cataleg\/mi-vida-de-abeja\/#breadcrumb\"},\"inLanguage\":\"ca\",\"potentialAction\":[{\"@type\":\"ReadAction\",\"target\":[\"https:\/\/librosdelzorrorojo.com\/ca\/cataleg\/mi-vida-de-abeja\/\"]}]},{\"@type\":\"ImageObject\",\"inLanguage\":\"ca\",\"@id\":\"https:\/\/librosdelzorrorojo.com\/ca\/cataleg\/mi-vida-de-abeja\/#primaryimage\",\"url\":\"https:\/\/librosdelzorrorojo.com\/wp-content\/uploads\/2019\/01\/Cover_MiVidaDeAbeja-BAJA.jpg\",\"contentUrl\":\"https:\/\/librosdelzorrorojo.com\/wp-content\/uploads\/2019\/01\/Cover_MiVidaDeAbeja-BAJA.jpg\",\"width\":850,\"height\":1066,\"caption\":\"Cover MiVidaDeAbeja BAJA\"},{\"@type\":\"BreadcrumbList\",\"@id\":\"https:\/\/librosdelzorrorojo.com\/ca\/cataleg\/mi-vida-de-abeja\/#breadcrumb\",\"itemListElement\":[{\"@type\":\"ListItem\",\"position\":1,\"name\":\"Portada\",\"item\":\"https:\/\/librosdelzorrorojo.com\/ca\/\"},{\"@type\":\"ListItem\",\"position\":2,\"name\":\"Cat\u00e0leg\",\"item\":\"https:\/\/librosdelzorrorojo.com\/ca\/cataleg\/\"},{\"@type\":\"ListItem\",\"position\":3,\"name\":\"Mi vida de abeja\"}]},{\"@type\":\"WebSite\",\"@id\":\"https:\/\/librosdelzorrorojo.com\/#website\",\"url\":\"https:\/\/librosdelzorrorojo.com\/\",\"name\":\"Libros del Zorro Rojo\",\"description\":\"Libros ilustrados\",\"potentialAction\":[{\"@type\":\"SearchAction\",\"target\":{\"@type\":\"EntryPoint\",\"urlTemplate\":\"https:\/\/librosdelzorrorojo.com\/?s={search_term_string}\"},\"query-input\":{\"@type\":\"PropertyValueSpecification\",\"valueRequired\":true,\"valueName\":\"search_term_string\"}}],\"inLanguage\":\"ca\"}]}<\/script>\n<!-- \/ Yoast SEO plugin. -->","yoast_head_json":{"title":"Mi vida de abeja - Libros del Zorro Rojo","description":"Mi vida de abeja cuenta la historia de las abejas durante un a\u00f1o Isabelle Arsenault las abejas entre las flores peque\u00f1a f\u00e1brica de miel recolecci\u00f3n del n\u00e9ctar","robots":{"index":"index","follow":"follow","max-snippet":"max-snippet:-1","max-image-preview":"max-image-preview:large","max-video-preview":"max-video-preview:-1"},"canonical":"https:\/\/librosdelzorrorojo.com\/ca\/cataleg\/mi-vida-de-abeja\/","og_locale":"ca_ES","og_type":"article","og_title":"Mi vida de Abeja - Libros del Zorro Rojo","og_description":"Mi vida de abeja cuenta la historia de las abejas durante un a\u00f1o Isabelle Arsenault las abejas entre las flores peque\u00f1a f\u00e1brica de miel recolecci\u00f3n del n\u00e9ctar","og_url":"https:\/\/librosdelzorrorojo.com\/ca\/cataleg\/mi-vida-de-abeja\/","og_site_name":"Libros del Zorro Rojo","article_modified_time":"2024-02-29T10:39:31+00:00","og_image":[{"width":994,"height":400,"url":"https:\/\/librosdelzorrorojo.com\/wp-content\/uploads\/2019\/01\/Slide_MiVidaDeAbeja-2.jpg","type":"image\/jpeg"}],"twitter_card":"summary_large_image","twitter_misc":{"Temps estimat de lectura":"1 minut"},"schema":{"@context":"https:\/\/schema.org","@graph":[{"@type":"WebPage","@id":"https:\/\/librosdelzorrorojo.com\/ca\/cataleg\/mi-vida-de-abeja\/","url":"https:\/\/librosdelzorrorojo.com\/ca\/cataleg\/mi-vida-de-abeja\/","name":"Mi vida de abeja - Libros del Zorro Rojo","isPartOf":{"@id":"https:\/\/librosdelzorrorojo.com\/#website"},"primaryImageOfPage":{"@id":"https:\/\/librosdelzorrorojo.com\/ca\/cataleg\/mi-vida-de-abeja\/#primaryimage"},"image":{"@id":"https:\/\/librosdelzorrorojo.com\/ca\/cataleg\/mi-vida-de-abeja\/#primaryimage"},"thumbnailUrl":"https:\/\/librosdelzorrorojo.com\/wp-content\/uploads\/2019\/01\/Cover_MiVidaDeAbeja-BAJA.jpg","datePublished":"2019-01-22T09:58:46+00:00","dateModified":"2024-02-29T10:39:31+00:00","description":"Mi vida de abeja cuenta la historia de las abejas durante un a\u00f1o Isabelle Arsenault las abejas entre las flores peque\u00f1a f\u00e1brica de miel recolecci\u00f3n del n\u00e9ctar","breadcrumb":{"@id":"https:\/\/librosdelzorrorojo.com\/ca\/cataleg\/mi-vida-de-abeja\/#breadcrumb"},"inLanguage":"ca","potentialAction":[{"@type":"ReadAction","target":["https:\/\/librosdelzorrorojo.com\/ca\/cataleg\/mi-vida-de-abeja\/"]}]},{"@type":"ImageObject","inLanguage":"ca","@id":"https:\/\/librosdelzorrorojo.com\/ca\/cataleg\/mi-vida-de-abeja\/#primaryimage","url":"https:\/\/librosdelzorrorojo.com\/wp-content\/uploads\/2019\/01\/Cover_MiVidaDeAbeja-BAJA.jpg","contentUrl":"https:\/\/librosdelzorrorojo.com\/wp-content\/uploads\/2019\/01\/Cover_MiVidaDeAbeja-BAJA.jpg","width":850,"height":1066,"caption":"Cover MiVidaDeAbeja BAJA"},{"@type":"BreadcrumbList","@id":"https:\/\/librosdelzorrorojo.com\/ca\/cataleg\/mi-vida-de-abeja\/#breadcrumb","itemListElement":[{"@type":"ListItem","position":1,"name":"Portada","item":"https:\/\/librosdelzorrorojo.com\/ca\/"},{"@type":"ListItem","position":2,"name":"Cat\u00e0leg","item":"https:\/\/librosdelzorrorojo.com\/ca\/cataleg\/"},{"@type":"ListItem","position":3,"name":"Mi vida de abeja"}]},{"@type":"WebSite","@id":"https:\/\/librosdelzorrorojo.com\/#website","url":"https:\/\/librosdelzorrorojo.com\/","name":"Libros del Zorro Rojo","description":"Libros ilustrados","potentialAction":[{"@type":"SearchAction","target":{"@type":"EntryPoint","urlTemplate":"https:\/\/librosdelzorrorojo.com\/?s={search_term_string}"},"query-input":{"@type":"PropertyValueSpecification","valueRequired":true,"valueName":"search_term_string"}}],"inLanguage":"ca"}]}},"_links":{"self":[{"href":"https:\/\/librosdelzorrorojo.com\/ca\/wp-json\/wp\/v2\/product\/13036","targetHints":{"allow":["GET"]}}],"collection":[{"href":"https:\/\/librosdelzorrorojo.com\/ca\/wp-json\/wp\/v2\/product"}],"about":[{"href":"https:\/\/librosdelzorrorojo.com\/ca\/wp-json\/wp\/v2\/types\/product"}],"wp:featuredmedia":[{"embeddable":true,"href":"https:\/\/librosdelzorrorojo.com\/ca\/wp-json\/wp\/v2\/media\/13063"}],"wp:attachment":[{"href":"https:\/\/librosdelzorrorojo.com\/ca\/wp-json\/wp\/v2\/media?parent=13036"}],"wp:term":[{"taxonomy":"product_brand","embeddable":true,"href":"https:\/\/librosdelzorrorojo.com\/ca\/wp-json\/wp\/v2\/product_brand?post=13036"},{"taxonomy":"product_cat","embeddable":true,"href":"https:\/\/librosdelzorrorojo.com\/ca\/wp-json\/wp\/v2\/product_cat?post=13036"},{"taxonomy":"product_tag","embeddable":true,"href":"https:\/\/librosdelzorrorojo.com\/ca\/wp-json\/wp\/v2\/product_tag?post=13036"}],"curies":[{"name":"wp","href":"https:\/\/api.w.org\/{rel}","templated":true}]}}