{"id":12607,"date":"2016-10-19T15:33:31","date_gmt":"2016-10-19T13:33:31","guid":{"rendered":"https:\/\/librosdelzorrorojo.com\/catalogo\/nunca-hagas-cosquillas\/"},"modified":"2024-02-29T11:39:23","modified_gmt":"2024-02-29T10:39:23","slug":"nunca-hagas-cosquillas","status":"publish","type":"product","link":"https:\/\/librosdelzorrorojo.com\/ca\/cataleg\/nunca-hagas-cosquillas\/","title":{"rendered":"Nunca hagas cosquillas a un tigre"},"content":{"rendered":"<p>Zara Zarandilla es un torbellino: inquieta, curiosa y din\u00e1mica, es lo que los mayores llaman una criatura \u00abhiperactiva\u00bb; no podr\u00eda dejar de hacer diabluras aunque quisiera, no se est\u00e1 quieta ni en sue\u00f1os. Zara no para, y hay \u00f3rdenes, como, por ejemplo, \u00abnunca hagas cosquillas a un tigre\u00bb, que le resultan imposibles de cumplir.<\/p>\n<p class=\"p3\">Animales, humor y acci\u00f3n se al\u00edan en esta divertida historia ilustrada por Boutavant (autor de los libros de la serie<span>\u00a0<\/span><i>Mouk<\/i>) que comparte la frescura de Salvaje y la personalidad rebelde de Madeline.<\/p>\n","protected":false},"excerpt":{"rendered":"Zara Zarandilla es un torbellino: inquieta, curiosa y din\u00e1mica, es lo que los mayores llaman una criatura \u00abhiperactiva\u00bb; no podr\u00eda dejar de hacer diabluras aunque quisiera, no se est\u00e1 quieta ni en sue\u00f1os. Zara no para, y hay \u00f3rdenes, como, por ejemplo, \u00abnunca hagas cosquillas a un tigre\u00bb, que le resultan imposibles de cumplir.\r\n<p class=\"p3\">Animales, humor y acci\u00f3n se al\u00edan en esta divertida historia ilustrada por Boutavant (autor de los libros de la serie<span>\u00a0<\/span><i>Mouk<\/i>) que comparte la frescura de Salvaje y la personalidad rebelde de Madeline.<\/p>","protected":false},"featured_media":9906,"template":"","meta":{"_acf_changed":false},"product_brand":[],"product_cat":[844,843],"product_tag":[],"class_list":{"0":"post-12607","1":"product","2":"type-product","3":"status-publish","4":"has-post-thumbnail","6":"product_cat-castella","7":"product_cat-infantiles-ca","8":"vinculo-nunca-hagas-cosquillas-a-un-tigre","10":"first","11":"instock","12":"taxable","13":"shipping-taxable","14":"purchasable","15":"product-type-simple"},"acf":[],"yoast_head":"<!-- This site is optimized with the Yoast SEO plugin v25.1 - https:\/\/yoast.com\/wordpress\/plugins\/seo\/ -->\n<title>Nunca hagas cosquillas a un tigre - Libros del Zorro Rojo<\/title>\n<meta name=\"description\" content=\"Zara Zarandilla es inquieta, curiosa y din\u00e1mica y hay \u00f3rdenes, como, por ejemplo, \u00abnunca hagas cosquillas a un tigre\u00bb, que le resultan imposibles de cumplir\" \/>\n<meta name=\"robots\" content=\"index, follow, max-snippet:-1, max-image-preview:large, max-video-preview:-1\" \/>\n<link rel=\"canonical\" href=\"https:\/\/librosdelzorrorojo.com\/ca\/cataleg\/nunca-hagas-cosquillas\/\" \/>\n<meta property=\"og:locale\" content=\"ca_ES\" \/>\n<meta property=\"og:type\" content=\"article\" \/>\n<meta property=\"og:title\" content=\"Nunca hagas cosquillas a un tigre - Libros del Zorro Rojo\" \/>\n<meta property=\"og:description\" content=\"Zara Zarandilla es inquieta, curiosa y din\u00e1mica y hay \u00f3rdenes, como, por ejemplo, \u00abnunca hagas cosquillas a un tigre\u00bb, que le resultan imposibles de cumplir\" \/>\n<meta property=\"og:url\" content=\"https:\/\/librosdelzorrorojo.com\/ca\/cataleg\/nunca-hagas-cosquillas\/\" \/>\n<meta property=\"og:site_name\" content=\"Libros del Zorro Rojo\" \/>\n<meta property=\"article:modified_time\" content=\"2024-02-29T10:39:23+00:00\" \/>\n<meta property=\"og:image\" content=\"https:\/\/librosdelzorrorojo.com\/wp-content\/uploads\/2000\/10\/Interior-Nunca-hagas-cosquillas-a-un-Tigre-Baja-4-1024x550.jpg\" \/>\n\t<meta property=\"og:image:width\" content=\"1024\" \/>\n\t<meta property=\"og:image:height\" content=\"550\" \/>\n\t<meta property=\"og:image:type\" content=\"image\/jpeg\" \/>\n<meta name=\"twitter:card\" content=\"summary_large_image\" \/>\n<script type=\"application\/ld+json\" class=\"yoast-schema-graph\">{\"@context\":\"https:\/\/schema.org\",\"@graph\":[{\"@type\":\"WebPage\",\"@id\":\"https:\/\/librosdelzorrorojo.com\/ca\/cataleg\/nunca-hagas-cosquillas\/\",\"url\":\"https:\/\/librosdelzorrorojo.com\/ca\/cataleg\/nunca-hagas-cosquillas\/\",\"name\":\"Nunca hagas cosquillas a un tigre - Libros del Zorro Rojo\",\"isPartOf\":{\"@id\":\"https:\/\/librosdelzorrorojo.com\/#website\"},\"primaryImageOfPage\":{\"@id\":\"https:\/\/librosdelzorrorojo.com\/ca\/cataleg\/nunca-hagas-cosquillas\/#primaryimage\"},\"image\":{\"@id\":\"https:\/\/librosdelzorrorojo.com\/ca\/cataleg\/nunca-hagas-cosquillas\/#primaryimage\"},\"thumbnailUrl\":\"https:\/\/librosdelzorrorojo.com\/wp-content\/uploads\/2017\/11\/cover-tigre-low1-ce22ae7571c1cb363114787113219880-1024-1024-e1525354663371.jpg\",\"datePublished\":\"2016-10-19T13:33:31+00:00\",\"dateModified\":\"2024-02-29T10:39:23+00:00\",\"description\":\"Zara Zarandilla es inquieta, curiosa y din\u00e1mica y hay \u00f3rdenes, como, por ejemplo, \u00abnunca hagas cosquillas a un tigre\u00bb, que le resultan imposibles de cumplir\",\"breadcrumb\":{\"@id\":\"https:\/\/librosdelzorrorojo.com\/ca\/cataleg\/nunca-hagas-cosquillas\/#breadcrumb\"},\"inLanguage\":\"ca\",\"potentialAction\":[{\"@type\":\"ReadAction\",\"target\":[\"https:\/\/librosdelzorrorojo.com\/ca\/cataleg\/nunca-hagas-cosquillas\/\"]}]},{\"@type\":\"ImageObject\",\"inLanguage\":\"ca\",\"@id\":\"https:\/\/librosdelzorrorojo.com\/ca\/cataleg\/nunca-hagas-cosquillas\/#primaryimage\",\"url\":\"https:\/\/librosdelzorrorojo.com\/wp-content\/uploads\/2017\/11\/cover-tigre-low1-ce22ae7571c1cb363114787113219880-1024-1024-e1525354663371.jpg\",\"contentUrl\":\"https:\/\/librosdelzorrorojo.com\/wp-content\/uploads\/2017\/11\/cover-tigre-low1-ce22ae7571c1cb363114787113219880-1024-1024-e1525354663371.jpg\",\"width\":850,\"height\":847,\"caption\":\"cover tigre low1 ce22ae7571c1cb363114787113219880 1024 1024 e1525354663371\"},{\"@type\":\"BreadcrumbList\",\"@id\":\"https:\/\/librosdelzorrorojo.com\/ca\/cataleg\/nunca-hagas-cosquillas\/#breadcrumb\",\"itemListElement\":[{\"@type\":\"ListItem\",\"position\":1,\"name\":\"Portada\",\"item\":\"https:\/\/librosdelzorrorojo.com\/ca\/\"},{\"@type\":\"ListItem\",\"position\":2,\"name\":\"Cat\u00e0leg\",\"item\":\"https:\/\/librosdelzorrorojo.com\/ca\/cataleg\/\"},{\"@type\":\"ListItem\",\"position\":3,\"name\":\"Nunca hagas cosquillas a un tigre\"}]},{\"@type\":\"WebSite\",\"@id\":\"https:\/\/librosdelzorrorojo.com\/#website\",\"url\":\"https:\/\/librosdelzorrorojo.com\/\",\"name\":\"Libros del Zorro Rojo\",\"description\":\"Libros ilustrados\",\"potentialAction\":[{\"@type\":\"SearchAction\",\"target\":{\"@type\":\"EntryPoint\",\"urlTemplate\":\"https:\/\/librosdelzorrorojo.com\/?s={search_term_string}\"},\"query-input\":{\"@type\":\"PropertyValueSpecification\",\"valueRequired\":true,\"valueName\":\"search_term_string\"}}],\"inLanguage\":\"ca\"}]}<\/script>\n<!-- \/ Yoast SEO plugin. -->","yoast_head_json":{"title":"Nunca hagas cosquillas a un tigre - Libros del Zorro Rojo","description":"Zara Zarandilla es inquieta, curiosa y din\u00e1mica y hay \u00f3rdenes, como, por ejemplo, \u00abnunca hagas cosquillas a un tigre\u00bb, que le resultan imposibles de cumplir","robots":{"index":"index","follow":"follow","max-snippet":"max-snippet:-1","max-image-preview":"max-image-preview:large","max-video-preview":"max-video-preview:-1"},"canonical":"https:\/\/librosdelzorrorojo.com\/ca\/cataleg\/nunca-hagas-cosquillas\/","og_locale":"ca_ES","og_type":"article","og_title":"Nunca hagas cosquillas a un tigre - Libros del Zorro Rojo","og_description":"Zara Zarandilla es inquieta, curiosa y din\u00e1mica y hay \u00f3rdenes, como, por ejemplo, \u00abnunca hagas cosquillas a un tigre\u00bb, que le resultan imposibles de cumplir","og_url":"https:\/\/librosdelzorrorojo.com\/ca\/cataleg\/nunca-hagas-cosquillas\/","og_site_name":"Libros del Zorro Rojo","article_modified_time":"2024-02-29T10:39:23+00:00","og_image":[{"width":1024,"height":550,"url":"https:\/\/librosdelzorrorojo.com\/wp-content\/uploads\/2000\/10\/Interior-Nunca-hagas-cosquillas-a-un-Tigre-Baja-4-1024x550.jpg","type":"image\/jpeg"}],"twitter_card":"summary_large_image","schema":{"@context":"https:\/\/schema.org","@graph":[{"@type":"WebPage","@id":"https:\/\/librosdelzorrorojo.com\/ca\/cataleg\/nunca-hagas-cosquillas\/","url":"https:\/\/librosdelzorrorojo.com\/ca\/cataleg\/nunca-hagas-cosquillas\/","name":"Nunca hagas cosquillas a un tigre - Libros del Zorro Rojo","isPartOf":{"@id":"https:\/\/librosdelzorrorojo.com\/#website"},"primaryImageOfPage":{"@id":"https:\/\/librosdelzorrorojo.com\/ca\/cataleg\/nunca-hagas-cosquillas\/#primaryimage"},"image":{"@id":"https:\/\/librosdelzorrorojo.com\/ca\/cataleg\/nunca-hagas-cosquillas\/#primaryimage"},"thumbnailUrl":"https:\/\/librosdelzorrorojo.com\/wp-content\/uploads\/2017\/11\/cover-tigre-low1-ce22ae7571c1cb363114787113219880-1024-1024-e1525354663371.jpg","datePublished":"2016-10-19T13:33:31+00:00","dateModified":"2024-02-29T10:39:23+00:00","description":"Zara Zarandilla es inquieta, curiosa y din\u00e1mica y hay \u00f3rdenes, como, por ejemplo, \u00abnunca hagas cosquillas a un tigre\u00bb, que le resultan imposibles de cumplir","breadcrumb":{"@id":"https:\/\/librosdelzorrorojo.com\/ca\/cataleg\/nunca-hagas-cosquillas\/#breadcrumb"},"inLanguage":"ca","potentialAction":[{"@type":"ReadAction","target":["https:\/\/librosdelzorrorojo.com\/ca\/cataleg\/nunca-hagas-cosquillas\/"]}]},{"@type":"ImageObject","inLanguage":"ca","@id":"https:\/\/librosdelzorrorojo.com\/ca\/cataleg\/nunca-hagas-cosquillas\/#primaryimage","url":"https:\/\/librosdelzorrorojo.com\/wp-content\/uploads\/2017\/11\/cover-tigre-low1-ce22ae7571c1cb363114787113219880-1024-1024-e1525354663371.jpg","contentUrl":"https:\/\/librosdelzorrorojo.com\/wp-content\/uploads\/2017\/11\/cover-tigre-low1-ce22ae7571c1cb363114787113219880-1024-1024-e1525354663371.jpg","width":850,"height":847,"caption":"cover tigre low1 ce22ae7571c1cb363114787113219880 1024 1024 e1525354663371"},{"@type":"BreadcrumbList","@id":"https:\/\/librosdelzorrorojo.com\/ca\/cataleg\/nunca-hagas-cosquillas\/#breadcrumb","itemListElement":[{"@type":"ListItem","position":1,"name":"Portada","item":"https:\/\/librosdelzorrorojo.com\/ca\/"},{"@type":"ListItem","position":2,"name":"Cat\u00e0leg","item":"https:\/\/librosdelzorrorojo.com\/ca\/cataleg\/"},{"@type":"ListItem","position":3,"name":"Nunca hagas cosquillas a un tigre"}]},{"@type":"WebSite","@id":"https:\/\/librosdelzorrorojo.com\/#website","url":"https:\/\/librosdelzorrorojo.com\/","name":"Libros del Zorro Rojo","description":"Libros ilustrados","potentialAction":[{"@type":"SearchAction","target":{"@type":"EntryPoint","urlTemplate":"https:\/\/librosdelzorrorojo.com\/?s={search_term_string}"},"query-input":{"@type":"PropertyValueSpecification","valueRequired":true,"valueName":"search_term_string"}}],"inLanguage":"ca"}]}},"_links":{"self":[{"href":"https:\/\/librosdelzorrorojo.com\/ca\/wp-json\/wp\/v2\/product\/12607","targetHints":{"allow":["GET"]}}],"collection":[{"href":"https:\/\/librosdelzorrorojo.com\/ca\/wp-json\/wp\/v2\/product"}],"about":[{"href":"https:\/\/librosdelzorrorojo.com\/ca\/wp-json\/wp\/v2\/types\/product"}],"wp:featuredmedia":[{"embeddable":true,"href":"https:\/\/librosdelzorrorojo.com\/ca\/wp-json\/wp\/v2\/media\/9906"}],"wp:attachment":[{"href":"https:\/\/librosdelzorrorojo.com\/ca\/wp-json\/wp\/v2\/media?parent=12607"}],"wp:term":[{"taxonomy":"product_brand","embeddable":true,"href":"https:\/\/librosdelzorrorojo.com\/ca\/wp-json\/wp\/v2\/product_brand?post=12607"},{"taxonomy":"product_cat","embeddable":true,"href":"https:\/\/librosdelzorrorojo.com\/ca\/wp-json\/wp\/v2\/product_cat?post=12607"},{"taxonomy":"product_tag","embeddable":true,"href":"https:\/\/librosdelzorrorojo.com\/ca\/wp-json\/wp\/v2\/product_tag?post=12607"}],"curies":[{"name":"wp","href":"https:\/\/api.w.org\/{rel}","templated":true}]}}