{"id":12605,"date":"2018-10-01T18:14:27","date_gmt":"2018-10-01T16:14:27","guid":{"rendered":"https:\/\/librosdelzorrorojo.com\/catalogo\/lejos-lejos-de-casa-rachel-woodworth\/"},"modified":"2024-02-29T11:39:22","modified_gmt":"2024-02-29T10:39:22","slug":"lejos-lejos-de-casa-rachel-woodworth","status":"publish","type":"product","link":"https:\/\/librosdelzorrorojo.com\/ca\/cataleg\/lejos-lejos-de-casa-rachel-woodworth\/","title":{"rendered":"Lejos, lejos de casa"},"content":{"rendered":"<p>El d\u00eda a d\u00eda est\u00e1 lleno de situaciones que nos provocan un abanico de emociones, tambi\u00e9n a los m\u00e1s peque\u00f1os. La protagonista de este \u00e1lbum describe c\u00f3mo, en una sola jornada, puede pasar de un estado de euforia a otro de tristeza y, en medio, experimentar un sinf\u00edn de sentimientos contradictorios que pueden provocar frustraci\u00f3n e incluso deseos de desaparecer. Sin embargo, existe un lugar dentro de cada uno de nosotros donde es posible transformar ese deseo en una sensaci\u00f3n positiva y saludable: \u00abSentirse peque\u00f1a, furiosa o triste no es tan terrible\u00bb.<\/p>\n<p>Mira el booktrailer <a href=\"https:\/\/www.youtube.com\/watch?v=5GyxJSPhYG0&amp;feature=youtu.be\" target=\"_blank\" rel=\"noopener noreferrer\"><span style=\"color: #ff0000;\">aqu\u00ed<\/span><\/a><\/p>\n","protected":false},"excerpt":{"rendered":"El d\u00eda a d\u00eda est\u00e1 lleno de situaciones que nos provocan un abanico de emociones, tambi\u00e9n a los m\u00e1s peque\u00f1os. La protagonista de este \u00e1lbum describe c\u00f3mo, en una sola jornada, puede pasar de un estado de euforia a otro de tristeza y, en medio, experimentar un sinf\u00edn de sentimientos contradictorios que pueden provocar frustraci\u00f3n e incluso deseos de desaparecer. Sin embargo, existe un lugar, dentro de cada uno de nosotros, donde es posible transformar ese deseo en una sensaci\u00f3n positiva y saludable: \u00abSentirse peque\u00f1a, furiosa o triste no es tan terrible\u00bb.","protected":false},"featured_media":9441,"template":"","meta":{"_acf_changed":false},"product_brand":[],"product_cat":[844,843],"product_tag":[],"class_list":{"0":"post-12605","1":"product","2":"type-product","3":"status-publish","4":"has-post-thumbnail","6":"product_cat-castella","7":"product_cat-infantiles-ca","8":"vinculo-lejos-lejos-de-casa","10":"first","11":"instock","12":"taxable","13":"shipping-taxable","14":"purchasable","15":"product-type-simple"},"acf":[],"yoast_head":"<!-- This site is optimized with the Yoast SEO plugin v25.1 - https:\/\/yoast.com\/wordpress\/plugins\/seo\/ -->\n<title>Lejos, lejos de casa - Rachel Woodworth - Libros del Zorro Rojo<\/title>\n<meta name=\"description\" content=\"En Lejos, lejos de casa de Rachel Woodworth, el d\u00eda a d\u00eda est\u00e1 lleno de situaciones que nos provocan un abanico de emociones, tambi\u00e9n a los m\u00e1s...\" \/>\n<meta name=\"robots\" content=\"index, follow, max-snippet:-1, max-image-preview:large, max-video-preview:-1\" \/>\n<link rel=\"canonical\" href=\"https:\/\/librosdelzorrorojo.com\/ca\/cataleg\/lejos-lejos-de-casa-rachel-woodworth\/\" \/>\n<meta property=\"og:locale\" content=\"ca_ES\" \/>\n<meta property=\"og:type\" content=\"article\" \/>\n<meta property=\"og:title\" content=\"Lejos, lejos de casa - Rachel Woodworth - Libros del Zorro Rojo\" \/>\n<meta property=\"og:description\" content=\"El d\u00eda a d\u00eda est\u00e1 lleno de situaciones que nos provocan un abanico de emociones, tambi\u00e9n a los m\u00e1s peque\u00f1os. La protagonista de este libro-\u00e1lbum describe c\u00f3mo, en una sola jornada, puede pasar de un estado de euforia a otro de tristeza, y, en medio, experimentar un sinf\u00edn de sentimientos contradictorios que pueden provocar frustraci\u00f3n e incluso deseos de desaparecer...\" \/>\n<meta property=\"og:url\" content=\"https:\/\/librosdelzorrorojo.com\/ca\/cataleg\/lejos-lejos-de-casa-rachel-woodworth\/\" \/>\n<meta property=\"og:site_name\" content=\"Libros del Zorro Rojo\" \/>\n<meta property=\"article:modified_time\" content=\"2024-02-29T10:39:22+00:00\" \/>\n<meta property=\"og:image\" content=\"https:\/\/librosdelzorrorojo.com\/wp-content\/uploads\/2018\/08\/LejosLejos03-01-1024x581.png\" \/>\n\t<meta property=\"og:image:width\" content=\"1024\" \/>\n\t<meta property=\"og:image:height\" content=\"581\" \/>\n\t<meta property=\"og:image:type\" content=\"image\/png\" \/>\n<meta name=\"twitter:card\" content=\"summary_large_image\" \/>\n<meta name=\"twitter:label1\" content=\"Temps estimat de lectura\" \/>\n\t<meta name=\"twitter:data1\" content=\"1 minut\" \/>\n<script type=\"application\/ld+json\" class=\"yoast-schema-graph\">{\"@context\":\"https:\/\/schema.org\",\"@graph\":[{\"@type\":\"WebPage\",\"@id\":\"https:\/\/librosdelzorrorojo.com\/ca\/cataleg\/lejos-lejos-de-casa-rachel-woodworth\/\",\"url\":\"https:\/\/librosdelzorrorojo.com\/ca\/cataleg\/lejos-lejos-de-casa-rachel-woodworth\/\",\"name\":\"Lejos, lejos de casa - Rachel Woodworth - Libros del Zorro Rojo\",\"isPartOf\":{\"@id\":\"https:\/\/librosdelzorrorojo.com\/#website\"},\"primaryImageOfPage\":{\"@id\":\"https:\/\/librosdelzorrorojo.com\/ca\/cataleg\/lejos-lejos-de-casa-rachel-woodworth\/#primaryimage\"},\"image\":{\"@id\":\"https:\/\/librosdelzorrorojo.com\/ca\/cataleg\/lejos-lejos-de-casa-rachel-woodworth\/#primaryimage\"},\"thumbnailUrl\":\"https:\/\/librosdelzorrorojo.com\/wp-content\/uploads\/2018\/08\/Cover-Lejos-de-casa-SPANISH.png\",\"datePublished\":\"2018-10-01T16:14:27+00:00\",\"dateModified\":\"2024-02-29T10:39:22+00:00\",\"description\":\"En Lejos, lejos de casa de Rachel Woodworth, el d\u00eda a d\u00eda est\u00e1 lleno de situaciones que nos provocan un abanico de emociones, tambi\u00e9n a los m\u00e1s...\",\"breadcrumb\":{\"@id\":\"https:\/\/librosdelzorrorojo.com\/ca\/cataleg\/lejos-lejos-de-casa-rachel-woodworth\/#breadcrumb\"},\"inLanguage\":\"ca\",\"potentialAction\":[{\"@type\":\"ReadAction\",\"target\":[\"https:\/\/librosdelzorrorojo.com\/ca\/cataleg\/lejos-lejos-de-casa-rachel-woodworth\/\"]}]},{\"@type\":\"ImageObject\",\"inLanguage\":\"ca\",\"@id\":\"https:\/\/librosdelzorrorojo.com\/ca\/cataleg\/lejos-lejos-de-casa-rachel-woodworth\/#primaryimage\",\"url\":\"https:\/\/librosdelzorrorojo.com\/wp-content\/uploads\/2018\/08\/Cover-Lejos-de-casa-SPANISH.png\",\"contentUrl\":\"https:\/\/librosdelzorrorojo.com\/wp-content\/uploads\/2018\/08\/Cover-Lejos-de-casa-SPANISH.png\",\"width\":850,\"height\":996,\"caption\":\"Cover Lejos de casa SPANISH\"},{\"@type\":\"BreadcrumbList\",\"@id\":\"https:\/\/librosdelzorrorojo.com\/ca\/cataleg\/lejos-lejos-de-casa-rachel-woodworth\/#breadcrumb\",\"itemListElement\":[{\"@type\":\"ListItem\",\"position\":1,\"name\":\"Portada\",\"item\":\"https:\/\/librosdelzorrorojo.com\/ca\/\"},{\"@type\":\"ListItem\",\"position\":2,\"name\":\"Cat\u00e0leg\",\"item\":\"https:\/\/librosdelzorrorojo.com\/ca\/cataleg\/\"},{\"@type\":\"ListItem\",\"position\":3,\"name\":\"Lejos, lejos de casa\"}]},{\"@type\":\"WebSite\",\"@id\":\"https:\/\/librosdelzorrorojo.com\/#website\",\"url\":\"https:\/\/librosdelzorrorojo.com\/\",\"name\":\"Libros del Zorro Rojo\",\"description\":\"Libros ilustrados\",\"potentialAction\":[{\"@type\":\"SearchAction\",\"target\":{\"@type\":\"EntryPoint\",\"urlTemplate\":\"https:\/\/librosdelzorrorojo.com\/?s={search_term_string}\"},\"query-input\":{\"@type\":\"PropertyValueSpecification\",\"valueRequired\":true,\"valueName\":\"search_term_string\"}}],\"inLanguage\":\"ca\"}]}<\/script>\n<!-- \/ Yoast SEO plugin. -->","yoast_head_json":{"title":"Lejos, lejos de casa - Rachel Woodworth - Libros del Zorro Rojo","description":"En Lejos, lejos de casa de Rachel Woodworth, el d\u00eda a d\u00eda est\u00e1 lleno de situaciones que nos provocan un abanico de emociones, tambi\u00e9n a los m\u00e1s...","robots":{"index":"index","follow":"follow","max-snippet":"max-snippet:-1","max-image-preview":"max-image-preview:large","max-video-preview":"max-video-preview:-1"},"canonical":"https:\/\/librosdelzorrorojo.com\/ca\/cataleg\/lejos-lejos-de-casa-rachel-woodworth\/","og_locale":"ca_ES","og_type":"article","og_title":"Lejos, lejos de casa - Rachel Woodworth - Libros del Zorro Rojo","og_description":"El d\u00eda a d\u00eda est\u00e1 lleno de situaciones que nos provocan un abanico de emociones, tambi\u00e9n a los m\u00e1s peque\u00f1os. La protagonista de este libro-\u00e1lbum describe c\u00f3mo, en una sola jornada, puede pasar de un estado de euforia a otro de tristeza, y, en medio, experimentar un sinf\u00edn de sentimientos contradictorios que pueden provocar frustraci\u00f3n e incluso deseos de desaparecer...","og_url":"https:\/\/librosdelzorrorojo.com\/ca\/cataleg\/lejos-lejos-de-casa-rachel-woodworth\/","og_site_name":"Libros del Zorro Rojo","article_modified_time":"2024-02-29T10:39:22+00:00","og_image":[{"width":1024,"height":581,"url":"https:\/\/librosdelzorrorojo.com\/wp-content\/uploads\/2018\/08\/LejosLejos03-01-1024x581.png","type":"image\/png"}],"twitter_card":"summary_large_image","twitter_misc":{"Temps estimat de lectura":"1 minut"},"schema":{"@context":"https:\/\/schema.org","@graph":[{"@type":"WebPage","@id":"https:\/\/librosdelzorrorojo.com\/ca\/cataleg\/lejos-lejos-de-casa-rachel-woodworth\/","url":"https:\/\/librosdelzorrorojo.com\/ca\/cataleg\/lejos-lejos-de-casa-rachel-woodworth\/","name":"Lejos, lejos de casa - Rachel Woodworth - Libros del Zorro Rojo","isPartOf":{"@id":"https:\/\/librosdelzorrorojo.com\/#website"},"primaryImageOfPage":{"@id":"https:\/\/librosdelzorrorojo.com\/ca\/cataleg\/lejos-lejos-de-casa-rachel-woodworth\/#primaryimage"},"image":{"@id":"https:\/\/librosdelzorrorojo.com\/ca\/cataleg\/lejos-lejos-de-casa-rachel-woodworth\/#primaryimage"},"thumbnailUrl":"https:\/\/librosdelzorrorojo.com\/wp-content\/uploads\/2018\/08\/Cover-Lejos-de-casa-SPANISH.png","datePublished":"2018-10-01T16:14:27+00:00","dateModified":"2024-02-29T10:39:22+00:00","description":"En Lejos, lejos de casa de Rachel Woodworth, el d\u00eda a d\u00eda est\u00e1 lleno de situaciones que nos provocan un abanico de emociones, tambi\u00e9n a los m\u00e1s...","breadcrumb":{"@id":"https:\/\/librosdelzorrorojo.com\/ca\/cataleg\/lejos-lejos-de-casa-rachel-woodworth\/#breadcrumb"},"inLanguage":"ca","potentialAction":[{"@type":"ReadAction","target":["https:\/\/librosdelzorrorojo.com\/ca\/cataleg\/lejos-lejos-de-casa-rachel-woodworth\/"]}]},{"@type":"ImageObject","inLanguage":"ca","@id":"https:\/\/librosdelzorrorojo.com\/ca\/cataleg\/lejos-lejos-de-casa-rachel-woodworth\/#primaryimage","url":"https:\/\/librosdelzorrorojo.com\/wp-content\/uploads\/2018\/08\/Cover-Lejos-de-casa-SPANISH.png","contentUrl":"https:\/\/librosdelzorrorojo.com\/wp-content\/uploads\/2018\/08\/Cover-Lejos-de-casa-SPANISH.png","width":850,"height":996,"caption":"Cover Lejos de casa SPANISH"},{"@type":"BreadcrumbList","@id":"https:\/\/librosdelzorrorojo.com\/ca\/cataleg\/lejos-lejos-de-casa-rachel-woodworth\/#breadcrumb","itemListElement":[{"@type":"ListItem","position":1,"name":"Portada","item":"https:\/\/librosdelzorrorojo.com\/ca\/"},{"@type":"ListItem","position":2,"name":"Cat\u00e0leg","item":"https:\/\/librosdelzorrorojo.com\/ca\/cataleg\/"},{"@type":"ListItem","position":3,"name":"Lejos, lejos de casa"}]},{"@type":"WebSite","@id":"https:\/\/librosdelzorrorojo.com\/#website","url":"https:\/\/librosdelzorrorojo.com\/","name":"Libros del Zorro Rojo","description":"Libros ilustrados","potentialAction":[{"@type":"SearchAction","target":{"@type":"EntryPoint","urlTemplate":"https:\/\/librosdelzorrorojo.com\/?s={search_term_string}"},"query-input":{"@type":"PropertyValueSpecification","valueRequired":true,"valueName":"search_term_string"}}],"inLanguage":"ca"}]}},"_links":{"self":[{"href":"https:\/\/librosdelzorrorojo.com\/ca\/wp-json\/wp\/v2\/product\/12605","targetHints":{"allow":["GET"]}}],"collection":[{"href":"https:\/\/librosdelzorrorojo.com\/ca\/wp-json\/wp\/v2\/product"}],"about":[{"href":"https:\/\/librosdelzorrorojo.com\/ca\/wp-json\/wp\/v2\/types\/product"}],"wp:featuredmedia":[{"embeddable":true,"href":"https:\/\/librosdelzorrorojo.com\/ca\/wp-json\/wp\/v2\/media\/9441"}],"wp:attachment":[{"href":"https:\/\/librosdelzorrorojo.com\/ca\/wp-json\/wp\/v2\/media?parent=12605"}],"wp:term":[{"taxonomy":"product_brand","embeddable":true,"href":"https:\/\/librosdelzorrorojo.com\/ca\/wp-json\/wp\/v2\/product_brand?post=12605"},{"taxonomy":"product_cat","embeddable":true,"href":"https:\/\/librosdelzorrorojo.com\/ca\/wp-json\/wp\/v2\/product_cat?post=12605"},{"taxonomy":"product_tag","embeddable":true,"href":"https:\/\/librosdelzorrorojo.com\/ca\/wp-json\/wp\/v2\/product_tag?post=12605"}],"curies":[{"name":"wp","href":"https:\/\/api.w.org\/{rel}","templated":true}]}}