{"id":12603,"date":"2018-09-26T17:38:22","date_gmt":"2018-09-26T15:38:22","guid":{"rendered":"https:\/\/librosdelzorrorojo.com\/catalogo\/cuentos-de-mama-osa-2\/"},"modified":"2024-02-29T11:39:21","modified_gmt":"2024-02-29T10:39:21","slug":"cuentos-de-mama-osa-2","status":"publish","type":"product","link":"https:\/\/librosdelzorrorojo.com\/ca\/cataleg\/cuentos-de-mama-osa-2\/","title":{"rendered":"Cuentos de Mam\u00e1 Osa"},"content":{"rendered":"<p>\u2014Mam\u00e1, cu\u00e9ntame tres cuentos \u2014pidi\u00f3 el osito.<\/p>\n<p>\u2014\u00a1Tres cuentos! \u2014exclam\u00f3 Mam\u00e1 Osa.<\/p>\n<p>\u2014Por favor, por favor, por favor. \u00a1He dicho \u00abpor favor\u00bb tres veces!<\/p>\n<p>Es la hora de dormir, pero \u00bfqu\u00e9 hacer cuando el sue\u00f1o no llega? Los cuentos de Mam\u00e1 Osa narran sencillas historias que suceden durante la noche, y que, entre susurros, ayudan a los m\u00e1s peque\u00f1os a alargar ese instante m\u00e1gico que antecede al sue\u00f1o. El bosque se prepara para dormir: los peces, las hormigas, el armi\u00f1o&#8230; La guardiana de la noche les recuerda con su gong que \u00abya es la hora\u00bb: ma\u00f1ana les espera un mundo de sorpresas. Sin embargo, no todos consiguen conciliar el sue\u00f1o. A veces, la noche cae de pronto, justo cuando la aventura no ha hecho m\u00e1s que comenzar. Otras, simplemente, los ojos permanecen abiertos como los de una lechuza. \u00bfQu\u00e9 hacer para cruzar la noche hasta la ma\u00f1ana?<\/p>\n<p>Los personajes creados por Kitty Crowther irradian ternura, magia y poes\u00eda. La noche de sus cuentos es tan oscura como un misterio y, al mismo tiempo, brilla con un rosa luminoso que recuerda que el crep\u00fasculo tambi\u00e9n es la hora de la fantas\u00eda, de los sue\u00f1os extra\u00f1os y los secretos maravillosos.<\/p>\n","protected":false},"excerpt":{"rendered":"Los personajes creados por Kitty Crowther irradian ternura, magia y poes\u00eda. La noche de sus cuentos es tan oscura como un misterio, y, al mismo tiempo, brilla con un rosa luminoso que recuerda que el crep\u00fasculo tambi\u00e9n es la hora de la fantas\u00eda, de los sue\u00f1os extra\u00f1os y los secretos maravillosos.","protected":false},"featured_media":9478,"template":"","meta":{"_acf_changed":false},"product_brand":[],"product_cat":[844,843,839],"product_tag":[],"class_list":{"0":"post-12603","1":"product","2":"type-product","3":"status-publish","4":"has-post-thumbnail","6":"product_cat-castella","7":"product_cat-infantiles-ca","8":"product_cat-zona-kids-ca","9":"vinculo-cuentos-de-mama-osa","11":"first","12":"instock","13":"taxable","14":"shipping-taxable","15":"purchasable","16":"product-type-simple"},"acf":[],"yoast_head":"<!-- This site is optimized with the Yoast SEO plugin v25.1 - https:\/\/yoast.com\/wordpress\/plugins\/seo\/ -->\n<title>Cuentos de Mam\u00e1 Osa - Libros del Zorro Rojo<\/title>\n<meta name=\"description\" content=\"sue\u00f1os, narraciones, cuentos para dormir, mam\u00e1, ternura, magia, poes\u00eda, noche, misterios, bosque, animales, historias, amanecer\" \/>\n<meta name=\"robots\" content=\"index, follow, max-snippet:-1, max-image-preview:large, max-video-preview:-1\" \/>\n<link rel=\"canonical\" href=\"https:\/\/librosdelzorrorojo.com\/ca\/cataleg\/cuentos-de-mama-osa-2\/\" \/>\n<meta property=\"og:locale\" content=\"ca_ES\" \/>\n<meta property=\"og:type\" content=\"article\" \/>\n<meta property=\"og:title\" content=\"Cuentos de Mam\u00e1 Osa - Libros del Zorro Rojo\" \/>\n<meta property=\"og:description\" content=\"sue\u00f1os, narraciones, cuentos para dormir, mam\u00e1, ternura, magia, poes\u00eda, noche, misterios, bosque, animales, historias, amanecer\" \/>\n<meta property=\"og:url\" content=\"https:\/\/librosdelzorrorojo.com\/ca\/cataleg\/cuentos-de-mama-osa-2\/\" \/>\n<meta property=\"og:site_name\" content=\"Libros del Zorro Rojo\" \/>\n<meta property=\"article:modified_time\" content=\"2024-02-29T10:39:21+00:00\" \/>\n<meta property=\"og:image\" content=\"https:\/\/librosdelzorrorojo.com\/wp-content\/uploads\/2018\/08\/Cover_CuentosDeMama\u0301Osa-1.png\" \/>\n\t<meta property=\"og:image:width\" content=\"850\" \/>\n\t<meta property=\"og:image:height\" content=\"1022\" \/>\n\t<meta property=\"og:image:type\" content=\"image\/png\" \/>\n<meta name=\"twitter:card\" content=\"summary_large_image\" \/>\n<meta name=\"twitter:label1\" content=\"Temps estimat de lectura\" \/>\n\t<meta name=\"twitter:data1\" content=\"1 minut\" \/>\n<script type=\"application\/ld+json\" class=\"yoast-schema-graph\">{\"@context\":\"https:\/\/schema.org\",\"@graph\":[{\"@type\":\"WebPage\",\"@id\":\"https:\/\/librosdelzorrorojo.com\/ca\/cataleg\/cuentos-de-mama-osa-2\/\",\"url\":\"https:\/\/librosdelzorrorojo.com\/ca\/cataleg\/cuentos-de-mama-osa-2\/\",\"name\":\"Cuentos de Mam\u00e1 Osa - Libros del Zorro Rojo\",\"isPartOf\":{\"@id\":\"https:\/\/librosdelzorrorojo.com\/#website\"},\"primaryImageOfPage\":{\"@id\":\"https:\/\/librosdelzorrorojo.com\/ca\/cataleg\/cuentos-de-mama-osa-2\/#primaryimage\"},\"image\":{\"@id\":\"https:\/\/librosdelzorrorojo.com\/ca\/cataleg\/cuentos-de-mama-osa-2\/#primaryimage\"},\"thumbnailUrl\":\"https:\/\/librosdelzorrorojo.com\/wp-content\/uploads\/2018\/08\/Cover_CuentosDeMama\u0301Osa-1.png\",\"datePublished\":\"2018-09-26T15:38:22+00:00\",\"dateModified\":\"2024-02-29T10:39:21+00:00\",\"description\":\"sue\u00f1os, narraciones, cuentos para dormir, mam\u00e1, ternura, magia, poes\u00eda, noche, misterios, bosque, animales, historias, amanecer\",\"breadcrumb\":{\"@id\":\"https:\/\/librosdelzorrorojo.com\/ca\/cataleg\/cuentos-de-mama-osa-2\/#breadcrumb\"},\"inLanguage\":\"ca\",\"potentialAction\":[{\"@type\":\"ReadAction\",\"target\":[\"https:\/\/librosdelzorrorojo.com\/ca\/cataleg\/cuentos-de-mama-osa-2\/\"]}]},{\"@type\":\"ImageObject\",\"inLanguage\":\"ca\",\"@id\":\"https:\/\/librosdelzorrorojo.com\/ca\/cataleg\/cuentos-de-mama-osa-2\/#primaryimage\",\"url\":\"https:\/\/librosdelzorrorojo.com\/wp-content\/uploads\/2018\/08\/Cover_CuentosDeMama\u0301Osa-1.png\",\"contentUrl\":\"https:\/\/librosdelzorrorojo.com\/wp-content\/uploads\/2018\/08\/Cover_CuentosDeMama\u0301Osa-1.png\",\"width\":850,\"height\":1022,\"caption\":\"Cover CuentosDeMama\u0301Osa 1\"},{\"@type\":\"BreadcrumbList\",\"@id\":\"https:\/\/librosdelzorrorojo.com\/ca\/cataleg\/cuentos-de-mama-osa-2\/#breadcrumb\",\"itemListElement\":[{\"@type\":\"ListItem\",\"position\":1,\"name\":\"Portada\",\"item\":\"https:\/\/librosdelzorrorojo.com\/ca\/\"},{\"@type\":\"ListItem\",\"position\":2,\"name\":\"Cat\u00e0leg\",\"item\":\"https:\/\/librosdelzorrorojo.com\/ca\/cataleg\/\"},{\"@type\":\"ListItem\",\"position\":3,\"name\":\"Cuentos de Mam\u00e1 Osa\"}]},{\"@type\":\"WebSite\",\"@id\":\"https:\/\/librosdelzorrorojo.com\/#website\",\"url\":\"https:\/\/librosdelzorrorojo.com\/\",\"name\":\"Libros del Zorro Rojo\",\"description\":\"Libros ilustrados\",\"potentialAction\":[{\"@type\":\"SearchAction\",\"target\":{\"@type\":\"EntryPoint\",\"urlTemplate\":\"https:\/\/librosdelzorrorojo.com\/?s={search_term_string}\"},\"query-input\":{\"@type\":\"PropertyValueSpecification\",\"valueRequired\":true,\"valueName\":\"search_term_string\"}}],\"inLanguage\":\"ca\"}]}<\/script>\n<!-- \/ Yoast SEO plugin. -->","yoast_head_json":{"title":"Cuentos de Mam\u00e1 Osa - Libros del Zorro Rojo","description":"sue\u00f1os, narraciones, cuentos para dormir, mam\u00e1, ternura, magia, poes\u00eda, noche, misterios, bosque, animales, historias, amanecer","robots":{"index":"index","follow":"follow","max-snippet":"max-snippet:-1","max-image-preview":"max-image-preview:large","max-video-preview":"max-video-preview:-1"},"canonical":"https:\/\/librosdelzorrorojo.com\/ca\/cataleg\/cuentos-de-mama-osa-2\/","og_locale":"ca_ES","og_type":"article","og_title":"Cuentos de Mam\u00e1 Osa - Libros del Zorro Rojo","og_description":"sue\u00f1os, narraciones, cuentos para dormir, mam\u00e1, ternura, magia, poes\u00eda, noche, misterios, bosque, animales, historias, amanecer","og_url":"https:\/\/librosdelzorrorojo.com\/ca\/cataleg\/cuentos-de-mama-osa-2\/","og_site_name":"Libros del Zorro Rojo","article_modified_time":"2024-02-29T10:39:21+00:00","og_image":[{"width":850,"height":1022,"url":"https:\/\/librosdelzorrorojo.com\/wp-content\/uploads\/2018\/08\/Cover_CuentosDeMama\u0301Osa-1.png","type":"image\/png"}],"twitter_card":"summary_large_image","twitter_misc":{"Temps estimat de lectura":"1 minut"},"schema":{"@context":"https:\/\/schema.org","@graph":[{"@type":"WebPage","@id":"https:\/\/librosdelzorrorojo.com\/ca\/cataleg\/cuentos-de-mama-osa-2\/","url":"https:\/\/librosdelzorrorojo.com\/ca\/cataleg\/cuentos-de-mama-osa-2\/","name":"Cuentos de Mam\u00e1 Osa - Libros del Zorro Rojo","isPartOf":{"@id":"https:\/\/librosdelzorrorojo.com\/#website"},"primaryImageOfPage":{"@id":"https:\/\/librosdelzorrorojo.com\/ca\/cataleg\/cuentos-de-mama-osa-2\/#primaryimage"},"image":{"@id":"https:\/\/librosdelzorrorojo.com\/ca\/cataleg\/cuentos-de-mama-osa-2\/#primaryimage"},"thumbnailUrl":"https:\/\/librosdelzorrorojo.com\/wp-content\/uploads\/2018\/08\/Cover_CuentosDeMama\u0301Osa-1.png","datePublished":"2018-09-26T15:38:22+00:00","dateModified":"2024-02-29T10:39:21+00:00","description":"sue\u00f1os, narraciones, cuentos para dormir, mam\u00e1, ternura, magia, poes\u00eda, noche, misterios, bosque, animales, historias, amanecer","breadcrumb":{"@id":"https:\/\/librosdelzorrorojo.com\/ca\/cataleg\/cuentos-de-mama-osa-2\/#breadcrumb"},"inLanguage":"ca","potentialAction":[{"@type":"ReadAction","target":["https:\/\/librosdelzorrorojo.com\/ca\/cataleg\/cuentos-de-mama-osa-2\/"]}]},{"@type":"ImageObject","inLanguage":"ca","@id":"https:\/\/librosdelzorrorojo.com\/ca\/cataleg\/cuentos-de-mama-osa-2\/#primaryimage","url":"https:\/\/librosdelzorrorojo.com\/wp-content\/uploads\/2018\/08\/Cover_CuentosDeMama\u0301Osa-1.png","contentUrl":"https:\/\/librosdelzorrorojo.com\/wp-content\/uploads\/2018\/08\/Cover_CuentosDeMama\u0301Osa-1.png","width":850,"height":1022,"caption":"Cover CuentosDeMama\u0301Osa 1"},{"@type":"BreadcrumbList","@id":"https:\/\/librosdelzorrorojo.com\/ca\/cataleg\/cuentos-de-mama-osa-2\/#breadcrumb","itemListElement":[{"@type":"ListItem","position":1,"name":"Portada","item":"https:\/\/librosdelzorrorojo.com\/ca\/"},{"@type":"ListItem","position":2,"name":"Cat\u00e0leg","item":"https:\/\/librosdelzorrorojo.com\/ca\/cataleg\/"},{"@type":"ListItem","position":3,"name":"Cuentos de Mam\u00e1 Osa"}]},{"@type":"WebSite","@id":"https:\/\/librosdelzorrorojo.com\/#website","url":"https:\/\/librosdelzorrorojo.com\/","name":"Libros del Zorro Rojo","description":"Libros ilustrados","potentialAction":[{"@type":"SearchAction","target":{"@type":"EntryPoint","urlTemplate":"https:\/\/librosdelzorrorojo.com\/?s={search_term_string}"},"query-input":{"@type":"PropertyValueSpecification","valueRequired":true,"valueName":"search_term_string"}}],"inLanguage":"ca"}]}},"_links":{"self":[{"href":"https:\/\/librosdelzorrorojo.com\/ca\/wp-json\/wp\/v2\/product\/12603","targetHints":{"allow":["GET"]}}],"collection":[{"href":"https:\/\/librosdelzorrorojo.com\/ca\/wp-json\/wp\/v2\/product"}],"about":[{"href":"https:\/\/librosdelzorrorojo.com\/ca\/wp-json\/wp\/v2\/types\/product"}],"wp:featuredmedia":[{"embeddable":true,"href":"https:\/\/librosdelzorrorojo.com\/ca\/wp-json\/wp\/v2\/media\/9478"}],"wp:attachment":[{"href":"https:\/\/librosdelzorrorojo.com\/ca\/wp-json\/wp\/v2\/media?parent=12603"}],"wp:term":[{"taxonomy":"product_brand","embeddable":true,"href":"https:\/\/librosdelzorrorojo.com\/ca\/wp-json\/wp\/v2\/product_brand?post=12603"},{"taxonomy":"product_cat","embeddable":true,"href":"https:\/\/librosdelzorrorojo.com\/ca\/wp-json\/wp\/v2\/product_cat?post=12603"},{"taxonomy":"product_tag","embeddable":true,"href":"https:\/\/librosdelzorrorojo.com\/ca\/wp-json\/wp\/v2\/product_tag?post=12603"}],"curies":[{"name":"wp","href":"https:\/\/api.w.org\/{rel}","templated":true}]}}