{"id":12601,"date":"2009-10-01T12:00:32","date_gmt":"2009-10-01T10:00:32","guid":{"rendered":"https:\/\/librosdelzorrorojo.com\/catalogo\/finn-herman-2\/"},"modified":"2024-02-29T11:39:20","modified_gmt":"2024-02-29T10:39:20","slug":"finn-herman-es","status":"publish","type":"product","link":"https:\/\/librosdelzorrorojo.com\/ca\/cataleg\/finn-herman-es\/","title":{"rendered":"Finn Herman"},"content":{"rendered":"<p>\u00abFinn Herman, cari\u00f1ito, \u00bfqui\u00e9n tiene la sonrisa m\u00e1s adorable del mundo? Ahora mam\u00e1 va a ir a la carnicer\u00eda a comprarte algo rico para la cena. \u00bfQu\u00e9 pasa, cosita? \u00bfQuieres venir? No es buena idea, tesoro, la calle es un lugar muy peligroso para un cocodrilito\u2026\u00bb<\/p>\n<p>Mats Let\u00e9n nos relata la hilarante historia de Finn Herman, un cocodrilo muy hambriento que, durante un breve paseo urbano, engulle todo lo que se cruza por su camino: un pato, un gato, un ni\u00f1o, un elefante y un hombre con un sombrero amarillo. Su due\u00f1a, preocupada por los peligros que supone la ciudad para su peque\u00f1a mascota, no se da cuenta de nada&#8230; Hanne Bartholin ilustra magn\u00edficamente la transformaci\u00f3n del personaje central de esta historia: el entra\u00f1able Finn Herman aumenta progresivamente de tama\u00f1o hasta desbordar los l\u00edmites del \u00e1lbum. Y cada vez que est\u00e1 a punto de devorar a una de sus v\u00edctimas, la ilustradora nos desvela con sutileza el atroz secreto : \u00a1\u00d1am!<\/p>\n<p>&nbsp;<\/p>\n<p>&nbsp;<\/p>\n","protected":false},"excerpt":{"rendered":"Mats Let\u00e9n nos relata la hilarante historia de Finn Herman, un cocodrilo muy hambriento que, durante un breve paseo urbano, engulle todo lo que se cruza por su camino: un pato, un gato, un ni\u00f1o, un elefante y un hombre con un sombrero amarillo. Su due\u00f1a, preocupada por los peligros que supone la ciudad para su peque\u00f1a mascota, no se da cuenta de nada&#8230; Hanne Bartholin ilustra magn\u00edficamente la transformaci\u00f3n del personaje central de esta historia: el entra\u00f1able Finn Herman aumenta progresivamente de tama\u00f1o hasta desbordar los l\u00edmites del \u00e1lbum. Y cada vez que est\u00e1 a punto de devorar a una de sus v\u00edctimas, la ilustradora nos desvela con sutileza el atroz secreto : \u00a1\u00d1am!","protected":false},"featured_media":11411,"template":"","meta":{"_acf_changed":false},"product_brand":[],"product_cat":[844,843],"product_tag":[],"class_list":{"0":"post-12601","1":"product","2":"type-product","3":"status-publish","4":"has-post-thumbnail","6":"product_cat-castella","7":"product_cat-infantiles-ca","8":"vinculo-finn-herman","10":"first","11":"instock","12":"taxable","13":"shipping-taxable","14":"purchasable","15":"product-type-simple"},"acf":[],"yoast_head":"<!-- This site is optimized with the Yoast SEO plugin v25.1 - https:\/\/yoast.com\/wordpress\/plugins\/seo\/ -->\n<title>Finn Herman<\/title>\n<meta name=\"description\" content=\"\u00abFinn Herman, cari\u00f1ito, \u00bfqui\u00e9n tiene la sonrisa m\u00e1s adorable del mundo? Ahora mam\u00e1 va a ir a la carnicer\u00eda a comprarte algo rico para la cena...\" \/>\n<meta name=\"robots\" content=\"index, follow, max-snippet:-1, max-image-preview:large, max-video-preview:-1\" \/>\n<link rel=\"canonical\" href=\"https:\/\/librosdelzorrorojo.com\/ca\/cataleg\/finn-herman-es\/\" \/>\n<meta property=\"og:locale\" content=\"ca_ES\" \/>\n<meta property=\"og:type\" content=\"article\" \/>\n<meta property=\"og:title\" content=\"Finn Herman\" \/>\n<meta property=\"og:description\" content=\"\u00abFinn Herman, cari\u00f1ito, \u00bfqui\u00e9n tiene la sonrisa m\u00e1s adorable del mundo? Ahora mam\u00e1 va a ir a la carnicer\u00eda a comprarte algo rico para la cena...\" \/>\n<meta property=\"og:url\" content=\"https:\/\/librosdelzorrorojo.com\/ca\/cataleg\/finn-herman-es\/\" \/>\n<meta property=\"og:site_name\" content=\"Libros del Zorro Rojo\" \/>\n<meta property=\"article:modified_time\" content=\"2024-02-29T10:39:20+00:00\" \/>\n<meta property=\"og:image\" content=\"https:\/\/librosdelzorrorojo.com\/wp-content\/uploads\/2009\/10\/Cover-Finn-Herman-WEB.png\" \/>\n\t<meta property=\"og:image:width\" content=\"850\" \/>\n\t<meta property=\"og:image:height\" content=\"688\" \/>\n\t<meta property=\"og:image:type\" content=\"image\/png\" \/>\n<meta name=\"twitter:card\" content=\"summary_large_image\" \/>\n<meta name=\"twitter:label1\" content=\"Temps estimat de lectura\" \/>\n\t<meta name=\"twitter:data1\" content=\"1 minut\" \/>\n<script type=\"application\/ld+json\" class=\"yoast-schema-graph\">{\"@context\":\"https:\/\/schema.org\",\"@graph\":[{\"@type\":\"WebPage\",\"@id\":\"https:\/\/librosdelzorrorojo.com\/ca\/cataleg\/finn-herman-es\/\",\"url\":\"https:\/\/librosdelzorrorojo.com\/ca\/cataleg\/finn-herman-es\/\",\"name\":\"Finn Herman\",\"isPartOf\":{\"@id\":\"https:\/\/librosdelzorrorojo.com\/#website\"},\"primaryImageOfPage\":{\"@id\":\"https:\/\/librosdelzorrorojo.com\/ca\/cataleg\/finn-herman-es\/#primaryimage\"},\"image\":{\"@id\":\"https:\/\/librosdelzorrorojo.com\/ca\/cataleg\/finn-herman-es\/#primaryimage\"},\"thumbnailUrl\":\"https:\/\/librosdelzorrorojo.com\/wp-content\/uploads\/2009\/10\/Cover-Finn-Herman-WEB.png\",\"datePublished\":\"2009-10-01T10:00:32+00:00\",\"dateModified\":\"2024-02-29T10:39:20+00:00\",\"description\":\"\u00abFinn Herman, cari\u00f1ito, \u00bfqui\u00e9n tiene la sonrisa m\u00e1s adorable del mundo? Ahora mam\u00e1 va a ir a la carnicer\u00eda a comprarte algo rico para la cena...\",\"breadcrumb\":{\"@id\":\"https:\/\/librosdelzorrorojo.com\/ca\/cataleg\/finn-herman-es\/#breadcrumb\"},\"inLanguage\":\"ca\",\"potentialAction\":[{\"@type\":\"ReadAction\",\"target\":[\"https:\/\/librosdelzorrorojo.com\/ca\/cataleg\/finn-herman-es\/\"]}]},{\"@type\":\"ImageObject\",\"inLanguage\":\"ca\",\"@id\":\"https:\/\/librosdelzorrorojo.com\/ca\/cataleg\/finn-herman-es\/#primaryimage\",\"url\":\"https:\/\/librosdelzorrorojo.com\/wp-content\/uploads\/2009\/10\/Cover-Finn-Herman-WEB.png\",\"contentUrl\":\"https:\/\/librosdelzorrorojo.com\/wp-content\/uploads\/2009\/10\/Cover-Finn-Herman-WEB.png\",\"width\":850,\"height\":688,\"caption\":\"Cover Finn Herman WEB\"},{\"@type\":\"BreadcrumbList\",\"@id\":\"https:\/\/librosdelzorrorojo.com\/ca\/cataleg\/finn-herman-es\/#breadcrumb\",\"itemListElement\":[{\"@type\":\"ListItem\",\"position\":1,\"name\":\"Portada\",\"item\":\"https:\/\/librosdelzorrorojo.com\/ca\/\"},{\"@type\":\"ListItem\",\"position\":2,\"name\":\"Cat\u00e0leg\",\"item\":\"https:\/\/librosdelzorrorojo.com\/ca\/cataleg\/\"},{\"@type\":\"ListItem\",\"position\":3,\"name\":\"Finn Herman\"}]},{\"@type\":\"WebSite\",\"@id\":\"https:\/\/librosdelzorrorojo.com\/#website\",\"url\":\"https:\/\/librosdelzorrorojo.com\/\",\"name\":\"Libros del Zorro Rojo\",\"description\":\"Libros ilustrados\",\"potentialAction\":[{\"@type\":\"SearchAction\",\"target\":{\"@type\":\"EntryPoint\",\"urlTemplate\":\"https:\/\/librosdelzorrorojo.com\/?s={search_term_string}\"},\"query-input\":{\"@type\":\"PropertyValueSpecification\",\"valueRequired\":true,\"valueName\":\"search_term_string\"}}],\"inLanguage\":\"ca\"}]}<\/script>\n<!-- \/ Yoast SEO plugin. -->","yoast_head_json":{"title":"Finn Herman","description":"\u00abFinn Herman, cari\u00f1ito, \u00bfqui\u00e9n tiene la sonrisa m\u00e1s adorable del mundo? Ahora mam\u00e1 va a ir a la carnicer\u00eda a comprarte algo rico para la cena...","robots":{"index":"index","follow":"follow","max-snippet":"max-snippet:-1","max-image-preview":"max-image-preview:large","max-video-preview":"max-video-preview:-1"},"canonical":"https:\/\/librosdelzorrorojo.com\/ca\/cataleg\/finn-herman-es\/","og_locale":"ca_ES","og_type":"article","og_title":"Finn Herman","og_description":"\u00abFinn Herman, cari\u00f1ito, \u00bfqui\u00e9n tiene la sonrisa m\u00e1s adorable del mundo? Ahora mam\u00e1 va a ir a la carnicer\u00eda a comprarte algo rico para la cena...","og_url":"https:\/\/librosdelzorrorojo.com\/ca\/cataleg\/finn-herman-es\/","og_site_name":"Libros del Zorro Rojo","article_modified_time":"2024-02-29T10:39:20+00:00","og_image":[{"width":850,"height":688,"url":"https:\/\/librosdelzorrorojo.com\/wp-content\/uploads\/2009\/10\/Cover-Finn-Herman-WEB.png","type":"image\/png"}],"twitter_card":"summary_large_image","twitter_misc":{"Temps estimat de lectura":"1 minut"},"schema":{"@context":"https:\/\/schema.org","@graph":[{"@type":"WebPage","@id":"https:\/\/librosdelzorrorojo.com\/ca\/cataleg\/finn-herman-es\/","url":"https:\/\/librosdelzorrorojo.com\/ca\/cataleg\/finn-herman-es\/","name":"Finn Herman","isPartOf":{"@id":"https:\/\/librosdelzorrorojo.com\/#website"},"primaryImageOfPage":{"@id":"https:\/\/librosdelzorrorojo.com\/ca\/cataleg\/finn-herman-es\/#primaryimage"},"image":{"@id":"https:\/\/librosdelzorrorojo.com\/ca\/cataleg\/finn-herman-es\/#primaryimage"},"thumbnailUrl":"https:\/\/librosdelzorrorojo.com\/wp-content\/uploads\/2009\/10\/Cover-Finn-Herman-WEB.png","datePublished":"2009-10-01T10:00:32+00:00","dateModified":"2024-02-29T10:39:20+00:00","description":"\u00abFinn Herman, cari\u00f1ito, \u00bfqui\u00e9n tiene la sonrisa m\u00e1s adorable del mundo? Ahora mam\u00e1 va a ir a la carnicer\u00eda a comprarte algo rico para la cena...","breadcrumb":{"@id":"https:\/\/librosdelzorrorojo.com\/ca\/cataleg\/finn-herman-es\/#breadcrumb"},"inLanguage":"ca","potentialAction":[{"@type":"ReadAction","target":["https:\/\/librosdelzorrorojo.com\/ca\/cataleg\/finn-herman-es\/"]}]},{"@type":"ImageObject","inLanguage":"ca","@id":"https:\/\/librosdelzorrorojo.com\/ca\/cataleg\/finn-herman-es\/#primaryimage","url":"https:\/\/librosdelzorrorojo.com\/wp-content\/uploads\/2009\/10\/Cover-Finn-Herman-WEB.png","contentUrl":"https:\/\/librosdelzorrorojo.com\/wp-content\/uploads\/2009\/10\/Cover-Finn-Herman-WEB.png","width":850,"height":688,"caption":"Cover Finn Herman WEB"},{"@type":"BreadcrumbList","@id":"https:\/\/librosdelzorrorojo.com\/ca\/cataleg\/finn-herman-es\/#breadcrumb","itemListElement":[{"@type":"ListItem","position":1,"name":"Portada","item":"https:\/\/librosdelzorrorojo.com\/ca\/"},{"@type":"ListItem","position":2,"name":"Cat\u00e0leg","item":"https:\/\/librosdelzorrorojo.com\/ca\/cataleg\/"},{"@type":"ListItem","position":3,"name":"Finn Herman"}]},{"@type":"WebSite","@id":"https:\/\/librosdelzorrorojo.com\/#website","url":"https:\/\/librosdelzorrorojo.com\/","name":"Libros del Zorro Rojo","description":"Libros ilustrados","potentialAction":[{"@type":"SearchAction","target":{"@type":"EntryPoint","urlTemplate":"https:\/\/librosdelzorrorojo.com\/?s={search_term_string}"},"query-input":{"@type":"PropertyValueSpecification","valueRequired":true,"valueName":"search_term_string"}}],"inLanguage":"ca"}]}},"_links":{"self":[{"href":"https:\/\/librosdelzorrorojo.com\/ca\/wp-json\/wp\/v2\/product\/12601","targetHints":{"allow":["GET"]}}],"collection":[{"href":"https:\/\/librosdelzorrorojo.com\/ca\/wp-json\/wp\/v2\/product"}],"about":[{"href":"https:\/\/librosdelzorrorojo.com\/ca\/wp-json\/wp\/v2\/types\/product"}],"wp:featuredmedia":[{"embeddable":true,"href":"https:\/\/librosdelzorrorojo.com\/ca\/wp-json\/wp\/v2\/media\/11411"}],"wp:attachment":[{"href":"https:\/\/librosdelzorrorojo.com\/ca\/wp-json\/wp\/v2\/media?parent=12601"}],"wp:term":[{"taxonomy":"product_brand","embeddable":true,"href":"https:\/\/librosdelzorrorojo.com\/ca\/wp-json\/wp\/v2\/product_brand?post=12601"},{"taxonomy":"product_cat","embeddable":true,"href":"https:\/\/librosdelzorrorojo.com\/ca\/wp-json\/wp\/v2\/product_cat?post=12601"},{"taxonomy":"product_tag","embeddable":true,"href":"https:\/\/librosdelzorrorojo.com\/ca\/wp-json\/wp\/v2\/product_tag?post=12601"}],"curies":[{"name":"wp","href":"https:\/\/api.w.org\/{rel}","templated":true}]}}