{"id":12599,"date":"2018-09-25T19:01:32","date_gmt":"2018-09-25T17:01:32","guid":{"rendered":"https:\/\/librosdelzorrorojo.com\/catalogo\/samba-panda-con-osito-2\/"},"modified":"2024-02-29T11:39:19","modified_gmt":"2024-02-29T10:39:19","slug":"samba-panda-con-osito","status":"publish","type":"product","link":"https:\/\/librosdelzorrorojo.com\/ca\/cataleg\/samba-panda-con-osito\/","title":{"rendered":"Samba Panda con Osito"},"content":{"rendered":"<p class=\"p1\"><span class=\"s1\">Primer t\u00edtulo de la\u00a0colecci\u00f3n\u00a0Samba Panda, un divertido manual de danza para los m\u00e1s peque\u00f1os, dirigido por un simp\u00e1tico osito panda, que asocia el movimiento corporal a la imaginaci\u00f3n.\u00a0<\/span><\/p>\n<p class=\"p1\"><span class=\"s1\">A la manera de los juegos de imitaci\u00f3n, e inspirado en las posturas del yoga, Osito propone sencillos ejercicios como estirar los brazos, balancearse o dar volteretas para conseguir posturas que recuerdan a un tulip\u00e1n, una banana o un onigiri.\u00a0<\/span><\/p>\n<p class=\"p1\"><span class=\"s1\">Las ilustraciones muestran de una forma clara cu\u00e1les son los pasos a seguir, creando un v\u00ednculo arm\u00f3nico entre texto e imagen, f\u00e1cil de interpretar incluso por los no lectores. Un esfuerzo que siempre tiene su recompensa final: el abrazo.<\/span><\/p>\n<p>&#8211;<\/p>\n<p>Rese\u00f1a en<em> Literatil<\/em> <span style=\"color: #ff0000\"><a href=\"https:\/\/librosdelzorrorojo.com\/recreense-en-cada-pagina\/\" style=\"color: #ff0000\">aqu\u00ed.<\/a><\/span><\/p>\n","protected":false},"excerpt":{"rendered":"<p class=\"p1\"><span class=\"s1\">Primer t\u00edtulo de la\u00a0colecci\u00f3n\u00a0Samba Panda, un divertido manual de danza para los m\u00e1s peque\u00f1os, dirigido por un simp\u00e1tico osito panda, que asocia el movimiento corporal a la imaginaci\u00f3n.\u00a0<\/span><\/p>\r\n<p class=\"p1\"><span class=\"s1\">A la manera de los juegos de imitaci\u00f3n, e inspirado en las posturas del yoga, Osito propone sencillos ejercicios como estirar los brazos, balancearse o dar volteretas para conseguir posturas que recuerdan a un tulip\u00e1n, una banana o un onigiri.\u00a0<\/span><\/p>\r\n<p class=\"p1\"><span class=\"s1\">Las ilustraciones muestran de una forma clara cu\u00e1les son los pasos a seguir, creando un v\u00ednculo arm\u00f3nico entre texto e imagen, f\u00e1cil de interpretar incluso por los no lectores. Un esfuerzo que siempre tiene su recompensa final: el abrazo.\u00a0<\/span><\/p>","protected":false},"featured_media":8586,"template":"","meta":{"_acf_changed":false},"product_brand":[],"product_cat":[844,843],"product_tag":[],"class_list":{"0":"post-12599","1":"product","2":"type-product","3":"status-publish","4":"has-post-thumbnail","6":"product_cat-castella","7":"product_cat-infantiles-ca","8":"vinculo-samba-panda-con-osito","10":"first","11":"instock","12":"taxable","13":"shipping-taxable","14":"purchasable","15":"product-type-simple"},"acf":[],"yoast_head":"<!-- This site is optimized with the Yoast SEO plugin v25.1 - https:\/\/yoast.com\/wordpress\/plugins\/seo\/ -->\n<title>Samba Panda con Osito - Libros del Zorro Rojo<\/title>\n<meta name=\"description\" content=\"Baile, osito, aprender a bailar, coreograf\u00edas, pasos a seguir, osito panda, imaginaci\u00f3n, creatividad, ejercicios, actividad, movimiento\" \/>\n<meta name=\"robots\" content=\"index, follow, max-snippet:-1, max-image-preview:large, max-video-preview:-1\" \/>\n<link rel=\"canonical\" href=\"https:\/\/librosdelzorrorojo.com\/ca\/cataleg\/samba-panda-con-osito\/\" \/>\n<meta property=\"og:locale\" content=\"ca_ES\" \/>\n<meta property=\"og:type\" content=\"article\" \/>\n<meta property=\"og:title\" content=\"Samba Panda con Osito - Libros del Zorro Rojo\" \/>\n<meta property=\"og:description\" content=\"Baile, osito, aprender a bailar, coreograf\u00edas, pasos a seguir, osito panda, imaginaci\u00f3n, creatividad, ejercicios, actividad, movimiento\" \/>\n<meta property=\"og:url\" content=\"https:\/\/librosdelzorrorojo.com\/ca\/cataleg\/samba-panda-con-osito\/\" \/>\n<meta property=\"og:site_name\" content=\"Libros del Zorro Rojo\" \/>\n<meta property=\"article:modified_time\" content=\"2024-02-29T10:39:19+00:00\" \/>\n<meta property=\"og:image\" content=\"https:\/\/librosdelzorrorojo.com\/wp-content\/uploads\/2018\/08\/Cover-Samba-Panda-ESP.jpg\" \/>\n\t<meta property=\"og:image:width\" content=\"586\" \/>\n\t<meta property=\"og:image:height\" content=\"585\" \/>\n\t<meta property=\"og:image:type\" content=\"image\/jpeg\" \/>\n<meta name=\"twitter:card\" content=\"summary_large_image\" \/>\n<meta name=\"twitter:label1\" content=\"Temps estimat de lectura\" \/>\n\t<meta name=\"twitter:data1\" content=\"1 minut\" \/>\n<script type=\"application\/ld+json\" class=\"yoast-schema-graph\">{\"@context\":\"https:\/\/schema.org\",\"@graph\":[{\"@type\":\"WebPage\",\"@id\":\"https:\/\/librosdelzorrorojo.com\/ca\/cataleg\/samba-panda-con-osito\/\",\"url\":\"https:\/\/librosdelzorrorojo.com\/ca\/cataleg\/samba-panda-con-osito\/\",\"name\":\"Samba Panda con Osito - Libros del Zorro Rojo\",\"isPartOf\":{\"@id\":\"https:\/\/librosdelzorrorojo.com\/#website\"},\"primaryImageOfPage\":{\"@id\":\"https:\/\/librosdelzorrorojo.com\/ca\/cataleg\/samba-panda-con-osito\/#primaryimage\"},\"image\":{\"@id\":\"https:\/\/librosdelzorrorojo.com\/ca\/cataleg\/samba-panda-con-osito\/#primaryimage\"},\"thumbnailUrl\":\"https:\/\/librosdelzorrorojo.com\/wp-content\/uploads\/2018\/08\/Cover-Samba-Panda-ESP.jpg\",\"datePublished\":\"2018-09-25T17:01:32+00:00\",\"dateModified\":\"2024-02-29T10:39:19+00:00\",\"description\":\"Baile, osito, aprender a bailar, coreograf\u00edas, pasos a seguir, osito panda, imaginaci\u00f3n, creatividad, ejercicios, actividad, movimiento\",\"breadcrumb\":{\"@id\":\"https:\/\/librosdelzorrorojo.com\/ca\/cataleg\/samba-panda-con-osito\/#breadcrumb\"},\"inLanguage\":\"ca\",\"potentialAction\":[{\"@type\":\"ReadAction\",\"target\":[\"https:\/\/librosdelzorrorojo.com\/ca\/cataleg\/samba-panda-con-osito\/\"]}]},{\"@type\":\"ImageObject\",\"inLanguage\":\"ca\",\"@id\":\"https:\/\/librosdelzorrorojo.com\/ca\/cataleg\/samba-panda-con-osito\/#primaryimage\",\"url\":\"https:\/\/librosdelzorrorojo.com\/wp-content\/uploads\/2018\/08\/Cover-Samba-Panda-ESP.jpg\",\"contentUrl\":\"https:\/\/librosdelzorrorojo.com\/wp-content\/uploads\/2018\/08\/Cover-Samba-Panda-ESP.jpg\",\"width\":586,\"height\":585,\"caption\":\"Cover Samba Panda ESP\"},{\"@type\":\"BreadcrumbList\",\"@id\":\"https:\/\/librosdelzorrorojo.com\/ca\/cataleg\/samba-panda-con-osito\/#breadcrumb\",\"itemListElement\":[{\"@type\":\"ListItem\",\"position\":1,\"name\":\"Portada\",\"item\":\"https:\/\/librosdelzorrorojo.com\/ca\/\"},{\"@type\":\"ListItem\",\"position\":2,\"name\":\"Cat\u00e0leg\",\"item\":\"https:\/\/librosdelzorrorojo.com\/ca\/cataleg\/\"},{\"@type\":\"ListItem\",\"position\":3,\"name\":\"Samba Panda con Osito\"}]},{\"@type\":\"WebSite\",\"@id\":\"https:\/\/librosdelzorrorojo.com\/#website\",\"url\":\"https:\/\/librosdelzorrorojo.com\/\",\"name\":\"Libros del Zorro Rojo\",\"description\":\"Libros ilustrados\",\"potentialAction\":[{\"@type\":\"SearchAction\",\"target\":{\"@type\":\"EntryPoint\",\"urlTemplate\":\"https:\/\/librosdelzorrorojo.com\/?s={search_term_string}\"},\"query-input\":{\"@type\":\"PropertyValueSpecification\",\"valueRequired\":true,\"valueName\":\"search_term_string\"}}],\"inLanguage\":\"ca\"}]}<\/script>\n<!-- \/ Yoast SEO plugin. -->","yoast_head_json":{"title":"Samba Panda con Osito - Libros del Zorro Rojo","description":"Baile, osito, aprender a bailar, coreograf\u00edas, pasos a seguir, osito panda, imaginaci\u00f3n, creatividad, ejercicios, actividad, movimiento","robots":{"index":"index","follow":"follow","max-snippet":"max-snippet:-1","max-image-preview":"max-image-preview:large","max-video-preview":"max-video-preview:-1"},"canonical":"https:\/\/librosdelzorrorojo.com\/ca\/cataleg\/samba-panda-con-osito\/","og_locale":"ca_ES","og_type":"article","og_title":"Samba Panda con Osito - Libros del Zorro Rojo","og_description":"Baile, osito, aprender a bailar, coreograf\u00edas, pasos a seguir, osito panda, imaginaci\u00f3n, creatividad, ejercicios, actividad, movimiento","og_url":"https:\/\/librosdelzorrorojo.com\/ca\/cataleg\/samba-panda-con-osito\/","og_site_name":"Libros del Zorro Rojo","article_modified_time":"2024-02-29T10:39:19+00:00","og_image":[{"width":586,"height":585,"url":"https:\/\/librosdelzorrorojo.com\/wp-content\/uploads\/2018\/08\/Cover-Samba-Panda-ESP.jpg","type":"image\/jpeg"}],"twitter_card":"summary_large_image","twitter_misc":{"Temps estimat de lectura":"1 minut"},"schema":{"@context":"https:\/\/schema.org","@graph":[{"@type":"WebPage","@id":"https:\/\/librosdelzorrorojo.com\/ca\/cataleg\/samba-panda-con-osito\/","url":"https:\/\/librosdelzorrorojo.com\/ca\/cataleg\/samba-panda-con-osito\/","name":"Samba Panda con Osito - Libros del Zorro Rojo","isPartOf":{"@id":"https:\/\/librosdelzorrorojo.com\/#website"},"primaryImageOfPage":{"@id":"https:\/\/librosdelzorrorojo.com\/ca\/cataleg\/samba-panda-con-osito\/#primaryimage"},"image":{"@id":"https:\/\/librosdelzorrorojo.com\/ca\/cataleg\/samba-panda-con-osito\/#primaryimage"},"thumbnailUrl":"https:\/\/librosdelzorrorojo.com\/wp-content\/uploads\/2018\/08\/Cover-Samba-Panda-ESP.jpg","datePublished":"2018-09-25T17:01:32+00:00","dateModified":"2024-02-29T10:39:19+00:00","description":"Baile, osito, aprender a bailar, coreograf\u00edas, pasos a seguir, osito panda, imaginaci\u00f3n, creatividad, ejercicios, actividad, movimiento","breadcrumb":{"@id":"https:\/\/librosdelzorrorojo.com\/ca\/cataleg\/samba-panda-con-osito\/#breadcrumb"},"inLanguage":"ca","potentialAction":[{"@type":"ReadAction","target":["https:\/\/librosdelzorrorojo.com\/ca\/cataleg\/samba-panda-con-osito\/"]}]},{"@type":"ImageObject","inLanguage":"ca","@id":"https:\/\/librosdelzorrorojo.com\/ca\/cataleg\/samba-panda-con-osito\/#primaryimage","url":"https:\/\/librosdelzorrorojo.com\/wp-content\/uploads\/2018\/08\/Cover-Samba-Panda-ESP.jpg","contentUrl":"https:\/\/librosdelzorrorojo.com\/wp-content\/uploads\/2018\/08\/Cover-Samba-Panda-ESP.jpg","width":586,"height":585,"caption":"Cover Samba Panda ESP"},{"@type":"BreadcrumbList","@id":"https:\/\/librosdelzorrorojo.com\/ca\/cataleg\/samba-panda-con-osito\/#breadcrumb","itemListElement":[{"@type":"ListItem","position":1,"name":"Portada","item":"https:\/\/librosdelzorrorojo.com\/ca\/"},{"@type":"ListItem","position":2,"name":"Cat\u00e0leg","item":"https:\/\/librosdelzorrorojo.com\/ca\/cataleg\/"},{"@type":"ListItem","position":3,"name":"Samba Panda con Osito"}]},{"@type":"WebSite","@id":"https:\/\/librosdelzorrorojo.com\/#website","url":"https:\/\/librosdelzorrorojo.com\/","name":"Libros del Zorro Rojo","description":"Libros ilustrados","potentialAction":[{"@type":"SearchAction","target":{"@type":"EntryPoint","urlTemplate":"https:\/\/librosdelzorrorojo.com\/?s={search_term_string}"},"query-input":{"@type":"PropertyValueSpecification","valueRequired":true,"valueName":"search_term_string"}}],"inLanguage":"ca"}]}},"_links":{"self":[{"href":"https:\/\/librosdelzorrorojo.com\/ca\/wp-json\/wp\/v2\/product\/12599","targetHints":{"allow":["GET"]}}],"collection":[{"href":"https:\/\/librosdelzorrorojo.com\/ca\/wp-json\/wp\/v2\/product"}],"about":[{"href":"https:\/\/librosdelzorrorojo.com\/ca\/wp-json\/wp\/v2\/types\/product"}],"wp:featuredmedia":[{"embeddable":true,"href":"https:\/\/librosdelzorrorojo.com\/ca\/wp-json\/wp\/v2\/media\/8586"}],"wp:attachment":[{"href":"https:\/\/librosdelzorrorojo.com\/ca\/wp-json\/wp\/v2\/media?parent=12599"}],"wp:term":[{"taxonomy":"product_brand","embeddable":true,"href":"https:\/\/librosdelzorrorojo.com\/ca\/wp-json\/wp\/v2\/product_brand?post=12599"},{"taxonomy":"product_cat","embeddable":true,"href":"https:\/\/librosdelzorrorojo.com\/ca\/wp-json\/wp\/v2\/product_cat?post=12599"},{"taxonomy":"product_tag","embeddable":true,"href":"https:\/\/librosdelzorrorojo.com\/ca\/wp-json\/wp\/v2\/product_tag?post=12599"}],"curies":[{"name":"wp","href":"https:\/\/api.w.org\/{rel}","templated":true}]}}