{"id":12594,"date":"2009-10-23T13:02:07","date_gmt":"2009-10-23T11:02:07","guid":{"rendered":"https:\/\/librosdelzorrorojo.com\/catalogo\/ladron-de-gallinas\/"},"modified":"2024-02-29T11:39:16","modified_gmt":"2024-02-29T10:39:16","slug":"ladron-de-gallinas","status":"publish","type":"product","link":"https:\/\/librosdelzorrorojo.com\/ca\/cataleg\/ladron-de-gallinas\/","title":{"rendered":"Ladr\u00f3n de gallinas"},"content":{"rendered":"<p>Pocos libros sin palabras han dado tanto que hablar. La edici\u00f3n en castellano de <em>Ladr\u00f3n de gallinas<\/em> se public\u00f3 en 2009, convirti\u00e9ndose casi instant\u00e1neamente en uno de los libros m\u00e1s rese\u00f1ados y queridos por el p\u00fablico general.<\/p>\n<p>Desde la primer\u00edsima imagen, el lector entra en la historia y se ve envuelto en una escena de acci\u00f3n: una aut\u00e9ntica persecuci\u00f3n por el bosque junto a un oso, un conejo y un gallo.<\/p>\n<p>Tan solo tres palabras convierten la escena en un cuento, sin pre\u00e1mbulos, sin \u00ab\u00e9rase\u00a0una vez\u00bb, sin nada m\u00e1s que un t\u00edtulo, <em>Ladr\u00f3n de gallinas<\/em>, que evoca las historias del lejano Oeste, las f\u00e1bulas de animales, historias que\u00a0emocionan y sorprenden, para ser contadas una y otra vez desde diferentes puntos de vista y con diferentes voces.<\/p>\n<p>Para lectores que todav\u00eda no saben leer y para apasionados narradores de f\u00e1bulas sin moraleja expl\u00edcita. Porque se trata de romper estereotipos o de disfrutar,\u00a0simplemente, de una buena historia.<\/p>\n","protected":false},"excerpt":{"rendered":"Pocos libros sin palabras han dado tanto que hablar. La edici\u00f3n en castellano de <em>Ladr\u00f3n de gallinas<\/em> se public\u00f3 en 2009, convirti\u00e9ndose casi instant\u00e1neamente en uno de los libros m\u00e1s rese\u00f1ados y queridos por el p\u00fablico general.\r\n\r\nDesde la primer\u00edsima imagen, el lector entra en la historia y se ve envuelto en una escena de acci\u00f3n: una aut\u00e9ntica persecuci\u00f3n por el bosque junto a un oso, un conejo y un gallo.\r\n\r\nTan solo tres palabras convierten la escena en un cuento, sin pre\u00e1mbulos, sin \u00ab\u00e9rase\u00a0una vez\u00bb, sin nada m\u00e1s que un t\u00edtulo, <em>Ladr\u00f3n de gallinas<\/em>, que evoca las historias del lejano Oeste, las f\u00e1bulas de animales, historias que\u00a0emocionan y sorprenden, para ser contadas una y otra vez desde diferentes puntos de vista y con diferentes voces.\r\n\r\nPara lectores que todav\u00eda no saben leer y para apasionados narradores de f\u00e1bulas sin moraleja expl\u00edcita. Porque se trata de romper estereotipos o de disfrutar,\u00a0simplemente, de una buena historia.","protected":false},"featured_media":12595,"template":"","meta":{"_acf_changed":false},"product_brand":[],"product_cat":[844,843],"product_tag":[],"class_list":{"0":"post-12594","1":"product","2":"type-product","3":"status-publish","4":"has-post-thumbnail","6":"product_cat-castella","7":"product_cat-infantiles-ca","8":"vinculo-ladron-de-gallinas","10":"first","11":"instock","12":"taxable","13":"shipping-taxable","14":"product-type-variable"},"acf":[],"yoast_head":"<!-- This site is optimized with the Yoast SEO plugin v25.1 - https:\/\/yoast.com\/wordpress\/plugins\/seo\/ -->\n<title>Ladr\u00f3n de gallinas - Libros del Zorro Rojo<\/title>\n<meta name=\"description\" content=\"Pocos libros sin palabras han dado tanto que hablar. La edici\u00f3n en castellano de Ladr\u00f3n de gallinas se public\u00f3 en 2009, convirti\u00e9ndose\" \/>\n<meta name=\"robots\" content=\"index, follow, max-snippet:-1, max-image-preview:large, max-video-preview:-1\" \/>\n<link rel=\"canonical\" href=\"https:\/\/librosdelzorrorojo.com\/ca\/cataleg\/ladron-de-gallinas\/\" \/>\n<meta property=\"og:locale\" content=\"ca_ES\" \/>\n<meta property=\"og:type\" content=\"article\" \/>\n<meta property=\"og:title\" content=\"Ladr\u00f3n de gallinas - Libros del Zorro Rojo\" \/>\n<meta property=\"og:description\" content=\"Pocos libros sin palabras han dado tanto que hablar. La edici\u00f3n en castellano de Ladr\u00f3n de gallinas se public\u00f3 en 2009, convirti\u00e9ndose\" \/>\n<meta property=\"og:url\" content=\"https:\/\/librosdelzorrorojo.com\/ca\/cataleg\/ladron-de-gallinas\/\" \/>\n<meta property=\"og:site_name\" content=\"Libros del Zorro Rojo\" \/>\n<meta property=\"article:modified_time\" content=\"2024-02-29T10:39:16+00:00\" \/>\n<meta property=\"og:image\" content=\"https:\/\/librosdelzorrorojo.com\/wp-content\/uploads\/2009\/10\/Covers-Ladron-de-gallinas-copy-e1525445235653.jpg\" \/>\n\t<meta property=\"og:image:width\" content=\"850\" \/>\n\t<meta property=\"og:image:height\" content=\"523\" \/>\n\t<meta property=\"og:image:type\" content=\"image\/jpeg\" \/>\n<meta name=\"twitter:card\" content=\"summary_large_image\" \/>\n<meta name=\"twitter:label1\" content=\"Temps estimat de lectura\" \/>\n\t<meta name=\"twitter:data1\" content=\"1 minut\" \/>\n<script type=\"application\/ld+json\" class=\"yoast-schema-graph\">{\"@context\":\"https:\/\/schema.org\",\"@graph\":[{\"@type\":\"WebPage\",\"@id\":\"https:\/\/librosdelzorrorojo.com\/ca\/cataleg\/ladron-de-gallinas\/\",\"url\":\"https:\/\/librosdelzorrorojo.com\/ca\/cataleg\/ladron-de-gallinas\/\",\"name\":\"Ladr\u00f3n de gallinas - Libros del Zorro Rojo\",\"isPartOf\":{\"@id\":\"https:\/\/librosdelzorrorojo.com\/#website\"},\"primaryImageOfPage\":{\"@id\":\"https:\/\/librosdelzorrorojo.com\/ca\/cataleg\/ladron-de-gallinas\/#primaryimage\"},\"image\":{\"@id\":\"https:\/\/librosdelzorrorojo.com\/ca\/cataleg\/ladron-de-gallinas\/#primaryimage\"},\"thumbnailUrl\":\"https:\/\/librosdelzorrorojo.com\/wp-content\/uploads\/2009\/10\/Covers-Ladron-de-gallinas-copy-e1525445235653.jpg\",\"datePublished\":\"2009-10-23T11:02:07+00:00\",\"dateModified\":\"2024-02-29T10:39:16+00:00\",\"description\":\"Pocos libros sin palabras han dado tanto que hablar. La edici\u00f3n en castellano de Ladr\u00f3n de gallinas se public\u00f3 en 2009, convirti\u00e9ndose\",\"breadcrumb\":{\"@id\":\"https:\/\/librosdelzorrorojo.com\/ca\/cataleg\/ladron-de-gallinas\/#breadcrumb\"},\"inLanguage\":\"ca\",\"potentialAction\":[{\"@type\":\"ReadAction\",\"target\":[\"https:\/\/librosdelzorrorojo.com\/ca\/cataleg\/ladron-de-gallinas\/\"]}]},{\"@type\":\"ImageObject\",\"inLanguage\":\"ca\",\"@id\":\"https:\/\/librosdelzorrorojo.com\/ca\/cataleg\/ladron-de-gallinas\/#primaryimage\",\"url\":\"https:\/\/librosdelzorrorojo.com\/wp-content\/uploads\/2009\/10\/Covers-Ladron-de-gallinas-copy-e1525445235653.jpg\",\"contentUrl\":\"https:\/\/librosdelzorrorojo.com\/wp-content\/uploads\/2009\/10\/Covers-Ladron-de-gallinas-copy-e1525445235653.jpg\",\"width\":850,\"height\":523,\"caption\":\"Covers Ladron de gallinas copy e1525445235653\"},{\"@type\":\"BreadcrumbList\",\"@id\":\"https:\/\/librosdelzorrorojo.com\/ca\/cataleg\/ladron-de-gallinas\/#breadcrumb\",\"itemListElement\":[{\"@type\":\"ListItem\",\"position\":1,\"name\":\"Portada\",\"item\":\"https:\/\/librosdelzorrorojo.com\/ca\/\"},{\"@type\":\"ListItem\",\"position\":2,\"name\":\"Cat\u00e0leg\",\"item\":\"https:\/\/librosdelzorrorojo.com\/ca\/cataleg\/\"},{\"@type\":\"ListItem\",\"position\":3,\"name\":\"Ladr\u00f3n de gallinas\"}]},{\"@type\":\"WebSite\",\"@id\":\"https:\/\/librosdelzorrorojo.com\/#website\",\"url\":\"https:\/\/librosdelzorrorojo.com\/\",\"name\":\"Libros del Zorro Rojo\",\"description\":\"Libros ilustrados\",\"potentialAction\":[{\"@type\":\"SearchAction\",\"target\":{\"@type\":\"EntryPoint\",\"urlTemplate\":\"https:\/\/librosdelzorrorojo.com\/?s={search_term_string}\"},\"query-input\":{\"@type\":\"PropertyValueSpecification\",\"valueRequired\":true,\"valueName\":\"search_term_string\"}}],\"inLanguage\":\"ca\"}]}<\/script>\n<!-- \/ Yoast SEO plugin. -->","yoast_head_json":{"title":"Ladr\u00f3n de gallinas - Libros del Zorro Rojo","description":"Pocos libros sin palabras han dado tanto que hablar. La edici\u00f3n en castellano de Ladr\u00f3n de gallinas se public\u00f3 en 2009, convirti\u00e9ndose","robots":{"index":"index","follow":"follow","max-snippet":"max-snippet:-1","max-image-preview":"max-image-preview:large","max-video-preview":"max-video-preview:-1"},"canonical":"https:\/\/librosdelzorrorojo.com\/ca\/cataleg\/ladron-de-gallinas\/","og_locale":"ca_ES","og_type":"article","og_title":"Ladr\u00f3n de gallinas - Libros del Zorro Rojo","og_description":"Pocos libros sin palabras han dado tanto que hablar. La edici\u00f3n en castellano de Ladr\u00f3n de gallinas se public\u00f3 en 2009, convirti\u00e9ndose","og_url":"https:\/\/librosdelzorrorojo.com\/ca\/cataleg\/ladron-de-gallinas\/","og_site_name":"Libros del Zorro Rojo","article_modified_time":"2024-02-29T10:39:16+00:00","og_image":[{"width":850,"height":523,"url":"https:\/\/librosdelzorrorojo.com\/wp-content\/uploads\/2009\/10\/Covers-Ladron-de-gallinas-copy-e1525445235653.jpg","type":"image\/jpeg"}],"twitter_card":"summary_large_image","twitter_misc":{"Temps estimat de lectura":"1 minut"},"schema":{"@context":"https:\/\/schema.org","@graph":[{"@type":"WebPage","@id":"https:\/\/librosdelzorrorojo.com\/ca\/cataleg\/ladron-de-gallinas\/","url":"https:\/\/librosdelzorrorojo.com\/ca\/cataleg\/ladron-de-gallinas\/","name":"Ladr\u00f3n de gallinas - Libros del Zorro Rojo","isPartOf":{"@id":"https:\/\/librosdelzorrorojo.com\/#website"},"primaryImageOfPage":{"@id":"https:\/\/librosdelzorrorojo.com\/ca\/cataleg\/ladron-de-gallinas\/#primaryimage"},"image":{"@id":"https:\/\/librosdelzorrorojo.com\/ca\/cataleg\/ladron-de-gallinas\/#primaryimage"},"thumbnailUrl":"https:\/\/librosdelzorrorojo.com\/wp-content\/uploads\/2009\/10\/Covers-Ladron-de-gallinas-copy-e1525445235653.jpg","datePublished":"2009-10-23T11:02:07+00:00","dateModified":"2024-02-29T10:39:16+00:00","description":"Pocos libros sin palabras han dado tanto que hablar. La edici\u00f3n en castellano de Ladr\u00f3n de gallinas se public\u00f3 en 2009, convirti\u00e9ndose","breadcrumb":{"@id":"https:\/\/librosdelzorrorojo.com\/ca\/cataleg\/ladron-de-gallinas\/#breadcrumb"},"inLanguage":"ca","potentialAction":[{"@type":"ReadAction","target":["https:\/\/librosdelzorrorojo.com\/ca\/cataleg\/ladron-de-gallinas\/"]}]},{"@type":"ImageObject","inLanguage":"ca","@id":"https:\/\/librosdelzorrorojo.com\/ca\/cataleg\/ladron-de-gallinas\/#primaryimage","url":"https:\/\/librosdelzorrorojo.com\/wp-content\/uploads\/2009\/10\/Covers-Ladron-de-gallinas-copy-e1525445235653.jpg","contentUrl":"https:\/\/librosdelzorrorojo.com\/wp-content\/uploads\/2009\/10\/Covers-Ladron-de-gallinas-copy-e1525445235653.jpg","width":850,"height":523,"caption":"Covers Ladron de gallinas copy e1525445235653"},{"@type":"BreadcrumbList","@id":"https:\/\/librosdelzorrorojo.com\/ca\/cataleg\/ladron-de-gallinas\/#breadcrumb","itemListElement":[{"@type":"ListItem","position":1,"name":"Portada","item":"https:\/\/librosdelzorrorojo.com\/ca\/"},{"@type":"ListItem","position":2,"name":"Cat\u00e0leg","item":"https:\/\/librosdelzorrorojo.com\/ca\/cataleg\/"},{"@type":"ListItem","position":3,"name":"Ladr\u00f3n de gallinas"}]},{"@type":"WebSite","@id":"https:\/\/librosdelzorrorojo.com\/#website","url":"https:\/\/librosdelzorrorojo.com\/","name":"Libros del Zorro Rojo","description":"Libros ilustrados","potentialAction":[{"@type":"SearchAction","target":{"@type":"EntryPoint","urlTemplate":"https:\/\/librosdelzorrorojo.com\/?s={search_term_string}"},"query-input":{"@type":"PropertyValueSpecification","valueRequired":true,"valueName":"search_term_string"}}],"inLanguage":"ca"}]}},"_links":{"self":[{"href":"https:\/\/librosdelzorrorojo.com\/ca\/wp-json\/wp\/v2\/product\/12594","targetHints":{"allow":["GET"]}}],"collection":[{"href":"https:\/\/librosdelzorrorojo.com\/ca\/wp-json\/wp\/v2\/product"}],"about":[{"href":"https:\/\/librosdelzorrorojo.com\/ca\/wp-json\/wp\/v2\/types\/product"}],"wp:featuredmedia":[{"embeddable":true,"href":"https:\/\/librosdelzorrorojo.com\/ca\/wp-json\/wp\/v2\/media\/12595"}],"wp:attachment":[{"href":"https:\/\/librosdelzorrorojo.com\/ca\/wp-json\/wp\/v2\/media?parent=12594"}],"wp:term":[{"taxonomy":"product_brand","embeddable":true,"href":"https:\/\/librosdelzorrorojo.com\/ca\/wp-json\/wp\/v2\/product_brand?post=12594"},{"taxonomy":"product_cat","embeddable":true,"href":"https:\/\/librosdelzorrorojo.com\/ca\/wp-json\/wp\/v2\/product_cat?post=12594"},{"taxonomy":"product_tag","embeddable":true,"href":"https:\/\/librosdelzorrorojo.com\/ca\/wp-json\/wp\/v2\/product_tag?post=12594"}],"curies":[{"name":"wp","href":"https:\/\/api.w.org\/{rel}","templated":true}]}}