{"id":12591,"date":"2017-05-10T12:00:43","date_gmt":"2017-05-10T10:00:43","guid":{"rendered":"https:\/\/librosdelzorrorojo.com\/catalogo\/todos-menos-uno\/"},"modified":"2024-02-29T11:39:15","modified_gmt":"2024-02-29T10:39:15","slug":"todos-menos-uno","status":"publish","type":"product","link":"https:\/\/librosdelzorrorojo.com\/ca\/cataleg\/todos-menos-uno\/","title":{"rendered":"Todos menos uno"},"content":{"rendered":"<p class=\"p1\">Atreverse a ser diferente tiene un alto coste social, pero tambi\u00e9n una incre\u00edble recompensa. Eso es lo que descubre el peque\u00f1o guisante cuando decide recorrer el mundo. As\u00ed, cada estancia de su viaje se convierte en una instancia de crecimiento. \u00c9ric Battut dejar\u00e1 lo mejor para el final. Un desenlace tierno y humor\u00edstico que sacar\u00e1 a los lectores m\u00e1s de un color\u2026<\/p>\n<p>&nbsp;<\/p>\n","protected":false},"excerpt":{"rendered":"<p class=\"p1\">Atreverse a ser diferente tiene un alto coste social, pero tambi\u00e9n una incre\u00edble recompensa. Eso es lo que descubre el peque\u00f1o guisante cuando decide recorrer el mundo. As\u00ed, cada estancia de su viaje se convierte en una instancia de crecimiento. \u00c9ric Battut dejar\u00e1 lo mejor para el final. Un desenlace tierno y humor\u00edstico que sacar\u00e1 a los lectores m\u00e1s de un color\u2026<\/p>","protected":false},"featured_media":12590,"template":"","meta":{"_acf_changed":false},"product_brand":[],"product_cat":[844,843],"product_tag":[],"class_list":{"0":"post-12591","1":"product","2":"type-product","3":"status-publish","4":"has-post-thumbnail","6":"product_cat-castella","7":"product_cat-infantiles-ca","8":"vinculo-todos-menos-uno","10":"first","11":"instock","12":"taxable","13":"shipping-taxable","14":"purchasable","15":"product-type-simple"},"acf":[],"yoast_head":"<!-- This site is optimized with the Yoast SEO plugin v25.1 - https:\/\/yoast.com\/wordpress\/plugins\/seo\/ -->\n<title>Todos menos uno<\/title>\n<meta name=\"description\" content=\"Atreverse a ser diferente tiene un alto coste social, pero tambi\u00e9n una incre\u00edble recompensa, \u00e1lbum ilustrado, viaje por el mundo\" \/>\n<meta name=\"robots\" content=\"index, follow, max-snippet:-1, max-image-preview:large, max-video-preview:-1\" \/>\n<link rel=\"canonical\" href=\"https:\/\/librosdelzorrorojo.com\/ca\/cataleg\/todos-menos-uno\/\" \/>\n<meta property=\"og:locale\" content=\"ca_ES\" \/>\n<meta property=\"og:type\" content=\"article\" \/>\n<meta property=\"og:title\" content=\"Todos menos uno\" \/>\n<meta property=\"og:description\" content=\"Atreverse a ser diferente tiene un alto coste social, pero tambi\u00e9n una incre\u00edble recompensa, \u00e1lbum ilustrado, viaje por el mundo\" \/>\n<meta property=\"og:url\" content=\"https:\/\/librosdelzorrorojo.com\/ca\/cataleg\/todos-menos-uno\/\" \/>\n<meta property=\"og:site_name\" content=\"Libros del Zorro Rojo\" \/>\n<meta property=\"article:modified_time\" content=\"2024-02-29T10:39:15+00:00\" \/>\n<meta property=\"og:image\" content=\"https:\/\/librosdelzorrorojo.com\/wp-content\/uploads\/2017\/05\/TodosMenosUno2_1200x1200-2.png\" \/>\n<meta name=\"twitter:card\" content=\"summary_large_image\" \/>\n<script type=\"application\/ld+json\" class=\"yoast-schema-graph\">{\"@context\":\"https:\/\/schema.org\",\"@graph\":[{\"@type\":\"WebPage\",\"@id\":\"https:\/\/librosdelzorrorojo.com\/ca\/cataleg\/todos-menos-uno\/\",\"url\":\"https:\/\/librosdelzorrorojo.com\/ca\/cataleg\/todos-menos-uno\/\",\"name\":\"Todos menos uno\",\"isPartOf\":{\"@id\":\"https:\/\/librosdelzorrorojo.com\/#website\"},\"primaryImageOfPage\":{\"@id\":\"https:\/\/librosdelzorrorojo.com\/ca\/cataleg\/todos-menos-uno\/#primaryimage\"},\"image\":{\"@id\":\"https:\/\/librosdelzorrorojo.com\/ca\/cataleg\/todos-menos-uno\/#primaryimage\"},\"thumbnailUrl\":\"https:\/\/librosdelzorrorojo.com\/wp-content\/uploads\/2017\/11\/libros-del-zorro-rojo-todos-menos-uno-eric-battut-9788492412846-1-e1525356201498.jpg\",\"datePublished\":\"2017-05-10T10:00:43+00:00\",\"dateModified\":\"2024-02-29T10:39:15+00:00\",\"description\":\"Atreverse a ser diferente tiene un alto coste social, pero tambi\u00e9n una incre\u00edble recompensa, \u00e1lbum ilustrado, viaje por el mundo\",\"breadcrumb\":{\"@id\":\"https:\/\/librosdelzorrorojo.com\/ca\/cataleg\/todos-menos-uno\/#breadcrumb\"},\"inLanguage\":\"ca\",\"potentialAction\":[{\"@type\":\"ReadAction\",\"target\":[\"https:\/\/librosdelzorrorojo.com\/ca\/cataleg\/todos-menos-uno\/\"]}]},{\"@type\":\"ImageObject\",\"inLanguage\":\"ca\",\"@id\":\"https:\/\/librosdelzorrorojo.com\/ca\/cataleg\/todos-menos-uno\/#primaryimage\",\"url\":\"https:\/\/librosdelzorrorojo.com\/wp-content\/uploads\/2017\/11\/libros-del-zorro-rojo-todos-menos-uno-eric-battut-9788492412846-1-e1525356201498.jpg\",\"contentUrl\":\"https:\/\/librosdelzorrorojo.com\/wp-content\/uploads\/2017\/11\/libros-del-zorro-rojo-todos-menos-uno-eric-battut-9788492412846-1-e1525356201498.jpg\",\"width\":850,\"height\":698,\"caption\":\"libros del zorro rojo todos menos uno eric battut 9788492412846 1 e1525356201498\"},{\"@type\":\"BreadcrumbList\",\"@id\":\"https:\/\/librosdelzorrorojo.com\/ca\/cataleg\/todos-menos-uno\/#breadcrumb\",\"itemListElement\":[{\"@type\":\"ListItem\",\"position\":1,\"name\":\"Portada\",\"item\":\"https:\/\/librosdelzorrorojo.com\/ca\/\"},{\"@type\":\"ListItem\",\"position\":2,\"name\":\"Cat\u00e0leg\",\"item\":\"https:\/\/librosdelzorrorojo.com\/ca\/cataleg\/\"},{\"@type\":\"ListItem\",\"position\":3,\"name\":\"Todos menos uno\"}]},{\"@type\":\"WebSite\",\"@id\":\"https:\/\/librosdelzorrorojo.com\/#website\",\"url\":\"https:\/\/librosdelzorrorojo.com\/\",\"name\":\"Libros del Zorro Rojo\",\"description\":\"Libros ilustrados\",\"potentialAction\":[{\"@type\":\"SearchAction\",\"target\":{\"@type\":\"EntryPoint\",\"urlTemplate\":\"https:\/\/librosdelzorrorojo.com\/?s={search_term_string}\"},\"query-input\":{\"@type\":\"PropertyValueSpecification\",\"valueRequired\":true,\"valueName\":\"search_term_string\"}}],\"inLanguage\":\"ca\"}]}<\/script>\n<!-- \/ Yoast SEO plugin. -->","yoast_head_json":{"title":"Todos menos uno","description":"Atreverse a ser diferente tiene un alto coste social, pero tambi\u00e9n una incre\u00edble recompensa, \u00e1lbum ilustrado, viaje por el mundo","robots":{"index":"index","follow":"follow","max-snippet":"max-snippet:-1","max-image-preview":"max-image-preview:large","max-video-preview":"max-video-preview:-1"},"canonical":"https:\/\/librosdelzorrorojo.com\/ca\/cataleg\/todos-menos-uno\/","og_locale":"ca_ES","og_type":"article","og_title":"Todos menos uno","og_description":"Atreverse a ser diferente tiene un alto coste social, pero tambi\u00e9n una incre\u00edble recompensa, \u00e1lbum ilustrado, viaje por el mundo","og_url":"https:\/\/librosdelzorrorojo.com\/ca\/cataleg\/todos-menos-uno\/","og_site_name":"Libros del Zorro Rojo","article_modified_time":"2024-02-29T10:39:15+00:00","og_image":[{"url":"https:\/\/librosdelzorrorojo.com\/wp-content\/uploads\/2017\/05\/TodosMenosUno2_1200x1200-2.png","type":"","width":"","height":""}],"twitter_card":"summary_large_image","schema":{"@context":"https:\/\/schema.org","@graph":[{"@type":"WebPage","@id":"https:\/\/librosdelzorrorojo.com\/ca\/cataleg\/todos-menos-uno\/","url":"https:\/\/librosdelzorrorojo.com\/ca\/cataleg\/todos-menos-uno\/","name":"Todos menos uno","isPartOf":{"@id":"https:\/\/librosdelzorrorojo.com\/#website"},"primaryImageOfPage":{"@id":"https:\/\/librosdelzorrorojo.com\/ca\/cataleg\/todos-menos-uno\/#primaryimage"},"image":{"@id":"https:\/\/librosdelzorrorojo.com\/ca\/cataleg\/todos-menos-uno\/#primaryimage"},"thumbnailUrl":"https:\/\/librosdelzorrorojo.com\/wp-content\/uploads\/2017\/11\/libros-del-zorro-rojo-todos-menos-uno-eric-battut-9788492412846-1-e1525356201498.jpg","datePublished":"2017-05-10T10:00:43+00:00","dateModified":"2024-02-29T10:39:15+00:00","description":"Atreverse a ser diferente tiene un alto coste social, pero tambi\u00e9n una incre\u00edble recompensa, \u00e1lbum ilustrado, viaje por el mundo","breadcrumb":{"@id":"https:\/\/librosdelzorrorojo.com\/ca\/cataleg\/todos-menos-uno\/#breadcrumb"},"inLanguage":"ca","potentialAction":[{"@type":"ReadAction","target":["https:\/\/librosdelzorrorojo.com\/ca\/cataleg\/todos-menos-uno\/"]}]},{"@type":"ImageObject","inLanguage":"ca","@id":"https:\/\/librosdelzorrorojo.com\/ca\/cataleg\/todos-menos-uno\/#primaryimage","url":"https:\/\/librosdelzorrorojo.com\/wp-content\/uploads\/2017\/11\/libros-del-zorro-rojo-todos-menos-uno-eric-battut-9788492412846-1-e1525356201498.jpg","contentUrl":"https:\/\/librosdelzorrorojo.com\/wp-content\/uploads\/2017\/11\/libros-del-zorro-rojo-todos-menos-uno-eric-battut-9788492412846-1-e1525356201498.jpg","width":850,"height":698,"caption":"libros del zorro rojo todos menos uno eric battut 9788492412846 1 e1525356201498"},{"@type":"BreadcrumbList","@id":"https:\/\/librosdelzorrorojo.com\/ca\/cataleg\/todos-menos-uno\/#breadcrumb","itemListElement":[{"@type":"ListItem","position":1,"name":"Portada","item":"https:\/\/librosdelzorrorojo.com\/ca\/"},{"@type":"ListItem","position":2,"name":"Cat\u00e0leg","item":"https:\/\/librosdelzorrorojo.com\/ca\/cataleg\/"},{"@type":"ListItem","position":3,"name":"Todos menos uno"}]},{"@type":"WebSite","@id":"https:\/\/librosdelzorrorojo.com\/#website","url":"https:\/\/librosdelzorrorojo.com\/","name":"Libros del Zorro Rojo","description":"Libros ilustrados","potentialAction":[{"@type":"SearchAction","target":{"@type":"EntryPoint","urlTemplate":"https:\/\/librosdelzorrorojo.com\/?s={search_term_string}"},"query-input":{"@type":"PropertyValueSpecification","valueRequired":true,"valueName":"search_term_string"}}],"inLanguage":"ca"}]}},"_links":{"self":[{"href":"https:\/\/librosdelzorrorojo.com\/ca\/wp-json\/wp\/v2\/product\/12591","targetHints":{"allow":["GET"]}}],"collection":[{"href":"https:\/\/librosdelzorrorojo.com\/ca\/wp-json\/wp\/v2\/product"}],"about":[{"href":"https:\/\/librosdelzorrorojo.com\/ca\/wp-json\/wp\/v2\/types\/product"}],"wp:featuredmedia":[{"embeddable":true,"href":"https:\/\/librosdelzorrorojo.com\/ca\/wp-json\/wp\/v2\/media\/12590"}],"wp:attachment":[{"href":"https:\/\/librosdelzorrorojo.com\/ca\/wp-json\/wp\/v2\/media?parent=12591"}],"wp:term":[{"taxonomy":"product_brand","embeddable":true,"href":"https:\/\/librosdelzorrorojo.com\/ca\/wp-json\/wp\/v2\/product_brand?post=12591"},{"taxonomy":"product_cat","embeddable":true,"href":"https:\/\/librosdelzorrorojo.com\/ca\/wp-json\/wp\/v2\/product_cat?post=12591"},{"taxonomy":"product_tag","embeddable":true,"href":"https:\/\/librosdelzorrorojo.com\/ca\/wp-json\/wp\/v2\/product_tag?post=12591"}],"curies":[{"name":"wp","href":"https:\/\/api.w.org\/{rel}","templated":true}]}}