{"id":12587,"date":"2017-10-10T15:07:32","date_gmt":"2017-10-10T13:07:32","guid":{"rendered":"https:\/\/librosdelzorrorojo.com\/catalogo\/te-escribi-un-mensaje\/"},"modified":"2024-02-29T11:39:14","modified_gmt":"2024-02-29T10:39:14","slug":"te-escribi-un-mensaje","status":"publish","type":"product","link":"https:\/\/librosdelzorrorojo.com\/ca\/cataleg\/te-escribi-un-mensaje\/","title":{"rendered":"Te escrib\u00ed un mensaje"},"content":{"rendered":"<p>En este libro, los lectores somos polizones en un viaje fant\u00e1stico e inesperado: el de una hoja de papel cuyo misterioso contenido no descubriremos hasta el final.<\/p>\n<p>Lizi Boyd nos invita a recorrer un bosque en el que todos sus moradores interpretan esta hoja de papel de formas diferentes. Lo que para la ara\u00f1a es un puente, para el rat\u00f3n no es m\u00e1s que un sombrero\u2026 Y, sin ser conscientes, la interacci\u00f3n entre unos y otros ser\u00e1 la fuerza que consiga que, finalmente, el mensaje llegue a su destino.<\/p>\n<p><i>Te escrib\u00ed un mensaje<\/i> es un \u00e1lbum en el que texto e ilustraci\u00f3n siguen un ritmo arm\u00f3nico, sin sobresaltos ni pausas. Los personajes de Lizi Boyd son curiosos y est\u00e1n llenos de ingenio. Su t\u00e9cnica, pr\u00f3xima al <em>collage,<\/em> y su caracter\u00edstica paleta de colores amables y gruesos trazos negros acercan al lector a una aventura que le abrir\u00e1 los ojos al mundo natural que lo rodea.<\/p>\n<p>De la autora de <i>Linterna m\u00e1gica<\/i> y <i>Tiempo libre<\/i>, una obra para aprender y manejar conceptos b\u00e1sicos como la amistad y el respeto a la naturaleza, desde una perspectiva que favorece la sensibilizaci\u00f3n art\u00edstica.<\/p>\n","protected":false},"excerpt":{"rendered":"En este libro, los lectores somos polizones en un viaje fant\u00e1stico e inesperado: el de una hoja de papel cuyo misterioso contenido no descubriremos hasta el final. Lizi Boyd nos invita a recorrer un bosque en el que todos sus moradores interpretan, cada uno de forma diferente, esta hoja de papel. Lo que para la ara\u00f1a es un puente, para el rat\u00f3n no es m\u00e1s que un sombrero\u2026 Y, sin ser conscientes, la interacci\u00f3n entre unos y otros ser\u00e1 la fuerza que consiga que, finalmente, el mensaje llegue a su destino.","protected":false},"featured_media":10661,"template":"","meta":{"_acf_changed":false},"product_brand":[],"product_cat":[844,843],"product_tag":[],"class_list":{"0":"post-12587","1":"product","2":"type-product","3":"status-publish","4":"has-post-thumbnail","6":"product_cat-castella","7":"product_cat-infantiles-ca","8":"vinculo-te-escribi-un-mensaje","10":"first","11":"instock","12":"taxable","13":"shipping-taxable","14":"purchasable","15":"product-type-simple"},"acf":[],"yoast_head":"<!-- This site is optimized with the Yoast SEO plugin v25.1 - https:\/\/yoast.com\/wordpress\/plugins\/seo\/ -->\n<title>Te escrib\u00ed un mensaje - Libros del Zorro Rojo<\/title>\n<meta name=\"description\" content=\"los lectores somos polizones en un viaje fant\u00e1stico e inesperado: el de una hoja de papel cuyo misterioso contenido no descubriremos hasta el final.\" \/>\n<meta name=\"robots\" content=\"index, follow, max-snippet:-1, max-image-preview:large, max-video-preview:-1\" \/>\n<link rel=\"canonical\" href=\"https:\/\/librosdelzorrorojo.com\/ca\/cataleg\/te-escribi-un-mensaje\/\" \/>\n<meta property=\"og:locale\" content=\"ca_ES\" \/>\n<meta property=\"og:type\" content=\"article\" \/>\n<meta property=\"og:title\" content=\"Te escrib\u00ed un mensaje - Libros del Zorro Rojo\" \/>\n<meta property=\"og:description\" content=\"los lectores somos polizones en un viaje fant\u00e1stico e inesperado: el de una hoja de papel cuyo misterioso contenido no descubriremos hasta el final.\" \/>\n<meta property=\"og:url\" content=\"https:\/\/librosdelzorrorojo.com\/ca\/cataleg\/te-escribi-un-mensaje\/\" \/>\n<meta property=\"og:site_name\" content=\"Libros del Zorro Rojo\" \/>\n<meta property=\"article:modified_time\" content=\"2024-02-29T10:39:14+00:00\" \/>\n<meta property=\"og:image\" content=\"https:\/\/librosdelzorrorojo.com\/wp-content\/uploads\/2017\/10\/Teheescritounmensaje_1200x1200.png\" \/>\n<meta name=\"twitter:card\" content=\"summary_large_image\" \/>\n<meta name=\"twitter:label1\" content=\"Temps estimat de lectura\" \/>\n\t<meta name=\"twitter:data1\" content=\"1 minut\" \/>\n<script type=\"application\/ld+json\" class=\"yoast-schema-graph\">{\"@context\":\"https:\/\/schema.org\",\"@graph\":[{\"@type\":\"WebPage\",\"@id\":\"https:\/\/librosdelzorrorojo.com\/ca\/cataleg\/te-escribi-un-mensaje\/\",\"url\":\"https:\/\/librosdelzorrorojo.com\/ca\/cataleg\/te-escribi-un-mensaje\/\",\"name\":\"Te escrib\u00ed un mensaje - Libros del Zorro Rojo\",\"isPartOf\":{\"@id\":\"https:\/\/librosdelzorrorojo.com\/#website\"},\"primaryImageOfPage\":{\"@id\":\"https:\/\/librosdelzorrorojo.com\/ca\/cataleg\/te-escribi-un-mensaje\/#primaryimage\"},\"image\":{\"@id\":\"https:\/\/librosdelzorrorojo.com\/ca\/cataleg\/te-escribi-un-mensaje\/#primaryimage\"},\"thumbnailUrl\":\"https:\/\/librosdelzorrorojo.com\/wp-content\/uploads\/2017\/10\/TeEscribi\u0301UnMensaje.png\",\"datePublished\":\"2017-10-10T13:07:32+00:00\",\"dateModified\":\"2024-02-29T10:39:14+00:00\",\"description\":\"los lectores somos polizones en un viaje fant\u00e1stico e inesperado: el de una hoja de papel cuyo misterioso contenido no descubriremos hasta el final.\",\"breadcrumb\":{\"@id\":\"https:\/\/librosdelzorrorojo.com\/ca\/cataleg\/te-escribi-un-mensaje\/#breadcrumb\"},\"inLanguage\":\"ca\",\"potentialAction\":[{\"@type\":\"ReadAction\",\"target\":[\"https:\/\/librosdelzorrorojo.com\/ca\/cataleg\/te-escribi-un-mensaje\/\"]}]},{\"@type\":\"ImageObject\",\"inLanguage\":\"ca\",\"@id\":\"https:\/\/librosdelzorrorojo.com\/ca\/cataleg\/te-escribi-un-mensaje\/#primaryimage\",\"url\":\"https:\/\/librosdelzorrorojo.com\/wp-content\/uploads\/2017\/10\/TeEscribi\u0301UnMensaje.png\",\"contentUrl\":\"https:\/\/librosdelzorrorojo.com\/wp-content\/uploads\/2017\/10\/TeEscribi\u0301UnMensaje.png\",\"width\":850,\"height\":1158,\"caption\":\"TeEscribi\u0301UnMensaje\"},{\"@type\":\"BreadcrumbList\",\"@id\":\"https:\/\/librosdelzorrorojo.com\/ca\/cataleg\/te-escribi-un-mensaje\/#breadcrumb\",\"itemListElement\":[{\"@type\":\"ListItem\",\"position\":1,\"name\":\"Portada\",\"item\":\"https:\/\/librosdelzorrorojo.com\/ca\/\"},{\"@type\":\"ListItem\",\"position\":2,\"name\":\"Cat\u00e0leg\",\"item\":\"https:\/\/librosdelzorrorojo.com\/ca\/cataleg\/\"},{\"@type\":\"ListItem\",\"position\":3,\"name\":\"Te escrib\u00ed un mensaje\"}]},{\"@type\":\"WebSite\",\"@id\":\"https:\/\/librosdelzorrorojo.com\/#website\",\"url\":\"https:\/\/librosdelzorrorojo.com\/\",\"name\":\"Libros del Zorro Rojo\",\"description\":\"Libros ilustrados\",\"potentialAction\":[{\"@type\":\"SearchAction\",\"target\":{\"@type\":\"EntryPoint\",\"urlTemplate\":\"https:\/\/librosdelzorrorojo.com\/?s={search_term_string}\"},\"query-input\":{\"@type\":\"PropertyValueSpecification\",\"valueRequired\":true,\"valueName\":\"search_term_string\"}}],\"inLanguage\":\"ca\"}]}<\/script>\n<!-- \/ Yoast SEO plugin. -->","yoast_head_json":{"title":"Te escrib\u00ed un mensaje - Libros del Zorro Rojo","description":"los lectores somos polizones en un viaje fant\u00e1stico e inesperado: el de una hoja de papel cuyo misterioso contenido no descubriremos hasta el final.","robots":{"index":"index","follow":"follow","max-snippet":"max-snippet:-1","max-image-preview":"max-image-preview:large","max-video-preview":"max-video-preview:-1"},"canonical":"https:\/\/librosdelzorrorojo.com\/ca\/cataleg\/te-escribi-un-mensaje\/","og_locale":"ca_ES","og_type":"article","og_title":"Te escrib\u00ed un mensaje - Libros del Zorro Rojo","og_description":"los lectores somos polizones en un viaje fant\u00e1stico e inesperado: el de una hoja de papel cuyo misterioso contenido no descubriremos hasta el final.","og_url":"https:\/\/librosdelzorrorojo.com\/ca\/cataleg\/te-escribi-un-mensaje\/","og_site_name":"Libros del Zorro Rojo","article_modified_time":"2024-02-29T10:39:14+00:00","og_image":[{"url":"https:\/\/librosdelzorrorojo.com\/wp-content\/uploads\/2017\/10\/Teheescritounmensaje_1200x1200.png","type":"","width":"","height":""}],"twitter_card":"summary_large_image","twitter_misc":{"Temps estimat de lectura":"1 minut"},"schema":{"@context":"https:\/\/schema.org","@graph":[{"@type":"WebPage","@id":"https:\/\/librosdelzorrorojo.com\/ca\/cataleg\/te-escribi-un-mensaje\/","url":"https:\/\/librosdelzorrorojo.com\/ca\/cataleg\/te-escribi-un-mensaje\/","name":"Te escrib\u00ed un mensaje - Libros del Zorro Rojo","isPartOf":{"@id":"https:\/\/librosdelzorrorojo.com\/#website"},"primaryImageOfPage":{"@id":"https:\/\/librosdelzorrorojo.com\/ca\/cataleg\/te-escribi-un-mensaje\/#primaryimage"},"image":{"@id":"https:\/\/librosdelzorrorojo.com\/ca\/cataleg\/te-escribi-un-mensaje\/#primaryimage"},"thumbnailUrl":"https:\/\/librosdelzorrorojo.com\/wp-content\/uploads\/2017\/10\/TeEscribi\u0301UnMensaje.png","datePublished":"2017-10-10T13:07:32+00:00","dateModified":"2024-02-29T10:39:14+00:00","description":"los lectores somos polizones en un viaje fant\u00e1stico e inesperado: el de una hoja de papel cuyo misterioso contenido no descubriremos hasta el final.","breadcrumb":{"@id":"https:\/\/librosdelzorrorojo.com\/ca\/cataleg\/te-escribi-un-mensaje\/#breadcrumb"},"inLanguage":"ca","potentialAction":[{"@type":"ReadAction","target":["https:\/\/librosdelzorrorojo.com\/ca\/cataleg\/te-escribi-un-mensaje\/"]}]},{"@type":"ImageObject","inLanguage":"ca","@id":"https:\/\/librosdelzorrorojo.com\/ca\/cataleg\/te-escribi-un-mensaje\/#primaryimage","url":"https:\/\/librosdelzorrorojo.com\/wp-content\/uploads\/2017\/10\/TeEscribi\u0301UnMensaje.png","contentUrl":"https:\/\/librosdelzorrorojo.com\/wp-content\/uploads\/2017\/10\/TeEscribi\u0301UnMensaje.png","width":850,"height":1158,"caption":"TeEscribi\u0301UnMensaje"},{"@type":"BreadcrumbList","@id":"https:\/\/librosdelzorrorojo.com\/ca\/cataleg\/te-escribi-un-mensaje\/#breadcrumb","itemListElement":[{"@type":"ListItem","position":1,"name":"Portada","item":"https:\/\/librosdelzorrorojo.com\/ca\/"},{"@type":"ListItem","position":2,"name":"Cat\u00e0leg","item":"https:\/\/librosdelzorrorojo.com\/ca\/cataleg\/"},{"@type":"ListItem","position":3,"name":"Te escrib\u00ed un mensaje"}]},{"@type":"WebSite","@id":"https:\/\/librosdelzorrorojo.com\/#website","url":"https:\/\/librosdelzorrorojo.com\/","name":"Libros del Zorro Rojo","description":"Libros ilustrados","potentialAction":[{"@type":"SearchAction","target":{"@type":"EntryPoint","urlTemplate":"https:\/\/librosdelzorrorojo.com\/?s={search_term_string}"},"query-input":{"@type":"PropertyValueSpecification","valueRequired":true,"valueName":"search_term_string"}}],"inLanguage":"ca"}]}},"_links":{"self":[{"href":"https:\/\/librosdelzorrorojo.com\/ca\/wp-json\/wp\/v2\/product\/12587","targetHints":{"allow":["GET"]}}],"collection":[{"href":"https:\/\/librosdelzorrorojo.com\/ca\/wp-json\/wp\/v2\/product"}],"about":[{"href":"https:\/\/librosdelzorrorojo.com\/ca\/wp-json\/wp\/v2\/types\/product"}],"wp:featuredmedia":[{"embeddable":true,"href":"https:\/\/librosdelzorrorojo.com\/ca\/wp-json\/wp\/v2\/media\/10661"}],"wp:attachment":[{"href":"https:\/\/librosdelzorrorojo.com\/ca\/wp-json\/wp\/v2\/media?parent=12587"}],"wp:term":[{"taxonomy":"product_brand","embeddable":true,"href":"https:\/\/librosdelzorrorojo.com\/ca\/wp-json\/wp\/v2\/product_brand?post=12587"},{"taxonomy":"product_cat","embeddable":true,"href":"https:\/\/librosdelzorrorojo.com\/ca\/wp-json\/wp\/v2\/product_cat?post=12587"},{"taxonomy":"product_tag","embeddable":true,"href":"https:\/\/librosdelzorrorojo.com\/ca\/wp-json\/wp\/v2\/product_tag?post=12587"}],"curies":[{"name":"wp","href":"https:\/\/api.w.org\/{rel}","templated":true}]}}