{"id":12580,"date":"2000-11-12T11:58:48","date_gmt":"2000-11-12T10:58:48","guid":{"rendered":"https:\/\/librosdelzorrorojo.com\/catalogo\/corazon-de-madre\/"},"modified":"2024-02-29T11:39:11","modified_gmt":"2024-02-29T10:39:11","slug":"corazon-de-madre","status":"publish","type":"product","link":"https:\/\/librosdelzorrorojo.com\/ca\/cataleg\/corazon-de-madre\/","title":{"rendered":"Coraz\u00f3n de madre"},"content":{"rendered":"<p><span>Isabel Minh\u00f3s logra, con met\u00e1foras sencillas, hacer una descripci\u00f3n bella y certera sobre las emociones que despierta la maternidad. Descripciones y sentimientos que encuentran un espejo en los colores planos y brillantes de Bernardo Carvalho, quien refleja con sus ilustraciones la intensidad de la obra.<\/span><span>\u00a0<\/span><span>La cadencia de su estilo promete una lectura acompasada y musical, y crea con sus frases un universo cercano, peque\u00f1o e \u00edntimo\u2026 como el que nace cada vez que una madre est\u00e1 con su hijo.\u00a0<\/span><\/p>\n","protected":false},"excerpt":{"rendered":"<span>Isabel Minh\u00f3s logra, con met\u00e1foras sencillas, hacer una descripci\u00f3n bella y certera sobre las emociones que despierta la maternidad. Descripciones y sentimientos que encuentran un espejo en los colores planos y brillantes de Bernardo Carvalho, quien refleja con sus ilustraciones la intensidad de la obra.<\/span><span>\u00a0<\/span><span>La cadencia de su estilo promete una lectura acompasada y musical, y crea con sus frases un universo cercano, peque\u00f1o e \u00edntimo\u2026 como el que nace cada vez que una madre est\u00e1 con su hijo.\u00a0<\/span>","protected":false},"featured_media":11734,"template":"","meta":{"_acf_changed":false},"product_brand":[],"product_cat":[844,843],"product_tag":[],"class_list":{"0":"post-12580","1":"product","2":"type-product","3":"status-publish","4":"has-post-thumbnail","6":"product_cat-castella","7":"product_cat-infantiles-ca","8":"vinculo-corazon-de-madre","10":"first","11":"instock","12":"taxable","13":"shipping-taxable","14":"purchasable","15":"product-type-simple"},"acf":[],"yoast_head":"<!-- This site is optimized with the Yoast SEO plugin v25.1 - https:\/\/yoast.com\/wordpress\/plugins\/seo\/ -->\n<title>Coraz\u00f3n de madre - Libros del Zorro Rojo<\/title>\n<meta name=\"description\" content=\"Isabel Minh\u00f3s logra, con met\u00e1foras sencillas, hacer una descripci\u00f3n bella y certera sobre las emociones que despierta la maternidad. Descripciones y\" \/>\n<meta name=\"robots\" content=\"index, follow, max-snippet:-1, max-image-preview:large, max-video-preview:-1\" \/>\n<link rel=\"canonical\" href=\"https:\/\/librosdelzorrorojo.com\/ca\/cataleg\/corazon-de-madre\/\" \/>\n<meta property=\"og:locale\" content=\"ca_ES\" \/>\n<meta property=\"og:type\" content=\"article\" \/>\n<meta property=\"og:title\" content=\"Coraz\u00f3n de madre - Libros del Zorro Rojo\" \/>\n<meta property=\"og:description\" content=\"Isabel Minh\u00f3s logra, con met\u00e1foras sencillas, hacer una descripci\u00f3n bella y certera sobre las emociones que despierta la maternidad. Descripciones y\" \/>\n<meta property=\"og:url\" content=\"https:\/\/librosdelzorrorojo.com\/ca\/cataleg\/corazon-de-madre\/\" \/>\n<meta property=\"og:site_name\" content=\"Libros del Zorro Rojo\" \/>\n<meta property=\"article:modified_time\" content=\"2024-02-29T10:39:11+00:00\" \/>\n<meta property=\"og:image\" content=\"https:\/\/librosdelzorrorojo.com\/wp-content\/uploads\/2000\/11\/Cover_Corazo\u0301nDeMadre01.jpg\" \/>\n\t<meta property=\"og:image:width\" content=\"850\" \/>\n\t<meta property=\"og:image:height\" content=\"939\" \/>\n\t<meta property=\"og:image:type\" content=\"image\/jpeg\" \/>\n<meta name=\"twitter:card\" content=\"summary_large_image\" \/>\n<script type=\"application\/ld+json\" class=\"yoast-schema-graph\">{\"@context\":\"https:\/\/schema.org\",\"@graph\":[{\"@type\":\"WebPage\",\"@id\":\"https:\/\/librosdelzorrorojo.com\/ca\/cataleg\/corazon-de-madre\/\",\"url\":\"https:\/\/librosdelzorrorojo.com\/ca\/cataleg\/corazon-de-madre\/\",\"name\":\"Coraz\u00f3n de madre - Libros del Zorro Rojo\",\"isPartOf\":{\"@id\":\"https:\/\/librosdelzorrorojo.com\/#website\"},\"primaryImageOfPage\":{\"@id\":\"https:\/\/librosdelzorrorojo.com\/ca\/cataleg\/corazon-de-madre\/#primaryimage\"},\"image\":{\"@id\":\"https:\/\/librosdelzorrorojo.com\/ca\/cataleg\/corazon-de-madre\/#primaryimage\"},\"thumbnailUrl\":\"https:\/\/librosdelzorrorojo.com\/wp-content\/uploads\/2000\/11\/Cover_Corazo\u0301nDeMadre01.jpg\",\"datePublished\":\"2000-11-12T10:58:48+00:00\",\"dateModified\":\"2024-02-29T10:39:11+00:00\",\"description\":\"Isabel Minh\u00f3s logra, con met\u00e1foras sencillas, hacer una descripci\u00f3n bella y certera sobre las emociones que despierta la maternidad. Descripciones y\",\"breadcrumb\":{\"@id\":\"https:\/\/librosdelzorrorojo.com\/ca\/cataleg\/corazon-de-madre\/#breadcrumb\"},\"inLanguage\":\"ca\",\"potentialAction\":[{\"@type\":\"ReadAction\",\"target\":[\"https:\/\/librosdelzorrorojo.com\/ca\/cataleg\/corazon-de-madre\/\"]}]},{\"@type\":\"ImageObject\",\"inLanguage\":\"ca\",\"@id\":\"https:\/\/librosdelzorrorojo.com\/ca\/cataleg\/corazon-de-madre\/#primaryimage\",\"url\":\"https:\/\/librosdelzorrorojo.com\/wp-content\/uploads\/2000\/11\/Cover_Corazo\u0301nDeMadre01.jpg\",\"contentUrl\":\"https:\/\/librosdelzorrorojo.com\/wp-content\/uploads\/2000\/11\/Cover_Corazo\u0301nDeMadre01.jpg\",\"width\":850,\"height\":939,\"caption\":\"Cover Corazo\u0301nDeMadre01\"},{\"@type\":\"BreadcrumbList\",\"@id\":\"https:\/\/librosdelzorrorojo.com\/ca\/cataleg\/corazon-de-madre\/#breadcrumb\",\"itemListElement\":[{\"@type\":\"ListItem\",\"position\":1,\"name\":\"Portada\",\"item\":\"https:\/\/librosdelzorrorojo.com\/ca\/\"},{\"@type\":\"ListItem\",\"position\":2,\"name\":\"Cat\u00e0leg\",\"item\":\"https:\/\/librosdelzorrorojo.com\/ca\/cataleg\/\"},{\"@type\":\"ListItem\",\"position\":3,\"name\":\"Coraz\u00f3n de madre\"}]},{\"@type\":\"WebSite\",\"@id\":\"https:\/\/librosdelzorrorojo.com\/#website\",\"url\":\"https:\/\/librosdelzorrorojo.com\/\",\"name\":\"Libros del Zorro Rojo\",\"description\":\"Libros ilustrados\",\"potentialAction\":[{\"@type\":\"SearchAction\",\"target\":{\"@type\":\"EntryPoint\",\"urlTemplate\":\"https:\/\/librosdelzorrorojo.com\/?s={search_term_string}\"},\"query-input\":{\"@type\":\"PropertyValueSpecification\",\"valueRequired\":true,\"valueName\":\"search_term_string\"}}],\"inLanguage\":\"ca\"}]}<\/script>\n<!-- \/ Yoast SEO plugin. -->","yoast_head_json":{"title":"Coraz\u00f3n de madre - Libros del Zorro Rojo","description":"Isabel Minh\u00f3s logra, con met\u00e1foras sencillas, hacer una descripci\u00f3n bella y certera sobre las emociones que despierta la maternidad. Descripciones y","robots":{"index":"index","follow":"follow","max-snippet":"max-snippet:-1","max-image-preview":"max-image-preview:large","max-video-preview":"max-video-preview:-1"},"canonical":"https:\/\/librosdelzorrorojo.com\/ca\/cataleg\/corazon-de-madre\/","og_locale":"ca_ES","og_type":"article","og_title":"Coraz\u00f3n de madre - Libros del Zorro Rojo","og_description":"Isabel Minh\u00f3s logra, con met\u00e1foras sencillas, hacer una descripci\u00f3n bella y certera sobre las emociones que despierta la maternidad. Descripciones y","og_url":"https:\/\/librosdelzorrorojo.com\/ca\/cataleg\/corazon-de-madre\/","og_site_name":"Libros del Zorro Rojo","article_modified_time":"2024-02-29T10:39:11+00:00","og_image":[{"width":850,"height":939,"url":"https:\/\/librosdelzorrorojo.com\/wp-content\/uploads\/2000\/11\/Cover_Corazo\u0301nDeMadre01.jpg","type":"image\/jpeg"}],"twitter_card":"summary_large_image","schema":{"@context":"https:\/\/schema.org","@graph":[{"@type":"WebPage","@id":"https:\/\/librosdelzorrorojo.com\/ca\/cataleg\/corazon-de-madre\/","url":"https:\/\/librosdelzorrorojo.com\/ca\/cataleg\/corazon-de-madre\/","name":"Coraz\u00f3n de madre - Libros del Zorro Rojo","isPartOf":{"@id":"https:\/\/librosdelzorrorojo.com\/#website"},"primaryImageOfPage":{"@id":"https:\/\/librosdelzorrorojo.com\/ca\/cataleg\/corazon-de-madre\/#primaryimage"},"image":{"@id":"https:\/\/librosdelzorrorojo.com\/ca\/cataleg\/corazon-de-madre\/#primaryimage"},"thumbnailUrl":"https:\/\/librosdelzorrorojo.com\/wp-content\/uploads\/2000\/11\/Cover_Corazo\u0301nDeMadre01.jpg","datePublished":"2000-11-12T10:58:48+00:00","dateModified":"2024-02-29T10:39:11+00:00","description":"Isabel Minh\u00f3s logra, con met\u00e1foras sencillas, hacer una descripci\u00f3n bella y certera sobre las emociones que despierta la maternidad. Descripciones y","breadcrumb":{"@id":"https:\/\/librosdelzorrorojo.com\/ca\/cataleg\/corazon-de-madre\/#breadcrumb"},"inLanguage":"ca","potentialAction":[{"@type":"ReadAction","target":["https:\/\/librosdelzorrorojo.com\/ca\/cataleg\/corazon-de-madre\/"]}]},{"@type":"ImageObject","inLanguage":"ca","@id":"https:\/\/librosdelzorrorojo.com\/ca\/cataleg\/corazon-de-madre\/#primaryimage","url":"https:\/\/librosdelzorrorojo.com\/wp-content\/uploads\/2000\/11\/Cover_Corazo\u0301nDeMadre01.jpg","contentUrl":"https:\/\/librosdelzorrorojo.com\/wp-content\/uploads\/2000\/11\/Cover_Corazo\u0301nDeMadre01.jpg","width":850,"height":939,"caption":"Cover Corazo\u0301nDeMadre01"},{"@type":"BreadcrumbList","@id":"https:\/\/librosdelzorrorojo.com\/ca\/cataleg\/corazon-de-madre\/#breadcrumb","itemListElement":[{"@type":"ListItem","position":1,"name":"Portada","item":"https:\/\/librosdelzorrorojo.com\/ca\/"},{"@type":"ListItem","position":2,"name":"Cat\u00e0leg","item":"https:\/\/librosdelzorrorojo.com\/ca\/cataleg\/"},{"@type":"ListItem","position":3,"name":"Coraz\u00f3n de madre"}]},{"@type":"WebSite","@id":"https:\/\/librosdelzorrorojo.com\/#website","url":"https:\/\/librosdelzorrorojo.com\/","name":"Libros del Zorro Rojo","description":"Libros ilustrados","potentialAction":[{"@type":"SearchAction","target":{"@type":"EntryPoint","urlTemplate":"https:\/\/librosdelzorrorojo.com\/?s={search_term_string}"},"query-input":{"@type":"PropertyValueSpecification","valueRequired":true,"valueName":"search_term_string"}}],"inLanguage":"ca"}]}},"_links":{"self":[{"href":"https:\/\/librosdelzorrorojo.com\/ca\/wp-json\/wp\/v2\/product\/12580","targetHints":{"allow":["GET"]}}],"collection":[{"href":"https:\/\/librosdelzorrorojo.com\/ca\/wp-json\/wp\/v2\/product"}],"about":[{"href":"https:\/\/librosdelzorrorojo.com\/ca\/wp-json\/wp\/v2\/types\/product"}],"wp:featuredmedia":[{"embeddable":true,"href":"https:\/\/librosdelzorrorojo.com\/ca\/wp-json\/wp\/v2\/media\/11734"}],"wp:attachment":[{"href":"https:\/\/librosdelzorrorojo.com\/ca\/wp-json\/wp\/v2\/media?parent=12580"}],"wp:term":[{"taxonomy":"product_brand","embeddable":true,"href":"https:\/\/librosdelzorrorojo.com\/ca\/wp-json\/wp\/v2\/product_brand?post=12580"},{"taxonomy":"product_cat","embeddable":true,"href":"https:\/\/librosdelzorrorojo.com\/ca\/wp-json\/wp\/v2\/product_cat?post=12580"},{"taxonomy":"product_tag","embeddable":true,"href":"https:\/\/librosdelzorrorojo.com\/ca\/wp-json\/wp\/v2\/product_tag?post=12580"}],"curies":[{"name":"wp","href":"https:\/\/api.w.org\/{rel}","templated":true}]}}