{"id":12540,"date":"2000-09-13T12:00:37","date_gmt":"2000-09-13T10:00:37","guid":{"rendered":"https:\/\/librosdelzorrorojo.com\/catalogo\/mexique-el-nombre-del-barco\/"},"modified":"2025-09-09T13:14:46","modified_gmt":"2025-09-09T11:14:46","slug":"mexique-el-nombre-del-barco","status":"publish","type":"product","link":"https:\/\/librosdelzorrorojo.com\/ca\/cataleg\/mexique-el-nombre-del-barco\/","title":{"rendered":"Mexique"},"content":{"rendered":"<p>El 27 de mayo de 1937, en plena guerra civil, 456 hijos e hijas de republicanos embarcaron en el trasatl\u00e1ntico <i>Mexique<\/i>, que zarp\u00f3 desde Burdeos rumbo a M\u00e9xico. Estaba previsto que permanecieran all\u00ed tres o cuatro meses, pero la derrota republicana y el inicio de la Segunda Guerra Mundial transformaron su exilio en definitivo.<\/p>\n<p>Libros del Zorro Rojo recupera en este \u00e1lbum ilustrado un suceso real, acaecido en Espa\u00f1a hace justo ochenta a\u00f1os, narrado desde la perspectiva de un ni\u00f1o, una voz infantil cargada de matices (entre ellos, la incertidumbre, la esperanza y la inocencia) que transgrede el eufemismo de \u00abda\u00f1o colateral\u00bb. Una edici\u00f3n que tambi\u00e9n cuenta la historia de un barco, a sabiendas de que no existe registro de todos aquellos que cruzan cada d\u00eda el oc\u00e9ano, trasladando a seres humanos que tienen derecho a una vida digna sin que la tierra se deshaga bajo sus pies.<\/p>\n<p>La delicadeza del texto, escrito por la laureada Mar\u00eda Jos\u00e9 Ferrada, se une a la fuerza expresiva de las ilustraciones de Ana Penyas para retratar, de un modo original y sincero, un viaje de emociones muy pr\u00f3ximo a la sensibilidad infantil.<\/p>\n<p><span>Hojea el libro\u00a0<a href=\"https:\/\/issuu.com\/librosdelzorrorojo\/docs\/mexique_cas_issuu\"><span style=\"color: #ff0000;\">aqu\u00ed<\/span><\/a>\u00a0<\/span><span>|<\/span><span>\u00a0<\/span><span>Mira el\u00a0<\/span><a href=\"https:\/\/www.youtube.com\/watch?v=pQd4dF3rdAM\"><span style=\"color: #ff0000;\">booktrailer<\/span><\/a><\/p>\n<p><img decoding=\"async\" src=\"https:\/\/librosdelzorrorojo.com\/wp-content\/uploads\/2021\/09\/DC-ICEC-horitzontal-cos12-bn-1-600x80.png\" alt=\"\" width=\"300\" height=\"40\" class=\"alignnone wp-image-23704\" srcset=\"https:\/\/librosdelzorrorojo.com\/wp-content\/uploads\/2021\/09\/DC-ICEC-horitzontal-cos12-bn-1-600x80.png 600w, https:\/\/librosdelzorrorojo.com\/wp-content\/uploads\/2021\/09\/DC-ICEC-horitzontal-cos12-bn-1-1024x137.png 1024w, https:\/\/librosdelzorrorojo.com\/wp-content\/uploads\/2021\/09\/DC-ICEC-horitzontal-cos12-bn-1-768x103.png 768w, https:\/\/librosdelzorrorojo.com\/wp-content\/uploads\/2021\/09\/DC-ICEC-horitzontal-cos12-bn-1-800x107.png 800w, https:\/\/librosdelzorrorojo.com\/wp-content\/uploads\/2021\/09\/DC-ICEC-horitzontal-cos12-bn-1.png 1482w\" sizes=\"(max-width: 300px) 100vw, 300px\" \/><\/p>\n<p>&nbsp;<\/p>\n","protected":false},"excerpt":{"rendered":"El 27 de mayo de 1937, en plena guerra civil, 456 hijos e hijas de republicanos embarcaron en el trasatl\u00e1ntico <i>Mexique<\/i>, que zarp\u00f3 desde Burdeos rumbo a M\u00e9xico. Estaba previsto que permanecieran all\u00ed tres o cuatro meses, pero la derrota republicana y el inicio de la Segunda Guerra Mundial transformaron su exilio en definitivo.\r\n\r\nLibros del Zorro Rojo recupera en este \u00e1lbum ilustrado un suceso real, acaecido en Espa\u00f1a hace justo ochenta a\u00f1os, narrado desde la perspectiva de un ni\u00f1o, una voz infantil cargada de matices (entre ellos, la incertidumbre, la esperanza y la inocencia) que transgrede el eufemismo de \u00abda\u00f1o colateral\u00bb. Una edici\u00f3n que tambi\u00e9n cuenta la historia de un barco, a sabiendas de que no existe registro de todos aquellos que cruzan cada d\u00eda el oc\u00e9ano, trasladando a seres humanos que tienen derecho a una vida digna sin que la tierra se deshaga bajo sus pies.","protected":false},"featured_media":12542,"template":"","meta":{"_acf_changed":false},"product_brand":[],"product_cat":[844,843],"product_tag":[],"class_list":{"0":"post-12540","1":"product","2":"type-product","3":"status-publish","4":"has-post-thumbnail","6":"product_cat-castella","7":"product_cat-infantiles-ca","8":"vinculo-mexique","10":"first","11":"outofstock","12":"taxable","13":"shipping-taxable","14":"purchasable","15":"product-type-simple"},"acf":[],"yoast_head":"<!-- This site is optimized with the Yoast SEO plugin v25.1 - https:\/\/yoast.com\/wordpress\/plugins\/seo\/ -->\n<title>Mexique, el nombre del barco<\/title>\n<meta name=\"description\" content=\"El 27 de mayo de 1937, en plena guerra civil, 456 hijos e hijas de republicanos embarcaron en el trasatl\u00e1ntico Mexique, que zarp\u00f3 desde Burdeos\" \/>\n<meta name=\"robots\" content=\"index, follow, max-snippet:-1, max-image-preview:large, max-video-preview:-1\" \/>\n<link rel=\"canonical\" href=\"https:\/\/librosdelzorrorojo.com\/ca\/cataleg\/mexique-el-nombre-del-barco\/\" \/>\n<meta property=\"og:locale\" content=\"ca_ES\" \/>\n<meta property=\"og:type\" content=\"article\" \/>\n<meta property=\"og:title\" content=\"Mexique, el nombre del barco\" \/>\n<meta property=\"og:description\" content=\"El 27 de mayo de 1937, en plena guerra civil, 456 hijos e hijas de republicanos embarcaron en el trasatl\u00e1ntico Mexique, que zarp\u00f3 desde Burdeos\" \/>\n<meta property=\"og:url\" content=\"https:\/\/librosdelzorrorojo.com\/ca\/cataleg\/mexique-el-nombre-del-barco\/\" \/>\n<meta property=\"og:site_name\" content=\"Libros del Zorro Rojo\" \/>\n<meta property=\"article:modified_time\" content=\"2025-09-09T11:14:46+00:00\" \/>\n<meta property=\"og:image\" content=\"https:\/\/librosdelzorrorojo.com\/wp-content\/uploads\/2000\/09\/Mexique_Interior01-01-01-1.jpg\" \/>\n<meta name=\"twitter:card\" content=\"summary_large_image\" \/>\n<meta name=\"twitter:label1\" content=\"Temps estimat de lectura\" \/>\n\t<meta name=\"twitter:data1\" content=\"1 minut\" \/>\n<script type=\"application\/ld+json\" class=\"yoast-schema-graph\">{\"@context\":\"https:\/\/schema.org\",\"@graph\":[{\"@type\":\"WebPage\",\"@id\":\"https:\/\/librosdelzorrorojo.com\/ca\/cataleg\/mexique-el-nombre-del-barco\/\",\"url\":\"https:\/\/librosdelzorrorojo.com\/ca\/cataleg\/mexique-el-nombre-del-barco\/\",\"name\":\"Mexique, el nombre del barco\",\"isPartOf\":{\"@id\":\"https:\/\/librosdelzorrorojo.com\/#website\"},\"primaryImageOfPage\":{\"@id\":\"https:\/\/librosdelzorrorojo.com\/ca\/cataleg\/mexique-el-nombre-del-barco\/#primaryimage\"},\"image\":{\"@id\":\"https:\/\/librosdelzorrorojo.com\/ca\/cataleg\/mexique-el-nombre-del-barco\/#primaryimage\"},\"thumbnailUrl\":\"https:\/\/librosdelzorrorojo.com\/wp-content\/uploads\/2017\/11\/libros-del-zorro-rojo-mexique-maria-jose-ferrada-9788494674464-1-e1525357383205.jpg\",\"datePublished\":\"2000-09-13T10:00:37+00:00\",\"dateModified\":\"2025-09-09T11:14:46+00:00\",\"description\":\"El 27 de mayo de 1937, en plena guerra civil, 456 hijos e hijas de republicanos embarcaron en el trasatl\u00e1ntico Mexique, que zarp\u00f3 desde Burdeos\",\"breadcrumb\":{\"@id\":\"https:\/\/librosdelzorrorojo.com\/ca\/cataleg\/mexique-el-nombre-del-barco\/#breadcrumb\"},\"inLanguage\":\"ca\",\"potentialAction\":[{\"@type\":\"ReadAction\",\"target\":[\"https:\/\/librosdelzorrorojo.com\/ca\/cataleg\/mexique-el-nombre-del-barco\/\"]}]},{\"@type\":\"ImageObject\",\"inLanguage\":\"ca\",\"@id\":\"https:\/\/librosdelzorrorojo.com\/ca\/cataleg\/mexique-el-nombre-del-barco\/#primaryimage\",\"url\":\"https:\/\/librosdelzorrorojo.com\/wp-content\/uploads\/2017\/11\/libros-del-zorro-rojo-mexique-maria-jose-ferrada-9788494674464-1-e1525357383205.jpg\",\"contentUrl\":\"https:\/\/librosdelzorrorojo.com\/wp-content\/uploads\/2017\/11\/libros-del-zorro-rojo-mexique-maria-jose-ferrada-9788494674464-1-e1525357383205.jpg\",\"width\":850,\"height\":768,\"caption\":\"libros del zorro rojo mexique maria jose ferrada 9788494674464 1 e1525357383205\"},{\"@type\":\"BreadcrumbList\",\"@id\":\"https:\/\/librosdelzorrorojo.com\/ca\/cataleg\/mexique-el-nombre-del-barco\/#breadcrumb\",\"itemListElement\":[{\"@type\":\"ListItem\",\"position\":1,\"name\":\"Portada\",\"item\":\"https:\/\/librosdelzorrorojo.com\/ca\/\"},{\"@type\":\"ListItem\",\"position\":2,\"name\":\"Cat\u00e0leg\",\"item\":\"https:\/\/librosdelzorrorojo.com\/ca\/cataleg\/\"},{\"@type\":\"ListItem\",\"position\":3,\"name\":\"Mexique\"}]},{\"@type\":\"WebSite\",\"@id\":\"https:\/\/librosdelzorrorojo.com\/#website\",\"url\":\"https:\/\/librosdelzorrorojo.com\/\",\"name\":\"Libros del Zorro Rojo\",\"description\":\"Libros ilustrados\",\"potentialAction\":[{\"@type\":\"SearchAction\",\"target\":{\"@type\":\"EntryPoint\",\"urlTemplate\":\"https:\/\/librosdelzorrorojo.com\/?s={search_term_string}\"},\"query-input\":{\"@type\":\"PropertyValueSpecification\",\"valueRequired\":true,\"valueName\":\"search_term_string\"}}],\"inLanguage\":\"ca\"}]}<\/script>\n<!-- \/ Yoast SEO plugin. -->","yoast_head_json":{"title":"Mexique, el nombre del barco","description":"El 27 de mayo de 1937, en plena guerra civil, 456 hijos e hijas de republicanos embarcaron en el trasatl\u00e1ntico Mexique, que zarp\u00f3 desde Burdeos","robots":{"index":"index","follow":"follow","max-snippet":"max-snippet:-1","max-image-preview":"max-image-preview:large","max-video-preview":"max-video-preview:-1"},"canonical":"https:\/\/librosdelzorrorojo.com\/ca\/cataleg\/mexique-el-nombre-del-barco\/","og_locale":"ca_ES","og_type":"article","og_title":"Mexique, el nombre del barco","og_description":"El 27 de mayo de 1937, en plena guerra civil, 456 hijos e hijas de republicanos embarcaron en el trasatl\u00e1ntico Mexique, que zarp\u00f3 desde Burdeos","og_url":"https:\/\/librosdelzorrorojo.com\/ca\/cataleg\/mexique-el-nombre-del-barco\/","og_site_name":"Libros del Zorro Rojo","article_modified_time":"2025-09-09T11:14:46+00:00","og_image":[{"url":"https:\/\/librosdelzorrorojo.com\/wp-content\/uploads\/2000\/09\/Mexique_Interior01-01-01-1.jpg","type":"","width":"","height":""}],"twitter_card":"summary_large_image","twitter_misc":{"Temps estimat de lectura":"1 minut"},"schema":{"@context":"https:\/\/schema.org","@graph":[{"@type":"WebPage","@id":"https:\/\/librosdelzorrorojo.com\/ca\/cataleg\/mexique-el-nombre-del-barco\/","url":"https:\/\/librosdelzorrorojo.com\/ca\/cataleg\/mexique-el-nombre-del-barco\/","name":"Mexique, el nombre del barco","isPartOf":{"@id":"https:\/\/librosdelzorrorojo.com\/#website"},"primaryImageOfPage":{"@id":"https:\/\/librosdelzorrorojo.com\/ca\/cataleg\/mexique-el-nombre-del-barco\/#primaryimage"},"image":{"@id":"https:\/\/librosdelzorrorojo.com\/ca\/cataleg\/mexique-el-nombre-del-barco\/#primaryimage"},"thumbnailUrl":"https:\/\/librosdelzorrorojo.com\/wp-content\/uploads\/2017\/11\/libros-del-zorro-rojo-mexique-maria-jose-ferrada-9788494674464-1-e1525357383205.jpg","datePublished":"2000-09-13T10:00:37+00:00","dateModified":"2025-09-09T11:14:46+00:00","description":"El 27 de mayo de 1937, en plena guerra civil, 456 hijos e hijas de republicanos embarcaron en el trasatl\u00e1ntico Mexique, que zarp\u00f3 desde Burdeos","breadcrumb":{"@id":"https:\/\/librosdelzorrorojo.com\/ca\/cataleg\/mexique-el-nombre-del-barco\/#breadcrumb"},"inLanguage":"ca","potentialAction":[{"@type":"ReadAction","target":["https:\/\/librosdelzorrorojo.com\/ca\/cataleg\/mexique-el-nombre-del-barco\/"]}]},{"@type":"ImageObject","inLanguage":"ca","@id":"https:\/\/librosdelzorrorojo.com\/ca\/cataleg\/mexique-el-nombre-del-barco\/#primaryimage","url":"https:\/\/librosdelzorrorojo.com\/wp-content\/uploads\/2017\/11\/libros-del-zorro-rojo-mexique-maria-jose-ferrada-9788494674464-1-e1525357383205.jpg","contentUrl":"https:\/\/librosdelzorrorojo.com\/wp-content\/uploads\/2017\/11\/libros-del-zorro-rojo-mexique-maria-jose-ferrada-9788494674464-1-e1525357383205.jpg","width":850,"height":768,"caption":"libros del zorro rojo mexique maria jose ferrada 9788494674464 1 e1525357383205"},{"@type":"BreadcrumbList","@id":"https:\/\/librosdelzorrorojo.com\/ca\/cataleg\/mexique-el-nombre-del-barco\/#breadcrumb","itemListElement":[{"@type":"ListItem","position":1,"name":"Portada","item":"https:\/\/librosdelzorrorojo.com\/ca\/"},{"@type":"ListItem","position":2,"name":"Cat\u00e0leg","item":"https:\/\/librosdelzorrorojo.com\/ca\/cataleg\/"},{"@type":"ListItem","position":3,"name":"Mexique"}]},{"@type":"WebSite","@id":"https:\/\/librosdelzorrorojo.com\/#website","url":"https:\/\/librosdelzorrorojo.com\/","name":"Libros del Zorro Rojo","description":"Libros ilustrados","potentialAction":[{"@type":"SearchAction","target":{"@type":"EntryPoint","urlTemplate":"https:\/\/librosdelzorrorojo.com\/?s={search_term_string}"},"query-input":{"@type":"PropertyValueSpecification","valueRequired":true,"valueName":"search_term_string"}}],"inLanguage":"ca"}]}},"_links":{"self":[{"href":"https:\/\/librosdelzorrorojo.com\/ca\/wp-json\/wp\/v2\/product\/12540","targetHints":{"allow":["GET"]}}],"collection":[{"href":"https:\/\/librosdelzorrorojo.com\/ca\/wp-json\/wp\/v2\/product"}],"about":[{"href":"https:\/\/librosdelzorrorojo.com\/ca\/wp-json\/wp\/v2\/types\/product"}],"wp:featuredmedia":[{"embeddable":true,"href":"https:\/\/librosdelzorrorojo.com\/ca\/wp-json\/wp\/v2\/media\/12542"}],"wp:attachment":[{"href":"https:\/\/librosdelzorrorojo.com\/ca\/wp-json\/wp\/v2\/media?parent=12540"}],"wp:term":[{"taxonomy":"product_brand","embeddable":true,"href":"https:\/\/librosdelzorrorojo.com\/ca\/wp-json\/wp\/v2\/product_brand?post=12540"},{"taxonomy":"product_cat","embeddable":true,"href":"https:\/\/librosdelzorrorojo.com\/ca\/wp-json\/wp\/v2\/product_cat?post=12540"},{"taxonomy":"product_tag","embeddable":true,"href":"https:\/\/librosdelzorrorojo.com\/ca\/wp-json\/wp\/v2\/product_tag?post=12540"}],"curies":[{"name":"wp","href":"https:\/\/api.w.org\/{rel}","templated":true}]}}