{"id":12537,"date":"2000-03-15T12:00:38","date_gmt":"2000-03-15T11:00:38","guid":{"rendered":"https:\/\/librosdelzorrorojo.com\/catalogo\/un-mundo-propio\/"},"modified":"2024-02-29T11:39:08","modified_gmt":"2024-02-29T10:39:08","slug":"un-mundo-propio","status":"publish","type":"product","link":"https:\/\/librosdelzorrorojo.com\/ca\/cataleg\/un-mundo-propio\/","title":{"rendered":"Un Mundo Propio"},"content":{"rendered":"<p>\u00bfTe has parado a pensar en c\u00f3mo es el mundo en el que vives? Si tuvieras que crear un mundo propio, \u00bfc\u00f3mo ser\u00eda? \u00bfQu\u00e9 transformar\u00edas para hacerlo m\u00e1s divertido? \u00bfPondr\u00edas tu casa en la copa de un \u00e1rbol? \u00bfQu\u00e9 clase de animales habr\u00eda en tu barrio?, \u00bftal vez dinosaurios? Laura Carlin nos ense\u00f1a que para crear nuestro propio mundo, y hacer que sea \u00fanico, no hace falta mucho\u2026<\/p>\n<p>En cada doble p\u00e1gina de <em>Un Mundo Propio<\/em>, Carlin combina diferentes t\u00e9cnicas de ilustraci\u00f3n, desde el dibujo a l\u00e1piz y la acuarela hasta el <em>collage<\/em> y la fotograf\u00eda, para crear un espacio \u00edntimo y a la vez universal, con materiales que cualquier ni\u00f1o tiene a su alcance: desde piedras, la caja de cart\u00f3n de unos viejos zapatos, la c\u00e1scara de un huevo o incluso sus propias manos.<\/p>\n<p>En este \u00e1lbum, el primer trabajo de Carlin como escritora e ilustradora, la autora nos invita a visitar \u00absu\u00bb mundo, el que ella misma ha construido en una jornada de trabajo, pero a la vez nos exhorta a mirar la realidad de un modo diferente, a liberar nuestra imaginaci\u00f3n y a crear as\u00ed \u00abnuestro\u00bb propio mundo.<\/p>\n<p><span>Hojea el libro\u00a0<a href=\"https:\/\/issuu.com\/librosdelzorrorojo\/docs\/book-mi_mundo_privado_castellano_fu\"><span style=\"color: #ff0000;\">aqu\u00ed<\/span><\/a>\u00a0<\/span><span>|<\/span><span>\u00a0<\/span><span>Mira el\u00a0<\/span><span style=\"color: #ff0000;\"><a href=\"https:\/\/www.youtube.com\/watch?v=oLvbUgVNUD0\" style=\"color: #ff0000;\">booktrailer<\/a><\/span><\/p>\n<p>&nbsp;<\/p>\n","protected":false},"excerpt":{"rendered":"\u00bfTe has parado a pensar en c\u00f3mo es el mundo en el que vives? Si tuvieras que crear un mundo propio, \u00bfc\u00f3mo ser\u00eda? \u00bfQu\u00e9 transformar\u00edas para hacerlo m\u00e1s divertido? \u00bfPondr\u00edas tu casa en la copa de un \u00e1rbol? \u00bfQu\u00e9 clase de animales habr\u00eda en tu barrio?, \u00bftal vez dinosaurios? Laura Carlin nos ense\u00f1a que para crear nuestro propio mundo, y hacer que sea \u00fanico, no hace falta mucho\u2026\r\n\r\nEn cada doble p\u00e1gina de <em>Un Mundo Propio<\/em>, Carlin combina diferentes t\u00e9cnicas de ilustraci\u00f3n, desde el dibujo a l\u00e1piz y la acuarela hasta el <em>collage<\/em> y la fotograf\u00eda, para crear un espacio \u00edntimo y a la vez universal, con materiales que cualquier ni\u00f1o tiene a su alcance: desde piedras, la caja de cart\u00f3n de unos viejos zapatos, la c\u00e1scara de un huevo o incluso sus propias manos.","protected":false},"featured_media":12536,"template":"","meta":{"_acf_changed":false},"product_brand":[],"product_cat":[844,843],"product_tag":[],"class_list":{"0":"post-12537","1":"product","2":"type-product","3":"status-publish","4":"has-post-thumbnail","6":"product_cat-castella","7":"product_cat-infantiles-ca","8":"vinculo-un-mundo-propio","10":"first","11":"instock","12":"taxable","13":"shipping-taxable","14":"purchasable","15":"product-type-simple"},"acf":[],"yoast_head":"<!-- This site is optimized with the Yoast SEO plugin v25.1 - https:\/\/yoast.com\/wordpress\/plugins\/seo\/ -->\n<title>Un Mundo Propio<\/title>\n<meta name=\"description\" content=\"\u00bfTe has parado a pensar en c\u00f3mo es el mundo en el que vives? Si tuvieras que crear un mundo propio, \u00bfc\u00f3mo ser\u00eda? \u00bfQu\u00e9 transformar\u00edas para hacerlo m\u00e1s...\" \/>\n<meta name=\"robots\" content=\"index, follow, max-snippet:-1, max-image-preview:large, max-video-preview:-1\" \/>\n<link rel=\"canonical\" href=\"https:\/\/librosdelzorrorojo.com\/ca\/cataleg\/un-mundo-propio\/\" \/>\n<meta property=\"og:locale\" content=\"ca_ES\" \/>\n<meta property=\"og:type\" content=\"article\" \/>\n<meta property=\"og:title\" content=\"Un Mundo Propio\" \/>\n<meta property=\"og:description\" content=\"\u00bfTe has parado a pensar en c\u00f3mo es el mundo en el que vives? Si tuvieras que crear un mundo propio, \u00bfc\u00f3mo ser\u00eda? \u00bfQu\u00e9 transformar\u00edas para hacerlo m\u00e1s...\" \/>\n<meta property=\"og:url\" content=\"https:\/\/librosdelzorrorojo.com\/ca\/cataleg\/un-mundo-propio\/\" \/>\n<meta property=\"og:site_name\" content=\"Libros del Zorro Rojo\" \/>\n<meta property=\"article:modified_time\" content=\"2024-02-29T10:39:08+00:00\" \/>\n<meta property=\"og:image\" content=\"https:\/\/librosdelzorrorojo.com\/wp-content\/uploads\/2017\/03\/Cover-Mi-mundo-privado-Castellano-Full-New-e1525442259104.jpg\" \/>\n\t<meta property=\"og:image:width\" content=\"850\" \/>\n\t<meta property=\"og:image:height\" content=\"722\" \/>\n\t<meta property=\"og:image:type\" content=\"image\/jpeg\" \/>\n<meta name=\"twitter:card\" content=\"summary_large_image\" \/>\n<meta name=\"twitter:label1\" content=\"Temps estimat de lectura\" \/>\n\t<meta name=\"twitter:data1\" content=\"1 minut\" \/>\n<script type=\"application\/ld+json\" class=\"yoast-schema-graph\">{\"@context\":\"https:\/\/schema.org\",\"@graph\":[{\"@type\":\"WebPage\",\"@id\":\"https:\/\/librosdelzorrorojo.com\/ca\/cataleg\/un-mundo-propio\/\",\"url\":\"https:\/\/librosdelzorrorojo.com\/ca\/cataleg\/un-mundo-propio\/\",\"name\":\"Un Mundo Propio\",\"isPartOf\":{\"@id\":\"https:\/\/librosdelzorrorojo.com\/#website\"},\"primaryImageOfPage\":{\"@id\":\"https:\/\/librosdelzorrorojo.com\/ca\/cataleg\/un-mundo-propio\/#primaryimage\"},\"image\":{\"@id\":\"https:\/\/librosdelzorrorojo.com\/ca\/cataleg\/un-mundo-propio\/#primaryimage\"},\"thumbnailUrl\":\"https:\/\/librosdelzorrorojo.com\/wp-content\/uploads\/2017\/03\/Cover-Mi-mundo-privado-Castellano-Full-New-e1525442259104.jpg\",\"datePublished\":\"2000-03-15T11:00:38+00:00\",\"dateModified\":\"2024-02-29T10:39:08+00:00\",\"description\":\"\u00bfTe has parado a pensar en c\u00f3mo es el mundo en el que vives? Si tuvieras que crear un mundo propio, \u00bfc\u00f3mo ser\u00eda? \u00bfQu\u00e9 transformar\u00edas para hacerlo m\u00e1s...\",\"breadcrumb\":{\"@id\":\"https:\/\/librosdelzorrorojo.com\/ca\/cataleg\/un-mundo-propio\/#breadcrumb\"},\"inLanguage\":\"ca\",\"potentialAction\":[{\"@type\":\"ReadAction\",\"target\":[\"https:\/\/librosdelzorrorojo.com\/ca\/cataleg\/un-mundo-propio\/\"]}]},{\"@type\":\"ImageObject\",\"inLanguage\":\"ca\",\"@id\":\"https:\/\/librosdelzorrorojo.com\/ca\/cataleg\/un-mundo-propio\/#primaryimage\",\"url\":\"https:\/\/librosdelzorrorojo.com\/wp-content\/uploads\/2017\/03\/Cover-Mi-mundo-privado-Castellano-Full-New-e1525442259104.jpg\",\"contentUrl\":\"https:\/\/librosdelzorrorojo.com\/wp-content\/uploads\/2017\/03\/Cover-Mi-mundo-privado-Castellano-Full-New-e1525442259104.jpg\",\"width\":850,\"height\":722,\"caption\":\"Cover Mi mundo privado Castellano Full New e1525442259104\"},{\"@type\":\"BreadcrumbList\",\"@id\":\"https:\/\/librosdelzorrorojo.com\/ca\/cataleg\/un-mundo-propio\/#breadcrumb\",\"itemListElement\":[{\"@type\":\"ListItem\",\"position\":1,\"name\":\"Portada\",\"item\":\"https:\/\/librosdelzorrorojo.com\/ca\/\"},{\"@type\":\"ListItem\",\"position\":2,\"name\":\"Cat\u00e0leg\",\"item\":\"https:\/\/librosdelzorrorojo.com\/ca\/cataleg\/\"},{\"@type\":\"ListItem\",\"position\":3,\"name\":\"Un Mundo Propio\"}]},{\"@type\":\"WebSite\",\"@id\":\"https:\/\/librosdelzorrorojo.com\/#website\",\"url\":\"https:\/\/librosdelzorrorojo.com\/\",\"name\":\"Libros del Zorro Rojo\",\"description\":\"Libros ilustrados\",\"potentialAction\":[{\"@type\":\"SearchAction\",\"target\":{\"@type\":\"EntryPoint\",\"urlTemplate\":\"https:\/\/librosdelzorrorojo.com\/?s={search_term_string}\"},\"query-input\":{\"@type\":\"PropertyValueSpecification\",\"valueRequired\":true,\"valueName\":\"search_term_string\"}}],\"inLanguage\":\"ca\"}]}<\/script>\n<!-- \/ Yoast SEO plugin. -->","yoast_head_json":{"title":"Un Mundo Propio","description":"\u00bfTe has parado a pensar en c\u00f3mo es el mundo en el que vives? Si tuvieras que crear un mundo propio, \u00bfc\u00f3mo ser\u00eda? \u00bfQu\u00e9 transformar\u00edas para hacerlo m\u00e1s...","robots":{"index":"index","follow":"follow","max-snippet":"max-snippet:-1","max-image-preview":"max-image-preview:large","max-video-preview":"max-video-preview:-1"},"canonical":"https:\/\/librosdelzorrorojo.com\/ca\/cataleg\/un-mundo-propio\/","og_locale":"ca_ES","og_type":"article","og_title":"Un Mundo Propio","og_description":"\u00bfTe has parado a pensar en c\u00f3mo es el mundo en el que vives? Si tuvieras que crear un mundo propio, \u00bfc\u00f3mo ser\u00eda? \u00bfQu\u00e9 transformar\u00edas para hacerlo m\u00e1s...","og_url":"https:\/\/librosdelzorrorojo.com\/ca\/cataleg\/un-mundo-propio\/","og_site_name":"Libros del Zorro Rojo","article_modified_time":"2024-02-29T10:39:08+00:00","og_image":[{"width":850,"height":722,"url":"https:\/\/librosdelzorrorojo.com\/wp-content\/uploads\/2017\/03\/Cover-Mi-mundo-privado-Castellano-Full-New-e1525442259104.jpg","type":"image\/jpeg"}],"twitter_card":"summary_large_image","twitter_misc":{"Temps estimat de lectura":"1 minut"},"schema":{"@context":"https:\/\/schema.org","@graph":[{"@type":"WebPage","@id":"https:\/\/librosdelzorrorojo.com\/ca\/cataleg\/un-mundo-propio\/","url":"https:\/\/librosdelzorrorojo.com\/ca\/cataleg\/un-mundo-propio\/","name":"Un Mundo Propio","isPartOf":{"@id":"https:\/\/librosdelzorrorojo.com\/#website"},"primaryImageOfPage":{"@id":"https:\/\/librosdelzorrorojo.com\/ca\/cataleg\/un-mundo-propio\/#primaryimage"},"image":{"@id":"https:\/\/librosdelzorrorojo.com\/ca\/cataleg\/un-mundo-propio\/#primaryimage"},"thumbnailUrl":"https:\/\/librosdelzorrorojo.com\/wp-content\/uploads\/2017\/03\/Cover-Mi-mundo-privado-Castellano-Full-New-e1525442259104.jpg","datePublished":"2000-03-15T11:00:38+00:00","dateModified":"2024-02-29T10:39:08+00:00","description":"\u00bfTe has parado a pensar en c\u00f3mo es el mundo en el que vives? Si tuvieras que crear un mundo propio, \u00bfc\u00f3mo ser\u00eda? \u00bfQu\u00e9 transformar\u00edas para hacerlo m\u00e1s...","breadcrumb":{"@id":"https:\/\/librosdelzorrorojo.com\/ca\/cataleg\/un-mundo-propio\/#breadcrumb"},"inLanguage":"ca","potentialAction":[{"@type":"ReadAction","target":["https:\/\/librosdelzorrorojo.com\/ca\/cataleg\/un-mundo-propio\/"]}]},{"@type":"ImageObject","inLanguage":"ca","@id":"https:\/\/librosdelzorrorojo.com\/ca\/cataleg\/un-mundo-propio\/#primaryimage","url":"https:\/\/librosdelzorrorojo.com\/wp-content\/uploads\/2017\/03\/Cover-Mi-mundo-privado-Castellano-Full-New-e1525442259104.jpg","contentUrl":"https:\/\/librosdelzorrorojo.com\/wp-content\/uploads\/2017\/03\/Cover-Mi-mundo-privado-Castellano-Full-New-e1525442259104.jpg","width":850,"height":722,"caption":"Cover Mi mundo privado Castellano Full New e1525442259104"},{"@type":"BreadcrumbList","@id":"https:\/\/librosdelzorrorojo.com\/ca\/cataleg\/un-mundo-propio\/#breadcrumb","itemListElement":[{"@type":"ListItem","position":1,"name":"Portada","item":"https:\/\/librosdelzorrorojo.com\/ca\/"},{"@type":"ListItem","position":2,"name":"Cat\u00e0leg","item":"https:\/\/librosdelzorrorojo.com\/ca\/cataleg\/"},{"@type":"ListItem","position":3,"name":"Un Mundo Propio"}]},{"@type":"WebSite","@id":"https:\/\/librosdelzorrorojo.com\/#website","url":"https:\/\/librosdelzorrorojo.com\/","name":"Libros del Zorro Rojo","description":"Libros ilustrados","potentialAction":[{"@type":"SearchAction","target":{"@type":"EntryPoint","urlTemplate":"https:\/\/librosdelzorrorojo.com\/?s={search_term_string}"},"query-input":{"@type":"PropertyValueSpecification","valueRequired":true,"valueName":"search_term_string"}}],"inLanguage":"ca"}]}},"_links":{"self":[{"href":"https:\/\/librosdelzorrorojo.com\/ca\/wp-json\/wp\/v2\/product\/12537","targetHints":{"allow":["GET"]}}],"collection":[{"href":"https:\/\/librosdelzorrorojo.com\/ca\/wp-json\/wp\/v2\/product"}],"about":[{"href":"https:\/\/librosdelzorrorojo.com\/ca\/wp-json\/wp\/v2\/types\/product"}],"wp:featuredmedia":[{"embeddable":true,"href":"https:\/\/librosdelzorrorojo.com\/ca\/wp-json\/wp\/v2\/media\/12536"}],"wp:attachment":[{"href":"https:\/\/librosdelzorrorojo.com\/ca\/wp-json\/wp\/v2\/media?parent=12537"}],"wp:term":[{"taxonomy":"product_brand","embeddable":true,"href":"https:\/\/librosdelzorrorojo.com\/ca\/wp-json\/wp\/v2\/product_brand?post=12537"},{"taxonomy":"product_cat","embeddable":true,"href":"https:\/\/librosdelzorrorojo.com\/ca\/wp-json\/wp\/v2\/product_cat?post=12537"},{"taxonomy":"product_tag","embeddable":true,"href":"https:\/\/librosdelzorrorojo.com\/ca\/wp-json\/wp\/v2\/product_tag?post=12537"}],"curies":[{"name":"wp","href":"https:\/\/api.w.org\/{rel}","templated":true}]}}